 
{"id":109268,"date":"2023-10-06T12:22:25","date_gmt":"2023-10-06T10:22:25","guid":{"rendered":"https:\/\/www.re-read.com\/re-golden-ticket\/"},"modified":"2023-11-16T17:58:35","modified_gmt":"2023-11-16T16:58:35","slug":"re-golden-ticket","status":"publish","type":"page","link":"https:\/\/www.re-read.com\/ca\/re-golden-ticket\/","title":{"rendered":"Re-Golden Ticket"},"content":{"rendered":"[vc_row][vc_column][vc_tta_tabs active_section=&#8221;1&#8243;][vc_tta_section i_icon_fontawesome=&#8221;fa fa-spinner&#8221; add_icon=&#8221;true&#8221; title=&#8221;Re-sultados en tiempo real&#8221; tab_id=&#8221;1699459133599-cc99f15b-8ca6&#8243;][vc_column_text]<img decoding=\"async\" loading=\"lazy\" class=\"wp-image-109247 aligncenter\" src=\"https:\/\/www.re-read.com\/wp-content\/uploads\/2023\/11\/pegatina-golden-ticket.png\" alt=\"\" width=\"302\" height=\"302\" srcset=\"https:\/\/www.re-read.com\/wp-content\/uploads\/2023\/11\/pegatina-golden-ticket.png 800w, https:\/\/www.re-read.com\/wp-content\/uploads\/2023\/11\/pegatina-golden-ticket-300x300.png 300w, https:\/\/www.re-read.com\/wp-content\/uploads\/2023\/11\/pegatina-golden-ticket-150x150.png 150w, https:\/\/www.re-read.com\/wp-content\/uploads\/2023\/11\/pegatina-golden-ticket-768x767.png 768w, https:\/\/www.re-read.com\/wp-content\/uploads\/2023\/11\/pegatina-golden-ticket-62x62.png 62w, https:\/\/www.re-read.com\/wp-content\/uploads\/2023\/11\/pegatina-golden-ticket-500x500.png 500w, https:\/\/www.re-read.com\/wp-content\/uploads\/2023\/11\/pegatina-golden-ticket-100x100.png 100w, https:\/\/www.re-read.com\/wp-content\/uploads\/2023\/11\/pegatina-golden-ticket-60x60.png 60w\" sizes=\"(max-width: 302px) 100vw, 302px\" \/><br \/>\n<iframe style=\"border: 0;\" src=\"https:\/\/lookerstudio.google.com\/embed\/reporting\/80bdacf9-3b82-4f83-bccc-fc605a4c993d\/page\/rT74B\" width=\"600\" height=\"2000\" frameborder=\"0\" allowfullscreen=\"allowfullscreen\"><\/iframe>[\/vc_column_text][\/vc_tta_section][vc_tta_section i_icon_fontawesome=&#8221;fa fa-magic&#8221; add_icon=&#8221;true&#8221; title=&#8221;Re-partimos magia&#8221; tab_id=&#8221;1700152469580-5f88296b-b6e1&#8243;]<div style=\"overflow:hidden;text-align:left;\"><div style=\"width:100%;display:inline-block;margin-right:0px;margin-bottom:5px;\"><div class=\"mp-outer-video\" style=\"padding-bottom:56.25%;\"><iframe class=\"mp-youtube-player\" type=\"text\/html\" width=\"100%\" height=\"100%\" src=\"https:\/\/www.youtube.com\/embed\/1m2lHgmJQCk?wmode=transparent&autohide=0&autoplay=0&controls=0&rel=0&modestbranding=1&showinfo=0&start=&end=&iv_load_policy=1&theme=dark&vq=hd1080\" frameborder=\"0\" allowfullscreen><\/iframe><\/div><\/div><\/div>[\/vc_tta_section][vc_tta_section i_icon_fontawesome=&#8221;fa fa-info&#8221; add_icon=&#8221;true&#8221; title=&#8221;Bases del sorteo&#8221; tab_id=&#8221;1699459133625-32ebf807-409b&#8221;][vc_column_text]\n<h3><span style=\"color: #ffffff;\">.<\/span><\/h3>\n<h3><img decoding=\"async\" loading=\"lazy\" class=\"size-full wp-image-109097 aligncenter\" src=\"https:\/\/www.re-read.com\/wp-content\/uploads\/2023\/11\/re-golden-ticket-low.png\" alt=\"\" width=\"400\" height=\"200\" srcset=\"https:\/\/www.re-read.com\/wp-content\/uploads\/2023\/11\/re-golden-ticket-low.png 400w, https:\/\/www.re-read.com\/wp-content\/uploads\/2023\/11\/re-golden-ticket-low-300x150.png 300w\" sizes=\"(max-width: 400px) 100vw, 400px\" \/><\/h3>\n<p>&nbsp;<\/p>\n<h3>Bases legales del sorteo Re-Read Golden Ticket<\/h3>\n<p><span style=\"font-weight: 400;\">T\u00e9rminos y condiciones legales del sorteo:<\/span><\/p>\n<ul>\n<li><span style=\"font-weight: 400;\">Con motivo del d\u00eda de las librer\u00edas Re-Read regala 200 &#8220;Golden Tickets&#8221; equivalentes a un descuento de 12\u20ac (5 libros) en tu compra.\u00a0<\/span><\/li>\n<\/ul>\n<h3>Identificaci\u00f3n de la empresa organizadora.<\/h3>\n<ul>\n<li><span style=\"font-weight: 400;\">Librer\u00eda Ba\u00efbars S.L. (con nombre comercial Librer\u00eda Re-Read) con domicilio fiscal en la C Muntaner 270, 08021 Barcelona y con CIF (B61253068) organiza un sorteo titulado &#8220;Re-Golden Ticket&#8221;<\/span><\/li>\n<\/ul>\n<h3><span style=\"font-weight: 400;\"> Fechas de comienzo y finalizaci\u00f3n del sorteo y \u00e1mbito geogr\u00e1fico.<\/span><\/h3>\n<ul>\n<li><span style=\"font-weight: 400;\">La fecha de inicio del sorteo ser\u00e1 el 11 de Noviembre a las 9:00 y finalizar\u00e1 el 10 de Diciembre 2023 a las 21:00. Se podr\u00e1 participar solo durante ese per\u00edodo de tiempo.<\/span><\/li>\n<li><span style=\"font-weight: 400;\">Librer\u00eda Ba\u00efbars S.L. se reserva el derecho a aplazar o ampliar el per\u00edodo del sorteo en caso de fuerza mayor, as\u00ed como la facultad de interpretar los presentes t\u00e9rminos y condiciones legales.\u00a0<\/span><\/li>\n<\/ul>\n<h3><span style=\"font-weight: 400;\"> Reglas y condiciones para participar.<\/span><\/h3>\n<ul>\n<li><span style=\"font-weight: 400;\">No podr\u00e1n participar en la campa\u00f1a, ni por tanto resultar ganadores: empleados de\u00a0<\/span><span style=\"font-weight: 400;\">una librer\u00eda Re-Read o Librer\u00eda Ba\u00efbars S.L., familiares de los empleados, perfiles <\/span><span style=\"font-weight: 400;\">fraudulentos o expertos en sorteos.<\/span><\/li>\n<li><span style=\"font-weight: 400;\">Tampoco est\u00e1 permitida la participaci\u00f3n a trav\u00e9s de agentes o terceros, ni el uso de\u00a0<\/span><span style=\"font-weight: 400;\">m\u00faltiples identidades.<\/span><\/li>\n<li><span style=\"font-weight: 400;\">El programa inform\u00e1tico de caja escoger\u00e1 de manera totalmente aleatoria un ticket y aplicar\u00e1 el descuento de 12\u20ac. Habr\u00e1 200 tickets ganadores, repartidos en las librer\u00edas de todo el territorio espa\u00f1ol.\u00a0\u00a0<\/span><\/li>\n<\/ul>\n<h3><span style=\"font-weight: 400;\"> Valor y naturaleza del premio ofrecido.<\/span><\/h3>\n<ul>\n<li><span style=\"font-weight: 400;\">El premio consistir\u00e1 en el descuento inmediato de 12\u20ac en la compra.<\/span><\/li>\n<\/ul>\n<h3><span style=\"font-weight: 400;\"> Penalizaciones en caso de uso fraudulento.<\/span><\/h3>\n<ul>\n<li><span style=\"font-weight: 400;\">Librer\u00eda Ba\u00efbars S.L. se reserva el derecho de emprender acciones judiciales contra\u00a0<\/span><span style=\"font-weight: 400;\">aquellas personas que realicen cualquier tipo de acto susceptible de ser considerado <\/span><span style=\"font-weight: 400;\">como manipulaci\u00f3n o falsificaci\u00f3n del sorteo.<\/span><\/li>\n<li><span style=\"font-weight: 400;\">Librer\u00eda Ba\u00efbars S.L. queda eximida de cualquier responsabilidad por da\u00f1os y perjuicios que puedan deberse a la falta temporal de disponibilidad o de continuidad del funcionamiento de la aplicaci\u00f3n mediante la que se participa en la promoci\u00f3n, a la defraudaci\u00f3n de la utilidad que los usuarios hubieren podido atribuir a la misma y al acceso a las distintas p\u00e1ginas y env\u00edos de respuestas de participaci\u00f3n a trav\u00e9s de Internet.<\/span><\/li>\n<\/ul>\n<h3><span style=\"font-weight: 400;\"> Aceptaci\u00f3n de las Bases Legales.<\/span><\/h3>\n<ul>\n<li><span style=\"font-weight: 400;\">La participaci\u00f3n en el sorteo implica la aceptaci\u00f3n de los presentes t\u00e9rminos y condiciones legales. Cualquier manifestaci\u00f3n de no aceptaci\u00f3n de la totalidad o parte <\/span><span style=\"font-weight: 400;\">de las bases legales implicar\u00e1 la exclusi\u00f3n del participante y, como consecuencia de <\/span><span style=\"font-weight: 400;\">ello, Librer\u00eda Ba\u00efbars S.L. quedar\u00e1 liberada del cumplimiento de la obligaci\u00f3n contra\u00edda <\/span><span style=\"font-weight: 400;\">con este participante.<\/span><\/li>\n<\/ul>\n[\/vc_column_text][\/vc_tta_section][\/vc_tta_tabs][\/vc_column][\/vc_row]\n","protected":false},"excerpt":{"rendered":"<p>[vc_row][vc_column][vc_tta_tabs active_section=&#8221;1&#8243;][vc_tta_section i_icon_fontawesome=&#8221;fa fa-spinner&#8221; add_icon=&#8221;true&#8221; title=&#8221;Re-sultados en tiempo real&#8221; tab_id=&#8221;1699459133599-cc99f15b-8ca6&#8243;][vc_column_text] [\/vc_column_text][\/vc_tta_section][vc_tta_section i_icon_fontawesome=&#8221;fa fa-magic&#8221; add_icon=&#8221;true&#8221; title=&#8221;Re-partimos magia&#8221; tab_id=&#8221;1700152469580-5f88296b-b6e1&#8243;][\/vc_tta_section][vc_tta_section i_icon_fontawesome=&#8221;fa fa-info&#8221; add_icon=&#8221;true&#8221; title=&#8221;Bases del sorteo&#8221; tab_id=&#8221;1699459133625-32ebf807-409b&#8221;][vc_column_text] . &nbsp; Bases legales del sorteo Re-Read Golden Ticket T\u00e9rminos y condiciones legales del sorteo: Con motivo del d\u00eda de las librer\u00edas Re-Read regala 200 &#8220;Golden Tickets&#8221; equivalentes a un descuento [&hellip;]<\/p>\n","protected":false},"author":4,"featured_media":0,"parent":0,"menu_order":0,"comment_status":"closed","ping_status":"closed","template":"","meta":[],"acf":[],"yoast_head":"<!-- This site is optimized with the Yoast SEO plugin v17.4 - https:\/\/yoast.com\/wordpress\/plugins\/seo\/ -->\n<title>Re-Read Librer\u00eda lowcost : 1 libro 4\u20ac \u2022 2 libros 6\u20ac \u2022 5 libros 12\u20ac \u2022<\/title>\n<meta name=\"robots\" content=\"index, follow, max-snippet:-1, max-image-preview:large, max-video-preview:-1\" \/>\n<link rel=\"canonical\" href=\"https:\/\/www.re-read.com\/ca\/re-golden-ticket\/\" \/>\n<meta property=\"og:locale\" content=\"ca_ES\" \/>\n<meta property=\"og:type\" content=\"article\" \/>\n<meta property=\"og:description\" content=\"[vc_row][vc_column][vc_tta_tabs active_section=&#8221;1&#8243;][vc_tta_section i_icon_fontawesome=&#8221;fa fa-spinner&#8221; add_icon=&#8221;true&#8221; title=&#8221;Re-sultados en tiempo real&#8221; tab_id=&#8221;1699459133599-cc99f15b-8ca6&#8243;][vc_column_text] [\/vc_column_text][\/vc_tta_section][vc_tta_section i_icon_fontawesome=&#8221;fa fa-magic&#8221; add_icon=&#8221;true&#8221; title=&#8221;Re-partimos magia&#8221; tab_id=&#8221;1700152469580-5f88296b-b6e1&#8243;][\/vc_tta_section][vc_tta_section i_icon_fontawesome=&#8221;fa fa-info&#8221; add_icon=&#8221;true&#8221; title=&#8221;Bases del sorteo&#8221; tab_id=&#8221;1699459133625-32ebf807-409b&#8221;][vc_column_text] . &nbsp; Bases legales del sorteo Re-Read Golden Ticket T\u00e9rminos y condiciones legales del sorteo: Con motivo del d\u00eda de las librer\u00edas Re-Read regala 200 &#8220;Golden Tickets&#8221; equivalentes a un descuento [&hellip;]\" \/>\n<meta property=\"og:url\" content=\"https:\/\/www.re-read.com\/ca\/re-golden-ticket\/\" \/>\n<meta property=\"og:site_name\" content=\"Re-Read Librer\u00eda lowcost : 1 libro 4\u20ac \u2022 2 libros 6\u20ac \u2022 5 libros 12\u20ac \u2022\" \/>\n<meta property=\"article:publisher\" content=\"http:\/\/www.facebook.com\/ReReadLibreriaLowcost\" \/>\n<meta property=\"article:modified_time\" content=\"2023-11-16T16:58:35+00:00\" \/>\n<meta property=\"og:image\" content=\"https:\/\/www.re-read.com\/wp-content\/uploads\/2023\/11\/pegatina-golden-ticket.png\" \/>\n<meta name=\"twitter:label1\" content=\"Temps estimat de lectura\" \/>\n\t<meta name=\"twitter:data1\" content=\"3 minutes\" \/>\n<script type=\"application\/ld+json\" class=\"yoast-schema-graph\">{\"@context\":\"https:\/\/schema.org\",\"@graph\":[{\"@type\":\"Organization\",\"@id\":\"https:\/\/www.re-read.com\/#organization\",\"name\":\"Re-Read Librer\\u00eda Lowcost\",\"url\":\"https:\/\/www.re-read.com\/\",\"sameAs\":[\"http:\/\/www.facebook.com\/ReReadLibreriaLowcost\",\"https:\/\/www.instagram.com\/rereadlibrerialowcostoficial\",\"https:\/\/www.youtube.com\/channel\/UCLe8wJmNXZv2nwOciMnuZeA\"],\"logo\":{\"@type\":\"ImageObject\",\"@id\":\"https:\/\/www.re-read.com\/#logo\",\"inLanguage\":\"ca\",\"url\":\"https:\/\/www.re-read.com\/wp-content\/uploads\/2013\/05\/logo-640x240-medio-cast.gif\",\"contentUrl\":\"https:\/\/www.re-read.com\/wp-content\/uploads\/2013\/05\/logo-640x240-medio-cast.gif\",\"width\":640,\"height\":240,\"caption\":\"Re-Read Librer\\u00eda Lowcost\"},\"image\":{\"@id\":\"https:\/\/www.re-read.com\/#logo\"}},{\"@type\":\"WebSite\",\"@id\":\"https:\/\/www.re-read.com\/#website\",\"url\":\"https:\/\/www.re-read.com\/\",\"name\":\"Re-Read Librer\\u00eda lowcost : 1 libro 4\\u20ac \\u2022 2 libros 6\\u20ac \\u2022 5 libros 12\\u20ac \\u2022\",\"description\":\"Libros casi nuevos a un precio casi imposible\",\"publisher\":{\"@id\":\"https:\/\/www.re-read.com\/#organization\"},\"potentialAction\":[{\"@type\":\"SearchAction\",\"target\":{\"@type\":\"EntryPoint\",\"urlTemplate\":\"https:\/\/www.re-read.com\/?s={search_term_string}\"},\"query-input\":\"required name=search_term_string\"}],\"inLanguage\":\"ca\"},{\"@type\":\"ImageObject\",\"@id\":\"https:\/\/www.re-read.com\/ca\/re-golden-ticket\/#primaryimage\",\"inLanguage\":\"ca\",\"url\":\"https:\/\/www.re-read.com\/wp-content\/uploads\/2023\/11\/pegatina-golden-ticket.png\",\"contentUrl\":\"https:\/\/www.re-read.com\/wp-content\/uploads\/2023\/11\/pegatina-golden-ticket.png\",\"width\":800,\"height\":799},{\"@type\":\"WebPage\",\"@id\":\"https:\/\/www.re-read.com\/ca\/re-golden-ticket\/#webpage\",\"url\":\"https:\/\/www.re-read.com\/ca\/re-golden-ticket\/\",\"name\":\"\",\"isPartOf\":{\"@id\":\"https:\/\/www.re-read.com\/#website\"},\"primaryImageOfPage\":{\"@id\":\"https:\/\/www.re-read.com\/ca\/re-golden-ticket\/#primaryimage\"},\"datePublished\":\"2023-10-06T10:22:25+00:00\",\"dateModified\":\"2023-11-16T16:58:35+00:00\",\"breadcrumb\":{\"@id\":\"https:\/\/www.re-read.com\/ca\/re-golden-ticket\/#breadcrumb\"},\"inLanguage\":\"ca\",\"potentialAction\":[{\"@type\":\"ReadAction\",\"target\":[\"https:\/\/www.re-read.com\/ca\/re-golden-ticket\/\"]}]},{\"@type\":\"BreadcrumbList\",\"@id\":\"https:\/\/www.re-read.com\/ca\/re-golden-ticket\/#breadcrumb\",\"itemListElement\":[{\"@type\":\"ListItem\",\"position\":1,\"name\":\"Portada\",\"item\":\"https:\/\/www.re-read.com\/ca\/\"},{\"@type\":\"ListItem\",\"position\":2,\"name\":\"Re-Golden Ticket\"}]}]}<\/script>\n<!-- \/ Yoast SEO plugin. -->","yoast_head_json":{"title":"Re-Read Librer\u00eda lowcost : 1 libro 4\u20ac \u2022 2 libros 6\u20ac \u2022 5 libros 12\u20ac \u2022","robots":{"index":"index","follow":"follow","max-snippet":"max-snippet:-1","max-image-preview":"max-image-preview:large","max-video-preview":"max-video-preview:-1"},"canonical":"https:\/\/www.re-read.com\/ca\/re-golden-ticket\/","og_locale":"ca_ES","og_type":"article","og_description":"[vc_row][vc_column][vc_tta_tabs active_section=&#8221;1&#8243;][vc_tta_section i_icon_fontawesome=&#8221;fa fa-spinner&#8221; add_icon=&#8221;true&#8221; title=&#8221;Re-sultados en tiempo real&#8221; tab_id=&#8221;1699459133599-cc99f15b-8ca6&#8243;][vc_column_text] [\/vc_column_text][\/vc_tta_section][vc_tta_section i_icon_fontawesome=&#8221;fa fa-magic&#8221; add_icon=&#8221;true&#8221; title=&#8221;Re-partimos magia&#8221; tab_id=&#8221;1700152469580-5f88296b-b6e1&#8243;][\/vc_tta_section][vc_tta_section i_icon_fontawesome=&#8221;fa fa-info&#8221; add_icon=&#8221;true&#8221; title=&#8221;Bases del sorteo&#8221; tab_id=&#8221;1699459133625-32ebf807-409b&#8221;][vc_column_text] . &nbsp; Bases legales del sorteo Re-Read Golden Ticket T\u00e9rminos y condiciones legales del sorteo: Con motivo del d\u00eda de las librer\u00edas Re-Read regala 200 &#8220;Golden Tickets&#8221; equivalentes a un descuento [&hellip;]","og_url":"https:\/\/www.re-read.com\/ca\/re-golden-ticket\/","og_site_name":"Re-Read Librer\u00eda lowcost : 1 libro 4\u20ac \u2022 2 libros 6\u20ac \u2022 5 libros 12\u20ac \u2022","article_publisher":"http:\/\/www.facebook.com\/ReReadLibreriaLowcost","article_modified_time":"2023-11-16T16:58:35+00:00","og_image":[{"url":"https:\/\/www.re-read.com\/wp-content\/uploads\/2023\/11\/pegatina-golden-ticket.png"}],"twitter_misc":{"Temps estimat de lectura":"3 minutes"},"schema":{"@context":"https:\/\/schema.org","@graph":[{"@type":"Organization","@id":"https:\/\/www.re-read.com\/#organization","name":"Re-Read Librer\u00eda Lowcost","url":"https:\/\/www.re-read.com\/","sameAs":["http:\/\/www.facebook.com\/ReReadLibreriaLowcost","https:\/\/www.instagram.com\/rereadlibrerialowcostoficial","https:\/\/www.youtube.com\/channel\/UCLe8wJmNXZv2nwOciMnuZeA"],"logo":{"@type":"ImageObject","@id":"https:\/\/www.re-read.com\/#logo","inLanguage":"ca","url":"https:\/\/www.re-read.com\/wp-content\/uploads\/2013\/05\/logo-640x240-medio-cast.gif","contentUrl":"https:\/\/www.re-read.com\/wp-content\/uploads\/2013\/05\/logo-640x240-medio-cast.gif","width":640,"height":240,"caption":"Re-Read Librer\u00eda Lowcost"},"image":{"@id":"https:\/\/www.re-read.com\/#logo"}},{"@type":"WebSite","@id":"https:\/\/www.re-read.com\/#website","url":"https:\/\/www.re-read.com\/","name":"Re-Read Librer\u00eda lowcost : 1 libro 4\u20ac \u2022 2 libros 6\u20ac \u2022 5 libros 12\u20ac \u2022","description":"Libros casi nuevos a un precio casi imposible","publisher":{"@id":"https:\/\/www.re-read.com\/#organization"},"potentialAction":[{"@type":"SearchAction","target":{"@type":"EntryPoint","urlTemplate":"https:\/\/www.re-read.com\/?s={search_term_string}"},"query-input":"required name=search_term_string"}],"inLanguage":"ca"},{"@type":"ImageObject","@id":"https:\/\/www.re-read.com\/ca\/re-golden-ticket\/#primaryimage","inLanguage":"ca","url":"https:\/\/www.re-read.com\/wp-content\/uploads\/2023\/11\/pegatina-golden-ticket.png","contentUrl":"https:\/\/www.re-read.com\/wp-content\/uploads\/2023\/11\/pegatina-golden-ticket.png","width":800,"height":799},{"@type":"WebPage","@id":"https:\/\/www.re-read.com\/ca\/re-golden-ticket\/#webpage","url":"https:\/\/www.re-read.com\/ca\/re-golden-ticket\/","name":"","isPartOf":{"@id":"https:\/\/www.re-read.com\/#website"},"primaryImageOfPage":{"@id":"https:\/\/www.re-read.com\/ca\/re-golden-ticket\/#primaryimage"},"datePublished":"2023-10-06T10:22:25+00:00","dateModified":"2023-11-16T16:58:35+00:00","breadcrumb":{"@id":"https:\/\/www.re-read.com\/ca\/re-golden-ticket\/#breadcrumb"},"inLanguage":"ca","potentialAction":[{"@type":"ReadAction","target":["https:\/\/www.re-read.com\/ca\/re-golden-ticket\/"]}]},{"@type":"BreadcrumbList","@id":"https:\/\/www.re-read.com\/ca\/re-golden-ticket\/#breadcrumb","itemListElement":[{"@type":"ListItem","position":1,"name":"Portada","item":"https:\/\/www.re-read.com\/ca\/"},{"@type":"ListItem","position":2,"name":"Re-Golden Ticket"}]}]}},"_links":{"self":[{"href":"https:\/\/www.re-read.com\/ca\/wp-json\/wp\/v2\/pages\/109268"}],"collection":[{"href":"https:\/\/www.re-read.com\/ca\/wp-json\/wp\/v2\/pages"}],"about":[{"href":"https:\/\/www.re-read.com\/ca\/wp-json\/wp\/v2\/types\/page"}],"author":[{"embeddable":true,"href":"https:\/\/www.re-read.com\/ca\/wp-json\/wp\/v2\/users\/4"}],"replies":[{"embeddable":true,"href":"https:\/\/www.re-read.com\/ca\/wp-json\/wp\/v2\/comments?post=109268"}],"version-history":[{"count":8,"href":"https:\/\/www.re-read.com\/ca\/wp-json\/wp\/v2\/pages\/109268\/revisions"}],"predecessor-version":[{"id":109407,"href":"https:\/\/www.re-read.com\/ca\/wp-json\/wp\/v2\/pages\/109268\/revisions\/109407"}],"wp:attachment":[{"href":"https:\/\/www.re-read.com\/ca\/wp-json\/wp\/v2\/media?parent=109268"}],"curies":[{"name":"wp","href":"https:\/\/api.w.org\/{rel}","templated":true}]}}