 
{"id":1363,"date":"2013-05-10T19:54:19","date_gmt":"2013-05-10T19:54:19","guid":{"rendered":"http:\/\/re-read.com\/?page_id=1363"},"modified":"2024-01-08T09:57:24","modified_gmt":"2024-01-08T08:57:24","slug":"benvingut","status":"publish","type":"page","link":"https:\/\/www.re-read.com\/ca\/","title":{"rendered":"Benvingut"},"content":{"rendered":"[vc_row][vc_column][\/vc_column][mk_padding_divider][vc_column_text]\n<h2 class=\"planque\">Re-Read Librer\u00eda Lowcost<\/h2>\n<p class=\"planque\">La Librer\u00eda Lowcost de libros de segunda mano con libros casi nuevos a precio casi imposible.<\/p>\n[\/vc_column_text][vc_column_text align=&#8221;center&#8221; animation=&#8221;scale-up&#8221;]<img decoding=\"async\" loading=\"lazy\" class=\"aligncenter wp-image-110023 size-full\" src=\"https:\/\/www.re-read.com\/wp-content\/uploads\/2012\/09\/logo_re-read_640.gif\" alt=\"\" width=\"640\" height=\"238\" \/>[\/vc_column_text][vc_column_text align=&#8221;center&#8221; animation=&#8221;bottom-to-top&#8221;]<img decoding=\"async\" loading=\"lazy\" class=\"alignleft wp-image-4091\" src=\"https:\/\/www.re-read.com\/wp-content\/uploads\/2014\/11\/transp-Re-Read-10x10-150x150.png\" alt=\"\" width=\"110\" height=\"110\" srcset=\"https:\/\/www.re-read.com\/wp-content\/uploads\/2014\/11\/transp-Re-Read-10x10-150x150.png 150w, https:\/\/www.re-read.com\/wp-content\/uploads\/2014\/11\/transp-Re-Read-10x10-300x300.png 300w, https:\/\/www.re-read.com\/wp-content\/uploads\/2014\/11\/transp-Re-Read-10x10.png 10w\" sizes=\"(max-width: 110px) 100vw, 110px\" \/><a href=\"https:\/\/www.re-read.com\/ca\/re-golden-ticket\/\"><img decoding=\"async\" loading=\"lazy\" class=\"wp-image-102617 size-thumbnail alignright\" src=\"https:\/\/www.re-read.com\/wp-content\/uploads\/2022\/06\/tarjeta-re-galo-popup-150x150.png\" alt=\"\" width=\"150\" height=\"150\" srcset=\"https:\/\/www.re-read.com\/wp-content\/uploads\/2022\/06\/tarjeta-re-galo-popup-150x150.png 150w, https:\/\/www.re-read.com\/wp-content\/uploads\/2022\/06\/tarjeta-re-galo-popup-62x62.png 62w, https:\/\/www.re-read.com\/wp-content\/uploads\/2022\/06\/tarjeta-re-galo-popup-100x100.png 100w, https:\/\/www.re-read.com\/wp-content\/uploads\/2022\/06\/tarjeta-re-galo-popup-300x300.png 300w, https:\/\/www.re-read.com\/wp-content\/uploads\/2022\/06\/tarjeta-re-galo-popup.png 281w\" sizes=\"(max-width: 150px) 100vw, 150px\" \/><\/a>A Re-Read podr\u00e0s trobar llibres de segona m\u00e0<br \/>\nen perfecte estat. Tamb\u00e9 podr\u00e0s vendre-hi els teus;<br \/>\nPerqu\u00e8 sempre hi ha llibres llegits i llibres per llegir.<br \/>\nPer aix\u00f2 Re-comprem i Re-venem,<br \/>\nperqu\u00e8 mai no et quedis sense..[\/vc_column_text][vc_column_text]\n<h2 class=\"planque\">Re-Read Librer\u00eda low cost. Libros casi nuevos a un precio casi imposible<\/h2>\n<p class=\"planque\">Libros casi nuevos a un precio casi imposible. Las librer\u00edas est\u00e1n totalmente organizada en secciones y tem\u00e1ticas. Servicio de alertas de libros. No podemos encargar un libro, pero s\u00ed podemos estar atentos y si llega, avisarte. Localizador de librer\u00edas.\u00a0\u00bfQuieres vender tus libros?\u00a0\u00bfTe cambias de piso? \u00bfTienes que vaciar la casa? \u00bfO sencillamente necesitas algo m\u00e1s de espacio? En Re-Read compramos tus libros para darles una segunda vida. Porque siempre hay libros le\u00eddos y libros por leer. Por eso Re-compramos y Re-vendemos para que nunca te quedes sin ninguno de los dos.<\/p>\n[\/vc_column_text][vc_tta_tabs][vc_tta_section i_icon_fontawesome=&#8221;fa fa-camera&#8221; add_icon=&#8221;true&#8221; tab_id=&#8221;1492943621803-91d4f470-c72b&#8221; title=&#8221;Fotos&#8221;][mk_fullwidth_slideshow padding=&#8221;69&#8243; images=&#8221;3885,2184,1060,3884,3887,3889&#8243; effect=&#8221;slide&#8221;][\/vc_tta_section][vc_tta_section i_icon_fontawesome=&#8221;fa fa-film&#8221; add_icon=&#8221;true&#8221; tab_id=&#8221;1492943621732-40631787-014f&#8221; title=&#8221;\u00bfQu\u00e9 es Re-Read?&#8221;]<div style=\"overflow:hidden;text-align:left;\"><div style=\"width:100%;display:inline-block;margin-right:0px;margin-bottom:5px;\"><div class=\"mp-outer-video\" style=\"padding-bottom:56.25%;\"><iframe class=\"mp-youtube-player\" type=\"text\/html\" width=\"100%\" height=\"100%\" src=\"https:\/\/www.youtube.com\/embed\/u2acP1M_Scg?wmode=transparent&autohide=0&autoplay=0&controls=1&rel=0&modestbranding=1&showinfo=0&start=&end=&iv_load_policy=1&theme=dark&vq=hd1080\" frameborder=\"0\" allowfullscreen><\/iframe><\/div><\/div><\/div>[\/vc_tta_section][vc_tta_section i_icon_fontawesome=&#8221;fa fa-film&#8221; add_icon=&#8221;true&#8221; title=&#8221;Targeta Re-gal&#8221; tab_id=&#8221;1654583261601-a60e0ea2-89b8&#8243;]<div style=\"overflow:hidden;text-align:left;\"><div style=\"width:100%;display:inline-block;margin-right:0px;margin-bottom:5px;\"><div class=\"mp-outer-video\" style=\"padding-bottom:56.25%;\"><iframe class=\"mp-youtube-player\" type=\"text\/html\" width=\"100%\" height=\"100%\" src=\"https:\/\/www.youtube.com\/embed\/iito4p66ybg?wmode=transparent&autohide=0&autoplay=0&controls=1&rel=0&modestbranding=1&showinfo=0&start=&end=&iv_load_policy=1&theme=dark&vq=hd1080\" frameborder=\"0\" allowfullscreen><\/iframe><\/div><\/div><\/div>[\/vc_tta_section][vc_tta_section i_icon_fontawesome=&#8221;fa fa-video-camera&#8221; add_icon=&#8221;true&#8221; title=&#8221;Re-reading is sexy&#8221; tab_id=&#8221;video-re-reading&#8221;][vc_video link=&#8221;https:\/\/youtu.be\/kcSDmDrrLkY&#8221; animation=&#8221;left-to-right&#8221;][\/vc_tta_section][\/vc_tta_tabs][vc_column_text align=&#8221;center&#8221; animation=&#8221;right-to-left&#8221;]\u00bfConoces las \u00faltimas novedades de\u00a0nuestro canal\u00a0<a href=\"https:\/\/www.youtube.com\/channel\/UCLe8wJmNXZv2nwOciMnuZeA\" target=\"_blank\" rel=\"noopener noreferrer\"><img decoding=\"async\" loading=\"lazy\" class=\"alignnone wp-image-86821 size-full\" src=\"https:\/\/www.re-read.com\/wp-content\/uploads\/2013\/05\/youtube-logo-50.png\" alt=\"Canal youtube de Re-Read\" width=\"50\" height=\"21\" \/><\/a>?[\/vc_column_text][\/vc_row]\n","protected":false},"excerpt":{"rendered":"<p>[vc_row][vc_column][\/vc_column][mk_padding_divider][vc_column_text] Re-Read Librer\u00eda Lowcost La Librer\u00eda Lowcost de libros de segunda mano con libros casi nuevos a precio casi imposible. [\/vc_column_text][vc_column_text align=&#8221;center&#8221; animation=&#8221;scale-up&#8221;][\/vc_column_text][vc_column_text align=&#8221;center&#8221; animation=&#8221;bottom-to-top&#8221;]A Re-Read podr\u00e0s trobar llibres de segona m\u00e0 en perfecte estat. Tamb\u00e9 podr\u00e0s vendre-hi els teus; Perqu\u00e8 sempre hi ha llibres llegits i llibres per llegir. Per aix\u00f2 Re-comprem i Re-venem, [&hellip;]<\/p>\n","protected":false},"author":4,"featured_media":0,"parent":0,"menu_order":0,"comment_status":"closed","ping_status":"closed","template":"","meta":[],"acf":[],"yoast_head":"<!-- This site is optimized with the Yoast SEO plugin v17.4 - https:\/\/yoast.com\/wordpress\/plugins\/seo\/ -->\n<title>Re-Read Librer\u00eda lowcost : 1 libro 4\u20ac \u2022 2 libros 6\u20ac \u2022 5 libros 12\u20ac \u2022<\/title>\n<meta name=\"robots\" content=\"index, follow, max-snippet:-1, max-image-preview:large, max-video-preview:-1\" \/>\n<link rel=\"canonical\" href=\"https:\/\/www.re-read.com\/ca\/\" \/>\n<meta property=\"og:locale\" content=\"ca_ES\" \/>\n<meta property=\"og:type\" content=\"article\" \/>\n<meta property=\"og:description\" content=\"[vc_row][vc_column][\/vc_column][mk_padding_divider][vc_column_text] Re-Read Librer\u00eda Lowcost La Librer\u00eda Lowcost de libros de segunda mano con libros casi nuevos a precio casi imposible. [\/vc_column_text][vc_column_text align=&#8221;center&#8221; animation=&#8221;scale-up&#8221;][\/vc_column_text][vc_column_text align=&#8221;center&#8221; animation=&#8221;bottom-to-top&#8221;]A Re-Read podr\u00e0s trobar llibres de segona m\u00e0 en perfecte estat. Tamb\u00e9 podr\u00e0s vendre-hi els teus; Perqu\u00e8 sempre hi ha llibres llegits i llibres per llegir. Per aix\u00f2 Re-comprem i Re-venem, [&hellip;]\" \/>\n<meta property=\"og:url\" content=\"https:\/\/www.re-read.com\/ca\/\" \/>\n<meta property=\"og:site_name\" content=\"Re-Read Librer\u00eda lowcost : 1 libro 4\u20ac \u2022 2 libros 6\u20ac \u2022 5 libros 12\u20ac \u2022\" \/>\n<meta property=\"article:publisher\" content=\"http:\/\/www.facebook.com\/ReReadLibreriaLowcost\" \/>\n<meta property=\"article:modified_time\" content=\"2024-01-08T08:57:24+00:00\" \/>\n<meta property=\"og:image\" content=\"https:\/\/www.re-read.com\/wp-content\/uploads\/2012\/09\/logo_re-read_640.gif\" \/>\n<meta name=\"twitter:label1\" content=\"Temps estimat de lectura\" \/>\n\t<meta name=\"twitter:data1\" content=\"2 minutes\" \/>\n<script type=\"application\/ld+json\" class=\"yoast-schema-graph\">{\"@context\":\"https:\/\/schema.org\",\"@graph\":[{\"@type\":\"Organization\",\"@id\":\"https:\/\/www.re-read.com\/#organization\",\"name\":\"Re-Read Librer\\u00eda Lowcost\",\"url\":\"https:\/\/www.re-read.com\/\",\"sameAs\":[\"http:\/\/www.facebook.com\/ReReadLibreriaLowcost\",\"https:\/\/www.instagram.com\/rereadlibrerialowcostoficial\",\"https:\/\/www.youtube.com\/channel\/UCLe8wJmNXZv2nwOciMnuZeA\"],\"logo\":{\"@type\":\"ImageObject\",\"@id\":\"https:\/\/www.re-read.com\/#logo\",\"inLanguage\":\"ca\",\"url\":\"https:\/\/www.re-read.com\/wp-content\/uploads\/2013\/05\/logo-640x240-medio-cast.gif\",\"contentUrl\":\"https:\/\/www.re-read.com\/wp-content\/uploads\/2013\/05\/logo-640x240-medio-cast.gif\",\"width\":640,\"height\":240,\"caption\":\"Re-Read Librer\\u00eda Lowcost\"},\"image\":{\"@id\":\"https:\/\/www.re-read.com\/#logo\"}},{\"@type\":\"WebSite\",\"@id\":\"https:\/\/www.re-read.com\/#website\",\"url\":\"https:\/\/www.re-read.com\/\",\"name\":\"Re-Read Librer\\u00eda lowcost : 1 libro 4\\u20ac \\u2022 2 libros 6\\u20ac \\u2022 5 libros 12\\u20ac \\u2022\",\"description\":\"Libros casi nuevos a un precio casi imposible\",\"publisher\":{\"@id\":\"https:\/\/www.re-read.com\/#organization\"},\"potentialAction\":[{\"@type\":\"SearchAction\",\"target\":{\"@type\":\"EntryPoint\",\"urlTemplate\":\"https:\/\/www.re-read.com\/?s={search_term_string}\"},\"query-input\":\"required name=search_term_string\"}],\"inLanguage\":\"ca\"},{\"@type\":\"ImageObject\",\"@id\":\"https:\/\/www.re-read.com\/ca\/#primaryimage\",\"inLanguage\":\"ca\",\"url\":\"https:\/\/www.re-read.com\/wp-content\/uploads\/2012\/09\/logo_re-read_640.gif\",\"contentUrl\":\"https:\/\/www.re-read.com\/wp-content\/uploads\/2012\/09\/logo_re-read_640.gif\",\"width\":640,\"height\":238},{\"@type\":\"WebPage\",\"@id\":\"https:\/\/www.re-read.com\/ca\/#webpage\",\"url\":\"https:\/\/www.re-read.com\/ca\/\",\"name\":\"\",\"isPartOf\":{\"@id\":\"https:\/\/www.re-read.com\/#website\"},\"primaryImageOfPage\":{\"@id\":\"https:\/\/www.re-read.com\/ca\/#primaryimage\"},\"datePublished\":\"2013-05-10T19:54:19+00:00\",\"dateModified\":\"2024-01-08T08:57:24+00:00\",\"breadcrumb\":{\"@id\":\"https:\/\/www.re-read.com\/ca\/#breadcrumb\"},\"inLanguage\":\"ca\",\"potentialAction\":[{\"@type\":\"ReadAction\",\"target\":[\"https:\/\/www.re-read.com\/ca\/\"]}]},{\"@type\":\"BreadcrumbList\",\"@id\":\"https:\/\/www.re-read.com\/ca\/#breadcrumb\",\"itemListElement\":[{\"@type\":\"ListItem\",\"position\":1,\"name\":\"Portada\",\"item\":\"https:\/\/www.re-read.com\/ca\/\"},{\"@type\":\"ListItem\",\"position\":2,\"name\":\"Benvingut\"}]}]}<\/script>\n<!-- \/ Yoast SEO plugin. -->","yoast_head_json":{"title":"Re-Read Librer\u00eda lowcost : 1 libro 4\u20ac \u2022 2 libros 6\u20ac \u2022 5 libros 12\u20ac \u2022","robots":{"index":"index","follow":"follow","max-snippet":"max-snippet:-1","max-image-preview":"max-image-preview:large","max-video-preview":"max-video-preview:-1"},"canonical":"https:\/\/www.re-read.com\/ca\/","og_locale":"ca_ES","og_type":"article","og_description":"[vc_row][vc_column][\/vc_column][mk_padding_divider][vc_column_text] Re-Read Librer\u00eda Lowcost La Librer\u00eda Lowcost de libros de segunda mano con libros casi nuevos a precio casi imposible. [\/vc_column_text][vc_column_text align=&#8221;center&#8221; animation=&#8221;scale-up&#8221;][\/vc_column_text][vc_column_text align=&#8221;center&#8221; animation=&#8221;bottom-to-top&#8221;]A Re-Read podr\u00e0s trobar llibres de segona m\u00e0 en perfecte estat. Tamb\u00e9 podr\u00e0s vendre-hi els teus; Perqu\u00e8 sempre hi ha llibres llegits i llibres per llegir. Per aix\u00f2 Re-comprem i Re-venem, [&hellip;]","og_url":"https:\/\/www.re-read.com\/ca\/","og_site_name":"Re-Read Librer\u00eda lowcost : 1 libro 4\u20ac \u2022 2 libros 6\u20ac \u2022 5 libros 12\u20ac \u2022","article_publisher":"http:\/\/www.facebook.com\/ReReadLibreriaLowcost","article_modified_time":"2024-01-08T08:57:24+00:00","og_image":[{"url":"https:\/\/www.re-read.com\/wp-content\/uploads\/2012\/09\/logo_re-read_640.gif"}],"twitter_misc":{"Temps estimat de lectura":"2 minutes"},"schema":{"@context":"https:\/\/schema.org","@graph":[{"@type":"Organization","@id":"https:\/\/www.re-read.com\/#organization","name":"Re-Read Librer\u00eda Lowcost","url":"https:\/\/www.re-read.com\/","sameAs":["http:\/\/www.facebook.com\/ReReadLibreriaLowcost","https:\/\/www.instagram.com\/rereadlibrerialowcostoficial","https:\/\/www.youtube.com\/channel\/UCLe8wJmNXZv2nwOciMnuZeA"],"logo":{"@type":"ImageObject","@id":"https:\/\/www.re-read.com\/#logo","inLanguage":"ca","url":"https:\/\/www.re-read.com\/wp-content\/uploads\/2013\/05\/logo-640x240-medio-cast.gif","contentUrl":"https:\/\/www.re-read.com\/wp-content\/uploads\/2013\/05\/logo-640x240-medio-cast.gif","width":640,"height":240,"caption":"Re-Read Librer\u00eda Lowcost"},"image":{"@id":"https:\/\/www.re-read.com\/#logo"}},{"@type":"WebSite","@id":"https:\/\/www.re-read.com\/#website","url":"https:\/\/www.re-read.com\/","name":"Re-Read Librer\u00eda lowcost : 1 libro 4\u20ac \u2022 2 libros 6\u20ac \u2022 5 libros 12\u20ac \u2022","description":"Libros casi nuevos a un precio casi imposible","publisher":{"@id":"https:\/\/www.re-read.com\/#organization"},"potentialAction":[{"@type":"SearchAction","target":{"@type":"EntryPoint","urlTemplate":"https:\/\/www.re-read.com\/?s={search_term_string}"},"query-input":"required name=search_term_string"}],"inLanguage":"ca"},{"@type":"ImageObject","@id":"https:\/\/www.re-read.com\/ca\/#primaryimage","inLanguage":"ca","url":"https:\/\/www.re-read.com\/wp-content\/uploads\/2012\/09\/logo_re-read_640.gif","contentUrl":"https:\/\/www.re-read.com\/wp-content\/uploads\/2012\/09\/logo_re-read_640.gif","width":640,"height":238},{"@type":"WebPage","@id":"https:\/\/www.re-read.com\/ca\/#webpage","url":"https:\/\/www.re-read.com\/ca\/","name":"","isPartOf":{"@id":"https:\/\/www.re-read.com\/#website"},"primaryImageOfPage":{"@id":"https:\/\/www.re-read.com\/ca\/#primaryimage"},"datePublished":"2013-05-10T19:54:19+00:00","dateModified":"2024-01-08T08:57:24+00:00","breadcrumb":{"@id":"https:\/\/www.re-read.com\/ca\/#breadcrumb"},"inLanguage":"ca","potentialAction":[{"@type":"ReadAction","target":["https:\/\/www.re-read.com\/ca\/"]}]},{"@type":"BreadcrumbList","@id":"https:\/\/www.re-read.com\/ca\/#breadcrumb","itemListElement":[{"@type":"ListItem","position":1,"name":"Portada","item":"https:\/\/www.re-read.com\/ca\/"},{"@type":"ListItem","position":2,"name":"Benvingut"}]}]}},"_links":{"self":[{"href":"https:\/\/www.re-read.com\/ca\/wp-json\/wp\/v2\/pages\/1363"}],"collection":[{"href":"https:\/\/www.re-read.com\/ca\/wp-json\/wp\/v2\/pages"}],"about":[{"href":"https:\/\/www.re-read.com\/ca\/wp-json\/wp\/v2\/types\/page"}],"author":[{"embeddable":true,"href":"https:\/\/www.re-read.com\/ca\/wp-json\/wp\/v2\/users\/4"}],"replies":[{"embeddable":true,"href":"https:\/\/www.re-read.com\/ca\/wp-json\/wp\/v2\/comments?post=1363"}],"version-history":[{"count":30,"href":"https:\/\/www.re-read.com\/ca\/wp-json\/wp\/v2\/pages\/1363\/revisions"}],"predecessor-version":[{"id":120925,"href":"https:\/\/www.re-read.com\/ca\/wp-json\/wp\/v2\/pages\/1363\/revisions\/120925"}],"wp:attachment":[{"href":"https:\/\/www.re-read.com\/ca\/wp-json\/wp\/v2\/media?parent=1363"}],"curies":[{"name":"wp","href":"https:\/\/api.w.org\/{rel}","templated":true}]}}