 
{"id":2590,"date":"2013-12-31T17:59:22","date_gmt":"2013-12-31T15:59:22","guid":{"rendered":"http:\/\/www.re-read.com\/proteccion-de-datos-personales-2\/"},"modified":"2024-10-28T15:12:35","modified_gmt":"2024-10-28T14:12:35","slug":"proteccion-de-datos-personales","status":"publish","type":"page","link":"https:\/\/www.re-read.com\/ca\/proteccion-de-datos-personales\/","title":{"rendered":"Protecci\u00f3n de datos personales &#8211; Pol\u00edtica de tratamiento de cookies"},"content":{"rendered":"[vc_row padding=&#8221;0&#8243;][vc_column width=&#8221;1\/6&#8243;][mk_icon_box icon=&#8221;mk-moon-umbrella&#8221; icon_size=&#8221;x-large&#8221; circled=&#8221;true&#8221; icon_color=&#8221;#ffffff&#8221; icon_circle_color=&#8221;#40b4a7&#8243; box_blur=&#8221;false&#8221;]\n[\/mk_icon_box][\/vc_column][vc_column width=&#8221;5\/6&#8243;][mk_fancy_title color=&#8221;#393836&#8243; size=&#8221;24&#8243; font_weight=&#8221;normal&#8221; font_style=&#8221;inhert&#8221; margin_top=&#8221;16&#8243; margin_bottom=&#8221;16&#8243; font_family=&#8221;none&#8221; animation=&#8221;fade-in&#8221;]\n<p>Pol\u00edtica de privacidad y Re-speto del tratamiento y protecci\u00f3n de los datos de car\u00e1cter personal.<\/p>\n[\/mk_fancy_title][\/vc_column][\/vc_row][vc_row][vc_column][vc_column_text]\n<h3>Qu\u00e9 datos personales recogemos y por qu\u00e9 los recogemos<\/h3>\n<p class=\"ftx5mi-5 egobzN\">Hemos hecho todo lo posible para que nuestras explicaciones sean breves y de f\u00e1cil comprensi\u00f3n. No obstante, si quisieras informaci\u00f3n adicional o tuvieras cualquier pregunta o duda, por favor, <a href=\"https:\/\/www.re-read.com\/ca\/les-llibreries\/contactar\/\">contacte con nosotros<\/a>.<\/p>\n<p class=\"ftx5mi-5 egobzN\">Es importante que sepas qu\u00e9 informaci\u00f3n personal Re-Read Librer\u00eda Lowcost (&#8220;Ba\u00efbars Librer\u00eda S.L.) recoge, y c\u00f3mo la utilizamos.<\/p>\n<p class=\"ftx5mi-5 egobzN\">Nos comprometemos:<\/p>\n<ul class=\"m_9101773887991918087gmail-list-icon--arrowRight m_9101773887991918087gmail-list-icon--yellow\">\n<li>Ser totalmente transparentes acerca de los datos que recabemos y el uso que hagamos de ellos.<\/li>\n<li>Adoptar las m\u00e1s altas medidas para proteger y mantener a salvo la informaci\u00f3n privada.<\/li>\n<li>No ceder a nadie los datos personales.<\/li>\n<li>Dar el control al usuario de sus datos personales.<\/li>\n<li>Comunicar claramente el motivo por el cual se recogen los datos.<\/li>\n<li>Detalle sobre nuestra pol\u00edtica de datos<\/li>\n<\/ul>\n[\/vc_column_text][vc_tta_accordion active_section=&#8221;&#8221; no_fill=&#8221;true&#8221; collapsible_all=&#8221;true&#8221;][vc_tta_section title=&#8221;Respetamos y protegimos tu privacidad&#8221; tab_id=&#8221;1527230147418-5be08461-e35a&#8221;][vc_column_text]\n<div class=\"policy-text\">\n<div class=\"wp-suggested-text hide-privacy-policy-tutorial\">\n<h3>Qui\u00e9nes somos<\/h3>\n<ul>\n<li>La direcci\u00f3n de nuestra web es: https:\/\/www.re-read.com. Somos Re-Read Librer\u00eda Lowcost, una fant\u00e1stica marca de Ba\u00efbars Librer\u00eda S.L. situada en la <a href=\"https:\/\/www.re-read.com\/en\/libreria\/calle-muntaner-270-08021-barcelona\/\">calle muntaner, 270 \u2013 08021 Barcelona<\/a>. NIF:\u00a0B61253068<\/li>\n<\/ul>\n<h3>Formularios de contacto, de alertas, compramos libros, dossier de franquicias y cajas de librer\u00edas<\/h3>\n<ul>\n<li>Si has utilizado uno de nuestros formularios de alertas, contacto, compramos libros o petici\u00f3n de dossier de franquicias, recibir\u00e1s una respuesta por correo electr\u00f3nico. Para enviarte correos electr\u00f3nicos, utilizamos el nombre y la direcci\u00f3n de correo electr\u00f3nico que nos proporcionaste. Registramos la direcci\u00f3n IP utilizada cuando te suscribiste para evitar el abuso del sistema.<\/li>\n<li>Lo mismo, si nos pides una factura en tienda, utilizaremos tu nombre y direcci\u00f3n de correo electr\u00f3nico para poder enviarte la factura por correo electr\u00f3nico.<\/li>\n<li>Si nos vendes libros, la ley nos obliga a apuntar tu DNI, nombre y averiguar en caso de duda si eres mayor de edad.<\/li>\n<li>Para poder gestionar los servicios de la tarjeta de fidelidad Re-member en tienda, apuntamos en el programa de caja tu nombre y email.<\/li>\n<li><strong>No utilizamos la informaci\u00f3n<\/strong> enviada a trav\u00e9s de ellos con fines de marketing. No cedemos a nadie tus datos personales.<\/li>\n<\/ul>\n<\/div>\n<div class=\"wp-suggested-text hide-privacy-policy-tutorial\">\n<h3>La Revista de Re-Read<\/h3>\n<ul>\n<li>Si te has suscrito a nuestro bolet\u00edn informativo, es muy probable que recibas mensajes de correo electr\u00f3nico de nuestra parte. S\u00f3lo te enviaremos mensajes de correo electr\u00f3nico a los cuales te has suscrito, o que pertenecen a los servicios que te prestamos.<\/li>\n<li>Para enviarte correos electr\u00f3nicos, utilizamos el nombre y la direcci\u00f3n de correo electr\u00f3nico que nos proporcionaste. Registramos la direcci\u00f3n IP utilizada cuando te suscribiste para evitar el abuso del sistema. Para poder realizar un seguimiento de las aperturas y clics en nuestros correos electr\u00f3nicos, utilizamos esta informaci\u00f3n para mejorar el contenido de nuestros boletines.<\/li>\n<\/ul>\n<div class=\"policy-text hide-privacy-policy-tutorial\">\n<h3>Tienda online<\/h3>\n<ul>\n<li>Recopilamos informaci\u00f3n tuya durante el proceso de pago en nuestra tienda online.<\/li>\n<li>Mientras visitas nuestra tienda, realizaremos el seguimiento de:\n<ul>\n<li>Los libros que has visto: usaremos esto para, por ejemplo, mostrarte libros que tienes en tu carrito.<\/li>\n<li>Ubicaci\u00f3n, direcci\u00f3n IP y tipo de navegador: usaremos esto para prop\u00f3sitos como estimar impuestos, saber qu\u00e9 librer\u00eda tienes m\u00e1s cerca o costes de env\u00edo<\/li>\n<li>Direcci\u00f3n de env\u00edo: te pediremos que facilites esto para que podamos, por ejemplo, estimar el coste del env\u00edo antes de que hagas un pedido, \u00a1y enviarte el pedido!<\/li>\n<\/ul>\n<\/li>\n<li>Tambi\u00e9n usamos cookies para realizar el seguimiento de los contenidos del carrito mientras navegas por nuestro sitio.<\/li>\n<li>Cuando nos compras algo te pedimos que facilites informaci\u00f3n que incluye tu nombre, direcci\u00f3n de facturaci\u00f3n, direcci\u00f3n de env\u00edo, direcci\u00f3n de correo electr\u00f3nico, n\u00famero de tel\u00e9fono, detalles de la tarjeta de cr\u00e9dito\/pago e informaci\u00f3n adicional opcional como el nombre de usuario y la contrase\u00f1a. Usaremos esta informaci\u00f3n para prop\u00f3sitos como:\n<ul>\n<li>Enviarte informaci\u00f3n sobre tu cuenta y pedido<\/li>\n<li>Responder a tus solicitudes, incluidos reembolsos y reclamaciones<\/li>\n<li>Procesar pagos y evitar el fraude<\/li>\n<li>Configurar tu cuenta para nuestra tienda<\/li>\n<li>Cumplir con cualquier obligaci\u00f3n legal que tengamos, como c\u00e1lculos de impuestos<\/li>\n<li>Mejorar las ofertas de nuestra tienda<\/li>\n<li>Enviarte mensajes promocioniales, si eliges recibirlos<\/li>\n<\/ul>\n<\/li>\n<li>Si creas una cuenta almacenaremos tu nombre, direcci\u00f3n, correo electr\u00f3nico y n\u00famero de tel\u00e9fono, lo que usaremos para el proceso de pago y futuros pedidos.<\/li>\n<li>Normalmente almacenamos informaci\u00f3n sobre ti durante el tiempo que necesitemos la informaci\u00f3n para los prop\u00f3sitos para los que la recopilamos y usamos, y no estemos legalmente obligados a seguir guard\u00e1ndola. Por ejemplo, almacenaremos informaci\u00f3n de los pedidos durante 3 a\u00f1os para prop\u00f3sitos de impuestos y contabilidad. Esto incluye tu hombre, direcci\u00f3n de correo electr\u00f3nico y direcciones de facturaci\u00f3n y env\u00edo.<\/li>\n<li>Tambi\u00e9n almacenamos comentarios o valoraciones, si eliges dejarlos.<\/li>\n<li><strong>No utilizamos la informaci\u00f3n<\/strong> proporcionada con fines de marketing. No cedemos a nadie tus datos personales.<\/li>\n<\/ul>\n<h4>Qui\u00e9n de nuestro equipo tiene acceso<\/h4>\n<ul>\n<li>Los miembros de nuestro equipo tienen acceso a la informaci\u00f3n que nos ofreces. Por ejemplo, los administradores y libreros pueden acceder a:\n<ul>\n<li>La informaci\u00f3n de pedidos, como qu\u00e9 se compr\u00f3, cu\u00e1ndo se compr\u00f3 y d\u00f3nde se deber\u00eda enviar, y<\/li>\n<li>La informaci\u00f3n de cliente, como tu nombre, direcci\u00f3n de correo electr\u00f3nico, y la informaci\u00f3n de facturaci\u00f3n y env\u00edo.<\/li>\n<\/ul>\n<\/li>\n<li>Los miembros de nuestro equipo tienen acceso a esta informaci\u00f3n para ayudar a completar pedidos, procesar reembolsos y darte soporte.<\/li>\n<\/ul>\n<h4>Pagos<\/h4>\n<ul>\n<li>Aceptamos pagos mediante nuestro banco Banco de Sabadell. No tenemos acceso a tus datos de pago que son procesados directamente por nuestro banco. Al procesar pagos algunos de tus datos se pasar\u00e1n al Banco de Sabadell, incluida la informaci\u00f3n requerida para procesar o dar soporte al pago, tales como el total de la compra y la informaci\u00f3n de facturaci\u00f3n.<\/li>\n<li>Por favor, revisa la <a href=\"https:\/\/www.bancsabadell.com\/cs\/Satellite\/SabAtl\/Politica-de-privacidad\/6000025944814\/es\/\" target=\"_blank\" rel=\"noopener noreferrer\">pol\u00edtica de privacidad del Banco de Sabadell<\/a> para m\u00e1s detalles.<\/li>\n<\/ul>\n<\/div>\n<h3>Cu\u00e1nto tiempo conservamos tus datos<\/h3>\n<ul>\n<li>Conservamos los datos personales que recopilamos en nuestros formularios mientras uses la p\u00e1gina web, compras en tienda, de nuestra app o nuestros servicios (alertas, tarjetas Re-galo, compramos libros, peticiones de dossier de franquiciado).<\/li>\n<li>Si estos datos personales ya no son necesarios para cumplir los prop\u00f3sitos o no son exactos, se eliminar\u00e1n. En ning\u00fan caso se conservar\u00e1n los datos personales m\u00e1s de 5 (cinco) a\u00f1os despu\u00e9s de la fecha en la que se hayan actualizado por \u00faltima vez, a menos que estemos legalmente obligados a hacerlo.<\/li>\n<\/ul>\n<\/div>\n<\/div>\n[\/vc_column_text][\/vc_tta_section][vc_tta_section title=&#8221;Cookies&#8221; tab_id=&#8221;1527230147446-bdca5b7d-4da5&#8243;][vc_column_text margin_bottom=&#8221;16&#8243;]\n<h3>\u00bfQu\u00e9 son los cookies?<\/h3>\n<ul>\n<li>Una cookie es un fichero que se descarga en tu ordenador al\u00a0acceder a determinadas p\u00e1ginas web. Las cookies permiten a una p\u00e1gina web,\u00a0entre otras cosas, almacenar y recuperar informaci\u00f3n sobre los h\u00e1bitos de\u00a0navegaci\u00f3n de un usuario o de su equipo y, dependiendo de la informaci\u00f3n que\u00a0contengan y de la forma en que utilice su equipo, pueden utilizarse para\u00a0reconocer al usuario.<\/li>\n<\/ul>\n<h3>\u00bfQu\u00e9 tipos de cookies utilizamos?<\/h3>\n<ul>\n<li>Nuestra web utiliza los siguientes tipos de cookies:\n<ul>\n<li><em>Cookies de an\u00e1lisis<\/em>: Son aqu\u00e9llas que bien tratadas por nosotros o por\u00a0terceros, nos permiten cuantificar el n\u00famero de usuarios y as\u00ed realizar la\u00a0medici\u00f3n y an\u00e1lisis estad\u00edstico de la utilizaci\u00f3n que hacen los usuarios del\u00a0servicio ofertado. Para ello se analiza la navegaci\u00f3n en nuestra p\u00e1gina web\u00a0con el fin de mejorar los servicios que te ofrecemos.<\/li>\n<li><em>Cookies t\u00e9cnicas<\/em>: Son aquellas que permiten al usuario la navegaci\u00f3n a trav\u00e9s del \u00e1rea restringida y la utilizaci\u00f3n de sus diferentes funciones, como por ejemplo, llevar a cambio el proceso de compra de un art\u00edculo en nuestra tienda <a href=\"https:\/\/www.re-read.com\/the-book-finder\/\">The Book Finder<\/a>.<\/li>\n<li><em>Cookies de personalizaci\u00f3n<\/em>: Son aquellas que permiten al usuario acceder al servicio con algunas caracter\u00edsticas de car\u00e1cter general como por ejemplo serian el idioma o el tipo de navegador.<\/li>\n<li><em>Cookies publicitarias<\/em>: No usamos cookies publicitarias<\/li>\n<li><em>Cookies de publicidad comportamental<\/em>: No usamos cookies de publicidad comportamental<\/li>\n<\/ul>\n<\/li>\n<\/ul>\n<h3>Desactivar las cookies.<\/h3>\n<ul>\n<li>Puedes <strong>permitir, bloquear o eliminar las cookies<\/strong>\u00a0instaladas en tu navegador mediante la configuraci\u00f3n de las opciones del navegador.<\/li>\n<li>En la mayor\u00eda de los navegadores web se ofrece la posibilidad de permitir, bloquear o eliminar las cookies.<\/li>\n<li>A continuaci\u00f3n puedes acceder a la configuraci\u00f3n de los navegadores webs m\u00e1s frecuentes para aceptar, instalar o desactivar las cookies:\n<ul>\n<li><a href=\"https:\/\/support.google.com\/chrome\/answer\/95647?hl=es\" target=\"_blank\" rel=\"noopener noreferrer\">Configurar cookies en Google Chrome<\/a><\/li>\n<li><a href=\"http:\/\/windows.microsoft.com\/es-es\/windows7\/how-to-manage-cookies-in-internet-explorer-9\" target=\"_blank\" rel=\"noopener noreferrer\">Configurar cookies en Microsoft Internet Explorer<\/a><\/li>\n<li><a href=\"https:\/\/support.mozilla.org\/es\/kb\/habilitar-y-deshabilitar-cookies-sitios-web-rastrear-preferencias?redirectlocale=es&amp;redirectslug=habilitar-y-deshabilitar-cookies-que-los-sitios-we\" target=\"_blank\" rel=\"noopener noreferrer\">Configurar cookies en Mozilla Firefox<\/a><\/li>\n<li><a href=\"https:\/\/support.apple.com\/es-es\/HT201265\" target=\"_blank\" rel=\"noopener noreferrer\">Configurar cookies en Safari (Apple)<\/a><\/li>\n<\/ul>\n<\/li>\n<\/ul>\n<h3>Cookies de terceros.<\/h3>\n<ul>\n<li>Utilizamos servicios de terceros para recopilar informaci\u00f3n con fines estad\u00edsticos y de uso de la web.<\/li>\n<li>En concreto, usamos los servicios de Google Analytics para nuestras estad\u00edsticas.<\/li>\n<\/ul>\n<h4>Eliminar cookies.<\/h4>\n<ul>\n<li>Puedes eliminar y bloquear todas las cookies de nuestra web, pero parte del sitio no funcionar\u00e1 o la calidad de la p\u00e1gina web puede verse afectada.<\/li>\n<li>Si tienes cualquier duda acerca de\u00a0nuestra pol\u00edtica de cookies, puedes <a href=\"https:\/\/www.re-read.com\/ca\/les-llibreries\/contactar\/\">contactar con nosotros<\/a>.<\/li>\n<\/ul>\n[\/vc_column_text][\/vc_tta_section][vc_tta_section title=&#8221;Cuidamos de tu informaci\u00f3n&#8221; tab_id=&#8221;1527231809262-9656c39c-3ff5&#8243;][vc_column_text]\n<h3>Contamos con altas medidas de seguridad para proteger tu informaci\u00f3n.<\/h3>\n<ul>\n<li class=\"ftx5mi-5 egobzN\">Conservamos tu informaci\u00f3n siguiendo normas estrictas para garantizar que sus datos sigan contando con los m\u00e1s elevados niveles de protecci\u00f3n:\n<ul>\n<li>El acceso a todos tus datos est\u00e1 protegido por una verificaci\u00f3n en dos pasos que reduce en gran medida el riesgo de accesos no autorizados a nuestros sistemas inform\u00e1ticos.<\/li>\n<li>Los Re-administradores reciben alertas de inicio de sesi\u00f3n sospechosa.<\/li>\n<li>Ning\u00fan dato personal guardado en nuestras librer\u00edas. Est\u00e1n conservados en centros de datos en la UE.<\/li>\n<li>Encriptamos los ficheros de datos personales.<\/li>\n<li>Protegemos nuestra conexi\u00f3n de red con la tecnolog\u00eda de capa de sockets seguros (SSL).<\/li>\n<li>Registramos autom\u00e1ticamente todas las acciones relacionadas con los datos personales.<\/li>\n<li>Los mensajes de email de Re-Read son encriptados a trav\u00e9s de extensiones seguras multiprop\u00f3sito de correo de Internet (S\/MIME).<\/li>\n<li>Recibimos alertas de actividad sospechosa en nuestros dispositivos m\u00f3viles.<\/li>\n<li>Sistemas de copias de seguridad deslocalizados y redondantes para proteger tu informaci\u00f3n.<\/li>\n<li>Restringimos el acceso a los datos personales a los prop\u00f3sitos mencionados en esta pol\u00edtica de privacidad.<\/li>\n<\/ul>\n<\/li>\n<\/ul>\n[\/vc_column_text][\/vc_tta_section][vc_tta_section title=&#8221;Acceder a tus datos&#8221; tab_id=&#8221;1527232181741-c80cf908-25ff&#8221;][vc_column_text]\n<h3>Acceda a tus datos<\/h3>\n<ul>\n<li>Si tienes una cuenta en nuestra web (cuando haces una compra por ejemplo), puedes solicitar recibir un archivo de exportaci\u00f3n de los datos personales que tenemos sobre ti, incluyendo cualquier dato que nos hayas proporcionado. Tambi\u00e9n puedes solicitar que eliminemos cualquier dato personal que tengamos sobre ti. Esto no incluye ning\u00fan dato que estemos obligados a conservar con fines administrativos, legales o de seguridad.<\/li>\n<\/ul>\n<h4>D\u00f3nde enviamos tus datos<\/h4>\n<ul>\n<li><a href=\"https:\/\/www.re-read.com\/ca\/les-llibreries\/contactar\/\">Contacta con nosotros<\/a> y te enviamos tus datos a tu direcci\u00f3n personal despu\u00e9s de un proceso automatizado de verificaci\u00f3n de identidad.<\/li>\n<\/ul>\n[\/vc_column_text][\/vc_tta_section][\/vc_tta_accordion][\/vc_column][\/vc_row][mk_page_section predefined_bg=&#8221;&#8221; first_page=&#8221;false&#8221; last_page=&#8221;false&#8221;][vc_column][mk_edge_slider swiper_bg=&#8221;#ffffff&#8221; order=&#8221;ASC&#8221; full_height=&#8221;false&#8221; height=&#8221;400&#8243; direction_nav=&#8221;none&#8221; slides=&#8221;4941,4943,4974&#8243;][\/vc_column][\/mk_page_section]\n","protected":false},"excerpt":{"rendered":"<p>[vc_row padding=&#8221;0&#8243;][vc_column width=&#8221;1\/6&#8243;][mk_icon_box icon=&#8221;mk-moon-umbrella&#8221; icon_size=&#8221;x-large&#8221; circled=&#8221;true&#8221; icon_color=&#8221;#ffffff&#8221; icon_circle_color=&#8221;#40b4a7&#8243; box_blur=&#8221;false&#8221;] [\/mk_icon_box][\/vc_column][vc_column width=&#8221;5\/6&#8243;][mk_fancy_title color=&#8221;#393836&#8243; size=&#8221;24&#8243; font_weight=&#8221;normal&#8221; font_style=&#8221;inhert&#8221; margin_top=&#8221;16&#8243; margin_bottom=&#8221;16&#8243; font_family=&#8221;none&#8221; animation=&#8221;fade-in&#8221;] Pol\u00edtica de privacidad y Re-speto del tratamiento y protecci\u00f3n de los datos de car\u00e1cter personal. [\/mk_fancy_title][\/vc_column][\/vc_row][vc_row][vc_column][vc_column_text] Qu\u00e9 datos personales recogemos y por qu\u00e9 los recogemos Hemos hecho todo lo posible para que nuestras explicaciones sean breves [&hellip;]<\/p>\n","protected":false},"author":4,"featured_media":0,"parent":0,"menu_order":0,"comment_status":"closed","ping_status":"closed","template":"","meta":[],"acf":[],"yoast_head":"<!-- This site is optimized with the Yoast SEO plugin v17.4 - https:\/\/yoast.com\/wordpress\/plugins\/seo\/ -->\n<title>Re-Read Librer\u00eda lowcost : 1 libro 4\u20ac \u2022 2 libros 6\u20ac \u2022 5 libros 12\u20ac \u2022<\/title>\n<meta name=\"robots\" content=\"index, follow, max-snippet:-1, max-image-preview:large, max-video-preview:-1\" \/>\n<link rel=\"canonical\" href=\"https:\/\/www.re-read.com\/ca\/proteccion-de-datos-personales\/\" \/>\n<meta property=\"og:locale\" content=\"ca_ES\" \/>\n<meta property=\"og:type\" content=\"article\" \/>\n<meta property=\"og:description\" content=\"[vc_row padding=&#8221;0&#8243;][vc_column width=&#8221;1\/6&#8243;][mk_icon_box icon=&#8221;mk-moon-umbrella&#8221; icon_size=&#8221;x-large&#8221; circled=&#8221;true&#8221; icon_color=&#8221;#ffffff&#8221; icon_circle_color=&#8221;#40b4a7&#8243; box_blur=&#8221;false&#8221;] [\/mk_icon_box][\/vc_column][vc_column width=&#8221;5\/6&#8243;][mk_fancy_title color=&#8221;#393836&#8243; size=&#8221;24&#8243; font_weight=&#8221;normal&#8221; font_style=&#8221;inhert&#8221; margin_top=&#8221;16&#8243; margin_bottom=&#8221;16&#8243; font_family=&#8221;none&#8221; animation=&#8221;fade-in&#8221;] Pol\u00edtica de privacidad y Re-speto del tratamiento y protecci\u00f3n de los datos de car\u00e1cter personal. [\/mk_fancy_title][\/vc_column][\/vc_row][vc_row][vc_column][vc_column_text] Qu\u00e9 datos personales recogemos y por qu\u00e9 los recogemos Hemos hecho todo lo posible para que nuestras explicaciones sean breves [&hellip;]\" \/>\n<meta property=\"og:url\" content=\"https:\/\/www.re-read.com\/ca\/proteccion-de-datos-personales\/\" \/>\n<meta property=\"og:site_name\" content=\"Re-Read Librer\u00eda lowcost : 1 libro 4\u20ac \u2022 2 libros 6\u20ac \u2022 5 libros 12\u20ac \u2022\" \/>\n<meta property=\"article:publisher\" content=\"http:\/\/www.facebook.com\/ReReadLibreriaLowcost\" \/>\n<meta property=\"article:modified_time\" content=\"2024-10-28T14:12:35+00:00\" \/>\n<meta name=\"twitter:label1\" content=\"Temps estimat de lectura\" \/>\n\t<meta name=\"twitter:data1\" content=\"10 minutes\" \/>\n<script type=\"application\/ld+json\" class=\"yoast-schema-graph\">{\"@context\":\"https:\/\/schema.org\",\"@graph\":[{\"@type\":\"Organization\",\"@id\":\"https:\/\/www.re-read.com\/#organization\",\"name\":\"Re-Read Librer\\u00eda Lowcost\",\"url\":\"https:\/\/www.re-read.com\/\",\"sameAs\":[\"http:\/\/www.facebook.com\/ReReadLibreriaLowcost\",\"https:\/\/www.instagram.com\/rereadlibrerialowcostoficial\",\"https:\/\/www.youtube.com\/channel\/UCLe8wJmNXZv2nwOciMnuZeA\"],\"logo\":{\"@type\":\"ImageObject\",\"@id\":\"https:\/\/www.re-read.com\/#logo\",\"inLanguage\":\"ca\",\"url\":\"https:\/\/www.re-read.com\/wp-content\/uploads\/2013\/05\/logo-640x240-medio-cast.gif\",\"contentUrl\":\"https:\/\/www.re-read.com\/wp-content\/uploads\/2013\/05\/logo-640x240-medio-cast.gif\",\"width\":640,\"height\":240,\"caption\":\"Re-Read Librer\\u00eda Lowcost\"},\"image\":{\"@id\":\"https:\/\/www.re-read.com\/#logo\"}},{\"@type\":\"WebSite\",\"@id\":\"https:\/\/www.re-read.com\/#website\",\"url\":\"https:\/\/www.re-read.com\/\",\"name\":\"Re-Read Librer\\u00eda lowcost : 1 libro 4\\u20ac \\u2022 2 libros 6\\u20ac \\u2022 5 libros 12\\u20ac \\u2022\",\"description\":\"Libros casi nuevos a un precio casi imposible\",\"publisher\":{\"@id\":\"https:\/\/www.re-read.com\/#organization\"},\"potentialAction\":[{\"@type\":\"SearchAction\",\"target\":{\"@type\":\"EntryPoint\",\"urlTemplate\":\"https:\/\/www.re-read.com\/?s={search_term_string}\"},\"query-input\":\"required name=search_term_string\"}],\"inLanguage\":\"ca\"},{\"@type\":\"WebPage\",\"@id\":\"https:\/\/www.re-read.com\/ca\/proteccion-de-datos-personales\/#webpage\",\"url\":\"https:\/\/www.re-read.com\/ca\/proteccion-de-datos-personales\/\",\"name\":\"\",\"isPartOf\":{\"@id\":\"https:\/\/www.re-read.com\/#website\"},\"datePublished\":\"2013-12-31T15:59:22+00:00\",\"dateModified\":\"2024-10-28T14:12:35+00:00\",\"breadcrumb\":{\"@id\":\"https:\/\/www.re-read.com\/ca\/proteccion-de-datos-personales\/#breadcrumb\"},\"inLanguage\":\"ca\",\"potentialAction\":[{\"@type\":\"ReadAction\",\"target\":[\"https:\/\/www.re-read.com\/ca\/proteccion-de-datos-personales\/\"]}]},{\"@type\":\"BreadcrumbList\",\"@id\":\"https:\/\/www.re-read.com\/ca\/proteccion-de-datos-personales\/#breadcrumb\",\"itemListElement\":[{\"@type\":\"ListItem\",\"position\":1,\"name\":\"Portada\",\"item\":\"https:\/\/www.re-read.com\/ca\/\"},{\"@type\":\"ListItem\",\"position\":2,\"name\":\"Protecci\\u00f3n de datos personales &#8211; Pol\\u00edtica de tratamiento de cookies\"}]}]}<\/script>\n<!-- \/ Yoast SEO plugin. -->","yoast_head_json":{"title":"Re-Read Librer\u00eda lowcost : 1 libro 4\u20ac \u2022 2 libros 6\u20ac \u2022 5 libros 12\u20ac \u2022","robots":{"index":"index","follow":"follow","max-snippet":"max-snippet:-1","max-image-preview":"max-image-preview:large","max-video-preview":"max-video-preview:-1"},"canonical":"https:\/\/www.re-read.com\/ca\/proteccion-de-datos-personales\/","og_locale":"ca_ES","og_type":"article","og_description":"[vc_row padding=&#8221;0&#8243;][vc_column width=&#8221;1\/6&#8243;][mk_icon_box icon=&#8221;mk-moon-umbrella&#8221; icon_size=&#8221;x-large&#8221; circled=&#8221;true&#8221; icon_color=&#8221;#ffffff&#8221; icon_circle_color=&#8221;#40b4a7&#8243; box_blur=&#8221;false&#8221;] [\/mk_icon_box][\/vc_column][vc_column width=&#8221;5\/6&#8243;][mk_fancy_title color=&#8221;#393836&#8243; size=&#8221;24&#8243; font_weight=&#8221;normal&#8221; font_style=&#8221;inhert&#8221; margin_top=&#8221;16&#8243; margin_bottom=&#8221;16&#8243; font_family=&#8221;none&#8221; animation=&#8221;fade-in&#8221;] Pol\u00edtica de privacidad y Re-speto del tratamiento y protecci\u00f3n de los datos de car\u00e1cter personal. [\/mk_fancy_title][\/vc_column][\/vc_row][vc_row][vc_column][vc_column_text] Qu\u00e9 datos personales recogemos y por qu\u00e9 los recogemos Hemos hecho todo lo posible para que nuestras explicaciones sean breves [&hellip;]","og_url":"https:\/\/www.re-read.com\/ca\/proteccion-de-datos-personales\/","og_site_name":"Re-Read Librer\u00eda lowcost : 1 libro 4\u20ac \u2022 2 libros 6\u20ac \u2022 5 libros 12\u20ac \u2022","article_publisher":"http:\/\/www.facebook.com\/ReReadLibreriaLowcost","article_modified_time":"2024-10-28T14:12:35+00:00","twitter_misc":{"Temps estimat de lectura":"10 minutes"},"schema":{"@context":"https:\/\/schema.org","@graph":[{"@type":"Organization","@id":"https:\/\/www.re-read.com\/#organization","name":"Re-Read Librer\u00eda Lowcost","url":"https:\/\/www.re-read.com\/","sameAs":["http:\/\/www.facebook.com\/ReReadLibreriaLowcost","https:\/\/www.instagram.com\/rereadlibrerialowcostoficial","https:\/\/www.youtube.com\/channel\/UCLe8wJmNXZv2nwOciMnuZeA"],"logo":{"@type":"ImageObject","@id":"https:\/\/www.re-read.com\/#logo","inLanguage":"ca","url":"https:\/\/www.re-read.com\/wp-content\/uploads\/2013\/05\/logo-640x240-medio-cast.gif","contentUrl":"https:\/\/www.re-read.com\/wp-content\/uploads\/2013\/05\/logo-640x240-medio-cast.gif","width":640,"height":240,"caption":"Re-Read Librer\u00eda Lowcost"},"image":{"@id":"https:\/\/www.re-read.com\/#logo"}},{"@type":"WebSite","@id":"https:\/\/www.re-read.com\/#website","url":"https:\/\/www.re-read.com\/","name":"Re-Read Librer\u00eda lowcost : 1 libro 4\u20ac \u2022 2 libros 6\u20ac \u2022 5 libros 12\u20ac \u2022","description":"Libros casi nuevos a un precio casi imposible","publisher":{"@id":"https:\/\/www.re-read.com\/#organization"},"potentialAction":[{"@type":"SearchAction","target":{"@type":"EntryPoint","urlTemplate":"https:\/\/www.re-read.com\/?s={search_term_string}"},"query-input":"required name=search_term_string"}],"inLanguage":"ca"},{"@type":"WebPage","@id":"https:\/\/www.re-read.com\/ca\/proteccion-de-datos-personales\/#webpage","url":"https:\/\/www.re-read.com\/ca\/proteccion-de-datos-personales\/","name":"","isPartOf":{"@id":"https:\/\/www.re-read.com\/#website"},"datePublished":"2013-12-31T15:59:22+00:00","dateModified":"2024-10-28T14:12:35+00:00","breadcrumb":{"@id":"https:\/\/www.re-read.com\/ca\/proteccion-de-datos-personales\/#breadcrumb"},"inLanguage":"ca","potentialAction":[{"@type":"ReadAction","target":["https:\/\/www.re-read.com\/ca\/proteccion-de-datos-personales\/"]}]},{"@type":"BreadcrumbList","@id":"https:\/\/www.re-read.com\/ca\/proteccion-de-datos-personales\/#breadcrumb","itemListElement":[{"@type":"ListItem","position":1,"name":"Portada","item":"https:\/\/www.re-read.com\/ca\/"},{"@type":"ListItem","position":2,"name":"Protecci\u00f3n de datos personales &#8211; Pol\u00edtica de tratamiento de cookies"}]}]}},"_links":{"self":[{"href":"https:\/\/www.re-read.com\/ca\/wp-json\/wp\/v2\/pages\/2590"}],"collection":[{"href":"https:\/\/www.re-read.com\/ca\/wp-json\/wp\/v2\/pages"}],"about":[{"href":"https:\/\/www.re-read.com\/ca\/wp-json\/wp\/v2\/types\/page"}],"author":[{"embeddable":true,"href":"https:\/\/www.re-read.com\/ca\/wp-json\/wp\/v2\/users\/4"}],"replies":[{"embeddable":true,"href":"https:\/\/www.re-read.com\/ca\/wp-json\/wp\/v2\/comments?post=2590"}],"version-history":[{"count":23,"href":"https:\/\/www.re-read.com\/ca\/wp-json\/wp\/v2\/pages\/2590\/revisions"}],"predecessor-version":[{"id":127672,"href":"https:\/\/www.re-read.com\/ca\/wp-json\/wp\/v2\/pages\/2590\/revisions\/127672"}],"wp:attachment":[{"href":"https:\/\/www.re-read.com\/ca\/wp-json\/wp\/v2\/media?parent=2590"}],"curies":[{"name":"wp","href":"https:\/\/api.w.org\/{rel}","templated":true}]}}