 
{"id":3086,"date":"2014-06-17T09:59:41","date_gmt":"2014-06-17T07:59:41","guid":{"rendered":"http:\/\/www.re-read.com\/re-compramos-libros-2\/"},"modified":"2023-03-06T14:25:02","modified_gmt":"2023-03-06T13:25:02","slug":"re-comprem-llibres","status":"publish","type":"page","link":"https:\/\/www.re-read.com\/ca\/re-comprem-llibres\/","title":{"rendered":"Ven els teus llibres &#8211; D\u00f3na&#8217;ls una segona vida"},"content":{"rendered":"[vc_row padding=&#8221;0&#8243;][vc_column][vc_empty_space][vc_tabs container_bg_color=&#8221;#ffffff&#8221;][vc_tab title=&#8221; Vols vendre els teus llibres?&#8221; tab_id=&#8221;1437238847-1-15&#8243;][vc_column_text animation=&#8221;fade-in&#8221;]\n<h3><strong> <span style=\"color: #000000;\"> T\u2019has de desprendre dels teus llibres perqu\u00e8 et canvies de pis, has de buidar la casa o senzillament necessites guanyar espai? D\u00f3na\u2019ls una segona vida!<\/span><\/strong><\/h3>\n<p>A Re-Read pots vendre els teus llibres. Paguem tots els llibres al mateix preu: 0,25 euros. Sempre hi ha llibres llegits i llibres per llegir. Per aix\u00f2 Re-comprem i Re-venem, perqu\u00e8 mai no et quedis sense.[\/vc_column_text][vc_row_inner padding=&#8221;0&#8243;][vc_column_inner width=&#8221;1\/3&#8243;][mk_icon_box icon=&#8221;mk-moon-book-2&#8243; title=&#8221;Porta els teus llibres sense cita pr\u00e8via&#8221; text_size=&#8221;20&#8243; font_weight=&#8221;600&#8243; style=&#8221;boxed&#8221; icon_location=&#8221;top&#8221; icon_color=&#8221;#3da4d7&#8243; icon_circle_color=&#8221;#ffffff&#8221; txt_color=&#8221;#3da4d7&#8243; animation=&#8221;left-to-right&#8221;]Llibres en bon estat de tots els g\u00e8neres i en qualsevol idioma, editats a partir dels anys 2000. Paguem tots els llibres al mateix preu: 0,25 euros.[\/mk_icon_box][\/vc_column_inner][vc_column_inner width=&#8221;1\/3&#8243;][mk_icon_box icon=&#8221;mk-moon-book-2&#8243; title=&#8221;Els seleccionem a l\u2019acte&#8221; text_size=&#8221;20&#8243; font_weight=&#8221;600&#8243; style=&#8221;boxed&#8221; icon_location=&#8221;top&#8221; icon_color=&#8221;#eb6c59&#8243; icon_circle_color=&#8221;#ffffff&#8221; txt_color=&#8221;#eb6c59&#8243; animation=&#8221;top-to-bottom&#8221;]Comprem llibres en bon estat de tots els g\u00e8neres i en diversos idiomes. Els preferim editats dels anys 90-2000 en endavant, m\u00e9s antics poden interessar-nos els cl\u00e0ssics, llibres d&#8217;hist\u00f2ria, assaig i filosofia. No comprem enciclop\u00e8dies, llibres de text, llibres antics i en mal estat.[\/mk_icon_box][\/vc_column_inner][vc_column_inner width=&#8221;1\/3&#8243;][mk_icon_box icon=&#8221;mk-moon-book-2&#8243; title=&#8221;Et paguem al moment&#8221; text_size=&#8221;20&#8243; font_weight=&#8221;600&#8243; style=&#8221;boxed&#8221; icon_location=&#8221;top&#8221; icon_color=&#8221;#40b4a7&#8243; icon_circle_color=&#8221;#ffffff&#8221; txt_color=&#8221;#40b4a7&#8243; animation=&#8221;top-to-bottom&#8221;]Porta els teus llibres en horari comercial, sense cita pr\u00e8via i si en tens m\u00e9s de 150 (6-7 caixes), podem passar a domicili.[\/mk_icon_box][\/vc_column_inner][\/vc_row_inner][\/vc_tab][vc_tab title=&#8221;Tens m\u00e9s de 6 caixes de llibres?&#8221; tab_id=&#8221;1437238847-2-92&#8243;][vc_column_text animation=&#8221;fade-in&#8221;]\n<h3><\/h3>\n<h3><strong><span style=\"color: #000000;\">Si tens m\u00e9s de 200 llibres (unes 6 caixes), podem passar per on tu ens diguis a recollir-los.<\/span><\/strong><\/h3>\n<p>Deixa\u2019ns les teves dades i et contactarem.[\/vc_column_text]\n<div class=\"wpcf7 no-js\" id=\"wpcf7-f2989-o1\" lang=\"es-ES\" dir=\"ltr\">\n<div class=\"screen-reader-response\"><p role=\"status\" aria-live=\"polite\" aria-atomic=\"true\"><\/p> <ul><\/ul><\/div>\n<form action=\"\/ca\/wp-json\/wp\/v2\/pages\/3086#wpcf7-f2989-o1\" method=\"post\" class=\"wpcf7-form init\" aria-label=\"Formulario de contacto\" novalidate=\"novalidate\" data-status=\"init\">\n<div style=\"display: none;\">\n<input type=\"hidden\" name=\"_wpcf7\" value=\"2989\" \/>\n<input type=\"hidden\" name=\"_wpcf7_version\" value=\"5.7.6\" \/>\n<input type=\"hidden\" name=\"_wpcf7_locale\" value=\"es_ES\" \/>\n<input type=\"hidden\" name=\"_wpcf7_unit_tag\" value=\"wpcf7-f2989-o1\" \/>\n<input type=\"hidden\" name=\"_wpcf7_container_post\" value=\"0\" \/>\n<input type=\"hidden\" name=\"_wpcf7_posted_data_hash\" value=\"\" \/>\n<input type=\"hidden\" name=\"upload_dir\" value=\"concurso\" \/>\n<input type=\"hidden\" name=\"generate_name\" value=\"05-01-26-69f416c181403\" \/>\n<input type=\"hidden\" name=\"_wpcf7_recaptcha_response\" value=\"\" \/>\n<\/div>\n<p><script><span data-mce-type=\"bookmark\" style=\"display: inline-block; width: 0px; overflow: hidden; line-height: 0;\" class=\"mce_SELRES_start\">\ufeff<\/span>\ndocument.addEventListener( 'wpcf7mailsent', function( event ) {\n alert( \"Mensaje Re-cibido. Gracias\" );\n}, false );\n<\/script>\n<\/p>\n<p>&nbsp;\n<\/p>\n<table border=\"0\" width=\"100%\" cellspacing=\"0\" cellpadding=\"10\">\n\t<tbody>\n\t\t<tr>\n\t\t\t<td valign=\"middle\" bgcolor=\"#edece2\">\n\t\t\t\t<p>Tu nombre *<br \/>\n<span class=\"wpcf7-form-control-wrap\" data-name=\"your-name\"><input size=\"40\" class=\"wpcf7-form-control wpcf7-text wpcf7-validates-as-required\" aria-required=\"true\" aria-invalid=\"false\" value=\"\" type=\"text\" name=\"your-name\" \/><\/span>\n\t\t\t\t<\/p>\n\t\t\t<\/td>\n\t\t<input class=\"wpcf7-form-control wpcf7-hidden\" value=\"\" type=\"hidden\" name=\"your-last-name\" \/>\n\t\t\t<td valign=\"middle\" bgcolor=\"#edece2\">\n\t\t\t\t<p>Tu email *<br \/>\n<span class=\"wpcf7-form-control-wrap\" data-name=\"your-email\"><input size=\"40\" class=\"wpcf7-form-control wpcf7-text wpcf7-email wpcf7-validates-as-required wpcf7-validates-as-email\" aria-required=\"true\" aria-invalid=\"false\" value=\"\" type=\"email\" name=\"your-email\" \/><\/span>\n\t\t\t\t<\/p>\n\t\t\t<\/td>\n\t\t\t<td valign=\"middle\" bgcolor=\"#edece2\">\n\t\t\t\t<p>Tu tel\u00e9fono *<br \/>\n<span class=\"wpcf7-form-control-wrap\" data-name=\"telefono\"><input size=\"40\" class=\"wpcf7-form-control wpcf7-text wpcf7-validates-as-required\" aria-required=\"true\" aria-invalid=\"false\" value=\"\" type=\"text\" name=\"telefono\" \/><\/span>\n\t\t\t\t<\/p>\n\t\t\t<\/td>\n\t\t<\/tr>\n\t\t<tr>\n\t\t\t<td colspan=\"2\" valign=\"middle\" bgcolor=\"#edece2\">\n\t\t\t\t<p>Contactar con la central de compra de libros m\u00e1s cercana (requerido)\n\t\t\t\t<\/p>\n\t\t\t\t<p><span class=\"wpcf7-form-control-wrap\" data-name=\"para\"><select class=\"wpcf7-form-control wpcf7-select wpcf7-validates-as-required\" aria-required=\"true\" aria-invalid=\"false\" name=\"para\"><option value=\"\">&#8212;Por favor, elige una opci\u00f3n&#8212;<\/option><option value=\"\"><\/option><option value=\"PORTUGAL \u2193\">PORTUGAL \u2193<\/option><option value=\"LISBOA - Av.de Roma, 61B -  919 95 34 04\">LISBOA - Av.de Roma, 61B -  919 95 34 04<\/option><option value=\"LISBOA - R. Pascoal de Melo, 99 - 216 00 58 23\">LISBOA - R. Pascoal de Melo, 99 - 216 00 58 23<\/option><option value=\"\"><\/option><option value=\"FRANCE \u2193\">FRANCE \u2193<\/option><option value=\"PARIS - 119 Bd Voltaire -  01 88 48 05 66\">PARIS - 119 Bd Voltaire -  01 88 48 05 66<\/option><option value=\"TOURS - 40 Av. de Grammont - 02 36 97 42 16\">TOURS - 40 Av. de Grammont - 02 36 97 42 16<\/option><option value=\"\"><\/option><option value=\"ESPA\u00d1A \u2193\">ESPA\u00d1A \u2193<\/option><option value=\"ALCOBENDAS - C. de la Marquesa Viuda de Aldama, 15 - 914 39 82 66\">ALCOBENDAS - C. de la Marquesa Viuda de Aldama, 15 - 914 39 82 66<\/option><option value=\"ALICANTE - C. del teatro, 39 - 965 774 751\">ALICANTE - C. del teatro, 39 - 965 774 751<\/option><option value=\"BADALONA - C. de Francesc Layret, 30 - 93 419 50 87\">BADALONA - C. de Francesc Layret, 30 - 93 419 50 87<\/option><option value=\"BARCELONA - Sant Joan, 152 - 93 141 19 53\">BARCELONA - Sant Joan, 152 - 93 141 19 53<\/option><option value=\"BARCELONA - Muntaner, 270 - 93 201 00 62\">BARCELONA - Muntaner, 270 - 93 201 00 62<\/option><option value=\"BARCELONA - Rossell\u00f3, 158 - 93 106 94 37\">BARCELONA - Rossell\u00f3, 158 - 93 106 94 37<\/option><option value=\"BARCELONA - Mallorca, 489 - 93 116 57 06\">BARCELONA - Mallorca, 489 - 93 116 57 06<\/option><option value=\"BARCELONA - Londres, 7 - 93 008 46 54\">BARCELONA - Londres, 7 - 93 008 46 54<\/option><option value=\"BARCELONA - Gran V\u00eda, 564 - 93 453 53 09\">BARCELONA - Gran V\u00eda, 564 - 93 453 53 09<\/option><option value=\"BARCELONA - Creu Coberta, 73 (Sants) - 93 140 50 04\">BARCELONA - Creu Coberta, 73 (Sants) - 93 140 50 04<\/option><option value=\"BARCELONA - Diputaci\u00f3n, 296 - 93 138 35 34\">BARCELONA - Diputaci\u00f3n, 296 - 93 138 35 34<\/option><option value=\"BARCELONA - Santa Am\u00e8lia, 51 - 930 267 426\u202c\">BARCELONA - Santa Am\u00e8lia, 51 - 930 267 426\u202c<\/option><option value=\"BARCELONA - SANT ANDREU - C. Gran de Sant Andreu, 292 - 93 137 52 16\">BARCELONA - SANT ANDREU - C. Gran de Sant Andreu, 292 - 93 137 52 16<\/option><option value=\"BARCELONA - POBLENOU - C. de Ramon Turr\u00f3, 201 - 93 125 31 89\">BARCELONA - POBLENOU - C. de Ramon Turr\u00f3, 201 - 93 125 31 89<\/option><option value=\"BILBAO ARENAL - C. Viuda de Epalza 10 - 94 442 16 72\">BILBAO ARENAL - C. Viuda de Epalza 10 - 94 442 16 72<\/option><option value=\"BILBAO SAN MAM\u00c9S - Alameda Urquijo, 79 - 94 442 16 72\">BILBAO SAN MAM\u00c9S - Alameda Urquijo, 79 - 94 442 16 72<\/option><option value=\"CASTELL\u00d3N - 964 03 89 01\">CASTELL\u00d3N - 964 03 89 01<\/option><option value=\"C\u00d3RDOBA - 611 32 76 52\">C\u00d3RDOBA - 611 32 76 52<\/option><option value=\"DONOSTIA - 943 55 82 75\">DONOSTIA - 943 55 82 75<\/option><option value=\"ELCHE - 644 963 067\">ELCHE - 644 963 067<\/option><option value=\"GIRONA - 972 71 25 93\">GIRONA - 972 71 25 93<\/option><option value=\"GRANADA - 95 858 13 44 32\">GRANADA - 95 858 13 44 32<\/option><option value=\"GRANADA - 95 800 53 15\">GRANADA - 95 800 53 15<\/option><option value=\"GRANOLLERS - 93 023 52 52\">GRANOLLERS - 93 023 52 52<\/option><option value=\"GIJ\u00d3N - 984 04 49 54\">GIJ\u00d3N - 984 04 49 54<\/option><option value=\"IR\u00daN - Alfonso Morales Kalea, 5\">IR\u00daN - Alfonso Morales Kalea, 5<\/option><option value=\"JA\u00c9N - 668 541 845\">JA\u00c9N - 668 541 845<\/option><option value=\"LAS PALMAS DE GRAN CANARIA - 645 088 209\">LAS PALMAS DE GRAN CANARIA - 645 088 209<\/option><option value=\"L&#039;HOSPITALET (Barcelona) - 93 448 69 88\">L&#039;HOSPITALET (Barcelona) - 93 448 69 88<\/option><option value=\"LOGRO\u00d1O - Av. Rep. Argentina, 4 - 945 71 14 29\">LOGRO\u00d1O - Av. Rep. Argentina, 4 - 945 71 14 29<\/option><option value=\"MADRID - ATOCHA - P\u00ba. de la Infanta Isabel, 15 - 652 985 429\">MADRID - ATOCHA - P\u00ba. de la Infanta Isabel, 15 - 652 985 429<\/option><option value=\"MADRID - GUZM\u00c1N EL BUENO - C. Guzm\u00e1n el Bueno, 4 - 91 281 15 15\">MADRID - GUZM\u00c1N EL BUENO - C. Guzm\u00e1n el Bueno, 4 - 91 281 15 15<\/option><option value=\"MADRID - MART\u00cdNEZ CAMPOS - P\u00ba General Mart\u00ednez Campos, 4 - 91 444 23 15\">MADRID - MART\u00cdNEZ CAMPOS - P\u00ba General Mart\u00ednez Campos, 4 - 91 444 23 15<\/option><option value=\"MADRID - O&#039;DONNELL - C. de O&#039;Donnell, 28 - 91 513 46 78\">MADRID - O&#039;DONNELL - C. de O&#039;Donnell, 28 - 91 513 46 78<\/option><option value=\"MADRID - TIRSO DE MOLINA - C. del Conde de Romanones, 1 - 91 911 02 73\">MADRID - TIRSO DE MOLINA - C. del Conde de Romanones, 1 - 91 911 02 73<\/option><option value=\"M\u00c1LAGA - 95 143 00 96\">M\u00c1LAGA - 95 143 00 96<\/option><option value=\"MATAR\u00d3 - 93 015 42 48\">MATAR\u00d3 - 93 015 42 48<\/option><option value=\"REUS - 977 07 59 85\">REUS - 977 07 59 85<\/option><option value=\"OURENSE - 620 955 050\">OURENSE - 620 955 050<\/option><option value=\"OVIEDO - 984 28 87 03\">OVIEDO - 984 28 87 03<\/option><option value=\"PALMA DE MALLORCA - C. del 31 de Desembre, 13 - 871 04 52 97\">PALMA DE MALLORCA - C. del 31 de Desembre, 13 - 871 04 52 97<\/option><option value=\"PALMA DE MALLORCA - La Rambla, 4 - 871 773 489\">PALMA DE MALLORCA - La Rambla, 4 - 871 773 489<\/option><option value=\"PAMPLONA IRU\u00d1A - 948 22 33 81\">PAMPLONA IRU\u00d1A - 948 22 33 81<\/option><option value=\"SABADELL - 93 712 60 51\">SABADELL - 93 712 60 51<\/option><option value=\"SALAMANCA - 648 50 75 91\">SALAMANCA - 648 50 75 91<\/option><option value=\"SANT CUGAT - 93 488 67 52\">SANT CUGAT - 93 488 67 52<\/option><option value=\"SANTA COLOMA - C. de Pompeu Fabra, 5\">SANTA COLOMA - C. de Pompeu Fabra, 5<\/option><option value=\"SANTA CRUZ DE TENERIFE - 922 276 567\">SANTA CRUZ DE TENERIFE - 922 276 567<\/option><option value=\"SANTANDER - 620 500 231\">SANTANDER - 620 500 231<\/option><option value=\"SEVILLA - 854 808 679\">SEVILLA - 854 808 679<\/option><option value=\"TARRAGONA - 97 707 59 85\">TARRAGONA - 97 707 59 85<\/option><option value=\"TERRASSA - Passeig Comte d&#039;\u00c8gara 23 - 93 138 65 91\">TERRASSA - Passeig Comte d&#039;\u00c8gara 23 - 93 138 65 91<\/option><option value=\"TERRASSA - Rambla d&#039;\u00c8gara, 223 - 93 124 63 26\">TERRASSA - Rambla d&#039;\u00c8gara, 223 - 93 124 63 26<\/option><option value=\"VALLADOLID - 983 74 32 42\">VALLADOLID - 983 74 32 42<\/option><option value=\"VILANOVA I LA GELTR\u00da - 93 222 16 21\">VILANOVA I LA GELTR\u00da - 93 222 16 21<\/option><option value=\"VITORIA - 945 71 14 29\">VITORIA - 945 71 14 29<\/option><option value=\"ZARAGOZA - Fernando el Cat\u00f3lico, 58 - 876 28 39 83\">ZARAGOZA - Fernando el Cat\u00f3lico, 58 - 876 28 39 83<\/option><option value=\"ZARAGOZA - Coso, 97 - 876 28 39 83\">ZARAGOZA - Coso, 97 - 876 28 39 83<\/option><\/select><\/span>\n\t\t\t\t<\/p>\n\t\t\t<\/td>\n\t\t\t<td valign=\"middle\" bgcolor=\"#edece2\">\n\t\t\t\t<p>Cantidad de libros * <span class=\"wpcf7-form-control-wrap\" data-name=\"cantidad\"><select class=\"wpcf7-form-control wpcf7-select wpcf7-validates-as-required\" aria-required=\"true\" aria-invalid=\"false\" name=\"cantidad\"><option value=\"200-400 libros (5-10 cajas)\">200-400 libros (5-10 cajas)<\/option><option value=\"401-800 libros (10-20 cajas)\">401-800 libros (10-20 cajas)<\/option><option value=\"801-1000 libros (20-25 cajas)\">801-1000 libros (20-25 cajas)<\/option><option value=\"m\u00e1s de 1000 libros\">m\u00e1s de 1000 libros<\/option><\/select><\/span>\n\t\t\t\t<\/p>\n\t\t\t<\/td>\n\t\t<\/tr>\n\t\t<tr>\n\t\t\t<td valign=\"middle\" bgcolor=\"#edece2\">\n\t\t\t\t<p>Tu direcci\u00f3n <span class=\"wpcf7-form-control-wrap\" data-name=\"direccion\"><input size=\"40\" class=\"wpcf7-form-control wpcf7-text\" aria-invalid=\"false\" value=\"\" type=\"text\" name=\"direccion\" \/><\/span>\n\t\t\t\t<\/p>\n\t\t\t<\/td>\n\t\t\t<td valign=\"middle\" bgcolor=\"#edece2\">\n\t\t\t\t<p>Municipio <span class=\"wpcf7-form-control-wrap\" data-name=\"municipio\"><input size=\"40\" class=\"wpcf7-form-control wpcf7-text\" aria-invalid=\"false\" value=\"\" type=\"text\" name=\"municipio\" \/><\/span>\n\t\t\t\t<\/p>\n\t\t\t<\/td>\n\t\t\t<td valign=\"middle\" bgcolor=\"#edece2\">\n\t\t\t\t<p>\u00bfAlg\u00fan comentario?<br \/>\n<span class=\"wpcf7-form-control-wrap\" data-name=\"your-message\"><textarea cols=\"40\" rows=\"2\" class=\"wpcf7-form-control wpcf7-textarea\" aria-invalid=\"false\" name=\"your-message\"><\/textarea><\/span>\n\t\t\t\t<\/p>\n\t\t\t<\/td>\n\t\t<\/tr>\n\t\t<tr>\n\t\t\t<td valign=\"middle\" bgcolor=\"#edece2\">\n\t\t\t<\/td>\n\t\t\t<td align=\"right\" valign=\"middle\" bgcolor=\"#edece2\">\n\t\t\t\t<p><span style=\"text-align: start;\">Puedes enviarnos fotograf\u00edas de tus libros para ayudarnos a hacer la selecci\u00f3n. \u00a1Solo hace falta que nos ense\u00f1es los lomos en las estanter\u00edas de tu casa!<\/span><br style=\"text-align: start;\" \/><span style=\"text-align: start;\"><span class=\"wpcf7-form-control-wrap fotos-libros\"><input size=\"40\" class=\"wpcf7-form-control wpcf7-drag-n-drop-file d-none\" aria-invalid=\"false\" type=\"file\" multiple=\"multiple\" data-name=\"fotos-libros\" data-type=\"jpg|png|jpeg\" data-limit=\"10728640\" data-max=\"5\" data-id=\"2989\" accept=\".jpg, .png, .jpeg\" \/><\/span> <\/span>\n\t\t\t\t<\/p>\n\t\t\t<\/td>\n\t\t\t<td bgcolor=\"#edece2\">\n\t\t\t<\/td>\n\t\t<\/tr>\n\t\t<tr>\n\t\t\t<td valign=\"middle\" bgcolor=\"#edece2\">\n\t\t\t\t<p><span style=\"text-align: start;\"><input class=\"wpcf7-form-control has-spinner wpcf7-submit\" type=\"submit\" value=\"Enviar\" \/><\/span>\n\t\t\t\t<\/p>\n\t\t\t<\/td>\n\t\t\t<td align=\"right\" valign=\"middle\" bgcolor=\"#edece2\">\n\t\t\t<\/td>\n\t\t\t<td bgcolor=\"#edece2\">\n\t\t\t\t<p>\n\n\t\t\t\t\t\t\t<span class=\"wpcf7-form-control-wrap mailpoetsignup\">\n\t\t\t<span class=\"wpcf7-form-control wpcf7-mailpoetsignup\">\n\t\t\t\t<label class=\"wpcf7-list-label\">\n\t\t\t\t<input type=\"checkbox\"\n\t\t\t\tname=\"mailpoetsignup[]\" value=\"\n\t\t\t\t\t\t\t\t\t\tRe-vista GENERAL de Re-Read\t\t\t\t\"\n\t\t\t\tid=\"\" class=\"\"\n\t\t\t\t\t\t\t\t\/>Me gustar\u00eda recibir la Re-vista de Re-Read\t\t\t\t\t<input type=\"hidden\" name=\"fieldVal\"  value=\"\n\t\t\t\t\t4\t\t\t\t\t\"\n\t\t\t\t<\/label>\n\t\t\t\t<br\/>\n\t\t\t\t<\/span>\n\n\t\t\t\t<\/span>\n\n\t\t\t\t<span style=\"text-align: -webkit-right;\">\n\t\t\t\t\t<\/span>\n\t\t\t\t<\/p>\n\t\t\t<\/td>\n\t\t<\/tr>\n\t<\/tbody>\n<\/table><input type='hidden' class='wpcf7-pum' value='{\"closepopup\":false,\"closedelay\":0,\"openpopup\":false,\"openpopup_id\":0}' \/><div class=\"wpcf7-response-output\" aria-hidden=\"true\"><\/div>\n<\/form>\n<\/div>\n[\/vc_tab][\/vc_tabs]<div style=\"overflow:hidden;text-align:left;\"><div style=\"width:100%;display:inline-block;margin-right:0px;margin-bottom:5px;\"><div class=\"mp-outer-video\" style=\"padding-bottom:56.25%;\"><iframe class=\"mp-youtube-player\" type=\"text\/html\" width=\"100%\" height=\"100%\" src=\"https:\/\/www.youtube.com\/embed\/kaWH1IqaGLo?wmode=transparent&autohide=0&autoplay=0&controls=0&rel=0&modestbranding=1&showinfo=0&start=&end=&iv_load_policy=1&theme=dark&vq=0\" frameborder=\"0\" allowfullscreen><\/iframe><\/div><\/div><\/div>[vc_column_text][mk_page_section predefined_bg=\"\" first_page=\"false\" last_page=\"false\"][vc_column][mk_edge_slider swiper_bg=\"#ffffff\" slides=\"4941,4943,4974,6542,90809\" order=\"ASC\" orderby=\"none\" full_height=\"false\" height=\"450\" slideshow_speed=\"20000\" direction_nav=\"thumbflip\" skip_arrow=\"false\"][\/vc_column][\/mk_page_section]\r\n[\/vc_column_text][\/vc_column][\/vc_row]\n","protected":false},"excerpt":{"rendered":"<p>[vc_row padding=&#8221;0&#8243;][vc_column][vc_empty_space][vc_tabs container_bg_color=&#8221;#ffffff&#8221;][vc_tab title=&#8221; Vols vendre els teus llibres?&#8221; tab_id=&#8221;1437238847-1-15&#8243;][vc_column_text animation=&#8221;fade-in&#8221;] T\u2019has de desprendre dels teus llibres perqu\u00e8 et canvies de pis, has de buidar la casa o senzillament necessites guanyar espai? D\u00f3na\u2019ls una segona vida! A Re-Read pots vendre els teus llibres. Paguem tots els llibres al mateix preu: 0,25 euros. Sempre hi ha [&hellip;]<\/p>\n","protected":false},"author":4,"featured_media":0,"parent":0,"menu_order":135,"comment_status":"closed","ping_status":"closed","template":"","meta":[],"acf":[],"yoast_head":"<!-- This site is optimized with the Yoast SEO plugin v17.4 - https:\/\/yoast.com\/wordpress\/plugins\/seo\/ -->\n<title>Re-Read Librer\u00eda lowcost : 1 libro 4\u20ac \u2022 2 libros 6\u20ac \u2022 5 libros 12\u20ac \u2022<\/title>\n<meta name=\"robots\" content=\"index, follow, max-snippet:-1, max-image-preview:large, max-video-preview:-1\" \/>\n<link rel=\"canonical\" href=\"https:\/\/www.re-read.com\/ca\/re-comprem-llibres\/\" \/>\n<meta property=\"og:locale\" content=\"ca_ES\" \/>\n<meta property=\"og:type\" content=\"article\" \/>\n<meta property=\"og:description\" content=\"[vc_row padding=&#8221;0&#8243;][vc_column][vc_empty_space][vc_tabs container_bg_color=&#8221;#ffffff&#8221;][vc_tab title=&#8221; Vols vendre els teus llibres?&#8221; tab_id=&#8221;1437238847-1-15&#8243;][vc_column_text animation=&#8221;fade-in&#8221;] T\u2019has de desprendre dels teus llibres perqu\u00e8 et canvies de pis, has de buidar la casa o senzillament necessites guanyar espai? D\u00f3na\u2019ls una segona vida! A Re-Read pots vendre els teus llibres. Paguem tots els llibres al mateix preu: 0,25 euros. Sempre hi ha [&hellip;]\" \/>\n<meta property=\"og:url\" content=\"https:\/\/www.re-read.com\/ca\/re-comprem-llibres\/\" \/>\n<meta property=\"og:site_name\" content=\"Re-Read Librer\u00eda lowcost : 1 libro 4\u20ac \u2022 2 libros 6\u20ac \u2022 5 libros 12\u20ac \u2022\" \/>\n<meta property=\"article:publisher\" content=\"http:\/\/www.facebook.com\/ReReadLibreriaLowcost\" \/>\n<meta property=\"article:modified_time\" content=\"2023-03-06T13:25:02+00:00\" \/>\n<meta name=\"twitter:label1\" content=\"Temps estimat de lectura\" \/>\n\t<meta name=\"twitter:data1\" content=\"2 minutes\" \/>\n<script type=\"application\/ld+json\" class=\"yoast-schema-graph\">{\"@context\":\"https:\/\/schema.org\",\"@graph\":[{\"@type\":\"Organization\",\"@id\":\"https:\/\/www.re-read.com\/#organization\",\"name\":\"Re-Read Librer\\u00eda Lowcost\",\"url\":\"https:\/\/www.re-read.com\/\",\"sameAs\":[\"http:\/\/www.facebook.com\/ReReadLibreriaLowcost\",\"https:\/\/www.instagram.com\/rereadlibrerialowcostoficial\",\"https:\/\/www.youtube.com\/channel\/UCLe8wJmNXZv2nwOciMnuZeA\"],\"logo\":{\"@type\":\"ImageObject\",\"@id\":\"https:\/\/www.re-read.com\/#logo\",\"inLanguage\":\"ca\",\"url\":\"https:\/\/www.re-read.com\/wp-content\/uploads\/2013\/05\/logo-640x240-medio-cast.gif\",\"contentUrl\":\"https:\/\/www.re-read.com\/wp-content\/uploads\/2013\/05\/logo-640x240-medio-cast.gif\",\"width\":640,\"height\":240,\"caption\":\"Re-Read Librer\\u00eda Lowcost\"},\"image\":{\"@id\":\"https:\/\/www.re-read.com\/#logo\"}},{\"@type\":\"WebSite\",\"@id\":\"https:\/\/www.re-read.com\/#website\",\"url\":\"https:\/\/www.re-read.com\/\",\"name\":\"Re-Read Librer\\u00eda lowcost : 1 libro 4\\u20ac \\u2022 2 libros 6\\u20ac \\u2022 5 libros 12\\u20ac \\u2022\",\"description\":\"Libros casi nuevos a un precio casi imposible\",\"publisher\":{\"@id\":\"https:\/\/www.re-read.com\/#organization\"},\"potentialAction\":[{\"@type\":\"SearchAction\",\"target\":{\"@type\":\"EntryPoint\",\"urlTemplate\":\"https:\/\/www.re-read.com\/?s={search_term_string}\"},\"query-input\":\"required name=search_term_string\"}],\"inLanguage\":\"ca\"},{\"@type\":\"WebPage\",\"@id\":\"https:\/\/www.re-read.com\/ca\/re-comprem-llibres\/#webpage\",\"url\":\"https:\/\/www.re-read.com\/ca\/re-comprem-llibres\/\",\"name\":\"\",\"isPartOf\":{\"@id\":\"https:\/\/www.re-read.com\/#website\"},\"datePublished\":\"2014-06-17T07:59:41+00:00\",\"dateModified\":\"2023-03-06T13:25:02+00:00\",\"breadcrumb\":{\"@id\":\"https:\/\/www.re-read.com\/ca\/re-comprem-llibres\/#breadcrumb\"},\"inLanguage\":\"ca\",\"potentialAction\":[{\"@type\":\"ReadAction\",\"target\":[\"https:\/\/www.re-read.com\/ca\/re-comprem-llibres\/\"]}]},{\"@type\":\"BreadcrumbList\",\"@id\":\"https:\/\/www.re-read.com\/ca\/re-comprem-llibres\/#breadcrumb\",\"itemListElement\":[{\"@type\":\"ListItem\",\"position\":1,\"name\":\"Portada\",\"item\":\"https:\/\/www.re-read.com\/ca\/\"},{\"@type\":\"ListItem\",\"position\":2,\"name\":\"Ven els teus llibres &#8211; D\\u00f3na&#8217;ls una segona vida\"}]}]}<\/script>\n<!-- \/ Yoast SEO plugin. -->","yoast_head_json":{"title":"Re-Read Librer\u00eda lowcost : 1 libro 4\u20ac \u2022 2 libros 6\u20ac \u2022 5 libros 12\u20ac \u2022","robots":{"index":"index","follow":"follow","max-snippet":"max-snippet:-1","max-image-preview":"max-image-preview:large","max-video-preview":"max-video-preview:-1"},"canonical":"https:\/\/www.re-read.com\/ca\/re-comprem-llibres\/","og_locale":"ca_ES","og_type":"article","og_description":"[vc_row padding=&#8221;0&#8243;][vc_column][vc_empty_space][vc_tabs container_bg_color=&#8221;#ffffff&#8221;][vc_tab title=&#8221; Vols vendre els teus llibres?&#8221; tab_id=&#8221;1437238847-1-15&#8243;][vc_column_text animation=&#8221;fade-in&#8221;] T\u2019has de desprendre dels teus llibres perqu\u00e8 et canvies de pis, has de buidar la casa o senzillament necessites guanyar espai? D\u00f3na\u2019ls una segona vida! A Re-Read pots vendre els teus llibres. Paguem tots els llibres al mateix preu: 0,25 euros. Sempre hi ha [&hellip;]","og_url":"https:\/\/www.re-read.com\/ca\/re-comprem-llibres\/","og_site_name":"Re-Read Librer\u00eda lowcost : 1 libro 4\u20ac \u2022 2 libros 6\u20ac \u2022 5 libros 12\u20ac \u2022","article_publisher":"http:\/\/www.facebook.com\/ReReadLibreriaLowcost","article_modified_time":"2023-03-06T13:25:02+00:00","twitter_misc":{"Temps estimat de lectura":"2 minutes"},"schema":{"@context":"https:\/\/schema.org","@graph":[{"@type":"Organization","@id":"https:\/\/www.re-read.com\/#organization","name":"Re-Read Librer\u00eda Lowcost","url":"https:\/\/www.re-read.com\/","sameAs":["http:\/\/www.facebook.com\/ReReadLibreriaLowcost","https:\/\/www.instagram.com\/rereadlibrerialowcostoficial","https:\/\/www.youtube.com\/channel\/UCLe8wJmNXZv2nwOciMnuZeA"],"logo":{"@type":"ImageObject","@id":"https:\/\/www.re-read.com\/#logo","inLanguage":"ca","url":"https:\/\/www.re-read.com\/wp-content\/uploads\/2013\/05\/logo-640x240-medio-cast.gif","contentUrl":"https:\/\/www.re-read.com\/wp-content\/uploads\/2013\/05\/logo-640x240-medio-cast.gif","width":640,"height":240,"caption":"Re-Read Librer\u00eda Lowcost"},"image":{"@id":"https:\/\/www.re-read.com\/#logo"}},{"@type":"WebSite","@id":"https:\/\/www.re-read.com\/#website","url":"https:\/\/www.re-read.com\/","name":"Re-Read Librer\u00eda lowcost : 1 libro 4\u20ac \u2022 2 libros 6\u20ac \u2022 5 libros 12\u20ac \u2022","description":"Libros casi nuevos a un precio casi imposible","publisher":{"@id":"https:\/\/www.re-read.com\/#organization"},"potentialAction":[{"@type":"SearchAction","target":{"@type":"EntryPoint","urlTemplate":"https:\/\/www.re-read.com\/?s={search_term_string}"},"query-input":"required name=search_term_string"}],"inLanguage":"ca"},{"@type":"WebPage","@id":"https:\/\/www.re-read.com\/ca\/re-comprem-llibres\/#webpage","url":"https:\/\/www.re-read.com\/ca\/re-comprem-llibres\/","name":"","isPartOf":{"@id":"https:\/\/www.re-read.com\/#website"},"datePublished":"2014-06-17T07:59:41+00:00","dateModified":"2023-03-06T13:25:02+00:00","breadcrumb":{"@id":"https:\/\/www.re-read.com\/ca\/re-comprem-llibres\/#breadcrumb"},"inLanguage":"ca","potentialAction":[{"@type":"ReadAction","target":["https:\/\/www.re-read.com\/ca\/re-comprem-llibres\/"]}]},{"@type":"BreadcrumbList","@id":"https:\/\/www.re-read.com\/ca\/re-comprem-llibres\/#breadcrumb","itemListElement":[{"@type":"ListItem","position":1,"name":"Portada","item":"https:\/\/www.re-read.com\/ca\/"},{"@type":"ListItem","position":2,"name":"Ven els teus llibres &#8211; D\u00f3na&#8217;ls una segona vida"}]}]}},"_links":{"self":[{"href":"https:\/\/www.re-read.com\/ca\/wp-json\/wp\/v2\/pages\/3086"}],"collection":[{"href":"https:\/\/www.re-read.com\/ca\/wp-json\/wp\/v2\/pages"}],"about":[{"href":"https:\/\/www.re-read.com\/ca\/wp-json\/wp\/v2\/types\/page"}],"author":[{"embeddable":true,"href":"https:\/\/www.re-read.com\/ca\/wp-json\/wp\/v2\/users\/4"}],"replies":[{"embeddable":true,"href":"https:\/\/www.re-read.com\/ca\/wp-json\/wp\/v2\/comments?post=3086"}],"version-history":[{"count":12,"href":"https:\/\/www.re-read.com\/ca\/wp-json\/wp\/v2\/pages\/3086\/revisions"}],"predecessor-version":[{"id":105800,"href":"https:\/\/www.re-read.com\/ca\/wp-json\/wp\/v2\/pages\/3086\/revisions\/105800"}],"wp:attachment":[{"href":"https:\/\/www.re-read.com\/ca\/wp-json\/wp\/v2\/media?parent=3086"}],"curies":[{"name":"wp","href":"https:\/\/api.w.org\/{rel}","templated":true}]}}