 
{"id":1482,"date":"2013-05-10T14:09:20","date_gmt":"2013-05-10T13:19:00","guid":{"rendered":"http:\/\/re-read.com\/bienvenida-2\/"},"modified":"2024-01-08T09:56:13","modified_gmt":"2024-01-08T08:56:13","slug":"welcome","status":"publish","type":"page","link":"https:\/\/www.re-read.com\/en\/","title":{"rendered":"Welcome"},"content":{"rendered":"[vc_row][vc_column][mk_padding_divider][vc_column_text]\n<h2 class=\"planque\">Re-Read Librer\u00eda Lowcost<\/h2>\n<p class=\"planque\">La Librer\u00eda Lowcost de libros de segunda mano con libros casi nuevos a precio casi imposible.<\/p>\n[\/vc_column_text][vc_column_text align=&#8221;center&#8221; animation=&#8221;scale-up&#8221;]<img decoding=\"async\" loading=\"lazy\" class=\"aligncenter wp-image-110107 size-full\" src=\"https:\/\/www.re-read.com\/wp-content\/uploads\/2013\/05\/logo-640x240-medio-cast.gif\" alt=\"\" width=\"640\" height=\"240\" \/>[\/vc_column_text][vc_column_text align=&#8221;center&#8221; animation=&#8221;bottom-to-top&#8221;]<img decoding=\"async\" loading=\"lazy\" class=\"alignleft wp-image-4091\" src=\"https:\/\/www.re-read.com\/wp-content\/uploads\/2014\/11\/transp-Re-Read-10x10-150x150.png\" alt=\"\" width=\"110\" height=\"110\" \/><a href=\"https:\/\/re-member.re-read.com\"><img decoding=\"async\" loading=\"lazy\" class=\"alignright wp-image-102615\" src=\"https:\/\/www.re-read.com\/wp-content\/uploads\/2022\/06\/tarjeta-re-galo-popup-150x150.png\" alt=\"\" width=\"110\" height=\"110\" \/><\/a>At Re-Read you\u2019ll discover second-hand books in perfect condition.<br \/>\nYou can also sell yours.<br \/>\nBecause there are always read books and books to read.<br \/>\nThat\u2019s why we Re-buy and we Re-sell, so you never run out of either.[\/vc_column_text][vc_column_text]\n<h2 class=\"planque\">Re-Read Librer\u00eda low cost. Libros casi nuevos a un precio casi imposible<\/h2>\n<p class=\"planque\">Libros casi nuevos a un precio casi imposible. Las librer\u00edas est\u00e1n totalmente organizada en secciones y tem\u00e1ticas. Servicio de alertas de libros. No podemos encargar un libro, pero s\u00ed podemos estar atentos y si llega, avisarte. Localizador de librer\u00edas.\u00a0\u00bfQuieres vender tus libros?\u00a0\u00bfTe cambias de piso? \u00bfTienes que vaciar la casa? \u00bfO sencillamente necesitas algo m\u00e1s de espacio? En Re-Read compramos tus libros para darles una segunda vida. Porque siempre hay libros le\u00eddos y libros por leer. Por eso Re-compramos y Re-vendemos para que nunca te quedes sin ninguno de los dos.<\/p>\n[\/vc_column_text][vc_tta_tabs][vc_tta_section i_icon_fontawesome=&#8221;fa fa-camera&#8221; add_icon=&#8221;true&#8221; tab_id=&#8221;1492943621803-91d4f470-c72b&#8221; title=&#8221;Pictures&#8221;][mk_fullwidth_slideshow padding=&#8221;69&#8243; images=&#8221;3885,2184,1060,3884,3887,3889&#8243; effect=&#8221;slide&#8221;][\/vc_tta_section][vc_tta_section i_icon_fontawesome=&#8221;fa fa-film&#8221; add_icon=&#8221;true&#8221; tab_id=&#8221;1492943621732-40631787-014f&#8221; title=&#8221;Video&#8221;]<style> .gvpfpmain84869 .fp-controls { background-color:# !important;}\n\t\t\t   .gvpfpmain84869 .fp-timeline { background-color: # !important;}\n\t\t\t   .gvpfpmain84869 .fp-progress { background-color: # !important;}\n\t\t\t   .gvpfpmain84869 .fp-buffer { background-color: # !important;} \n\t\t\t   .gvpfpmain84869 .fp-time { font-size:11px !important; }.overlay2 { display: inline-block; }<\/style><div class=\"gvpfpmain84869\" style=\"text-align:;\"><div style=\"margin-right:0px;display:inline-block;width:100%; \"> <div style=\"\" class=\"flowplayer flowplayer84869  \" data-key=\"$375962430566312\" data-analytics=\"UA-680612-32\" data-embed=\"false\" data-fullscreen=\"false\" ><video preload=\"none\" ><\/video><\/div><\/div><\/div><script> jQuery(document).ready(function($){ $(\".flowplayer84869\").each (function() { var gvpcheckprogress = 0; var gvpbeforeseekval = 0; var gvpseekval = 0; $(this).bind(\"ready\", function(event, api) {  }).bind(\"pause\", function(event, api) { myType =  \".\"+api.video.type;  if(api.video.time < api.video.duration && api.video.time > 0) { ga(\"send\", \"event\", \"Video Paused\", \"FlowPlayer\", api.video.src.split(\"\/\").slice(-1)[0].replace(myType, \"\")); } }).bind(\"finish\", function(event, api) {  myType2 =  \".\"+api.video.type; ga(\"send\", \"event\", \"Video Finished\", \"FLowPlayer\", api.video.src.split(\"\/\").slice(-1)[0].replace(myType2, \"\"));  }).bind(\"beforeseek\", function(event, api) {  gvpbeforeseekval = api.video.time; }).bind(\"seek\", function(event, api) {  gvpseekval = api.video.time; myType5 =  \".\"+api.video.type; var seekthiny = Math.round(Math.round(gvpbeforeseekval)+\"000\"+Math.round(gvpseekval)); ga(\"send\", \"event\", \"Video Seeked\", api.video.src.split(\"\/\").slice(-1)[0].replace(myType5, \"\"), seekthiny, seekthiny);  }).bind(\"resume\", function(event, api) { if(api.video.time > 0 ) { myType4 =  \".\"+api.video.type;  ga(\"send\", \"event\", \"Video Resumed\", \"FLowPlayer\", api.video.src.split(\"\/\").slice(-1)[0].replace(myType4, \"\"));  } }).bind(\"progress\", function(event, api) { if(api.video.time > 0) { if(gvpcheckprogress == 0) { myType3 =  \".\"+api.video.type; ga(\"send\", \"event\", \"Video Total Time\", \"FLowPlayer\", api.video.src.split(\"\/\").slice(-1)[0].replace(myType3, \"\"), Math.round(api.video.duration)); gvpcheckprogress = 1; } } }); }); });<\/script>[\/vc_tta_section][vc_tta_section i_icon_fontawesome=&#8221;fa fa-film&#8221; add_icon=&#8221;true&#8221; title=&#8221;Gift Cards&#8221; tab_id=&#8221;1654583922736-9cb3b04a-4471&#8243;]<style> .gvpfpmain102710 .fp-controls { background-color:# !important;}\n\t\t\t   .gvpfpmain102710 .fp-timeline { background-color: # !important;}\n\t\t\t   .gvpfpmain102710 .fp-progress { background-color: # !important;}\n\t\t\t   .gvpfpmain102710 .fp-buffer { background-color: # !important;} \n\t\t\t   .gvpfpmain102710 .fp-time { font-size:11px !important; }.overlay2 { display: inline-block; }<\/style><div class=\"gvpfpmain102710\" style=\"text-align:;\"><div style=\"margin-right:0px;display:inline-block;width:100%; \"> <div style=\"\" class=\"flowplayer flowplayer102710  \" data-key=\"$375962430566312\" data-analytics=\"UA-680612-32\" data-embed=\"false\" data-fullscreen=\"false\" ><video preload=\"none\" ><\/video><\/div><\/div><\/div><script> jQuery(document).ready(function($){ $(\".flowplayer102710\").each (function() { var gvpcheckprogress = 0; var gvpbeforeseekval = 0; var gvpseekval = 0; $(this).bind(\"ready\", function(event, api) {  }).bind(\"pause\", function(event, api) { myType =  \".\"+api.video.type;  if(api.video.time < api.video.duration && api.video.time > 0) { ga(\"send\", \"event\", \"Video Paused\", \"FlowPlayer\", api.video.src.split(\"\/\").slice(-1)[0].replace(myType, \"\")); } }).bind(\"finish\", function(event, api) {  myType2 =  \".\"+api.video.type; ga(\"send\", \"event\", \"Video Finished\", \"FLowPlayer\", api.video.src.split(\"\/\").slice(-1)[0].replace(myType2, \"\"));  }).bind(\"beforeseek\", function(event, api) {  gvpbeforeseekval = api.video.time; }).bind(\"seek\", function(event, api) {  gvpseekval = api.video.time; myType5 =  \".\"+api.video.type; var seekthiny = Math.round(Math.round(gvpbeforeseekval)+\"000\"+Math.round(gvpseekval)); ga(\"send\", \"event\", \"Video Seeked\", api.video.src.split(\"\/\").slice(-1)[0].replace(myType5, \"\"), seekthiny, seekthiny);  }).bind(\"resume\", function(event, api) { if(api.video.time > 0 ) { myType4 =  \".\"+api.video.type;  ga(\"send\", \"event\", \"Video Resumed\", \"FLowPlayer\", api.video.src.split(\"\/\").slice(-1)[0].replace(myType4, \"\"));  } }).bind(\"progress\", function(event, api) { if(api.video.time > 0) { if(gvpcheckprogress == 0) { myType3 =  \".\"+api.video.type; ga(\"send\", \"event\", \"Video Total Time\", \"FLowPlayer\", api.video.src.split(\"\/\").slice(-1)[0].replace(myType3, \"\"), Math.round(api.video.duration)); gvpcheckprogress = 1; } } }); }); });<\/script>[\/vc_tta_section][\/vc_tta_tabs][vc_column_text align=&#8221;center&#8221; animation=&#8221;right-to-left&#8221;]Here about\u00a0our last news on\u00a0<a href=\"https:\/\/www.youtube.com\/channel\/UCLe8wJmNXZv2nwOciMnuZeA\" target=\"_blank\" rel=\"noopener noreferrer\"><img decoding=\"async\" loading=\"lazy\" class=\"alignnone wp-image-86821 size-full\" src=\"https:\/\/www.re-read.com\/wp-content\/uploads\/2013\/05\/youtube-logo-50.png\" alt=\"Canal youtube de Re-Read\" width=\"50\" height=\"21\" \/><\/a>[\/vc_column_text][\/vc_column][\/vc_row]\n","protected":false},"excerpt":{"rendered":"<p>[vc_row][vc_column][mk_padding_divider][vc_column_text] Re-Read Librer\u00eda Lowcost La Librer\u00eda Lowcost de libros de segunda mano con libros casi nuevos a precio casi imposible. [\/vc_column_text][vc_column_text align=&#8221;center&#8221; animation=&#8221;scale-up&#8221;][\/vc_column_text][vc_column_text align=&#8221;center&#8221; animation=&#8221;bottom-to-top&#8221;]At Re-Read you\u2019ll discover second-hand books in perfect condition. You can also sell yours. Because there are always read books and books to read. That\u2019s why we Re-buy and we Re-sell, [&hellip;]<\/p>\n","protected":false},"author":4,"featured_media":0,"parent":0,"menu_order":0,"comment_status":"closed","ping_status":"closed","template":"","meta":[],"acf":[],"yoast_head":"<!-- This site is optimized with the Yoast SEO plugin v17.4 - https:\/\/yoast.com\/wordpress\/plugins\/seo\/ -->\n<title>Re-Read Librer\u00eda lowcost : 1 libro 4\u20ac \u2022 2 libros 6\u20ac \u2022 5 libros 12\u20ac \u2022<\/title>\n<meta name=\"description\" content=\"Almost new books at almost impossible prices : 1 book 4\u20ac \u2022 2 books 6\u20ac \u2022 5 books 12\u20ac\" \/>\n<meta name=\"robots\" content=\"index, follow, max-snippet:-1, max-image-preview:large, max-video-preview:-1\" \/>\n<link rel=\"canonical\" href=\"https:\/\/www.re-read.com\/en\/\" \/>\n<meta property=\"og:locale\" content=\"en_US\" \/>\n<meta property=\"og:type\" content=\"article\" \/>\n<meta property=\"og:description\" content=\"Almost new books at almost impossible prices : 1 book 4\u20ac \u2022 2 books 6\u20ac \u2022 5 books 12\u20ac\" \/>\n<meta property=\"og:url\" content=\"https:\/\/www.re-read.com\/en\/\" \/>\n<meta property=\"og:site_name\" content=\"Re-Read Librer\u00eda lowcost : 1 libro 4\u20ac \u2022 2 libros 6\u20ac \u2022 5 libros 12\u20ac \u2022\" \/>\n<meta property=\"article:publisher\" content=\"http:\/\/www.facebook.com\/ReReadLibreriaLowcost\" \/>\n<meta property=\"article:modified_time\" content=\"2024-01-08T08:56:13+00:00\" \/>\n<meta property=\"og:image\" content=\"https:\/\/www.re-read.com\/wp-content\/uploads\/2013\/05\/logo-640x240-medio-cast.gif\" \/>\n<meta name=\"twitter:label1\" content=\"Est. reading time\" \/>\n\t<meta name=\"twitter:data1\" content=\"2 minutes\" \/>\n<script type=\"application\/ld+json\" class=\"yoast-schema-graph\">{\"@context\":\"https:\/\/schema.org\",\"@graph\":[{\"@type\":\"Organization\",\"@id\":\"https:\/\/www.re-read.com\/#organization\",\"name\":\"Re-Read Librer\\u00eda Lowcost\",\"url\":\"https:\/\/www.re-read.com\/\",\"sameAs\":[\"http:\/\/www.facebook.com\/ReReadLibreriaLowcost\",\"https:\/\/www.instagram.com\/rereadlibrerialowcostoficial\",\"https:\/\/www.youtube.com\/channel\/UCLe8wJmNXZv2nwOciMnuZeA\"],\"logo\":{\"@type\":\"ImageObject\",\"@id\":\"https:\/\/www.re-read.com\/#logo\",\"inLanguage\":\"en-US\",\"url\":\"https:\/\/www.re-read.com\/wp-content\/uploads\/2013\/05\/logo-640x240-medio-cast.gif\",\"contentUrl\":\"https:\/\/www.re-read.com\/wp-content\/uploads\/2013\/05\/logo-640x240-medio-cast.gif\",\"width\":640,\"height\":240,\"caption\":\"Re-Read Librer\\u00eda Lowcost\"},\"image\":{\"@id\":\"https:\/\/www.re-read.com\/#logo\"}},{\"@type\":\"WebSite\",\"@id\":\"https:\/\/www.re-read.com\/#website\",\"url\":\"https:\/\/www.re-read.com\/\",\"name\":\"Re-Read Librer\\u00eda lowcost : 1 libro 4\\u20ac \\u2022 2 libros 6\\u20ac \\u2022 5 libros 12\\u20ac \\u2022\",\"description\":\"Libros casi nuevos a un precio casi imposible\",\"publisher\":{\"@id\":\"https:\/\/www.re-read.com\/#organization\"},\"potentialAction\":[{\"@type\":\"SearchAction\",\"target\":{\"@type\":\"EntryPoint\",\"urlTemplate\":\"https:\/\/www.re-read.com\/?s={search_term_string}\"},\"query-input\":\"required name=search_term_string\"}],\"inLanguage\":\"en-US\"},{\"@type\":\"ImageObject\",\"@id\":\"https:\/\/www.re-read.com\/en\/#primaryimage\",\"inLanguage\":\"en-US\",\"url\":\"\",\"contentUrl\":\"\"},{\"@type\":\"WebPage\",\"@id\":\"https:\/\/www.re-read.com\/en\/#webpage\",\"url\":\"https:\/\/www.re-read.com\/en\/\",\"name\":\"\",\"isPartOf\":{\"@id\":\"https:\/\/www.re-read.com\/#website\"},\"primaryImageOfPage\":{\"@id\":\"https:\/\/www.re-read.com\/en\/#primaryimage\"},\"datePublished\":\"2013-05-10T13:19:00+00:00\",\"dateModified\":\"2024-01-08T08:56:13+00:00\",\"description\":\"Almost new books at almost impossible prices : 1 book 4\\u20ac \\u2022 2 books 6\\u20ac \\u2022 5 books 12\\u20ac\",\"breadcrumb\":{\"@id\":\"https:\/\/www.re-read.com\/en\/#breadcrumb\"},\"inLanguage\":\"en-US\",\"potentialAction\":[{\"@type\":\"ReadAction\",\"target\":[\"https:\/\/www.re-read.com\/en\/\"]}]},{\"@type\":\"BreadcrumbList\",\"@id\":\"https:\/\/www.re-read.com\/en\/#breadcrumb\",\"itemListElement\":[{\"@type\":\"ListItem\",\"position\":1,\"name\":\"Portada\",\"item\":\"https:\/\/www.re-read.com\/en\/\"},{\"@type\":\"ListItem\",\"position\":2,\"name\":\"Welcome\"}]}]}<\/script>\n<!-- \/ Yoast SEO plugin. -->","yoast_head_json":{"title":"Re-Read Librer\u00eda lowcost : 1 libro 4\u20ac \u2022 2 libros 6\u20ac \u2022 5 libros 12\u20ac \u2022","description":"Almost new books at almost impossible prices : 1 book 4\u20ac \u2022 2 books 6\u20ac \u2022 5 books 12\u20ac","robots":{"index":"index","follow":"follow","max-snippet":"max-snippet:-1","max-image-preview":"max-image-preview:large","max-video-preview":"max-video-preview:-1"},"canonical":"https:\/\/www.re-read.com\/en\/","og_locale":"en_US","og_type":"article","og_description":"Almost new books at almost impossible prices : 1 book 4\u20ac \u2022 2 books 6\u20ac \u2022 5 books 12\u20ac","og_url":"https:\/\/www.re-read.com\/en\/","og_site_name":"Re-Read Librer\u00eda lowcost : 1 libro 4\u20ac \u2022 2 libros 6\u20ac \u2022 5 libros 12\u20ac \u2022","article_publisher":"http:\/\/www.facebook.com\/ReReadLibreriaLowcost","article_modified_time":"2024-01-08T08:56:13+00:00","og_image":[{"url":"https:\/\/www.re-read.com\/wp-content\/uploads\/2013\/05\/logo-640x240-medio-cast.gif"}],"twitter_misc":{"Est. reading time":"2 minutes"},"schema":{"@context":"https:\/\/schema.org","@graph":[{"@type":"Organization","@id":"https:\/\/www.re-read.com\/#organization","name":"Re-Read Librer\u00eda Lowcost","url":"https:\/\/www.re-read.com\/","sameAs":["http:\/\/www.facebook.com\/ReReadLibreriaLowcost","https:\/\/www.instagram.com\/rereadlibrerialowcostoficial","https:\/\/www.youtube.com\/channel\/UCLe8wJmNXZv2nwOciMnuZeA"],"logo":{"@type":"ImageObject","@id":"https:\/\/www.re-read.com\/#logo","inLanguage":"en-US","url":"https:\/\/www.re-read.com\/wp-content\/uploads\/2013\/05\/logo-640x240-medio-cast.gif","contentUrl":"https:\/\/www.re-read.com\/wp-content\/uploads\/2013\/05\/logo-640x240-medio-cast.gif","width":640,"height":240,"caption":"Re-Read Librer\u00eda Lowcost"},"image":{"@id":"https:\/\/www.re-read.com\/#logo"}},{"@type":"WebSite","@id":"https:\/\/www.re-read.com\/#website","url":"https:\/\/www.re-read.com\/","name":"Re-Read Librer\u00eda lowcost : 1 libro 4\u20ac \u2022 2 libros 6\u20ac \u2022 5 libros 12\u20ac \u2022","description":"Libros casi nuevos a un precio casi imposible","publisher":{"@id":"https:\/\/www.re-read.com\/#organization"},"potentialAction":[{"@type":"SearchAction","target":{"@type":"EntryPoint","urlTemplate":"https:\/\/www.re-read.com\/?s={search_term_string}"},"query-input":"required name=search_term_string"}],"inLanguage":"en-US"},{"@type":"ImageObject","@id":"https:\/\/www.re-read.com\/en\/#primaryimage","inLanguage":"en-US","url":"","contentUrl":""},{"@type":"WebPage","@id":"https:\/\/www.re-read.com\/en\/#webpage","url":"https:\/\/www.re-read.com\/en\/","name":"","isPartOf":{"@id":"https:\/\/www.re-read.com\/#website"},"primaryImageOfPage":{"@id":"https:\/\/www.re-read.com\/en\/#primaryimage"},"datePublished":"2013-05-10T13:19:00+00:00","dateModified":"2024-01-08T08:56:13+00:00","description":"Almost new books at almost impossible prices : 1 book 4\u20ac \u2022 2 books 6\u20ac \u2022 5 books 12\u20ac","breadcrumb":{"@id":"https:\/\/www.re-read.com\/en\/#breadcrumb"},"inLanguage":"en-US","potentialAction":[{"@type":"ReadAction","target":["https:\/\/www.re-read.com\/en\/"]}]},{"@type":"BreadcrumbList","@id":"https:\/\/www.re-read.com\/en\/#breadcrumb","itemListElement":[{"@type":"ListItem","position":1,"name":"Portada","item":"https:\/\/www.re-read.com\/en\/"},{"@type":"ListItem","position":2,"name":"Welcome"}]}]}},"_links":{"self":[{"href":"https:\/\/www.re-read.com\/en\/wp-json\/wp\/v2\/pages\/1482"}],"collection":[{"href":"https:\/\/www.re-read.com\/en\/wp-json\/wp\/v2\/pages"}],"about":[{"href":"https:\/\/www.re-read.com\/en\/wp-json\/wp\/v2\/types\/page"}],"author":[{"embeddable":true,"href":"https:\/\/www.re-read.com\/en\/wp-json\/wp\/v2\/users\/4"}],"replies":[{"embeddable":true,"href":"https:\/\/www.re-read.com\/en\/wp-json\/wp\/v2\/comments?post=1482"}],"version-history":[{"count":21,"href":"https:\/\/www.re-read.com\/en\/wp-json\/wp\/v2\/pages\/1482\/revisions"}],"predecessor-version":[{"id":120924,"href":"https:\/\/www.re-read.com\/en\/wp-json\/wp\/v2\/pages\/1482\/revisions\/120924"}],"wp:attachment":[{"href":"https:\/\/www.re-read.com\/en\/wp-json\/wp\/v2\/media?parent=1482"}],"curies":[{"name":"wp","href":"https:\/\/api.w.org\/{rel}","templated":true}]}}