 
{"id":2720,"date":"2014-01-28T07:45:04","date_gmt":"2014-01-28T05:45:04","guid":{"rendered":"http:\/\/www.re-read.com\/?page_id=2720"},"modified":"2018-08-28T18:28:43","modified_gmt":"2018-08-28T16:28:43","slug":"book-alerts","status":"publish","type":"page","link":"https:\/\/www.re-read.com\/en\/book-alerts\/","title":{"rendered":"Free Book&#8217;s Alerts"},"content":{"rendered":"[vc_row fullwidth=&#8221;false&#8221; attached=&#8221;false&#8221; padding=&#8221;0&#8243; visibility=&#8221;&#8221; animation=&#8221;&#8221;][vc_column border_color=&#8221;&#8221; visibility=&#8221;&#8221; width=&#8221;1\/6&#8243;][mk_icon_box icon=&#8221;mk-moon-megaphone&#8221; text_size=&#8221;16&#8243; font_weight=&#8221;inherit&#8221; style=&#8221;simple_minimal&#8221; icon_size=&#8221;x-large&#8221; rounded_circle=&#8221;false&#8221; icon_location=&#8221;left&#8221; circled=&#8221;true&#8221; icon_color=&#8221;#ffffff&#8221; icon_circle_color=&#8221;#eb6b59&#8243; box_blur=&#8221;false&#8221; margin=&#8221;30&#8243;][\/mk_icon_box][\/vc_column][vc_column border_color=&#8221;&#8221; visibility=&#8221;&#8221; width=&#8221;5\/6&#8243;][mk_fancy_title tag_name=&#8221;h2&#8243; style=&#8221;false&#8221; color=&#8221;#393836&#8243; size=&#8221;26&#8243; font_weight=&#8221;normal&#8221; font_style=&#8221;inhert&#8221; letter_spacing=&#8221;0&#8243; margin_top=&#8221;32&#8243; margin_bottom=&#8221;16&#8243; font_family=&#8221;none&#8221; align=&#8221;left&#8221; animation=&#8221;fade-in&#8221;]We can&#8217;t order a book, but we can be attentive and if it comes, notify you, for free.[\/mk_fancy_title][\/vc_column][\/vc_row][vc_row fullwidth=&#8221;false&#8221; attached=&#8221;false&#8221; padding=&#8221;0&#8243; visibility=&#8221;&#8221; animation=&#8221;&#8221;][vc_column border_color=&#8221;&#8221; visibility=&#8221;&#8221; width=&#8221;1\/1&#8243;]\n<div class=\"wpcf7 no-js\" id=\"wpcf7-f1770-o1\" lang=\"eu\" dir=\"ltr\">\n<div class=\"screen-reader-response\"><p role=\"status\" aria-live=\"polite\" aria-atomic=\"true\"><\/p> <ul><\/ul><\/div>\n<form action=\"\/en\/wp-json\/wp\/v2\/pages\/2720#wpcf7-f1770-o1\" method=\"post\" class=\"wpcf7-form init\" aria-label=\"Contact form\" novalidate=\"novalidate\" data-status=\"init\">\n<div style=\"display: none;\">\n<input type=\"hidden\" name=\"_wpcf7\" value=\"1770\" \/>\n<input type=\"hidden\" name=\"_wpcf7_version\" value=\"5.7.6\" \/>\n<input type=\"hidden\" name=\"_wpcf7_locale\" value=\"eu\" \/>\n<input type=\"hidden\" name=\"_wpcf7_unit_tag\" value=\"wpcf7-f1770-o1\" \/>\n<input type=\"hidden\" name=\"_wpcf7_container_post\" value=\"0\" \/>\n<input type=\"hidden\" name=\"_wpcf7_posted_data_hash\" value=\"\" \/>\n<input type=\"hidden\" name=\"upload_dir\" value=\"concurso\" \/>\n<input type=\"hidden\" name=\"generate_name\" value=\"04-30-26-69f2cebe94b6d\" \/>\n<input type=\"hidden\" name=\"_wpcf7_recaptcha_response\" value=\"\" \/>\n<\/div>\n<p><br \/>\n<script>\ndocument.addEventListener( 'wpcf7mailsent', function( event ) {\n alert( \"Alerta Re-cibida. Te avisaremos por WhatsApp o email (si no te llega, mira el buz\u00f3n de spam), Gracias\" );\n}, false );\n<\/script>\n<\/p>\n<table width=\"100%\" border=\"0\" cellspacing=\"0\" cellpadding=\"0\" style=\"width: 99.4143%;\">\n\t<tbody>\n\t\t<tr>\n\t\t\t<td bgcolor=\"#E9E9E9\" >\n\t\t\t\t<p>Tu nombre *<br \/>\n<span class=\"wpcf7-form-control-wrap\" data-name=\"name\"><input size=\"40\" class=\"wpcf7-form-control wpcf7-text wpcf7-validates-as-required\" aria-required=\"true\" aria-invalid=\"false\" value=\"\" type=\"text\" name=\"name\" \/><\/span>\n\t\t\t\t<\/p>\n\t\t\t<\/td>\n\t\t\t<td bgcolor=\"#E9E9E9\" >\n\t\t\t\t<p>Apellidos<br \/>\n<span class=\"wpcf7-form-control-wrap\" data-name=\"lastname\"><input size=\"40\" class=\"wpcf7-form-control wpcf7-text\" aria-invalid=\"false\" value=\"\" type=\"text\" name=\"lastname\" \/><\/span>\n\t\t\t\t<\/p>\n\t\t\t<\/td>\n\t\t\t<td bgcolor=\"#E9E9E9\" >\n\t\t\t\t<p>Tu e-mail *<br \/>\n<span class=\"wpcf7-form-control-wrap\" data-name=\"email\"><input size=\"40\" class=\"wpcf7-form-control wpcf7-text wpcf7-email wpcf7-validates-as-required wpcf7-validates-as-email\" aria-required=\"true\" aria-invalid=\"false\" value=\"\" type=\"email\" name=\"email\" \/><\/span>\n\t\t\t\t<\/p>\n\t\t\t<\/td>\n\t\t\t<td bgcolor=\"#E9E9E9\" >\n\t\t\t\t<p>\u00bfPrefieres un aviso por WhatsApp (d\u00e9janos tu n\u00famero)?<br \/>\n<span class=\"wpcf7-form-control-wrap\" data-name=\"whatsapp\"><input size=\"40\" maxlength=\"15\" minlength=\"9\" class=\"wpcf7-form-control wpcf7-text wpcf7-tel wpcf7-validates-as-tel\" aria-invalid=\"false\" value=\"\" type=\"tel\" name=\"whatsapp\" \/><\/span>\n\t\t\t\t<\/p>\n\t\t\t<\/td>\n\t\t<\/tr>\n\t\t<tr>\n\t\t\t<td bgcolor=\"#f2f2f2\">\n\t\t\t\t<p>T&iacute;tulo del libro *<br \/>\n<span class=\"wpcf7-form-control-wrap\" data-name=\"libro\"><input size=\"40\" class=\"wpcf7-form-control wpcf7-text wpcf7-validates-as-required tbf-suggest data-suggest-inclass data-suggestgroup-tbf data-suggestorder-1\" aria-required=\"true\" aria-invalid=\"false\" value=\"\" type=\"text\" name=\"libro\" \/><\/span>\n\t\t\t\t<\/p>\n\t\t\t<\/td>\n\t\t\t<td bgcolor=\"#f2f2f2\">\n\t\t\t\t<p>Autor *<br \/>\n<span class=\"wpcf7-form-control-wrap\" data-name=\"autor\"><input size=\"40\" maxlength=\"30\" class=\"wpcf7-form-control wpcf7-text wpcf7-validates-as-required tbf-suggest data-suggest-inclass data-suggestgroup-tbf data-suggestorder-2\" aria-required=\"true\" aria-invalid=\"false\" value=\"\" type=\"text\" name=\"autor\" \/><\/span>\n\t\t\t\t<\/p>\n\t\t\t<\/td>\n\t\t\t<td bgcolor=\"#f2f2f2\">\n\t\t\t\t<p>Tu Re-Read m&aacute;s cercano *\n\t\t\t\t<\/p>\n\t\t\t\t<p><span class=\"wpcf7-form-control-wrap\" data-name=\"para\"><select class=\"wpcf7-form-control wpcf7-select wpcf7-validates-as-required\" aria-required=\"true\" aria-invalid=\"false\" name=\"para\"><option value=\"\">&#8212;Please choose an option&#8212;<\/option><option value=\"ALCOBENDAS - C. de la Marquesa Viuda de Aldama, 15\">ALCOBENDAS - C. de la Marquesa Viuda de Aldama, 15<\/option><option value=\"ALICANTE - C. del teatro, 39\">ALICANTE - C. del teatro, 39<\/option><option value=\"ALMER\u00cdA - Pl. de San Pedro, 8\">ALMER\u00cdA - Pl. de San Pedro, 8<\/option><option value=\"BARCELONA - Sant Joan 152\">BARCELONA - Sant Joan 152<\/option><option value=\"BARCELONA - Muntaner, 270\">BARCELONA - Muntaner, 270<\/option><option value=\"BARCELONA - Rossell\u00f3 158\">BARCELONA - Rossell\u00f3 158<\/option><option value=\"BARCELONA - Mallorca 489\">BARCELONA - Mallorca 489<\/option><option value=\"BARCELONA - Londres 7\">BARCELONA - Londres 7<\/option><option value=\"BARCELONA - Gran V\u00eda 564\">BARCELONA - Gran V\u00eda 564<\/option><option value=\"BARCELONA - Creu Coberta 73\">BARCELONA - Creu Coberta 73<\/option><option value=\"BARCELONA - Diputaci\u00f3n 296\">BARCELONA - Diputaci\u00f3n 296<\/option><option value=\"BARCELONA - Santa Am\u00e8lia, 51\">BARCELONA - Santa Am\u00e8lia, 51<\/option><option value=\"BILBAO ARENAL - C. Viuda de Epalza 10\">BILBAO ARENAL - C. Viuda de Epalza 10<\/option><option value=\"BILBAO SAN MAM\u00c9S - Alameda Urquijo, 79\">BILBAO SAN MAM\u00c9S - Alameda Urquijo, 79<\/option><option value=\"CASTELL\u00d3N - C. Navarra, 77\">CASTELL\u00d3N - C. Navarra, 77<\/option><option value=\"DONOSTIA - C. Segundo Izpizua 13\">DONOSTIA - C. Segundo Izpizua 13<\/option><option value=\"ELCHE - Avenida Juan Carlos I, 3\">ELCHE - Avenida Juan Carlos I, 3<\/option><option value=\"GETAFE- Calle Escuelas Pias, 4\">GETAFE- Calle Escuelas Pias, 4<\/option><option value=\"GIJ\u00d3N - Avenida Schulz, 10\">GIJ\u00d3N - Avenida Schulz, 10<\/option><option value=\"GIRONA - C. de les Ballesteries, 4\">GIRONA - C. de les Ballesteries, 4<\/option><option value=\"GRANADA - C. Gran V\u00eda de Col\u00f3n, 47\">GRANADA - C. Gran V\u00eda de Col\u00f3n, 47<\/option><option value=\"GRANOLLERS - C. Alfonso IV, 84\">GRANOLLERS - C. Alfonso IV, 84<\/option><option value=\"LAS PALMAS DE GRAN CANARIA - Calle Bernardo de la Torre, 33\">LAS PALMAS DE GRAN CANARIA - Calle Bernardo de la Torre, 33<\/option><option value=\"LLEIDA - C. Pi i Margall, 13\">LLEIDA - C. Pi i Margall, 13<\/option><option value=\"L&#039;HOSPITALET - Barcelona - C. d&#039;Enric Prat de la Riba, 254\">L&#039;HOSPITALET - Barcelona - C. d&#039;Enric Prat de la Riba, 254<\/option><option value=\"MADRID - C. O&#039;Donnell 28\">MADRID - C. O&#039;Donnell 28<\/option><option value=\"MADRID - P\u00ba. de la Infanta Isabel, 15\">MADRID - P\u00ba. de la Infanta Isabel, 15<\/option><option value=\"MADRID - C. del Conde de Romanones, 1\">MADRID - C. del Conde de Romanones, 1<\/option><option value=\"MADRID - P\u00ba General Mart\u00ednez Campos, 4\">MADRID - P\u00ba General Mart\u00ednez Campos, 4<\/option><option value=\"MADRID - C. Guzm\u00e1n el Bueno, 4\">MADRID - C. Guzm\u00e1n el Bueno, 4<\/option><option value=\"M\u00c1LAGA - C. Victoria, 27\">M\u00c1LAGA - C. Victoria, 27<\/option><option value=\"MATAR\u00d3 - Pl. Cuba, 19\">MATAR\u00d3 - Pl. Cuba, 19<\/option><option value=\"OURENSE - R\u00faa da Paz, 12\">OURENSE - R\u00faa da Paz, 12<\/option><option value=\"OVIEDO - Av. de Galicia, 11\">OVIEDO - Av. de Galicia, 11<\/option><option value=\"PALMA DE MALLORCA - C. 31 de diciembre, 13\">PALMA DE MALLORCA - C. 31 de diciembre, 13<\/option><option value=\"PALMA DE MALLORCA - La Rambla, 4\">PALMA DE MALLORCA - La Rambla, 4<\/option><option value=\"PAMPLONA IRU\u00d1A - C. Zapater\u00eda kalea, 45\">PAMPLONA IRU\u00d1A - C. Zapater\u00eda kalea, 45<\/option><option value=\"REUS - C. del Vent, 9\">REUS - C. del Vent, 9<\/option><option value=\"SABADELL - C. Calder\u00f3n , 16\">SABADELL - C. Calder\u00f3n , 16<\/option><option value=\"SALAMANCA - C. Cuesta del Carmen, 22\">SALAMANCA - C. Cuesta del Carmen, 22<\/option><option value=\"SANT CUGAT - C. Major , 7\">SANT CUGAT - C. Major , 7<\/option><option value=\"SANTA CRUZ DE TENERIFE - C. Imeldo Ser\u00eds, 49\">SANTA CRUZ DE TENERIFE - C. Imeldo Ser\u00eds, 49<\/option><option value=\"SANTA COLOMA - C. de Pompeu Fabra, 5\">SANTA COLOMA - C. de Pompeu Fabra, 5<\/option><option value=\"SANTANDER - C. Rualasal, 11\">SANTANDER - C. Rualasal, 11<\/option><option value=\"SANTIAGO DE COMPOSTELA - C. Santiago de Chile , 2\">SANTIAGO DE COMPOSTELA - C. Santiago de Chile , 2<\/option><option value=\"SEVILLA - C. tarifa , 3\">SEVILLA - C. tarifa , 3<\/option><option value=\"TARRAGONA - Av. de Ram\u00f3n I Cajal, 42\">TARRAGONA - Av. de Ram\u00f3n I Cajal, 42<\/option><option value=\"TERRASSA - Passeig Comte d&#039;\u00c8gara, 23\">TERRASSA - Passeig Comte d&#039;\u00c8gara, 23<\/option><option value=\"TERRASSA - Rambla d&#039;\u00c8gara, 223\">TERRASSA - Rambla d&#039;\u00c8gara, 223<\/option><option value=\"VALENCIA - Gran V\u00eda Ram\u00f3n y Cajal, 45\">VALENCIA - Gran V\u00eda Ram\u00f3n y Cajal, 45<\/option><option value=\"VALENCIA - Joaquin Costa, 59\">VALENCIA - Joaquin Costa, 59<\/option><option value=\"VALLADOLID - C. de las Angustias, 14\">VALLADOLID - C. de las Angustias, 14<\/option><option value=\"VIGO - Ru\u0301a de Eduardo Iglesias, 6\">VIGO - Ru\u0301a de Eduardo Iglesias, 6<\/option><option value=\"VILANOVA I LA GELTR\u00da - Carrer de la Llibertat, 1b\">VILANOVA I LA GELTR\u00da - Carrer de la Llibertat, 1b<\/option><option value=\"VITORIA - Siervas de Jes\u00fas, 7\">VITORIA - Siervas de Jes\u00fas, 7<\/option><option value=\"ZARAGOZA - Paseo Fernando el Cat\u00f3lico, 58\">ZARAGOZA - Paseo Fernando el Cat\u00f3lico, 58<\/option><option value=\"ZARAGOZA - Coso, 97\">ZARAGOZA - Coso, 97<\/option><\/select><\/span>\n\t\t\t\t<\/p>\n\t\t\t<\/td>\n\t\t\t<td bgcolor=\"#f2f2f2\">\n\t\t\t\t<p><span style=\"background-color: #f2f2f2;\">Comentario<\/span><br \/>\n<span style=\"background-color: #f2f2f2;\"><span class=\"wpcf7-form-control-wrap\" data-name=\"comentario\"><input size=\"40\" class=\"wpcf7-form-control wpcf7-text\" aria-invalid=\"false\" value=\"\" type=\"text\" name=\"comentario\" \/><\/span><\/span>\n\t\t\t\t<\/p>\n\t\t\t<\/td>\n\t\t<\/tr>\n\t\t<tr>\n\t\t\t<td valign=\"middle\" bgcolor=\"#f8f8f8\">\n\t\t\t\t<p><input class=\"wpcf7-form-control has-spinner wpcf7-submit\" type=\"submit\" value=\"Enviar\" \/>\n\t\t\t\t<\/p>\n\t\t\t<\/td>\n\t\t\t<td align=\"right\" valign=\"middle\" bgcolor=\"#f8f8f8\">\n\t\t\t\t<p><span style=\"font-size: 11px;\">\n\n\t\t\t\t\t\t\t<span class=\"wpcf7-form-control-wrap mailpoetsignup\">\n\t\t\t<span class=\"wpcf7-form-control wpcf7-mailpoetsignup\">\n\t\t\t\t<label class=\"wpcf7-list-label\">\n\t\t\t\t<input type=\"checkbox\"\n\t\t\t\tname=\"mailpoetsignup[]\" value=\"\n\t\t\t\t\t\t\t\t\t\tRe-vista GENERAL de Re-Read\t\t\t\t\"\n\t\t\t\tid=\"\" class=\"\"\n\t\t\t\t\t\t\t\t\/>Sign up for the newsletter\t\t\t\t\t<input type=\"hidden\" name=\"fieldVal\"  value=\"\n\t\t\t\t\t4\t\t\t\t\t\"\n\t\t\t\t<\/label>\n\t\t\t\t<br\/>\n\t\t\t\t<\/span>\n\n\t\t\t\t<\/span>\n\n\t\t\t\t<\/span>\n\t\t\t\t<\/p>\n\t\t\t<\/td>\n\t\t\t<td colspan=\"2\" align=\"right\" valign=\"middle\" bgcolor=\"#f9f9f9\">\n\t\t\t\n\t\t\t<\/td>\n\t\t<\/tr>\n\t\t<tr>\n\t\t\t<td colspan=\"4\" valign=\"middle\" bgcolor=\"#FFFFFF\" style=\"font-size: 12px; width: 99.7067%;\">\n\t\t\t\t<p>Esta alerta permanecer&aacute; activa durante dos meses en la librer&iacute;a que has seleccionado. Si el libro nos llega, te avisaremos con un email (que a veces puede caer en el buz\u00f3n de spam) o por WhatsApp y te lo reservaremos durante los pr\u00f3ximos 3 y 5 d\u00edas (consulta las comndiciones con tu librer\u00eda), a menos que nos contactes dici&eacute;ndonos que ya lo tienes o que necesitas que te lo guardemos durante m&aacute;s tiempo.\n\t\t\t\t<\/p>\n\t\t\t<\/td>\n\t\t<\/tr>\n\t<\/tbody>\n<\/table><input type='hidden' class='wpcf7-pum' value='{\"closepopup\":false,\"closedelay\":0,\"openpopup\":false,\"openpopup_id\":0}' \/><div class=\"wpcf7-response-output\" aria-hidden=\"true\"><\/div>\n<\/form>\n<\/div>\n[vc_column_text disable_pattern=&#8221;true&#8221; align=&#8221;left&#8221; margin_bottom=&#8221;0&#8243; animation=&#8221;fade-in&#8221;][mk_page_section predefined_bg=\"\" first_page=\"false\" last_page=\"false\"][vc_column][mk_edge_slider swiper_bg=\"#ffffff\" slides=\"4941,4943,4974,6542,90809\" order=\"ASC\" orderby=\"none\" full_height=\"false\" height=\"450\" slideshow_speed=\"20000\" direction_nav=\"thumbflip\" skip_arrow=\"false\"][\/vc_column][\/mk_page_section]\r\n[\/vc_column_text][\/vc_column][\/vc_row]\n","protected":false},"excerpt":{"rendered":"<p>[vc_row fullwidth=&#8221;false&#8221; attached=&#8221;false&#8221; padding=&#8221;0&#8243; visibility=&#8221;&#8221; animation=&#8221;&#8221;][vc_column border_color=&#8221;&#8221; visibility=&#8221;&#8221; width=&#8221;1\/6&#8243;][mk_icon_box icon=&#8221;mk-moon-megaphone&#8221; text_size=&#8221;16&#8243; font_weight=&#8221;inherit&#8221; style=&#8221;simple_minimal&#8221; icon_size=&#8221;x-large&#8221; rounded_circle=&#8221;false&#8221; icon_location=&#8221;left&#8221; circled=&#8221;true&#8221; icon_color=&#8221;#ffffff&#8221; icon_circle_color=&#8221;#eb6b59&#8243; box_blur=&#8221;false&#8221; margin=&#8221;30&#8243;][\/mk_icon_box][\/vc_column][vc_column border_color=&#8221;&#8221; visibility=&#8221;&#8221; width=&#8221;5\/6&#8243;][mk_fancy_title tag_name=&#8221;h2&#8243; style=&#8221;false&#8221; color=&#8221;#393836&#8243; size=&#8221;26&#8243; font_weight=&#8221;normal&#8221; font_style=&#8221;inhert&#8221; letter_spacing=&#8221;0&#8243; margin_top=&#8221;32&#8243; margin_bottom=&#8221;16&#8243; font_family=&#8221;none&#8221; align=&#8221;left&#8221; animation=&#8221;fade-in&#8221;]We can&#8217;t order a book, but we can be attentive and if it comes, notify you, for free.[\/mk_fancy_title][\/vc_column][\/vc_row][vc_row fullwidth=&#8221;false&#8221; attached=&#8221;false&#8221; [&hellip;]<\/p>\n","protected":false},"author":4,"featured_media":0,"parent":0,"menu_order":6,"comment_status":"closed","ping_status":"closed","template":"","meta":[],"acf":[],"yoast_head":"<!-- This site is optimized with the Yoast SEO plugin v17.4 - https:\/\/yoast.com\/wordpress\/plugins\/seo\/ -->\n<title>Re-Read Librer\u00eda lowcost : 1 libro 4\u20ac \u2022 2 libros 6\u20ac \u2022 5 libros 12\u20ac \u2022<\/title>\n<meta name=\"robots\" content=\"index, follow, max-snippet:-1, max-image-preview:large, max-video-preview:-1\" \/>\n<link rel=\"canonical\" href=\"https:\/\/www.re-read.com\/en\/book-alerts\/\" \/>\n<meta property=\"og:locale\" content=\"en_US\" \/>\n<meta property=\"og:type\" content=\"article\" \/>\n<meta property=\"og:description\" content=\"[vc_row fullwidth=&#8221;false&#8221; attached=&#8221;false&#8221; padding=&#8221;0&#8243; visibility=&#8221;&#8221; animation=&#8221;&#8221;][vc_column border_color=&#8221;&#8221; visibility=&#8221;&#8221; width=&#8221;1\/6&#8243;][mk_icon_box icon=&#8221;mk-moon-megaphone&#8221; text_size=&#8221;16&#8243; font_weight=&#8221;inherit&#8221; style=&#8221;simple_minimal&#8221; icon_size=&#8221;x-large&#8221; rounded_circle=&#8221;false&#8221; icon_location=&#8221;left&#8221; circled=&#8221;true&#8221; icon_color=&#8221;#ffffff&#8221; icon_circle_color=&#8221;#eb6b59&#8243; box_blur=&#8221;false&#8221; margin=&#8221;30&#8243;][\/mk_icon_box][\/vc_column][vc_column border_color=&#8221;&#8221; visibility=&#8221;&#8221; width=&#8221;5\/6&#8243;][mk_fancy_title tag_name=&#8221;h2&#8243; style=&#8221;false&#8221; color=&#8221;#393836&#8243; size=&#8221;26&#8243; font_weight=&#8221;normal&#8221; font_style=&#8221;inhert&#8221; letter_spacing=&#8221;0&#8243; margin_top=&#8221;32&#8243; margin_bottom=&#8221;16&#8243; font_family=&#8221;none&#8221; align=&#8221;left&#8221; animation=&#8221;fade-in&#8221;]We can&#8217;t order a book, but we can be attentive and if it comes, notify you, for free.[\/mk_fancy_title][\/vc_column][\/vc_row][vc_row fullwidth=&#8221;false&#8221; attached=&#8221;false&#8221; [&hellip;]\" \/>\n<meta property=\"og:url\" content=\"https:\/\/www.re-read.com\/en\/book-alerts\/\" \/>\n<meta property=\"og:site_name\" content=\"Re-Read Librer\u00eda lowcost : 1 libro 4\u20ac \u2022 2 libros 6\u20ac \u2022 5 libros 12\u20ac \u2022\" \/>\n<meta property=\"article:publisher\" content=\"http:\/\/www.facebook.com\/ReReadLibreriaLowcost\" \/>\n<meta property=\"article:modified_time\" content=\"2018-08-28T16:28:43+00:00\" \/>\n<meta name=\"twitter:label1\" content=\"Est. reading time\" \/>\n\t<meta name=\"twitter:data1\" content=\"1 minute\" \/>\n<script type=\"application\/ld+json\" class=\"yoast-schema-graph\">{\"@context\":\"https:\/\/schema.org\",\"@graph\":[{\"@type\":\"Organization\",\"@id\":\"https:\/\/www.re-read.com\/#organization\",\"name\":\"Re-Read Librer\\u00eda Lowcost\",\"url\":\"https:\/\/www.re-read.com\/\",\"sameAs\":[\"http:\/\/www.facebook.com\/ReReadLibreriaLowcost\",\"https:\/\/www.instagram.com\/rereadlibrerialowcostoficial\",\"https:\/\/www.youtube.com\/channel\/UCLe8wJmNXZv2nwOciMnuZeA\"],\"logo\":{\"@type\":\"ImageObject\",\"@id\":\"https:\/\/www.re-read.com\/#logo\",\"inLanguage\":\"en-US\",\"url\":\"https:\/\/www.re-read.com\/wp-content\/uploads\/2013\/05\/logo-640x240-medio-cast.gif\",\"contentUrl\":\"https:\/\/www.re-read.com\/wp-content\/uploads\/2013\/05\/logo-640x240-medio-cast.gif\",\"width\":640,\"height\":240,\"caption\":\"Re-Read Librer\\u00eda Lowcost\"},\"image\":{\"@id\":\"https:\/\/www.re-read.com\/#logo\"}},{\"@type\":\"WebSite\",\"@id\":\"https:\/\/www.re-read.com\/#website\",\"url\":\"https:\/\/www.re-read.com\/\",\"name\":\"Re-Read Librer\\u00eda lowcost : 1 libro 4\\u20ac \\u2022 2 libros 6\\u20ac \\u2022 5 libros 12\\u20ac \\u2022\",\"description\":\"Libros casi nuevos a un precio casi imposible\",\"publisher\":{\"@id\":\"https:\/\/www.re-read.com\/#organization\"},\"potentialAction\":[{\"@type\":\"SearchAction\",\"target\":{\"@type\":\"EntryPoint\",\"urlTemplate\":\"https:\/\/www.re-read.com\/?s={search_term_string}\"},\"query-input\":\"required name=search_term_string\"}],\"inLanguage\":\"en-US\"},{\"@type\":\"WebPage\",\"@id\":\"https:\/\/www.re-read.com\/en\/book-alerts\/#webpage\",\"url\":\"https:\/\/www.re-read.com\/en\/book-alerts\/\",\"name\":\"\",\"isPartOf\":{\"@id\":\"https:\/\/www.re-read.com\/#website\"},\"datePublished\":\"2014-01-28T05:45:04+00:00\",\"dateModified\":\"2018-08-28T16:28:43+00:00\",\"breadcrumb\":{\"@id\":\"https:\/\/www.re-read.com\/en\/book-alerts\/#breadcrumb\"},\"inLanguage\":\"en-US\",\"potentialAction\":[{\"@type\":\"ReadAction\",\"target\":[\"https:\/\/www.re-read.com\/en\/book-alerts\/\"]}]},{\"@type\":\"BreadcrumbList\",\"@id\":\"https:\/\/www.re-read.com\/en\/book-alerts\/#breadcrumb\",\"itemListElement\":[{\"@type\":\"ListItem\",\"position\":1,\"name\":\"Portada\",\"item\":\"https:\/\/www.re-read.com\/en\/\"},{\"@type\":\"ListItem\",\"position\":2,\"name\":\"Free Book&#8217;s Alerts\"}]}]}<\/script>\n<!-- \/ Yoast SEO plugin. -->","yoast_head_json":{"title":"Re-Read Librer\u00eda lowcost : 1 libro 4\u20ac \u2022 2 libros 6\u20ac \u2022 5 libros 12\u20ac \u2022","robots":{"index":"index","follow":"follow","max-snippet":"max-snippet:-1","max-image-preview":"max-image-preview:large","max-video-preview":"max-video-preview:-1"},"canonical":"https:\/\/www.re-read.com\/en\/book-alerts\/","og_locale":"en_US","og_type":"article","og_description":"[vc_row fullwidth=&#8221;false&#8221; attached=&#8221;false&#8221; padding=&#8221;0&#8243; visibility=&#8221;&#8221; animation=&#8221;&#8221;][vc_column border_color=&#8221;&#8221; visibility=&#8221;&#8221; width=&#8221;1\/6&#8243;][mk_icon_box icon=&#8221;mk-moon-megaphone&#8221; text_size=&#8221;16&#8243; font_weight=&#8221;inherit&#8221; style=&#8221;simple_minimal&#8221; icon_size=&#8221;x-large&#8221; rounded_circle=&#8221;false&#8221; icon_location=&#8221;left&#8221; circled=&#8221;true&#8221; icon_color=&#8221;#ffffff&#8221; icon_circle_color=&#8221;#eb6b59&#8243; box_blur=&#8221;false&#8221; margin=&#8221;30&#8243;][\/mk_icon_box][\/vc_column][vc_column border_color=&#8221;&#8221; visibility=&#8221;&#8221; width=&#8221;5\/6&#8243;][mk_fancy_title tag_name=&#8221;h2&#8243; style=&#8221;false&#8221; color=&#8221;#393836&#8243; size=&#8221;26&#8243; font_weight=&#8221;normal&#8221; font_style=&#8221;inhert&#8221; letter_spacing=&#8221;0&#8243; margin_top=&#8221;32&#8243; margin_bottom=&#8221;16&#8243; font_family=&#8221;none&#8221; align=&#8221;left&#8221; animation=&#8221;fade-in&#8221;]We can&#8217;t order a book, but we can be attentive and if it comes, notify you, for free.[\/mk_fancy_title][\/vc_column][\/vc_row][vc_row fullwidth=&#8221;false&#8221; attached=&#8221;false&#8221; [&hellip;]","og_url":"https:\/\/www.re-read.com\/en\/book-alerts\/","og_site_name":"Re-Read Librer\u00eda lowcost : 1 libro 4\u20ac \u2022 2 libros 6\u20ac \u2022 5 libros 12\u20ac \u2022","article_publisher":"http:\/\/www.facebook.com\/ReReadLibreriaLowcost","article_modified_time":"2018-08-28T16:28:43+00:00","twitter_misc":{"Est. reading time":"1 minute"},"schema":{"@context":"https:\/\/schema.org","@graph":[{"@type":"Organization","@id":"https:\/\/www.re-read.com\/#organization","name":"Re-Read Librer\u00eda Lowcost","url":"https:\/\/www.re-read.com\/","sameAs":["http:\/\/www.facebook.com\/ReReadLibreriaLowcost","https:\/\/www.instagram.com\/rereadlibrerialowcostoficial","https:\/\/www.youtube.com\/channel\/UCLe8wJmNXZv2nwOciMnuZeA"],"logo":{"@type":"ImageObject","@id":"https:\/\/www.re-read.com\/#logo","inLanguage":"en-US","url":"https:\/\/www.re-read.com\/wp-content\/uploads\/2013\/05\/logo-640x240-medio-cast.gif","contentUrl":"https:\/\/www.re-read.com\/wp-content\/uploads\/2013\/05\/logo-640x240-medio-cast.gif","width":640,"height":240,"caption":"Re-Read Librer\u00eda Lowcost"},"image":{"@id":"https:\/\/www.re-read.com\/#logo"}},{"@type":"WebSite","@id":"https:\/\/www.re-read.com\/#website","url":"https:\/\/www.re-read.com\/","name":"Re-Read Librer\u00eda lowcost : 1 libro 4\u20ac \u2022 2 libros 6\u20ac \u2022 5 libros 12\u20ac \u2022","description":"Libros casi nuevos a un precio casi imposible","publisher":{"@id":"https:\/\/www.re-read.com\/#organization"},"potentialAction":[{"@type":"SearchAction","target":{"@type":"EntryPoint","urlTemplate":"https:\/\/www.re-read.com\/?s={search_term_string}"},"query-input":"required name=search_term_string"}],"inLanguage":"en-US"},{"@type":"WebPage","@id":"https:\/\/www.re-read.com\/en\/book-alerts\/#webpage","url":"https:\/\/www.re-read.com\/en\/book-alerts\/","name":"","isPartOf":{"@id":"https:\/\/www.re-read.com\/#website"},"datePublished":"2014-01-28T05:45:04+00:00","dateModified":"2018-08-28T16:28:43+00:00","breadcrumb":{"@id":"https:\/\/www.re-read.com\/en\/book-alerts\/#breadcrumb"},"inLanguage":"en-US","potentialAction":[{"@type":"ReadAction","target":["https:\/\/www.re-read.com\/en\/book-alerts\/"]}]},{"@type":"BreadcrumbList","@id":"https:\/\/www.re-read.com\/en\/book-alerts\/#breadcrumb","itemListElement":[{"@type":"ListItem","position":1,"name":"Portada","item":"https:\/\/www.re-read.com\/en\/"},{"@type":"ListItem","position":2,"name":"Free Book&#8217;s Alerts"}]}]}},"_links":{"self":[{"href":"https:\/\/www.re-read.com\/en\/wp-json\/wp\/v2\/pages\/2720"}],"collection":[{"href":"https:\/\/www.re-read.com\/en\/wp-json\/wp\/v2\/pages"}],"about":[{"href":"https:\/\/www.re-read.com\/en\/wp-json\/wp\/v2\/types\/page"}],"author":[{"embeddable":true,"href":"https:\/\/www.re-read.com\/en\/wp-json\/wp\/v2\/users\/4"}],"replies":[{"embeddable":true,"href":"https:\/\/www.re-read.com\/en\/wp-json\/wp\/v2\/comments?post=2720"}],"version-history":[{"count":1,"href":"https:\/\/www.re-read.com\/en\/wp-json\/wp\/v2\/pages\/2720\/revisions"}],"predecessor-version":[{"id":90974,"href":"https:\/\/www.re-read.com\/en\/wp-json\/wp\/v2\/pages\/2720\/revisions\/90974"}],"wp:attachment":[{"href":"https:\/\/www.re-read.com\/en\/wp-json\/wp\/v2\/media?parent=2720"}],"curies":[{"name":"wp","href":"https:\/\/api.w.org\/{rel}","templated":true}]}}