 
{"id":5223,"date":"2014-09-30T18:59:49","date_gmt":"2014-09-30T16:59:49","guid":{"rendered":"http:\/\/www.re-read.com\/tarjeta-socio-libreria-re-read-2\/"},"modified":"2023-05-20T19:41:14","modified_gmt":"2023-05-20T17:41:14","slug":"tarjeta-socio-libreria-re-read","status":"publish","type":"page","link":"https:\/\/www.re-read.com\/en\/tarjeta-socio-libreria-re-read\/","title":{"rendered":"Hazte socio con la tarjeta Re-Member"},"content":{"rendered":"[vc_row][vc_column][mk_fancy_title color=&#8221;#393836&#8243; size=&#8221;24&#8243; margin_top=&#8221;30&#8243; margin_bottom=&#8221;16&#8243; font_family=&#8221;none&#8221; animation=&#8221;fade-in&#8221;]\n<p style=\"text-align: center;\">Libros casi nuevos a precio fijo casi imposible.<\/p>\n[\/mk_fancy_title][vc_column_text disable_pattern=&#8221;false&#8221; animation=&#8221;flip-x&#8221;]<img decoding=\"async\" loading=\"lazy\" class=\"alignnone size-full wp-image-87169 aligncenter\" src=\"https:\/\/www.re-read.com\/wp-content\/uploads\/2013\/10\/re-member-anim.gif\" alt=\"\" width=\"500\" height=\"500\" \/>[\/vc_column_text][\/vc_column][\/vc_row][vc_row padding=&#8221;0&#8243;][vc_column][mk_fancy_title color=&#8221;#393836&#8243; size=&#8221;24&#8243; margin_top=&#8221;-1&#8243; margin_bottom=&#8221;16&#8243; font_family=&#8221;none&#8221; animation=&#8221;fade-in&#8221;]\n<p style=\"text-align: center;\">La Re-Member Card es la tarjeta gratuita de prepago\u00a0de Re-Read.<\/p>\n<p style=\"text-align: center;\">Con ella,\u00a0Re-galar libros resulta\u00a0muy f\u00e1cil.<\/p>\n<p style=\"text-align: center;\">RECUERDA que con la Re-Member\u00a0podr\u00e1s comprar<br \/>\ncualquier libro de <strong><a title=\"Localizador de librer\u00edas\" href=\"https:\/\/www.re-read.com\/localizador-de-librerias-re-read\/\">tu librer\u00eda Re-Read<\/a><\/strong> a 2,40 euros.<\/p>\n[\/mk_fancy_title][vc_column_text disable_pattern=&#8221;false&#8221; animation=&#8221;fade-in&#8221;]Puedes usarla \u00fanicamente en la librer\u00eda Re-Read donde se haya adquirido y es muy f\u00e1cil de usar. Disponible en las Re-Read que participan en la operaci\u00f3n.[\/vc_column_text][\/vc_column][\/vc_row]\n","protected":false},"excerpt":{"rendered":"<p>[vc_row][vc_column][mk_fancy_title color=&#8221;#393836&#8243; size=&#8221;24&#8243; margin_top=&#8221;30&#8243; margin_bottom=&#8221;16&#8243; font_family=&#8221;none&#8221; animation=&#8221;fade-in&#8221;] Libros casi nuevos a precio fijo casi imposible. [\/mk_fancy_title][vc_column_text disable_pattern=&#8221;false&#8221; animation=&#8221;flip-x&#8221;][\/vc_column_text][\/vc_column][\/vc_row][vc_row padding=&#8221;0&#8243;][vc_column][mk_fancy_title color=&#8221;#393836&#8243; size=&#8221;24&#8243; margin_top=&#8221;-1&#8243; margin_bottom=&#8221;16&#8243; font_family=&#8221;none&#8221; animation=&#8221;fade-in&#8221;] La Re-Member Card es la tarjeta gratuita de prepago\u00a0de Re-Read. Con ella,\u00a0Re-galar libros resulta\u00a0muy f\u00e1cil. RECUERDA que con la Re-Member\u00a0podr\u00e1s comprar cualquier libro de tu librer\u00eda Re-Read a 2,40 euros. [&hellip;]<\/p>\n","protected":false},"author":4,"featured_media":0,"parent":0,"menu_order":200,"comment_status":"closed","ping_status":"closed","template":"","meta":[],"acf":[],"yoast_head":"<!-- This site is optimized with the Yoast SEO plugin v17.4 - https:\/\/yoast.com\/wordpress\/plugins\/seo\/ -->\n<title>Hazte socio de Librer\u00eda Re-Read con la tarjeta Re-Member<\/title>\n<meta name=\"description\" content=\"Con ella, podr\u00e1s comprar cualquier libro de tu librer\u00eda Re-Read a 2\u20ac.\" \/>\n<meta name=\"robots\" content=\"index, follow, max-snippet:-1, max-image-preview:large, max-video-preview:-1\" \/>\n<link rel=\"canonical\" href=\"https:\/\/www.re-read.com\/en\/tarjeta-socio-libreria-re-read\/\" \/>\n<meta property=\"og:locale\" content=\"en_US\" \/>\n<meta property=\"og:type\" content=\"article\" \/>\n<meta property=\"og:title\" content=\"Hazte socio de Librer\u00eda Re-Read con la tarjeta Re-Member\" \/>\n<meta property=\"og:description\" content=\"Con ella, podr\u00e1s comprar cualquier libro de tu librer\u00eda Re-Read a 2\u20ac.\" \/>\n<meta property=\"og:url\" content=\"https:\/\/www.re-read.com\/en\/tarjeta-socio-libreria-re-read\/\" \/>\n<meta property=\"og:site_name\" content=\"Re-Read Librer\u00eda lowcost : 1 libro 4\u20ac \u2022 2 libros 6\u20ac \u2022 5 libros 12\u20ac \u2022\" \/>\n<meta property=\"article:publisher\" content=\"http:\/\/www.facebook.com\/ReReadLibreriaLowcost\" \/>\n<meta property=\"article:modified_time\" content=\"2023-05-20T17:41:14+00:00\" \/>\n<meta property=\"og:image\" content=\"https:\/\/www.re-read.com\/wp-content\/uploads\/2013\/10\/re-member-anim.gif\" \/>\n<meta name=\"twitter:label1\" content=\"Est. reading time\" \/>\n\t<meta name=\"twitter:data1\" content=\"1 minute\" \/>\n<script type=\"application\/ld+json\" class=\"yoast-schema-graph\">{\"@context\":\"https:\/\/schema.org\",\"@graph\":[{\"@type\":\"Organization\",\"@id\":\"https:\/\/www.re-read.com\/#organization\",\"name\":\"Re-Read Librer\\u00eda Lowcost\",\"url\":\"https:\/\/www.re-read.com\/\",\"sameAs\":[\"http:\/\/www.facebook.com\/ReReadLibreriaLowcost\",\"https:\/\/www.instagram.com\/rereadlibrerialowcostoficial\",\"https:\/\/www.youtube.com\/channel\/UCLe8wJmNXZv2nwOciMnuZeA\"],\"logo\":{\"@type\":\"ImageObject\",\"@id\":\"https:\/\/www.re-read.com\/#logo\",\"inLanguage\":\"en-US\",\"url\":\"https:\/\/www.re-read.com\/wp-content\/uploads\/2013\/05\/logo-640x240-medio-cast.gif\",\"contentUrl\":\"https:\/\/www.re-read.com\/wp-content\/uploads\/2013\/05\/logo-640x240-medio-cast.gif\",\"width\":640,\"height\":240,\"caption\":\"Re-Read Librer\\u00eda Lowcost\"},\"image\":{\"@id\":\"https:\/\/www.re-read.com\/#logo\"}},{\"@type\":\"WebSite\",\"@id\":\"https:\/\/www.re-read.com\/#website\",\"url\":\"https:\/\/www.re-read.com\/\",\"name\":\"Re-Read Librer\\u00eda lowcost : 1 libro 4\\u20ac \\u2022 2 libros 6\\u20ac \\u2022 5 libros 12\\u20ac \\u2022\",\"description\":\"Libros casi nuevos a un precio casi imposible\",\"publisher\":{\"@id\":\"https:\/\/www.re-read.com\/#organization\"},\"potentialAction\":[{\"@type\":\"SearchAction\",\"target\":{\"@type\":\"EntryPoint\",\"urlTemplate\":\"https:\/\/www.re-read.com\/?s={search_term_string}\"},\"query-input\":\"required name=search_term_string\"}],\"inLanguage\":\"en-US\"},{\"@type\":\"ImageObject\",\"@id\":\"https:\/\/www.re-read.com\/en\/tarjeta-socio-libreria-re-read\/#primaryimage\",\"inLanguage\":\"en-US\",\"url\":\"https:\/\/www.re-read.com\/wp-content\/uploads\/2013\/10\/re-member-anim.gif\",\"contentUrl\":\"https:\/\/www.re-read.com\/wp-content\/uploads\/2013\/10\/re-member-anim.gif\",\"width\":500,\"height\":500},{\"@type\":\"WebPage\",\"@id\":\"https:\/\/www.re-read.com\/en\/tarjeta-socio-libreria-re-read\/#webpage\",\"url\":\"https:\/\/www.re-read.com\/en\/tarjeta-socio-libreria-re-read\/\",\"name\":\"Hazte socio de Librer\\u00eda Re-Read con la tarjeta Re-Member\",\"isPartOf\":{\"@id\":\"https:\/\/www.re-read.com\/#website\"},\"primaryImageOfPage\":{\"@id\":\"https:\/\/www.re-read.com\/en\/tarjeta-socio-libreria-re-read\/#primaryimage\"},\"datePublished\":\"2014-09-30T16:59:49+00:00\",\"dateModified\":\"2023-05-20T17:41:14+00:00\",\"description\":\"Con ella, podr\\u00e1s comprar cualquier libro de tu librer\\u00eda Re-Read a 2\\u20ac.\",\"breadcrumb\":{\"@id\":\"https:\/\/www.re-read.com\/en\/tarjeta-socio-libreria-re-read\/#breadcrumb\"},\"inLanguage\":\"en-US\",\"potentialAction\":[{\"@type\":\"ReadAction\",\"target\":[\"https:\/\/www.re-read.com\/en\/tarjeta-socio-libreria-re-read\/\"]}]},{\"@type\":\"BreadcrumbList\",\"@id\":\"https:\/\/www.re-read.com\/en\/tarjeta-socio-libreria-re-read\/#breadcrumb\",\"itemListElement\":[{\"@type\":\"ListItem\",\"position\":1,\"name\":\"Portada\",\"item\":\"https:\/\/www.re-read.com\/en\/\"},{\"@type\":\"ListItem\",\"position\":2,\"name\":\"Hazte socio con la tarjeta Re-Member\"}]}]}<\/script>\n<!-- \/ Yoast SEO plugin. -->","yoast_head_json":{"title":"Hazte socio de Librer\u00eda Re-Read con la tarjeta Re-Member","description":"Con ella, podr\u00e1s comprar cualquier libro de tu librer\u00eda Re-Read a 2\u20ac.","robots":{"index":"index","follow":"follow","max-snippet":"max-snippet:-1","max-image-preview":"max-image-preview:large","max-video-preview":"max-video-preview:-1"},"canonical":"https:\/\/www.re-read.com\/en\/tarjeta-socio-libreria-re-read\/","og_locale":"en_US","og_type":"article","og_title":"Hazte socio de Librer\u00eda Re-Read con la tarjeta Re-Member","og_description":"Con ella, podr\u00e1s comprar cualquier libro de tu librer\u00eda Re-Read a 2\u20ac.","og_url":"https:\/\/www.re-read.com\/en\/tarjeta-socio-libreria-re-read\/","og_site_name":"Re-Read Librer\u00eda lowcost : 1 libro 4\u20ac \u2022 2 libros 6\u20ac \u2022 5 libros 12\u20ac \u2022","article_publisher":"http:\/\/www.facebook.com\/ReReadLibreriaLowcost","article_modified_time":"2023-05-20T17:41:14+00:00","og_image":[{"url":"https:\/\/www.re-read.com\/wp-content\/uploads\/2013\/10\/re-member-anim.gif"}],"twitter_misc":{"Est. reading time":"1 minute"},"schema":{"@context":"https:\/\/schema.org","@graph":[{"@type":"Organization","@id":"https:\/\/www.re-read.com\/#organization","name":"Re-Read Librer\u00eda Lowcost","url":"https:\/\/www.re-read.com\/","sameAs":["http:\/\/www.facebook.com\/ReReadLibreriaLowcost","https:\/\/www.instagram.com\/rereadlibrerialowcostoficial","https:\/\/www.youtube.com\/channel\/UCLe8wJmNXZv2nwOciMnuZeA"],"logo":{"@type":"ImageObject","@id":"https:\/\/www.re-read.com\/#logo","inLanguage":"en-US","url":"https:\/\/www.re-read.com\/wp-content\/uploads\/2013\/05\/logo-640x240-medio-cast.gif","contentUrl":"https:\/\/www.re-read.com\/wp-content\/uploads\/2013\/05\/logo-640x240-medio-cast.gif","width":640,"height":240,"caption":"Re-Read Librer\u00eda Lowcost"},"image":{"@id":"https:\/\/www.re-read.com\/#logo"}},{"@type":"WebSite","@id":"https:\/\/www.re-read.com\/#website","url":"https:\/\/www.re-read.com\/","name":"Re-Read Librer\u00eda lowcost : 1 libro 4\u20ac \u2022 2 libros 6\u20ac \u2022 5 libros 12\u20ac \u2022","description":"Libros casi nuevos a un precio casi imposible","publisher":{"@id":"https:\/\/www.re-read.com\/#organization"},"potentialAction":[{"@type":"SearchAction","target":{"@type":"EntryPoint","urlTemplate":"https:\/\/www.re-read.com\/?s={search_term_string}"},"query-input":"required name=search_term_string"}],"inLanguage":"en-US"},{"@type":"ImageObject","@id":"https:\/\/www.re-read.com\/en\/tarjeta-socio-libreria-re-read\/#primaryimage","inLanguage":"en-US","url":"https:\/\/www.re-read.com\/wp-content\/uploads\/2013\/10\/re-member-anim.gif","contentUrl":"https:\/\/www.re-read.com\/wp-content\/uploads\/2013\/10\/re-member-anim.gif","width":500,"height":500},{"@type":"WebPage","@id":"https:\/\/www.re-read.com\/en\/tarjeta-socio-libreria-re-read\/#webpage","url":"https:\/\/www.re-read.com\/en\/tarjeta-socio-libreria-re-read\/","name":"Hazte socio de Librer\u00eda Re-Read con la tarjeta Re-Member","isPartOf":{"@id":"https:\/\/www.re-read.com\/#website"},"primaryImageOfPage":{"@id":"https:\/\/www.re-read.com\/en\/tarjeta-socio-libreria-re-read\/#primaryimage"},"datePublished":"2014-09-30T16:59:49+00:00","dateModified":"2023-05-20T17:41:14+00:00","description":"Con ella, podr\u00e1s comprar cualquier libro de tu librer\u00eda Re-Read a 2\u20ac.","breadcrumb":{"@id":"https:\/\/www.re-read.com\/en\/tarjeta-socio-libreria-re-read\/#breadcrumb"},"inLanguage":"en-US","potentialAction":[{"@type":"ReadAction","target":["https:\/\/www.re-read.com\/en\/tarjeta-socio-libreria-re-read\/"]}]},{"@type":"BreadcrumbList","@id":"https:\/\/www.re-read.com\/en\/tarjeta-socio-libreria-re-read\/#breadcrumb","itemListElement":[{"@type":"ListItem","position":1,"name":"Portada","item":"https:\/\/www.re-read.com\/en\/"},{"@type":"ListItem","position":2,"name":"Hazte socio con la tarjeta Re-Member"}]}]}},"_links":{"self":[{"href":"https:\/\/www.re-read.com\/en\/wp-json\/wp\/v2\/pages\/5223"}],"collection":[{"href":"https:\/\/www.re-read.com\/en\/wp-json\/wp\/v2\/pages"}],"about":[{"href":"https:\/\/www.re-read.com\/en\/wp-json\/wp\/v2\/types\/page"}],"author":[{"embeddable":true,"href":"https:\/\/www.re-read.com\/en\/wp-json\/wp\/v2\/users\/4"}],"replies":[{"embeddable":true,"href":"https:\/\/www.re-read.com\/en\/wp-json\/wp\/v2\/comments?post=5223"}],"version-history":[{"count":2,"href":"https:\/\/www.re-read.com\/en\/wp-json\/wp\/v2\/pages\/5223\/revisions"}],"predecessor-version":[{"id":106990,"href":"https:\/\/www.re-read.com\/en\/wp-json\/wp\/v2\/pages\/5223\/revisions\/106990"}],"wp:attachment":[{"href":"https:\/\/www.re-read.com\/en\/wp-json\/wp\/v2\/media?parent=5223"}],"curies":[{"name":"wp","href":"https:\/\/api.w.org\/{rel}","templated":true}]}}