 
{"id":1416,"date":"2013-05-14T06:40:11","date_gmt":"2013-05-14T06:40:11","guid":{"rendered":"http:\/\/re-read.com\/?page_id=1416"},"modified":"2024-01-29T18:17:40","modified_gmt":"2024-01-29T17:17:40","slug":"bienvenue","status":"publish","type":"page","link":"https:\/\/www.re-read.com\/fr\/","title":{"rendered":"Bienvenue"},"content":{"rendered":"[vc_row][vc_column][mk_padding_divider][vc_column_text]\n<h2 class=\"planque\">Re-Read Librer\u00eda Lowcost<\/h2>\n<p class=\"planque\">La Librer\u00eda Lowcost de libros de segunda mano con libros casi nuevos a precio casi imposible.<\/p>\n[\/vc_column_text][vc_column_text align=\u00a0\u00bbcenter\u00a0\u00bb animation=\u00a0\u00bbscale-up\u00a0\u00bb]<img decoding=\"async\" loading=\"lazy\" class=\"aligncenter wp-image-120926 size-full\" src=\"https:\/\/www.re-read.com\/wp-content\/uploads\/2024\/01\/logo-re-read-solo-transp-640x145-1.png\" alt=\"\" width=\"640\" height=\"146\" srcset=\"https:\/\/www.re-read.com\/wp-content\/uploads\/2024\/01\/logo-re-read-solo-transp-640x145-1.png 640w, https:\/\/www.re-read.com\/wp-content\/uploads\/2024\/01\/logo-re-read-solo-transp-640x145-1-300x68.png 300w\" sizes=\"(max-width: 640px) 100vw, 640px\" \/><\/p>\n<p><img decoding=\"async\" loading=\"lazy\" class=\"aligncenter size-full wp-image-120629\" src=\"https:\/\/www.re-read.com\/wp-content\/uploads\/2023\/12\/logo-re-read-640x64-librairie-lowcost.png\" alt=\"\" width=\"640\" height=\"64\" \/>[\/vc_column_text][vc_column_text align=\u00a0\u00bbcenter\u00a0\u00bb animation=\u00a0\u00bbbottom-to-top\u00a0\u00bb]<img decoding=\"async\" loading=\"lazy\" class=\"alignleft wp-image-4091\" src=\"https:\/\/www.re-read.com\/wp-content\/uploads\/2014\/11\/transp-Re-Read-10x10-150x150.png\" alt=\"\" width=\"110\" height=\"110\" srcset=\"https:\/\/www.re-read.com\/wp-content\/uploads\/2014\/11\/transp-Re-Read-10x10-150x150.png 150w, https:\/\/www.re-read.com\/wp-content\/uploads\/2014\/11\/transp-Re-Read-10x10-300x300.png 300w, https:\/\/www.re-read.com\/wp-content\/uploads\/2014\/11\/transp-Re-Read-10x10.png 10w\" sizes=\"(max-width: 110px) 100vw, 110px\" \/><a href=\"https:\/\/www.re-read.com\/fr\/offrez-vous-une-carte-prepayee-de-livres\/\"><img decoding=\"async\" loading=\"lazy\" class=\"alignright wp-image-109635 size-full\" src=\"https:\/\/www.re-read.com\/wp-content\/uploads\/2023\/11\/pastilla-tarjeta-regalo-fr-150x150-1.png\" alt=\"\" width=\"150\" height=\"150\" srcset=\"https:\/\/www.re-read.com\/wp-content\/uploads\/2023\/11\/pastilla-tarjeta-regalo-fr-150x150-1.png 150w, https:\/\/www.re-read.com\/wp-content\/uploads\/2023\/11\/pastilla-tarjeta-regalo-fr-150x150-1-62x62.png 62w, https:\/\/www.re-read.com\/wp-content\/uploads\/2023\/11\/pastilla-tarjeta-regalo-fr-150x150-1-100x100.png 100w, https:\/\/www.re-read.com\/wp-content\/uploads\/2023\/11\/pastilla-tarjeta-regalo-fr-150x150-1-60x60.png 60w, https:\/\/www.re-read.com\/wp-content\/uploads\/2023\/11\/pastilla-tarjeta-regalo-fr-150x150-1-300x300.png 300w\" sizes=\"(max-width: 150px) 100vw, 150px\" \/><\/a>Chez Re-Read, vous trouverez des livres d&rsquo;occasion en parfait \u00e9tat.<br \/>\nVous pouvez aussi vendre les v\u00f4tres, parce qu&rsquo;il y a toujours des livres lus et des livres \u00e0 lire.<br \/>\nC&rsquo;est pourquoi nous Re-achetons et Re-vendons pour que vous n&rsquo;en manquiez jamais.<\/p>\n[\/vc_column_text][vc_tta_tabs][vc_tta_section i_icon_fontawesome=\u00a0\u00bbfa fa-camera\u00a0\u00bb add_icon=\u00a0\u00bbtrue\u00a0\u00bb tab_id=\u00a0\u00bb1492943621803-91d4f470-c72b\u00a0\u00bb title=\u00a0\u00bbPhotos\u00a0\u00bb][mk_fullwidth_slideshow padding=\u00a0\u00bb69&Prime; images=\u00a0\u00bb3885,2184,1060,3884,3887,3889&Prime; effect=\u00a0\u00bbslide\u00a0\u00bb][\/vc_tta_section][vc_tta_section i_icon_fontawesome=\u00a0\u00bbfa fa-film\u00a0\u00bb add_icon=\u00a0\u00bbtrue\u00a0\u00bb tab_id=\u00a0\u00bb1492943621732-40631787-014f\u00a0\u00bb title=\u00a0\u00bbVid\u00e9os\u00a0\u00bb]<div style=\"overflow:hidden;text-align:left;\"><div style=\"width:100%;display:inline-block;margin-right:0px;margin-bottom:5px;\"><div class=\"mp-outer-video\" style=\"padding-bottom:56.25%;\"><iframe class=\"mp-youtube-player\" type=\"text\/html\" width=\"100%\" height=\"100%\" src=\"https:\/\/www.youtube.com\/embed\/u2acP1M_Scg?wmode=transparent&autohide=0&autoplay=0&controls=1&rel=0&modestbranding=1&showinfo=0&start=&end=&iv_load_policy=1&theme=dark&vq=hd1080\" frameborder=\"0\" allowfullscreen><\/iframe><\/div><\/div><\/div>[\/vc_tta_section][vc_tta_section i_icon_fontawesome=\u00a0\u00bbfa fa-film\u00a0\u00bb add_icon=\u00a0\u00bbtrue\u00a0\u00bb title=\u00a0\u00bbCartes cadeau\u00a0\u00bb tab_id=\u00a0\u00bbcarte-cadeau\u00a0\u00bb]<div style=\"overflow:hidden;text-align:left;\"><div style=\"width:100%;display:inline-block;margin-right:0px;margin-bottom:5px;\"><div class=\"mp-outer-video\" style=\"padding-bottom:56.25%;\"><iframe class=\"mp-youtube-player\" type=\"text\/html\" width=\"100%\" height=\"100%\" src=\"https:\/\/www.youtube.com\/embed\/iito4p66ybg?wmode=transparent&autohide=0&autoplay=0&controls=1&rel=0&modestbranding=1&showinfo=0&start=&end=&iv_load_policy=1&theme=dark&vq=hd1080\" frameborder=\"0\" allowfullscreen><\/iframe><\/div><\/div><\/div>[\/vc_tta_section][\/vc_tta_tabs][vc_column_text align=\u00a0\u00bbcenter\u00a0\u00bb animation=\u00a0\u00bbright-to-left\u00a0\u00bb]Les derni\u00e8res nouveaut\u00e9s sont sur notre cha\u00eene <a href=\"https:\/\/www.youtube.com\/channel\/UCLe8wJmNXZv2nwOciMnuZeA\" target=\"_blank\" rel=\"noopener noreferrer\"><img decoding=\"async\" loading=\"lazy\" class=\"alignnone wp-image-86821 size-full\" src=\"https:\/\/www.re-read.com\/wp-content\/uploads\/2013\/05\/youtube-logo-50.png\" alt=\"Canal youtube de Re-Read\" width=\"50\" height=\"21\" \/><\/a>[\/vc_column_text][\/vc_column][\/vc_row]\n","protected":false},"excerpt":{"rendered":"<p>[vc_row][vc_column][mk_padding_divider][vc_column_text] Re-Read Librer\u00eda Lowcost La Librer\u00eda Lowcost de libros de segunda mano con libros casi nuevos a precio casi imposible. [\/vc_column_text][vc_column_text align=\u00a0\u00bbcenter\u00a0\u00bb animation=\u00a0\u00bbscale-up\u00a0\u00bb] [\/vc_column_text][vc_column_text align=\u00a0\u00bbcenter\u00a0\u00bb animation=\u00a0\u00bbbottom-to-top\u00a0\u00bb]Chez Re-Read, vous trouverez des livres d&rsquo;occasion en parfait \u00e9tat. Vous pouvez aussi vendre les v\u00f4tres, parce qu&rsquo;il y a toujours des livres lus et des livres \u00e0 lire. C&rsquo;est [&hellip;]<\/p>\n","protected":false},"author":4,"featured_media":0,"parent":0,"menu_order":0,"comment_status":"closed","ping_status":"closed","template":"","meta":[],"acf":[],"yoast_head":"<!-- This site is optimized with the Yoast SEO plugin v17.4 - https:\/\/yoast.com\/wordpress\/plugins\/seo\/ -->\n<title>Re-Read Librairie lowcost : 1 livre 4\u20ac \u2022 2 livres 7\u20ac \u2022 5 livres 15\u20ac \u2022<\/title>\n<meta name=\"description\" content=\"Livres quasiment neuf \u00e0 un prix quasiment impossible : 1 livre 4\u20ac \u2022 2 livres 6\u20ac \u2022 5 livres 12\u20ac\" \/>\n<meta name=\"robots\" content=\"index, follow, max-snippet:-1, max-image-preview:large, max-video-preview:-1\" \/>\n<link rel=\"canonical\" href=\"https:\/\/www.re-read.com\/fr\/\" \/>\n<meta property=\"og:locale\" content=\"fr_FR\" \/>\n<meta property=\"og:type\" content=\"article\" \/>\n<meta property=\"og:title\" content=\"Re-Read Librairie lowcost : 1 livre 4\u20ac \u2022 2 livres 7\u20ac \u2022 5 livres 15\u20ac \u2022\" \/>\n<meta property=\"og:description\" content=\"Livres quasiment neuf \u00e0 un prix quasiment impossible : 1 livre 4\u20ac \u2022 2 livres 6\u20ac \u2022 5 livres 12\u20ac\" \/>\n<meta property=\"og:url\" content=\"https:\/\/www.re-read.com\/fr\/\" \/>\n<meta property=\"og:site_name\" content=\"Re-Read Librer\u00eda lowcost : 1 libro 4\u20ac \u2022 2 libros 6\u20ac \u2022 5 libros 12\u20ac \u2022\" \/>\n<meta property=\"article:publisher\" content=\"http:\/\/www.facebook.com\/ReReadLibreriaLowcost\" \/>\n<meta property=\"article:modified_time\" content=\"2024-01-29T17:17:40+00:00\" \/>\n<meta property=\"og:image\" content=\"https:\/\/www.re-read.com\/wp-content\/uploads\/2024\/01\/logo-re-read-solo-transp-640x145-1.png\" \/>\n<meta name=\"twitter:label1\" content=\"Dur\u00e9e de lecture est.\" \/>\n\t<meta name=\"twitter:data1\" content=\"1 minute\" \/>\n<script type=\"application\/ld+json\" class=\"yoast-schema-graph\">{\"@context\":\"https:\/\/schema.org\",\"@graph\":[{\"@type\":\"Organization\",\"@id\":\"https:\/\/www.re-read.com\/#organization\",\"name\":\"Re-Read Librer\\u00eda Lowcost\",\"url\":\"https:\/\/www.re-read.com\/\",\"sameAs\":[\"http:\/\/www.facebook.com\/ReReadLibreriaLowcost\",\"https:\/\/www.instagram.com\/rereadlibrerialowcostoficial\",\"https:\/\/www.youtube.com\/channel\/UCLe8wJmNXZv2nwOciMnuZeA\"],\"logo\":{\"@type\":\"ImageObject\",\"@id\":\"https:\/\/www.re-read.com\/#logo\",\"inLanguage\":\"fr-FR\",\"url\":\"https:\/\/www.re-read.com\/wp-content\/uploads\/2013\/05\/logo-640x240-medio-cast.gif\",\"contentUrl\":\"https:\/\/www.re-read.com\/wp-content\/uploads\/2013\/05\/logo-640x240-medio-cast.gif\",\"width\":640,\"height\":240,\"caption\":\"Re-Read Librer\\u00eda Lowcost\"},\"image\":{\"@id\":\"https:\/\/www.re-read.com\/#logo\"}},{\"@type\":\"WebSite\",\"@id\":\"https:\/\/www.re-read.com\/#website\",\"url\":\"https:\/\/www.re-read.com\/\",\"name\":\"Re-Read Librer\\u00eda lowcost : 1 libro 4\\u20ac \\u2022 2 libros 6\\u20ac \\u2022 5 libros 12\\u20ac \\u2022\",\"description\":\"Des livres quasiment neufs \\u00e0 un prix quasiment impossible.\",\"publisher\":{\"@id\":\"https:\/\/www.re-read.com\/#organization\"},\"potentialAction\":[{\"@type\":\"SearchAction\",\"target\":{\"@type\":\"EntryPoint\",\"urlTemplate\":\"https:\/\/www.re-read.com\/?s={search_term_string}\"},\"query-input\":\"required name=search_term_string\"}],\"inLanguage\":\"fr-FR\"},{\"@type\":\"ImageObject\",\"@id\":\"https:\/\/www.re-read.com\/fr\/#primaryimage\",\"inLanguage\":\"fr-FR\",\"url\":\"https:\/\/www.re-read.com\/wp-content\/uploads\/2024\/01\/logo-re-read-solo-transp-640x145-1.png\",\"contentUrl\":\"https:\/\/www.re-read.com\/wp-content\/uploads\/2024\/01\/logo-re-read-solo-transp-640x145-1.png\",\"width\":640,\"height\":146},{\"@type\":\"WebPage\",\"@id\":\"https:\/\/www.re-read.com\/fr\/#webpage\",\"url\":\"https:\/\/www.re-read.com\/fr\/\",\"name\":\"Re-Read Librairie lowcost : 1 livre 4\\u20ac \\u2022 2 livres 7\\u20ac \\u2022 5 livres 15\\u20ac \\u2022\",\"isPartOf\":{\"@id\":\"https:\/\/www.re-read.com\/#website\"},\"primaryImageOfPage\":{\"@id\":\"https:\/\/www.re-read.com\/fr\/#primaryimage\"},\"datePublished\":\"2013-05-14T06:40:11+00:00\",\"dateModified\":\"2024-01-29T17:17:40+00:00\",\"description\":\"Livres quasiment neuf \\u00e0 un prix quasiment impossible : 1 livre 4\\u20ac \\u2022 2 livres 6\\u20ac \\u2022 5 livres 12\\u20ac\",\"breadcrumb\":{\"@id\":\"https:\/\/www.re-read.com\/fr\/#breadcrumb\"},\"inLanguage\":\"fr-FR\",\"potentialAction\":[{\"@type\":\"ReadAction\",\"target\":[\"https:\/\/www.re-read.com\/fr\/\"]}]},{\"@type\":\"BreadcrumbList\",\"@id\":\"https:\/\/www.re-read.com\/fr\/#breadcrumb\",\"itemListElement\":[{\"@type\":\"ListItem\",\"position\":1,\"name\":\"Portada\",\"item\":\"https:\/\/www.re-read.com\/fr\/\"},{\"@type\":\"ListItem\",\"position\":2,\"name\":\"Bienvenue\"}]}]}<\/script>\n<!-- \/ Yoast SEO plugin. -->","yoast_head_json":{"title":"Re-Read Librairie lowcost : 1 livre 4\u20ac \u2022 2 livres 7\u20ac \u2022 5 livres 15\u20ac \u2022","description":"Livres quasiment neuf \u00e0 un prix quasiment impossible : 1 livre 4\u20ac \u2022 2 livres 6\u20ac \u2022 5 livres 12\u20ac","robots":{"index":"index","follow":"follow","max-snippet":"max-snippet:-1","max-image-preview":"max-image-preview:large","max-video-preview":"max-video-preview:-1"},"canonical":"https:\/\/www.re-read.com\/fr\/","og_locale":"fr_FR","og_type":"article","og_title":"Re-Read Librairie lowcost : 1 livre 4\u20ac \u2022 2 livres 7\u20ac \u2022 5 livres 15\u20ac \u2022","og_description":"Livres quasiment neuf \u00e0 un prix quasiment impossible : 1 livre 4\u20ac \u2022 2 livres 6\u20ac \u2022 5 livres 12\u20ac","og_url":"https:\/\/www.re-read.com\/fr\/","og_site_name":"Re-Read Librer\u00eda lowcost : 1 libro 4\u20ac \u2022 2 libros 6\u20ac \u2022 5 libros 12\u20ac \u2022","article_publisher":"http:\/\/www.facebook.com\/ReReadLibreriaLowcost","article_modified_time":"2024-01-29T17:17:40+00:00","og_image":[{"url":"https:\/\/www.re-read.com\/wp-content\/uploads\/2024\/01\/logo-re-read-solo-transp-640x145-1.png"}],"twitter_misc":{"Dur\u00e9e de lecture est.":"1 minute"},"schema":{"@context":"https:\/\/schema.org","@graph":[{"@type":"Organization","@id":"https:\/\/www.re-read.com\/#organization","name":"Re-Read Librer\u00eda Lowcost","url":"https:\/\/www.re-read.com\/","sameAs":["http:\/\/www.facebook.com\/ReReadLibreriaLowcost","https:\/\/www.instagram.com\/rereadlibrerialowcostoficial","https:\/\/www.youtube.com\/channel\/UCLe8wJmNXZv2nwOciMnuZeA"],"logo":{"@type":"ImageObject","@id":"https:\/\/www.re-read.com\/#logo","inLanguage":"fr-FR","url":"https:\/\/www.re-read.com\/wp-content\/uploads\/2013\/05\/logo-640x240-medio-cast.gif","contentUrl":"https:\/\/www.re-read.com\/wp-content\/uploads\/2013\/05\/logo-640x240-medio-cast.gif","width":640,"height":240,"caption":"Re-Read Librer\u00eda Lowcost"},"image":{"@id":"https:\/\/www.re-read.com\/#logo"}},{"@type":"WebSite","@id":"https:\/\/www.re-read.com\/#website","url":"https:\/\/www.re-read.com\/","name":"Re-Read Librer\u00eda lowcost : 1 libro 4\u20ac \u2022 2 libros 6\u20ac \u2022 5 libros 12\u20ac \u2022","description":"Des livres quasiment neufs \u00e0 un prix quasiment impossible.","publisher":{"@id":"https:\/\/www.re-read.com\/#organization"},"potentialAction":[{"@type":"SearchAction","target":{"@type":"EntryPoint","urlTemplate":"https:\/\/www.re-read.com\/?s={search_term_string}"},"query-input":"required name=search_term_string"}],"inLanguage":"fr-FR"},{"@type":"ImageObject","@id":"https:\/\/www.re-read.com\/fr\/#primaryimage","inLanguage":"fr-FR","url":"https:\/\/www.re-read.com\/wp-content\/uploads\/2024\/01\/logo-re-read-solo-transp-640x145-1.png","contentUrl":"https:\/\/www.re-read.com\/wp-content\/uploads\/2024\/01\/logo-re-read-solo-transp-640x145-1.png","width":640,"height":146},{"@type":"WebPage","@id":"https:\/\/www.re-read.com\/fr\/#webpage","url":"https:\/\/www.re-read.com\/fr\/","name":"Re-Read Librairie lowcost : 1 livre 4\u20ac \u2022 2 livres 7\u20ac \u2022 5 livres 15\u20ac \u2022","isPartOf":{"@id":"https:\/\/www.re-read.com\/#website"},"primaryImageOfPage":{"@id":"https:\/\/www.re-read.com\/fr\/#primaryimage"},"datePublished":"2013-05-14T06:40:11+00:00","dateModified":"2024-01-29T17:17:40+00:00","description":"Livres quasiment neuf \u00e0 un prix quasiment impossible : 1 livre 4\u20ac \u2022 2 livres 6\u20ac \u2022 5 livres 12\u20ac","breadcrumb":{"@id":"https:\/\/www.re-read.com\/fr\/#breadcrumb"},"inLanguage":"fr-FR","potentialAction":[{"@type":"ReadAction","target":["https:\/\/www.re-read.com\/fr\/"]}]},{"@type":"BreadcrumbList","@id":"https:\/\/www.re-read.com\/fr\/#breadcrumb","itemListElement":[{"@type":"ListItem","position":1,"name":"Portada","item":"https:\/\/www.re-read.com\/fr\/"},{"@type":"ListItem","position":2,"name":"Bienvenue"}]}]}},"_links":{"self":[{"href":"https:\/\/www.re-read.com\/fr\/wp-json\/wp\/v2\/pages\/1416"}],"collection":[{"href":"https:\/\/www.re-read.com\/fr\/wp-json\/wp\/v2\/pages"}],"about":[{"href":"https:\/\/www.re-read.com\/fr\/wp-json\/wp\/v2\/types\/page"}],"author":[{"embeddable":true,"href":"https:\/\/www.re-read.com\/fr\/wp-json\/wp\/v2\/users\/4"}],"replies":[{"embeddable":true,"href":"https:\/\/www.re-read.com\/fr\/wp-json\/wp\/v2\/comments?post=1416"}],"version-history":[{"count":26,"href":"https:\/\/www.re-read.com\/fr\/wp-json\/wp\/v2\/pages\/1416\/revisions"}],"predecessor-version":[{"id":121063,"href":"https:\/\/www.re-read.com\/fr\/wp-json\/wp\/v2\/pages\/1416\/revisions\/121063"}],"wp:attachment":[{"href":"https:\/\/www.re-read.com\/fr\/wp-json\/wp\/v2\/media?parent=1416"}],"curies":[{"name":"wp","href":"https:\/\/api.w.org\/{rel}","templated":true}]}}