 
{"id":16528,"date":"2016-05-09T12:36:06","date_gmt":"2016-05-09T10:36:06","guid":{"rendered":"http:\/\/www.re-read.com\/fr\/condiciones-generales-de-venta-re-read\/"},"modified":"2026-03-02T11:19:18","modified_gmt":"2026-03-02T10:19:18","slug":"condiciones-generales-de-venta-re-read","status":"publish","type":"page","link":"https:\/\/www.re-read.com\/fr\/condiciones-generales-de-venta-re-read\/","title":{"rendered":"Condiciones generales de venta"},"content":{"rendered":"[vc_row][vc_column][vc_column_text]\n<h1><img decoding=\"async\" loading=\"lazy\" class=\"alignleft size-full wp-image-12270\" src=\"https:\/\/www.re-read.com\/wp-content\/uploads\/2015\/11\/the-book-finder-logo-bn-320x136.png\" alt=\"the-book-finder-logo-bn-320x136\" width=\"320\" height=\"136\" srcset=\"https:\/\/www.re-read.com\/wp-content\/uploads\/2015\/11\/the-book-finder-logo-bn-320x136.png 320w, https:\/\/www.re-read.com\/wp-content\/uploads\/2015\/11\/the-book-finder-logo-bn-320x136-300x128.png 300w\" sizes=\"(max-width: 320px) 100vw, 320px\" \/>Condiciones generales de\u00a0venta<\/h1>\n<h3>Objeto<\/h3>\n<p>Las presentes Condiciones tienen como objetivo definir la manera en la que Re-Read.com\u00a0pone a disposici\u00f3n de los Re-compradores herramientas tecnol\u00f3gicas innovadoras para comprar libros\u00a0de\u00a0segunda mano (a partir de ahora \u00ab\u00a0Libros\u00a0\u00bb) propuestos a un precio inicial cerrado.<\/p>\n<h3>Descripci\u00f3n del Servicio<\/h3>\n<p>El Servicio The Book Finder\u00a0est\u00e1 constituido de un conjunto de herramientas que permite, a las librer\u00edas Re-Read\u00a0afiliadas, ponerse en contacto con Compradores, para proponerles Libros\u00a0a la venta; referenciar y describir estos Libros\u00a0por fotograf\u00edas, aceptar los pedidos realizados por los Compradores, recibir el importe de los Libros\u00a0comprados.<\/p>\n<h3>Informaci\u00f3n legal<\/h3>\n<p>www.re-read.com es un dominio registrado por BA\u00cfBARS LLIBRER\u00cdA-CAF\u00c9, S.L. con domicilio social en 08021 Barcelona, calle Muntaner n\u00ba 270, con C.I.F. B61253068; inscrita en el Registro Mercantil de Barcelona, al Tomo 29482, Folio 89, Hoja n\u00ba B152258.<\/p>\n<h3>Formalizaci\u00f3n de condiciones de venta<\/h3>\n<ol>\n<li>Los Libros\u00a0se presentan en la Web con una descripci\u00f3n fotogr\u00e1fica que informa al Comprador de las caracter\u00edsticas esenciales y su precio.<\/li>\n<li>El Comprador selecciona el o los Libros\u00a0que desea comprar.<\/li>\n<li>Confirma los Libros\u00a0elegidos y lee y acepta las presentes CGV por un clic de validaci\u00f3n.<\/li>\n<li>El Comprador recibe un email de confirmaci\u00f3n de su pedido. Sin embargo, el contrato se formalizar\u00e1 una vez que el vendedor ha aceptado y cobrado el pedido.<\/li>\n<li>El pago del pedido que realiza el Comprador consiste en una reserva retenida sobre su tarjeta de cr\u00e9dito \/ d\u00e9bito hasta que el pedido quede confirmado -total o parcialmente- o sea anulado.<\/li>\n<li>La librer\u00eda Re-Read\u00a0se compromete a confirmar o a invalidar la disponibilidad de los Libros solicitados por el Comprador, en el\u00a0plazo de los dos d\u00edas laborables, siguientes a la\u00a0recepci\u00f3n del pedido, enviando\u00a0un e-mail al Comprador.<\/li>\n<li>Si un Libro\u00a0no se encuentra disponible (ya vendido), el Vendedor se compromete a no cobrar el precio de dicho producto y a restarlo del total del pedido.<\/li>\n<li>En caso de confirmaci\u00f3n de la disponibilidad del o de los Libros por el Vendedor, se produce la perfecci\u00f3n de la compraventa y\u00a0la librer\u00eda Re-Read\u00a0se compromete firmemente a enviar los Libros\u00a0en el plazo establecido y al comprador se le cobrar\u00e1 el importe del pedido.<\/li>\n<li>En ausencia de confirmaci\u00f3n de la disponibilidad de los Libros en el plazo establecido, el contrato cerrado entre el Comprador y el Vendedor se anula autom\u00e1ticamente y cada una de las partes es liberada de sus Obligaciones. En concreto, se asegura al Comprador que no se le efectuar\u00e1 ese cargo en su cuenta bancaria.<\/li>\n<li>Sin embargo, solo se dar\u00e1 esta circunstancia en los casos de no disponibilidad de los productos.<\/li>\n<li>En caso de confirmaci\u00f3n de la disponibilidad de todo o parte de los Libros\u00a0solicitados por el Comprador, los Libros\u00a0ser\u00e1n expedidos por el Vendedor siguiendo las modalidades fijadas.<\/li>\n<li>Por defecto, el Pedido\u00a0ser\u00e1 considerado como recepcionado en un plazo de 21 d\u00edas, contando desde su fecha de expedici\u00f3n.<\/li>\n<\/ol>\n<h3>Propiedad industrial e intelectual<\/h3>\n<p>Todos los contenidos de\u00a0www.re-read.com\u00a0(incluyendo, fotos, bases de datos, im\u00e1genes, archivos de texto, traducciones, audio, v\u00eddeo y software) son propiedad de BA\u00cfBARS LLIBRER\u00cdA CAFE S.L.\u00a0y est\u00e1n protegidos por las normas nacionales e internacionales de propiedad intelectual e industrial, quedando todos los derechos reservados.<\/p>\n<p>El nombre de dominio y subdominios, las marcas, r\u00f3tulos, signos distintivos o logos que aparecen en www.re-read.com\u00a0son titularidad de BA\u00cfBARS LLIBRER\u00cdA CAFE S.L<\/p>\n<p>Todos los textos, fotos, v\u00eddeos o soportes de audio que pudieran encontrarse en este momento o en un futuro en nuestra web, son propiedad de BA\u00cfBARS LLIBRER\u00cdA CAFE S.L y no podr\u00e1n ser objeto de ulterior modificaci\u00f3n, copia, alteraci\u00f3n, reproducci\u00f3n total o parcial, adaptaci\u00f3n o traducci\u00f3n por parte del USUARIO o de terceros sin la expresa autorizaci\u00f3n por parte de BA\u00cfBARS LLIBRER\u00cdA CAFE S.L.<\/p>\n<p>El uso no autorizado de la informaci\u00f3n contenida en este SITIO WEB, as\u00ed como la lesi\u00f3n de los derechos de propiedad intelectual o industrial dar\u00e1 lugar a las responsabilidades legalmente establecidas.<\/p>\n<h3>Precio y pago<\/h3>\n<p>El precio de compra de los Libros es fijado por el Vendedor. Se menciona en euros IVA INCLU\u00cdDO en la ficha descriptiva, excepto los gastos de env\u00edo, los cuales se a\u00f1adir\u00e1n antes de la validaci\u00f3n del pedido.<\/p>\n<h3>Responsabilidad de la\u00a0empresa<\/h3>\n<p>BA\u00cfBARS LLIBRER\u00cdA-CAF\u00c9, S.L. no ser\u00e1 responsable de los errores en el acceso a re-read.com\u00a0o en sus contenidos, aunque pondr\u00e1 la mayor diligencia en que los mismos no se produzcan.<br \/>\nBA\u00cfBARS LLIBRER\u00cdA-CAF\u00c9, S.L. se reserva el derecho de suspender temporalmente, y sin necesidad de previo aviso, la accesibilidad a re-read.com\u00a0con motivo de una eventual necesidad de efectuar operaciones de mantenimiento, reparaci\u00f3n, actualizaci\u00f3n o mejora del mismo.[\/vc_column_text][\/vc_column][\/vc_row]\n","protected":false},"excerpt":{"rendered":"<p>[vc_row][vc_column][vc_column_text] Condiciones generales de\u00a0venta Objeto Las presentes Condiciones tienen como objetivo definir la manera en la que Re-Read.com\u00a0pone a disposici\u00f3n de los Re-compradores herramientas tecnol\u00f3gicas innovadoras para comprar libros\u00a0de\u00a0segunda mano (a partir de ahora \u00ab\u00a0Libros\u00a0\u00bb) propuestos a un precio inicial cerrado. Descripci\u00f3n del Servicio El Servicio The Book Finder\u00a0est\u00e1 constituido de un conjunto de herramientas [&hellip;]<\/p>\n","protected":false},"author":4,"featured_media":0,"parent":0,"menu_order":0,"comment_status":"closed","ping_status":"closed","template":"","meta":[],"acf":[],"yoast_head":"<!-- This site is optimized with the Yoast SEO plugin v17.4 - https:\/\/yoast.com\/wordpress\/plugins\/seo\/ -->\n<title>Re-Read Librer\u00eda lowcost : 1 libro 4\u20ac \u2022 2 libros 6\u20ac \u2022 5 libros 12\u20ac \u2022<\/title>\n<meta name=\"robots\" content=\"index, follow, max-snippet:-1, max-image-preview:large, max-video-preview:-1\" \/>\n<link rel=\"canonical\" href=\"https:\/\/www.re-read.com\/fr\/condiciones-generales-de-venta-re-read\/\" \/>\n<meta property=\"og:locale\" content=\"fr_FR\" \/>\n<meta property=\"og:type\" content=\"article\" \/>\n<meta property=\"og:description\" content=\"[vc_row][vc_column][vc_column_text] Condiciones generales de\u00a0venta Objeto Las presentes Condiciones tienen como objetivo definir la manera en la que Re-Read.com\u00a0pone a disposici\u00f3n de los Re-compradores herramientas tecnol\u00f3gicas innovadoras para comprar libros\u00a0de\u00a0segunda mano (a partir de ahora \u00ab\u00a0Libros\u00a0\u00bb) propuestos a un precio inicial cerrado. Descripci\u00f3n del Servicio El Servicio The Book Finder\u00a0est\u00e1 constituido de un conjunto de herramientas [&hellip;]\" \/>\n<meta property=\"og:url\" content=\"https:\/\/www.re-read.com\/fr\/condiciones-generales-de-venta-re-read\/\" \/>\n<meta property=\"og:site_name\" content=\"Re-Read Librer\u00eda lowcost : 1 libro 4\u20ac \u2022 2 libros 6\u20ac \u2022 5 libros 12\u20ac \u2022\" \/>\n<meta property=\"article:publisher\" content=\"http:\/\/www.facebook.com\/ReReadLibreriaLowcost\" \/>\n<meta property=\"article:modified_time\" content=\"2026-03-02T10:19:18+00:00\" \/>\n<meta property=\"og:image\" content=\"https:\/\/www.re-read.com\/wp-content\/uploads\/2015\/11\/the-book-finder-logo-bn-320x136.png\" \/>\n<meta name=\"twitter:label1\" content=\"Dur\u00e9e de lecture est.\" \/>\n\t<meta name=\"twitter:data1\" content=\"4 minutes\" \/>\n<script type=\"application\/ld+json\" class=\"yoast-schema-graph\">{\"@context\":\"https:\/\/schema.org\",\"@graph\":[{\"@type\":\"Organization\",\"@id\":\"https:\/\/www.re-read.com\/#organization\",\"name\":\"Re-Read Librer\\u00eda Lowcost\",\"url\":\"https:\/\/www.re-read.com\/\",\"sameAs\":[\"http:\/\/www.facebook.com\/ReReadLibreriaLowcost\",\"https:\/\/www.instagram.com\/rereadlibrerialowcostoficial\",\"https:\/\/www.youtube.com\/channel\/UCLe8wJmNXZv2nwOciMnuZeA\"],\"logo\":{\"@type\":\"ImageObject\",\"@id\":\"https:\/\/www.re-read.com\/#logo\",\"inLanguage\":\"fr-FR\",\"url\":\"https:\/\/www.re-read.com\/wp-content\/uploads\/2013\/05\/logo-640x240-medio-cast.gif\",\"contentUrl\":\"https:\/\/www.re-read.com\/wp-content\/uploads\/2013\/05\/logo-640x240-medio-cast.gif\",\"width\":640,\"height\":240,\"caption\":\"Re-Read Librer\\u00eda Lowcost\"},\"image\":{\"@id\":\"https:\/\/www.re-read.com\/#logo\"}},{\"@type\":\"WebSite\",\"@id\":\"https:\/\/www.re-read.com\/#website\",\"url\":\"https:\/\/www.re-read.com\/\",\"name\":\"Re-Read Librer\\u00eda lowcost : 1 libro 4\\u20ac \\u2022 2 libros 6\\u20ac \\u2022 5 libros 12\\u20ac \\u2022\",\"description\":\"Des livres quasiment neufs \\u00e0 un prix quasiment impossible.\",\"publisher\":{\"@id\":\"https:\/\/www.re-read.com\/#organization\"},\"potentialAction\":[{\"@type\":\"SearchAction\",\"target\":{\"@type\":\"EntryPoint\",\"urlTemplate\":\"https:\/\/www.re-read.com\/?s={search_term_string}\"},\"query-input\":\"required name=search_term_string\"}],\"inLanguage\":\"fr-FR\"},{\"@type\":\"ImageObject\",\"@id\":\"https:\/\/www.re-read.com\/fr\/condiciones-generales-de-venta-re-read\/#primaryimage\",\"inLanguage\":\"fr-FR\",\"url\":\"https:\/\/www.re-read.com\/wp-content\/uploads\/2015\/11\/the-book-finder-logo-bn-320x136.png\",\"contentUrl\":\"https:\/\/www.re-read.com\/wp-content\/uploads\/2015\/11\/the-book-finder-logo-bn-320x136.png\"},{\"@type\":\"WebPage\",\"@id\":\"https:\/\/www.re-read.com\/fr\/condiciones-generales-de-venta-re-read\/#webpage\",\"url\":\"https:\/\/www.re-read.com\/fr\/condiciones-generales-de-venta-re-read\/\",\"name\":\"\",\"isPartOf\":{\"@id\":\"https:\/\/www.re-read.com\/#website\"},\"primaryImageOfPage\":{\"@id\":\"https:\/\/www.re-read.com\/fr\/condiciones-generales-de-venta-re-read\/#primaryimage\"},\"datePublished\":\"2016-05-09T10:36:06+00:00\",\"dateModified\":\"2026-03-02T10:19:18+00:00\",\"breadcrumb\":{\"@id\":\"https:\/\/www.re-read.com\/fr\/condiciones-generales-de-venta-re-read\/#breadcrumb\"},\"inLanguage\":\"fr-FR\",\"potentialAction\":[{\"@type\":\"ReadAction\",\"target\":[\"https:\/\/www.re-read.com\/fr\/condiciones-generales-de-venta-re-read\/\"]}]},{\"@type\":\"BreadcrumbList\",\"@id\":\"https:\/\/www.re-read.com\/fr\/condiciones-generales-de-venta-re-read\/#breadcrumb\",\"itemListElement\":[{\"@type\":\"ListItem\",\"position\":1,\"name\":\"Portada\",\"item\":\"https:\/\/www.re-read.com\/fr\/\"},{\"@type\":\"ListItem\",\"position\":2,\"name\":\"Condiciones generales de venta\"}]}]}<\/script>\n<!-- \/ Yoast SEO plugin. -->","yoast_head_json":{"title":"Re-Read Librer\u00eda lowcost : 1 libro 4\u20ac \u2022 2 libros 6\u20ac \u2022 5 libros 12\u20ac \u2022","robots":{"index":"index","follow":"follow","max-snippet":"max-snippet:-1","max-image-preview":"max-image-preview:large","max-video-preview":"max-video-preview:-1"},"canonical":"https:\/\/www.re-read.com\/fr\/condiciones-generales-de-venta-re-read\/","og_locale":"fr_FR","og_type":"article","og_description":"[vc_row][vc_column][vc_column_text] Condiciones generales de\u00a0venta Objeto Las presentes Condiciones tienen como objetivo definir la manera en la que Re-Read.com\u00a0pone a disposici\u00f3n de los Re-compradores herramientas tecnol\u00f3gicas innovadoras para comprar libros\u00a0de\u00a0segunda mano (a partir de ahora \u00ab\u00a0Libros\u00a0\u00bb) propuestos a un precio inicial cerrado. Descripci\u00f3n del Servicio El Servicio The Book Finder\u00a0est\u00e1 constituido de un conjunto de herramientas [&hellip;]","og_url":"https:\/\/www.re-read.com\/fr\/condiciones-generales-de-venta-re-read\/","og_site_name":"Re-Read Librer\u00eda lowcost : 1 libro 4\u20ac \u2022 2 libros 6\u20ac \u2022 5 libros 12\u20ac \u2022","article_publisher":"http:\/\/www.facebook.com\/ReReadLibreriaLowcost","article_modified_time":"2026-03-02T10:19:18+00:00","og_image":[{"url":"https:\/\/www.re-read.com\/wp-content\/uploads\/2015\/11\/the-book-finder-logo-bn-320x136.png"}],"twitter_misc":{"Dur\u00e9e de lecture est.":"4 minutes"},"schema":{"@context":"https:\/\/schema.org","@graph":[{"@type":"Organization","@id":"https:\/\/www.re-read.com\/#organization","name":"Re-Read Librer\u00eda Lowcost","url":"https:\/\/www.re-read.com\/","sameAs":["http:\/\/www.facebook.com\/ReReadLibreriaLowcost","https:\/\/www.instagram.com\/rereadlibrerialowcostoficial","https:\/\/www.youtube.com\/channel\/UCLe8wJmNXZv2nwOciMnuZeA"],"logo":{"@type":"ImageObject","@id":"https:\/\/www.re-read.com\/#logo","inLanguage":"fr-FR","url":"https:\/\/www.re-read.com\/wp-content\/uploads\/2013\/05\/logo-640x240-medio-cast.gif","contentUrl":"https:\/\/www.re-read.com\/wp-content\/uploads\/2013\/05\/logo-640x240-medio-cast.gif","width":640,"height":240,"caption":"Re-Read Librer\u00eda Lowcost"},"image":{"@id":"https:\/\/www.re-read.com\/#logo"}},{"@type":"WebSite","@id":"https:\/\/www.re-read.com\/#website","url":"https:\/\/www.re-read.com\/","name":"Re-Read Librer\u00eda lowcost : 1 libro 4\u20ac \u2022 2 libros 6\u20ac \u2022 5 libros 12\u20ac \u2022","description":"Des livres quasiment neufs \u00e0 un prix quasiment impossible.","publisher":{"@id":"https:\/\/www.re-read.com\/#organization"},"potentialAction":[{"@type":"SearchAction","target":{"@type":"EntryPoint","urlTemplate":"https:\/\/www.re-read.com\/?s={search_term_string}"},"query-input":"required name=search_term_string"}],"inLanguage":"fr-FR"},{"@type":"ImageObject","@id":"https:\/\/www.re-read.com\/fr\/condiciones-generales-de-venta-re-read\/#primaryimage","inLanguage":"fr-FR","url":"https:\/\/www.re-read.com\/wp-content\/uploads\/2015\/11\/the-book-finder-logo-bn-320x136.png","contentUrl":"https:\/\/www.re-read.com\/wp-content\/uploads\/2015\/11\/the-book-finder-logo-bn-320x136.png"},{"@type":"WebPage","@id":"https:\/\/www.re-read.com\/fr\/condiciones-generales-de-venta-re-read\/#webpage","url":"https:\/\/www.re-read.com\/fr\/condiciones-generales-de-venta-re-read\/","name":"","isPartOf":{"@id":"https:\/\/www.re-read.com\/#website"},"primaryImageOfPage":{"@id":"https:\/\/www.re-read.com\/fr\/condiciones-generales-de-venta-re-read\/#primaryimage"},"datePublished":"2016-05-09T10:36:06+00:00","dateModified":"2026-03-02T10:19:18+00:00","breadcrumb":{"@id":"https:\/\/www.re-read.com\/fr\/condiciones-generales-de-venta-re-read\/#breadcrumb"},"inLanguage":"fr-FR","potentialAction":[{"@type":"ReadAction","target":["https:\/\/www.re-read.com\/fr\/condiciones-generales-de-venta-re-read\/"]}]},{"@type":"BreadcrumbList","@id":"https:\/\/www.re-read.com\/fr\/condiciones-generales-de-venta-re-read\/#breadcrumb","itemListElement":[{"@type":"ListItem","position":1,"name":"Portada","item":"https:\/\/www.re-read.com\/fr\/"},{"@type":"ListItem","position":2,"name":"Condiciones generales de venta"}]}]}},"_links":{"self":[{"href":"https:\/\/www.re-read.com\/fr\/wp-json\/wp\/v2\/pages\/16528"}],"collection":[{"href":"https:\/\/www.re-read.com\/fr\/wp-json\/wp\/v2\/pages"}],"about":[{"href":"https:\/\/www.re-read.com\/fr\/wp-json\/wp\/v2\/types\/page"}],"author":[{"embeddable":true,"href":"https:\/\/www.re-read.com\/fr\/wp-json\/wp\/v2\/users\/4"}],"replies":[{"embeddable":true,"href":"https:\/\/www.re-read.com\/fr\/wp-json\/wp\/v2\/comments?post=16528"}],"version-history":[{"count":4,"href":"https:\/\/www.re-read.com\/fr\/wp-json\/wp\/v2\/pages\/16528\/revisions"}],"predecessor-version":[{"id":131994,"href":"https:\/\/www.re-read.com\/fr\/wp-json\/wp\/v2\/pages\/16528\/revisions\/131994"}],"wp:attachment":[{"href":"https:\/\/www.re-read.com\/fr\/wp-json\/wp\/v2\/media?parent=16528"}],"curies":[{"name":"wp","href":"https:\/\/api.w.org\/{rel}","templated":true}]}}