 
{"id":2175,"date":"2013-10-22T00:02:47","date_gmt":"2013-10-21T22:02:47","guid":{"rendered":"http:\/\/www.re-read.com\/?page_id=2175"},"modified":"2025-07-17T08:49:00","modified_gmt":"2025-07-17T06:49:00","slug":"service-dalertes","status":"publish","type":"page","link":"https:\/\/www.re-read.com\/fr\/service-dalertes\/","title":{"rendered":"Service gratuit d&rsquo;alertes"},"content":{"rendered":"[vc_row padding=\u00a0\u00bb0&Prime;][vc_column width=\u00a0\u00bb1\/6&Prime;][mk_icon_box icon=\u00a0\u00bbmk-moon-megaphone\u00a0\u00bb icon_size=\u00a0\u00bbx-large\u00a0\u00bb circled=\u00a0\u00bbtrue\u00a0\u00bb icon_color=\u00a0\u00bb#ffffff\u00a0\u00bb icon_circle_color=\u00a0\u00bb#eb6b59&Prime; box_blur=\u00a0\u00bbfalse\u00a0\u00bb][\/mk_icon_box][\/vc_column][vc_column width=\u00a0\u00bb5\/6&Prime;][mk_fancy_title color=\u00a0\u00bb#393836&Prime; size=\u00a0\u00bb26&Prime; margin_top=\u00a0\u00bb32&Prime; margin_bottom=\u00a0\u00bb16&Prime; font_family=\u00a0\u00bbnone\u00a0\u00bb animation=\u00a0\u00bbfade-in\u00a0\u00bb]Nous ne pouvons pas vous commander un livre, mais nous pouvons \u00eatre attentifs et s&rsquo;il arrive, vous avertir. Gratuitement.[\/mk_fancy_title][\/vc_column][\/vc_row][vc_row padding=\u00a0\u00bb0&Prime;][vc_column][vc_column_text]\n<div class=\"wpcf7 no-js\" id=\"wpcf7-f109459-o1\" lang=\"fr-FR\" dir=\"ltr\">\n<div class=\"screen-reader-response\"><p role=\"status\" aria-live=\"polite\" aria-atomic=\"true\"><\/p> <ul><\/ul><\/div>\n<form action=\"\/fr\/wp-json\/wp\/v2\/pages\/2175#wpcf7-f109459-o1\" method=\"post\" class=\"wpcf7-form init\" aria-label=\"Formulaire de contact\" novalidate=\"novalidate\" data-status=\"init\">\n<div style=\"display: none;\">\n<input type=\"hidden\" name=\"_wpcf7\" value=\"109459\" \/>\n<input type=\"hidden\" name=\"_wpcf7_version\" value=\"5.7.6\" \/>\n<input type=\"hidden\" name=\"_wpcf7_locale\" value=\"fr_FR\" \/>\n<input type=\"hidden\" name=\"_wpcf7_unit_tag\" value=\"wpcf7-f109459-o1\" \/>\n<input type=\"hidden\" name=\"_wpcf7_container_post\" value=\"0\" \/>\n<input type=\"hidden\" name=\"_wpcf7_posted_data_hash\" value=\"\" \/>\n<input type=\"hidden\" name=\"upload_dir\" value=\"concurso\" \/>\n<input type=\"hidden\" name=\"generate_name\" value=\"05-15-26-6a075e7c4072e\" \/>\n<input type=\"hidden\" name=\"_wpcf7_recaptcha_response\" value=\"\" \/>\n<\/div>\n<p><br \/>\n<script>\ndocument.addEventListener( 'wpcf7mailsent', function( event ) {\n alert( \"Alerte Re-\u00e7ue. Nous vous en informerons par WhatsApp ou par courriel (si vous ne le recevez pas, v\u00e9rifiez votre bo\u00eete de spam), Merci\". \" );\n}, false );\n<\/script>\n<\/p>\n<table width=\"100%\" border=\"0\" cellspacing=\"0\" cellpadding=\"0\" style=\"width: 99.4143%;\">\n\t<tbody>\n\t\t<tr>\n\t\t\t<td bgcolor=\"#E9E9E9\" >\n\t\t\t\t<p>Votre pr\u00e9nom *<br \/>\n<span class=\"wpcf7-form-control-wrap\" data-name=\"name\"><input size=\"40\" class=\"wpcf7-form-control wpcf7-text wpcf7-validates-as-required\" aria-required=\"true\" aria-invalid=\"false\" value=\"\" type=\"text\" name=\"name\" \/><\/span>\n\t\t\t\t<\/p>\n\t\t\t<\/td>\n\t\t\t<td bgcolor=\"#E9E9E9\" >\n\t\t\t\t<p>Votre nom:<br \/>\n<span class=\"wpcf7-form-control-wrap\" data-name=\"lastname\"><input size=\"40\" class=\"wpcf7-form-control wpcf7-text\" aria-invalid=\"false\" value=\"\" type=\"text\" name=\"lastname\" \/><\/span>\n\t\t\t\t<\/p>\n\t\t\t<\/td>\n\t\t\t<td bgcolor=\"#E9E9E9\" >\n\t\t\t\t<p>E-mail *<br \/>\n<span class=\"wpcf7-form-control-wrap\" data-name=\"email\"><input size=\"40\" class=\"wpcf7-form-control wpcf7-text wpcf7-email wpcf7-validates-as-required wpcf7-validates-as-email\" aria-required=\"true\" aria-invalid=\"false\" value=\"\" type=\"email\" name=\"email\" \/><\/span>\n\t\t\t\t<\/p>\n\t\t\t<\/td>\n\t\t\t<td bgcolor=\"#E9E9E9\" >\n\t\t\t\t<p>Num\u00e9ro de t\u00e9l\u00e9phone (si vous pr\u00e9f\u00e9rez \u00eatre contact\u00e9 par WhatApp)?<br \/>\n<span class=\"wpcf7-form-control-wrap\" data-name=\"whatsapp\"><input size=\"40\" maxlength=\"15\" minlength=\"9\" class=\"wpcf7-form-control wpcf7-text wpcf7-tel wpcf7-validates-as-tel\" aria-invalid=\"false\" value=\"\" type=\"tel\" name=\"whatsapp\" \/><\/span>\n\t\t\t\t<\/p>\n\t\t\t<\/td>\n\t\t<\/tr>\n\t\t<tr>\n\t\t\t<td bgcolor=\"#f2f2f2\">\n\t\t\t\t<p>Titre du livre *<br \/>\n<span class=\"wpcf7-form-control-wrap\" data-name=\"libro\"><input size=\"40\" class=\"wpcf7-form-control wpcf7-text wpcf7-validates-as-required tbf-suggest data-suggest-inclass data-suggestgroup-tbf data-suggestorder-1\" aria-required=\"true\" aria-invalid=\"false\" value=\"\" type=\"text\" name=\"libro\" \/><\/span>\n\t\t\t\t<\/p>\n\t\t\t<\/td>\n\t\t\t<td bgcolor=\"#f2f2f2\">\n\t\t\t\t<p>Auteur *<br \/>\n<span class=\"wpcf7-form-control-wrap\" data-name=\"autor\"><input size=\"40\" maxlength=\"30\" class=\"wpcf7-form-control wpcf7-text wpcf7-validates-as-required tbf-suggest data-suggest-inclass data-suggestgroup-tbf data-suggestorder-2\" aria-required=\"true\" aria-invalid=\"false\" value=\"\" type=\"text\" name=\"autor\" \/><\/span>\n\t\t\t\t<\/p>\n\t\t\t<\/td>\n\t\t\t<td bgcolor=\"#f2f2f2\">\n\t\t\t\t<p>Votre Re-Read la plus proche *\n\t\t\t\t<\/p>\n\t\t\t\t<p><span class=\"wpcf7-form-control-wrap\" data-name=\"para\"><select class=\"wpcf7-form-control wpcf7-select wpcf7-validates-as-required\" aria-required=\"true\" aria-invalid=\"false\" name=\"para\"><option value=\"\">&#8212;Veuillez choisir une option&#8212;<\/option><option value=\"PARIS - 119 Bd Voltaire -  01 88 48 05 66\">PARIS - 119 Bd Voltaire -  01 88 48 05 66<\/option><option value=\"TOURS - 40 Av. de Grammont -  02 36 97 42 16\">TOURS - 40 Av. de Grammont -  02 36 97 42 16<\/option><\/select><\/span>\n\t\t\t\t<\/p>\n\t\t\t<\/td>\n\t\t\t<td bgcolor=\"#f2f2f2\">\n\t\t\t\t<p><span style=\"background-color: #f2f2f2;\">Commentaire<\/span><br \/>\n<span style=\"background-color: #f2f2f2;\"><span class=\"wpcf7-form-control-wrap\" data-name=\"comentario\"><input size=\"40\" class=\"wpcf7-form-control wpcf7-text\" aria-invalid=\"false\" value=\"\" type=\"text\" name=\"comentario\" \/><\/span><\/span>\n\t\t\t\t<\/p>\n\t\t\t<\/td>\n\t\t<\/tr>\n\t\t<tr>\n\t\t\t<td valign=\"middle\" bgcolor=\"#f8f8f8\">\n\t\t\t\t<p><input class=\"wpcf7-form-control has-spinner wpcf7-submit\" type=\"submit\" value=\"Envoyer\" \/>\n\t\t\t\t<\/p>\n\t\t\t<\/td>\n\t\t\t<td align=\"right\" valign=\"middle\" bgcolor=\"#f8f8f8\">\n\t\t\t\t<p><span style=\"font-size: 11px;\">\n\n\t\t\t\t\t\t\t<span class=\"wpcf7-form-control-wrap mailpoetsignup\">\n\t\t\t<span class=\"wpcf7-form-control wpcf7-mailpoetsignup\">\n\t\t\t\t<label class=\"wpcf7-list-label\">\n\t\t\t\t<input type=\"checkbox\"\n\t\t\t\tname=\"mailpoetsignup[]\" value=\"\n\t\t\t\t\t\t\t\t\t\tRe-vista GENERAL de Re-Read\t\t\t\t\"\n\t\t\t\tid=\"\" class=\"\"\n\t\t\t\t\t\t\t\t\/>J'aimerai recevoir la Re-vue de Re-Read\t\t\t\t\t<input type=\"hidden\" name=\"fieldVal\"  value=\"\n\t\t\t\t\t4\t\t\t\t\t\"\n\t\t\t\t<\/label>\n\t\t\t\t<br\/>\n\t\t\t\t<\/span>\n\n\t\t\t\t<\/span>\n\n\t\t\t\t<\/span>\n\t\t\t\t<\/p>\n\t\t\t<\/td>\n\t\t\t<td colspan=\"2\" align=\"right\" valign=\"middle\" bgcolor=\"#f9f9f9\">\n\t\t\t\n\t\t\t<\/td>\n\t\t<\/tr>\n\t<\/tbody>\n<\/table><input type='hidden' class='wpcf7-pum' value='{\"closepopup\":false,\"closedelay\":0,\"openpopup\":false,\"openpopup_id\":0}' \/><div class=\"wpcf7-response-output\" aria-hidden=\"true\"><\/div>\n<\/form>\n<\/div>\n[\/vc_column_text][vc_column_text]Cette alerte restera active pendant deux mois dans la librairie que vous avez s\u00e9lectionn\u00e9e. Si le livre nous parvient, nous vous en informerons par un courriel (qui peut parfois atterrir dans votre bo\u00eete \u00e0 spam) ou par WhatsApp et nous le conserverons pour vous pendant les 3 et 5 jours suivants (v\u00e9rifiez les conditions aupr\u00e8s de votre librairie), \u00e0 moins que vous ne nous contactiez pour nous dire que vous l&rsquo;avez d\u00e9j\u00e0 ou que vous avez besoin que nous le conservions pour vous pendant une p\u00e9riode plus longue.[\/vc_column_text][vc_column_text animation=\u00a0\u00bbfade-in\u00a0\u00bb][mk_page_section predefined_bg=\"\" first_page=\"false\" last_page=\"false\"][vc_column][mk_edge_slider swiper_bg=\"#ffffff\" slides=\"4941,4943,4974,6542,90809\" order=\"ASC\" orderby=\"none\" full_height=\"false\" height=\"450\" slideshow_speed=\"20000\" direction_nav=\"thumbflip\" skip_arrow=\"false\"][\/vc_column][\/mk_page_section]\r\n[\/vc_column_text][\/vc_column][\/vc_row]\n","protected":false},"excerpt":{"rendered":"<p>[vc_row padding=\u00a0\u00bb0&Prime;][vc_column width=\u00a0\u00bb1\/6&Prime;][mk_icon_box icon=\u00a0\u00bbmk-moon-megaphone\u00a0\u00bb icon_size=\u00a0\u00bbx-large\u00a0\u00bb circled=\u00a0\u00bbtrue\u00a0\u00bb icon_color=\u00a0\u00bb#ffffff\u00a0\u00bb icon_circle_color=\u00a0\u00bb#eb6b59&Prime; box_blur=\u00a0\u00bbfalse\u00a0\u00bb][\/mk_icon_box][\/vc_column][vc_column width=\u00a0\u00bb5\/6&Prime;][mk_fancy_title color=\u00a0\u00bb#393836&Prime; size=\u00a0\u00bb26&Prime; margin_top=\u00a0\u00bb32&Prime; margin_bottom=\u00a0\u00bb16&Prime; font_family=\u00a0\u00bbnone\u00a0\u00bb animation=\u00a0\u00bbfade-in\u00a0\u00bb]Nous ne pouvons pas vous commander un livre, mais nous pouvons \u00eatre attentifs et s&rsquo;il arrive, vous avertir. Gratuitement.[\/mk_fancy_title][\/vc_column][\/vc_row][vc_row padding=\u00a0\u00bb0&Prime;][vc_column][vc_column_text][\/vc_column_text][vc_column_text]Cette alerte restera active pendant deux mois dans la librairie que vous avez s\u00e9lectionn\u00e9e. Si le livre nous parvient, nous vous [&hellip;]<\/p>\n","protected":false},"author":4,"featured_media":0,"parent":0,"menu_order":6,"comment_status":"closed","ping_status":"closed","template":"","meta":[],"acf":[],"yoast_head":"<!-- This site is optimized with the Yoast SEO plugin v17.4 - https:\/\/yoast.com\/wordpress\/plugins\/seo\/ -->\n<title>Re-Read Librer\u00eda lowcost : 1 libro 4\u20ac \u2022 2 libros 6\u20ac \u2022 5 libros 12\u20ac \u2022<\/title>\n<meta name=\"robots\" content=\"index, follow, max-snippet:-1, max-image-preview:large, max-video-preview:-1\" \/>\n<link rel=\"canonical\" href=\"https:\/\/www.re-read.com\/fr\/service-dalertes\/\" \/>\n<meta property=\"og:locale\" content=\"fr_FR\" \/>\n<meta property=\"og:type\" content=\"article\" \/>\n<meta property=\"og:description\" content=\"[vc_row padding=\u00a0\u00bb0&Prime;][vc_column width=\u00a0\u00bb1\/6&Prime;][mk_icon_box icon=\u00a0\u00bbmk-moon-megaphone\u00a0\u00bb icon_size=\u00a0\u00bbx-large\u00a0\u00bb circled=\u00a0\u00bbtrue\u00a0\u00bb icon_color=\u00a0\u00bb#ffffff\u00a0\u00bb icon_circle_color=\u00a0\u00bb#eb6b59&Prime; box_blur=\u00a0\u00bbfalse\u00a0\u00bb][\/mk_icon_box][\/vc_column][vc_column width=\u00a0\u00bb5\/6&Prime;][mk_fancy_title color=\u00a0\u00bb#393836&Prime; size=\u00a0\u00bb26&Prime; margin_top=\u00a0\u00bb32&Prime; margin_bottom=\u00a0\u00bb16&Prime; font_family=\u00a0\u00bbnone\u00a0\u00bb animation=\u00a0\u00bbfade-in\u00a0\u00bb]Nous ne pouvons pas vous commander un livre, mais nous pouvons \u00eatre attentifs et s&rsquo;il arrive, vous avertir. Gratuitement.[\/mk_fancy_title][\/vc_column][\/vc_row][vc_row padding=\u00a0\u00bb0&Prime;][vc_column][vc_column_text][\/vc_column_text][vc_column_text]Cette alerte restera active pendant deux mois dans la librairie que vous avez s\u00e9lectionn\u00e9e. Si le livre nous parvient, nous vous [&hellip;]\" \/>\n<meta property=\"og:url\" content=\"https:\/\/www.re-read.com\/fr\/service-dalertes\/\" \/>\n<meta property=\"og:site_name\" content=\"Re-Read Librer\u00eda lowcost : 1 libro 4\u20ac \u2022 2 libros 6\u20ac \u2022 5 libros 12\u20ac \u2022\" \/>\n<meta property=\"article:publisher\" content=\"http:\/\/www.facebook.com\/ReReadLibreriaLowcost\" \/>\n<meta property=\"article:modified_time\" content=\"2025-07-17T06:49:00+00:00\" \/>\n<meta name=\"twitter:label1\" content=\"Dur\u00e9e de lecture est.\" \/>\n\t<meta name=\"twitter:data1\" content=\"1 minute\" \/>\n<script type=\"application\/ld+json\" class=\"yoast-schema-graph\">{\"@context\":\"https:\/\/schema.org\",\"@graph\":[{\"@type\":\"Organization\",\"@id\":\"https:\/\/www.re-read.com\/#organization\",\"name\":\"Re-Read Librer\\u00eda Lowcost\",\"url\":\"https:\/\/www.re-read.com\/\",\"sameAs\":[\"http:\/\/www.facebook.com\/ReReadLibreriaLowcost\",\"https:\/\/www.instagram.com\/rereadlibrerialowcostoficial\",\"https:\/\/www.youtube.com\/channel\/UCLe8wJmNXZv2nwOciMnuZeA\"],\"logo\":{\"@type\":\"ImageObject\",\"@id\":\"https:\/\/www.re-read.com\/#logo\",\"inLanguage\":\"fr-FR\",\"url\":\"https:\/\/www.re-read.com\/wp-content\/uploads\/2013\/05\/logo-640x240-medio-cast.gif\",\"contentUrl\":\"https:\/\/www.re-read.com\/wp-content\/uploads\/2013\/05\/logo-640x240-medio-cast.gif\",\"width\":640,\"height\":240,\"caption\":\"Re-Read Librer\\u00eda Lowcost\"},\"image\":{\"@id\":\"https:\/\/www.re-read.com\/#logo\"}},{\"@type\":\"WebSite\",\"@id\":\"https:\/\/www.re-read.com\/#website\",\"url\":\"https:\/\/www.re-read.com\/\",\"name\":\"Re-Read Librer\\u00eda lowcost : 1 libro 4\\u20ac \\u2022 2 libros 6\\u20ac \\u2022 5 libros 12\\u20ac \\u2022\",\"description\":\"Des livres quasiment neufs \\u00e0 un prix quasiment impossible.\",\"publisher\":{\"@id\":\"https:\/\/www.re-read.com\/#organization\"},\"potentialAction\":[{\"@type\":\"SearchAction\",\"target\":{\"@type\":\"EntryPoint\",\"urlTemplate\":\"https:\/\/www.re-read.com\/?s={search_term_string}\"},\"query-input\":\"required name=search_term_string\"}],\"inLanguage\":\"fr-FR\"},{\"@type\":\"WebPage\",\"@id\":\"https:\/\/www.re-read.com\/fr\/service-dalertes\/#webpage\",\"url\":\"https:\/\/www.re-read.com\/fr\/service-dalertes\/\",\"name\":\"\",\"isPartOf\":{\"@id\":\"https:\/\/www.re-read.com\/#website\"},\"datePublished\":\"2013-10-21T22:02:47+00:00\",\"dateModified\":\"2025-07-17T06:49:00+00:00\",\"breadcrumb\":{\"@id\":\"https:\/\/www.re-read.com\/fr\/service-dalertes\/#breadcrumb\"},\"inLanguage\":\"fr-FR\",\"potentialAction\":[{\"@type\":\"ReadAction\",\"target\":[\"https:\/\/www.re-read.com\/fr\/service-dalertes\/\"]}]},{\"@type\":\"BreadcrumbList\",\"@id\":\"https:\/\/www.re-read.com\/fr\/service-dalertes\/#breadcrumb\",\"itemListElement\":[{\"@type\":\"ListItem\",\"position\":1,\"name\":\"Portada\",\"item\":\"https:\/\/www.re-read.com\/fr\/\"},{\"@type\":\"ListItem\",\"position\":2,\"name\":\"Service gratuit d&#8217;alertes\"}]}]}<\/script>\n<!-- \/ Yoast SEO plugin. -->","yoast_head_json":{"title":"Re-Read Librer\u00eda lowcost : 1 libro 4\u20ac \u2022 2 libros 6\u20ac \u2022 5 libros 12\u20ac \u2022","robots":{"index":"index","follow":"follow","max-snippet":"max-snippet:-1","max-image-preview":"max-image-preview:large","max-video-preview":"max-video-preview:-1"},"canonical":"https:\/\/www.re-read.com\/fr\/service-dalertes\/","og_locale":"fr_FR","og_type":"article","og_description":"[vc_row padding=\u00a0\u00bb0&Prime;][vc_column width=\u00a0\u00bb1\/6&Prime;][mk_icon_box icon=\u00a0\u00bbmk-moon-megaphone\u00a0\u00bb icon_size=\u00a0\u00bbx-large\u00a0\u00bb circled=\u00a0\u00bbtrue\u00a0\u00bb icon_color=\u00a0\u00bb#ffffff\u00a0\u00bb icon_circle_color=\u00a0\u00bb#eb6b59&Prime; box_blur=\u00a0\u00bbfalse\u00a0\u00bb][\/mk_icon_box][\/vc_column][vc_column width=\u00a0\u00bb5\/6&Prime;][mk_fancy_title color=\u00a0\u00bb#393836&Prime; size=\u00a0\u00bb26&Prime; margin_top=\u00a0\u00bb32&Prime; margin_bottom=\u00a0\u00bb16&Prime; font_family=\u00a0\u00bbnone\u00a0\u00bb animation=\u00a0\u00bbfade-in\u00a0\u00bb]Nous ne pouvons pas vous commander un livre, mais nous pouvons \u00eatre attentifs et s&rsquo;il arrive, vous avertir. Gratuitement.[\/mk_fancy_title][\/vc_column][\/vc_row][vc_row padding=\u00a0\u00bb0&Prime;][vc_column][vc_column_text][\/vc_column_text][vc_column_text]Cette alerte restera active pendant deux mois dans la librairie que vous avez s\u00e9lectionn\u00e9e. Si le livre nous parvient, nous vous [&hellip;]","og_url":"https:\/\/www.re-read.com\/fr\/service-dalertes\/","og_site_name":"Re-Read Librer\u00eda lowcost : 1 libro 4\u20ac \u2022 2 libros 6\u20ac \u2022 5 libros 12\u20ac \u2022","article_publisher":"http:\/\/www.facebook.com\/ReReadLibreriaLowcost","article_modified_time":"2025-07-17T06:49:00+00:00","twitter_misc":{"Dur\u00e9e de lecture est.":"1 minute"},"schema":{"@context":"https:\/\/schema.org","@graph":[{"@type":"Organization","@id":"https:\/\/www.re-read.com\/#organization","name":"Re-Read Librer\u00eda Lowcost","url":"https:\/\/www.re-read.com\/","sameAs":["http:\/\/www.facebook.com\/ReReadLibreriaLowcost","https:\/\/www.instagram.com\/rereadlibrerialowcostoficial","https:\/\/www.youtube.com\/channel\/UCLe8wJmNXZv2nwOciMnuZeA"],"logo":{"@type":"ImageObject","@id":"https:\/\/www.re-read.com\/#logo","inLanguage":"fr-FR","url":"https:\/\/www.re-read.com\/wp-content\/uploads\/2013\/05\/logo-640x240-medio-cast.gif","contentUrl":"https:\/\/www.re-read.com\/wp-content\/uploads\/2013\/05\/logo-640x240-medio-cast.gif","width":640,"height":240,"caption":"Re-Read Librer\u00eda Lowcost"},"image":{"@id":"https:\/\/www.re-read.com\/#logo"}},{"@type":"WebSite","@id":"https:\/\/www.re-read.com\/#website","url":"https:\/\/www.re-read.com\/","name":"Re-Read Librer\u00eda lowcost : 1 libro 4\u20ac \u2022 2 libros 6\u20ac \u2022 5 libros 12\u20ac \u2022","description":"Des livres quasiment neufs \u00e0 un prix quasiment impossible.","publisher":{"@id":"https:\/\/www.re-read.com\/#organization"},"potentialAction":[{"@type":"SearchAction","target":{"@type":"EntryPoint","urlTemplate":"https:\/\/www.re-read.com\/?s={search_term_string}"},"query-input":"required name=search_term_string"}],"inLanguage":"fr-FR"},{"@type":"WebPage","@id":"https:\/\/www.re-read.com\/fr\/service-dalertes\/#webpage","url":"https:\/\/www.re-read.com\/fr\/service-dalertes\/","name":"","isPartOf":{"@id":"https:\/\/www.re-read.com\/#website"},"datePublished":"2013-10-21T22:02:47+00:00","dateModified":"2025-07-17T06:49:00+00:00","breadcrumb":{"@id":"https:\/\/www.re-read.com\/fr\/service-dalertes\/#breadcrumb"},"inLanguage":"fr-FR","potentialAction":[{"@type":"ReadAction","target":["https:\/\/www.re-read.com\/fr\/service-dalertes\/"]}]},{"@type":"BreadcrumbList","@id":"https:\/\/www.re-read.com\/fr\/service-dalertes\/#breadcrumb","itemListElement":[{"@type":"ListItem","position":1,"name":"Portada","item":"https:\/\/www.re-read.com\/fr\/"},{"@type":"ListItem","position":2,"name":"Service gratuit d&#8217;alertes"}]}]}},"_links":{"self":[{"href":"https:\/\/www.re-read.com\/fr\/wp-json\/wp\/v2\/pages\/2175"}],"collection":[{"href":"https:\/\/www.re-read.com\/fr\/wp-json\/wp\/v2\/pages"}],"about":[{"href":"https:\/\/www.re-read.com\/fr\/wp-json\/wp\/v2\/types\/page"}],"author":[{"embeddable":true,"href":"https:\/\/www.re-read.com\/fr\/wp-json\/wp\/v2\/users\/4"}],"replies":[{"embeddable":true,"href":"https:\/\/www.re-read.com\/fr\/wp-json\/wp\/v2\/comments?post=2175"}],"version-history":[{"count":7,"href":"https:\/\/www.re-read.com\/fr\/wp-json\/wp\/v2\/pages\/2175\/revisions"}],"predecessor-version":[{"id":130324,"href":"https:\/\/www.re-read.com\/fr\/wp-json\/wp\/v2\/pages\/2175\/revisions\/130324"}],"wp:attachment":[{"href":"https:\/\/www.re-read.com\/fr\/wp-json\/wp\/v2\/media?parent=2175"}],"curies":[{"name":"wp","href":"https:\/\/api.w.org\/{rel}","templated":true}]}}