 
{"id":57970,"date":"2016-12-20T12:22:31","date_gmt":"2016-12-20T10:22:31","guid":{"rendered":"http:\/\/www.re-read.com\/fr\/tarjeta-re-galo-disfrutar-la-lectura\/"},"modified":"2016-12-21T09:08:53","modified_gmt":"2016-12-21T07:08:53","slug":"tarjeta-re-galo-disfrutar-la-lectura","status":"publish","type":"page","link":"https:\/\/www.re-read.com\/fr\/tarjeta-re-galo-disfrutar-la-lectura\/","title":{"rendered":"Tarjeta Re-galo para disfrutar de la lectura"},"content":{"rendered":"[vc_row attached=\u00a0\u00bbtrue\u00a0\u00bb padding=\u00a0\u00bb0&Prime;][vc_column width=\u00a0\u00bb1\/6&Prime;][mk_icon_box icon=\u00a0\u00bbmk-moon-gift-2&Prime; icon_size=\u00a0\u00bbx-large\u00a0\u00bb circled=\u00a0\u00bbtrue\u00a0\u00bb icon_color=\u00a0\u00bb#ffffff\u00a0\u00bb icon_circle_color=\u00a0\u00bb#3fa3d7&Prime; box_blur=\u00a0\u00bbfalse\u00a0\u00bb][\/mk_icon_box][\/vc_column][vc_column width=\u00a0\u00bb5\/6&Prime;][mk_fancy_title color=\u00a0\u00bb#393836&Prime; size=\u00a0\u00bb24&Prime; margin_top=\u00a0\u00bb32&Prime; margin_bottom=\u00a0\u00bb16&Prime; font_family=\u00a0\u00bbnone\u00a0\u00bb animation=\u00a0\u00bbfade-in\u00a0\u00bb]\n<h2>Con la tarjeta Re-Galo, regalar libros nunca ha sido m\u00e1s f\u00e1cil.<\/h2>\n[\/mk_fancy_title][\/vc_column][\/vc_row][vc_row padding=\u00a0\u00bb0&Prime;][vc_column][vc_column_text animation=\u00a0\u00bbright-to-left\u00a0\u00bb]\n<p class=\"p1\"><img decoding=\"async\" loading=\"lazy\" class=\"aligncenter wp-image-57955 size-full\" src=\"https:\/\/www.re-read.com\/wp-content\/uploads\/2016\/12\/monstruos-lectores.jpg\" width=\"500\" height=\"417\" srcset=\"https:\/\/www.re-read.com\/wp-content\/uploads\/2016\/12\/monstruos-lectores.jpg 500w, https:\/\/www.re-read.com\/wp-content\/uploads\/2016\/12\/monstruos-lectores-300x250.jpg 300w, https:\/\/www.re-read.com\/wp-content\/uploads\/2016\/12\/monstruos-lectores-150x125.jpg 150w, https:\/\/www.re-read.com\/wp-content\/uploads\/2016\/12\/monstruos-lectores-312x260.jpg 312w, https:\/\/www.re-read.com\/wp-content\/uploads\/2016\/12\/monstruos-lectores-496x414.jpg 496w, https:\/\/www.re-read.com\/wp-content\/uploads\/2016\/12\/monstruos-lectores-414x345.jpg 414w\" sizes=\"(max-width: 500px) 100vw, 500px\" \/><\/p>\n<h3 class=\"p1\" style=\"text-align: center;\"><\/h3>\n<div class=\"theme-content \"><\/div>\n[\/vc_column_text][vc_column_text animation=\u00a0\u00bbfade-in\u00a0\u00bb]\n<h2 class=\"p1\" style=\"text-align: center;\">Escoge el \u201cRe-Monstruo\u201d que m\u00e1s te guste, el importe que quieras regalar\u00a0y<br \/>\n\u00a1a disfrutar de la lectura!<\/h2>\n[\/vc_column_text][\/vc_column][\/vc_row][vc_row animation=\u00a0\u00bbfade-in\u00a0\u00bb padding=\u00a0\u00bb0&Prime;][vc_column][vc_column_text animation=\u00a0\u00bbfade-in\u00a0\u00bb]\n<h2 class=\"p1\" style=\"text-align: center;\"><\/h2>\n<h4 style=\"text-align: center;\">Para un cumplea\u00f1os, las fiestas, un amigo invisible, un regalo de empresa&#8230;<\/h4>\n<h4 style=\"text-align: center;\"><\/h4>\n<h2 class=\"p1\" style=\"text-align: center;\"><img decoding=\"async\" loading=\"lazy\" class=\"alignnone wp-image-57956\" src=\"https:\/\/www.re-read.com\/wp-content\/uploads\/2016\/12\/tarjetas-regalo-de-libros.png\" alt=\"\" width=\"295\" height=\"185\" \/><\/h2>\n<div class=\"theme-content \">\n<div class=\"wpb_row vc_row mk-fullwidth-false attched-false vc_row-fluid js-master-row mk-in-viewport\">\n<div class=\"vc_col-sm-12 wpb_column column_container _ height-full\">\n<div id=\"text-block-4\" class=\"mk-text-block mk-animate-element fade-in mk-in-viewport\">\n<h4 style=\"text-align: center;\">Puedes adquirir una tarjeta Re-Galo en tu <strong><a href=\"https:\/\/www.re-read.com\/localizador-de-librerias-re-read\/\">librer\u00eda Re-Read m\u00e1s cercana<\/a>.<\/strong><\/h4>\n<\/div>\n<\/div>\n<\/div>\n<\/div>\n[\/vc_column_text][vc_empty_space][vc_column_text animation=\u00a0\u00bbfade-in\u00a0\u00bb]\n<p class=\"p1\" style=\"text-align: center;\">Se podr\u00e1 utilizar\u00a0\u00fanicamente en la librer\u00eda Re-Read donde se haya adquirido y es muy f\u00e1cil de usar. Disponible en las Re-Read que participan en la operaci\u00f3n.<\/p>\n[\/vc_column_text][vc_separator][vc_column_text]\n[mk_page_section predefined_bg=\"\" first_page=\"false\" last_page=\"false\"][vc_column][mk_edge_slider swiper_bg=\"#ffffff\" slides=\"4941,4943,4974,6542,90809\" order=\"ASC\" orderby=\"none\" full_height=\"false\" height=\"450\" slideshow_speed=\"20000\" direction_nav=\"thumbflip\" skip_arrow=\"false\"][\/vc_column][\/mk_page_section]\r\n\n[\/vc_column_text][\/vc_column][\/vc_row]\n","protected":false},"excerpt":{"rendered":"<p>[vc_row attached=\u00a0\u00bbtrue\u00a0\u00bb padding=\u00a0\u00bb0&Prime;][vc_column width=\u00a0\u00bb1\/6&Prime;][mk_icon_box icon=\u00a0\u00bbmk-moon-gift-2&Prime; icon_size=\u00a0\u00bbx-large\u00a0\u00bb circled=\u00a0\u00bbtrue\u00a0\u00bb icon_color=\u00a0\u00bb#ffffff\u00a0\u00bb icon_circle_color=\u00a0\u00bb#3fa3d7&Prime; box_blur=\u00a0\u00bbfalse\u00a0\u00bb][\/mk_icon_box][\/vc_column][vc_column width=\u00a0\u00bb5\/6&Prime;][mk_fancy_title color=\u00a0\u00bb#393836&Prime; size=\u00a0\u00bb24&Prime; margin_top=\u00a0\u00bb32&Prime; margin_bottom=\u00a0\u00bb16&Prime; font_family=\u00a0\u00bbnone\u00a0\u00bb animation=\u00a0\u00bbfade-in\u00a0\u00bb] Con la tarjeta Re-Galo, regalar libros nunca ha sido m\u00e1s f\u00e1cil. [\/mk_fancy_title][\/vc_column][\/vc_row][vc_row padding=\u00a0\u00bb0&Prime;][vc_column][vc_column_text animation=\u00a0\u00bbright-to-left\u00a0\u00bb] [\/vc_column_text][vc_column_text animation=\u00a0\u00bbfade-in\u00a0\u00bb] Escoge el \u201cRe-Monstruo\u201d que m\u00e1s te guste, el importe que quieras regalar\u00a0y \u00a1a disfrutar de la lectura! [\/vc_column_text][\/vc_column][\/vc_row][vc_row animation=\u00a0\u00bbfade-in\u00a0\u00bb padding=\u00a0\u00bb0&Prime;][vc_column][vc_column_text animation=\u00a0\u00bbfade-in\u00a0\u00bb] Para [&hellip;]<\/p>\n","protected":false},"author":4,"featured_media":0,"parent":0,"menu_order":0,"comment_status":"closed","ping_status":"closed","template":"","meta":[],"acf":[],"yoast_head":"<!-- This site is optimized with the Yoast SEO plugin v17.4 - https:\/\/yoast.com\/wordpress\/plugins\/seo\/ -->\n<title>Re-Read Librer\u00eda lowcost : 1 libro 4\u20ac \u2022 2 libros 6\u20ac \u2022 5 libros 12\u20ac \u2022<\/title>\n<meta name=\"robots\" content=\"index, follow, max-snippet:-1, max-image-preview:large, max-video-preview:-1\" \/>\n<link rel=\"canonical\" href=\"https:\/\/www.re-read.com\/fr\/tarjeta-re-galo-disfrutar-la-lectura\/\" \/>\n<meta property=\"og:locale\" content=\"fr_FR\" \/>\n<meta property=\"og:type\" content=\"article\" \/>\n<meta property=\"og:description\" content=\"[vc_row attached=\u00a0\u00bbtrue\u00a0\u00bb padding=\u00a0\u00bb0&Prime;][vc_column width=\u00a0\u00bb1\/6&Prime;][mk_icon_box icon=\u00a0\u00bbmk-moon-gift-2&Prime; icon_size=\u00a0\u00bbx-large\u00a0\u00bb circled=\u00a0\u00bbtrue\u00a0\u00bb icon_color=\u00a0\u00bb#ffffff\u00a0\u00bb icon_circle_color=\u00a0\u00bb#3fa3d7&Prime; box_blur=\u00a0\u00bbfalse\u00a0\u00bb][\/mk_icon_box][\/vc_column][vc_column width=\u00a0\u00bb5\/6&Prime;][mk_fancy_title color=\u00a0\u00bb#393836&Prime; size=\u00a0\u00bb24&Prime; margin_top=\u00a0\u00bb32&Prime; margin_bottom=\u00a0\u00bb16&Prime; font_family=\u00a0\u00bbnone\u00a0\u00bb animation=\u00a0\u00bbfade-in\u00a0\u00bb] Con la tarjeta Re-Galo, regalar libros nunca ha sido m\u00e1s f\u00e1cil. [\/mk_fancy_title][\/vc_column][\/vc_row][vc_row padding=\u00a0\u00bb0&Prime;][vc_column][vc_column_text animation=\u00a0\u00bbright-to-left\u00a0\u00bb] [\/vc_column_text][vc_column_text animation=\u00a0\u00bbfade-in\u00a0\u00bb] Escoge el \u201cRe-Monstruo\u201d que m\u00e1s te guste, el importe que quieras regalar\u00a0y \u00a1a disfrutar de la lectura! [\/vc_column_text][\/vc_column][\/vc_row][vc_row animation=\u00a0\u00bbfade-in\u00a0\u00bb padding=\u00a0\u00bb0&Prime;][vc_column][vc_column_text animation=\u00a0\u00bbfade-in\u00a0\u00bb] Para [&hellip;]\" \/>\n<meta property=\"og:url\" content=\"https:\/\/www.re-read.com\/fr\/tarjeta-re-galo-disfrutar-la-lectura\/\" \/>\n<meta property=\"og:site_name\" content=\"Re-Read Librer\u00eda lowcost : 1 libro 4\u20ac \u2022 2 libros 6\u20ac \u2022 5 libros 12\u20ac \u2022\" \/>\n<meta property=\"article:publisher\" content=\"http:\/\/www.facebook.com\/ReReadLibreriaLowcost\" \/>\n<meta property=\"article:modified_time\" content=\"2016-12-21T07:08:53+00:00\" \/>\n<meta property=\"og:image\" content=\"https:\/\/www.re-read.com\/wp-content\/uploads\/2016\/12\/monstruos-lectores.jpg\" \/>\n<meta name=\"twitter:label1\" content=\"Dur\u00e9e de lecture est.\" \/>\n\t<meta name=\"twitter:data1\" content=\"1 minute\" \/>\n<script type=\"application\/ld+json\" class=\"yoast-schema-graph\">{\"@context\":\"https:\/\/schema.org\",\"@graph\":[{\"@type\":\"Organization\",\"@id\":\"https:\/\/www.re-read.com\/#organization\",\"name\":\"Re-Read Librer\\u00eda Lowcost\",\"url\":\"https:\/\/www.re-read.com\/\",\"sameAs\":[\"http:\/\/www.facebook.com\/ReReadLibreriaLowcost\",\"https:\/\/www.instagram.com\/rereadlibrerialowcostoficial\",\"https:\/\/www.youtube.com\/channel\/UCLe8wJmNXZv2nwOciMnuZeA\"],\"logo\":{\"@type\":\"ImageObject\",\"@id\":\"https:\/\/www.re-read.com\/#logo\",\"inLanguage\":\"fr-FR\",\"url\":\"https:\/\/www.re-read.com\/wp-content\/uploads\/2013\/05\/logo-640x240-medio-cast.gif\",\"contentUrl\":\"https:\/\/www.re-read.com\/wp-content\/uploads\/2013\/05\/logo-640x240-medio-cast.gif\",\"width\":640,\"height\":240,\"caption\":\"Re-Read Librer\\u00eda Lowcost\"},\"image\":{\"@id\":\"https:\/\/www.re-read.com\/#logo\"}},{\"@type\":\"WebSite\",\"@id\":\"https:\/\/www.re-read.com\/#website\",\"url\":\"https:\/\/www.re-read.com\/\",\"name\":\"Re-Read Librer\\u00eda lowcost : 1 libro 4\\u20ac \\u2022 2 libros 6\\u20ac \\u2022 5 libros 12\\u20ac \\u2022\",\"description\":\"Des livres quasiment neufs \\u00e0 un prix quasiment impossible.\",\"publisher\":{\"@id\":\"https:\/\/www.re-read.com\/#organization\"},\"potentialAction\":[{\"@type\":\"SearchAction\",\"target\":{\"@type\":\"EntryPoint\",\"urlTemplate\":\"https:\/\/www.re-read.com\/?s={search_term_string}\"},\"query-input\":\"required name=search_term_string\"}],\"inLanguage\":\"fr-FR\"},{\"@type\":\"ImageObject\",\"@id\":\"https:\/\/www.re-read.com\/fr\/tarjeta-re-galo-disfrutar-la-lectura\/#primaryimage\",\"inLanguage\":\"fr-FR\",\"url\":\"https:\/\/www.re-read.com\/wp-content\/uploads\/2016\/12\/monstruos-lectores.jpg\",\"contentUrl\":\"https:\/\/www.re-read.com\/wp-content\/uploads\/2016\/12\/monstruos-lectores.jpg\",\"width\":500,\"height\":417},{\"@type\":\"WebPage\",\"@id\":\"https:\/\/www.re-read.com\/fr\/tarjeta-re-galo-disfrutar-la-lectura\/#webpage\",\"url\":\"https:\/\/www.re-read.com\/fr\/tarjeta-re-galo-disfrutar-la-lectura\/\",\"name\":\"\",\"isPartOf\":{\"@id\":\"https:\/\/www.re-read.com\/#website\"},\"primaryImageOfPage\":{\"@id\":\"https:\/\/www.re-read.com\/fr\/tarjeta-re-galo-disfrutar-la-lectura\/#primaryimage\"},\"datePublished\":\"2016-12-20T10:22:31+00:00\",\"dateModified\":\"2016-12-21T07:08:53+00:00\",\"breadcrumb\":{\"@id\":\"https:\/\/www.re-read.com\/fr\/tarjeta-re-galo-disfrutar-la-lectura\/#breadcrumb\"},\"inLanguage\":\"fr-FR\",\"potentialAction\":[{\"@type\":\"ReadAction\",\"target\":[\"https:\/\/www.re-read.com\/fr\/tarjeta-re-galo-disfrutar-la-lectura\/\"]}]},{\"@type\":\"BreadcrumbList\",\"@id\":\"https:\/\/www.re-read.com\/fr\/tarjeta-re-galo-disfrutar-la-lectura\/#breadcrumb\",\"itemListElement\":[{\"@type\":\"ListItem\",\"position\":1,\"name\":\"Portada\",\"item\":\"https:\/\/www.re-read.com\/fr\/\"},{\"@type\":\"ListItem\",\"position\":2,\"name\":\"Tarjeta Re-galo para disfrutar de la lectura\"}]}]}<\/script>\n<!-- \/ Yoast SEO plugin. -->","yoast_head_json":{"title":"Re-Read Librer\u00eda lowcost : 1 libro 4\u20ac \u2022 2 libros 6\u20ac \u2022 5 libros 12\u20ac \u2022","robots":{"index":"index","follow":"follow","max-snippet":"max-snippet:-1","max-image-preview":"max-image-preview:large","max-video-preview":"max-video-preview:-1"},"canonical":"https:\/\/www.re-read.com\/fr\/tarjeta-re-galo-disfrutar-la-lectura\/","og_locale":"fr_FR","og_type":"article","og_description":"[vc_row attached=\u00a0\u00bbtrue\u00a0\u00bb padding=\u00a0\u00bb0&Prime;][vc_column width=\u00a0\u00bb1\/6&Prime;][mk_icon_box icon=\u00a0\u00bbmk-moon-gift-2&Prime; icon_size=\u00a0\u00bbx-large\u00a0\u00bb circled=\u00a0\u00bbtrue\u00a0\u00bb icon_color=\u00a0\u00bb#ffffff\u00a0\u00bb icon_circle_color=\u00a0\u00bb#3fa3d7&Prime; box_blur=\u00a0\u00bbfalse\u00a0\u00bb][\/mk_icon_box][\/vc_column][vc_column width=\u00a0\u00bb5\/6&Prime;][mk_fancy_title color=\u00a0\u00bb#393836&Prime; size=\u00a0\u00bb24&Prime; margin_top=\u00a0\u00bb32&Prime; margin_bottom=\u00a0\u00bb16&Prime; font_family=\u00a0\u00bbnone\u00a0\u00bb animation=\u00a0\u00bbfade-in\u00a0\u00bb] Con la tarjeta Re-Galo, regalar libros nunca ha sido m\u00e1s f\u00e1cil. [\/mk_fancy_title][\/vc_column][\/vc_row][vc_row padding=\u00a0\u00bb0&Prime;][vc_column][vc_column_text animation=\u00a0\u00bbright-to-left\u00a0\u00bb] [\/vc_column_text][vc_column_text animation=\u00a0\u00bbfade-in\u00a0\u00bb] Escoge el \u201cRe-Monstruo\u201d que m\u00e1s te guste, el importe que quieras regalar\u00a0y \u00a1a disfrutar de la lectura! [\/vc_column_text][\/vc_column][\/vc_row][vc_row animation=\u00a0\u00bbfade-in\u00a0\u00bb padding=\u00a0\u00bb0&Prime;][vc_column][vc_column_text animation=\u00a0\u00bbfade-in\u00a0\u00bb] Para [&hellip;]","og_url":"https:\/\/www.re-read.com\/fr\/tarjeta-re-galo-disfrutar-la-lectura\/","og_site_name":"Re-Read Librer\u00eda lowcost : 1 libro 4\u20ac \u2022 2 libros 6\u20ac \u2022 5 libros 12\u20ac \u2022","article_publisher":"http:\/\/www.facebook.com\/ReReadLibreriaLowcost","article_modified_time":"2016-12-21T07:08:53+00:00","og_image":[{"url":"https:\/\/www.re-read.com\/wp-content\/uploads\/2016\/12\/monstruos-lectores.jpg"}],"twitter_misc":{"Dur\u00e9e de lecture est.":"1 minute"},"schema":{"@context":"https:\/\/schema.org","@graph":[{"@type":"Organization","@id":"https:\/\/www.re-read.com\/#organization","name":"Re-Read Librer\u00eda Lowcost","url":"https:\/\/www.re-read.com\/","sameAs":["http:\/\/www.facebook.com\/ReReadLibreriaLowcost","https:\/\/www.instagram.com\/rereadlibrerialowcostoficial","https:\/\/www.youtube.com\/channel\/UCLe8wJmNXZv2nwOciMnuZeA"],"logo":{"@type":"ImageObject","@id":"https:\/\/www.re-read.com\/#logo","inLanguage":"fr-FR","url":"https:\/\/www.re-read.com\/wp-content\/uploads\/2013\/05\/logo-640x240-medio-cast.gif","contentUrl":"https:\/\/www.re-read.com\/wp-content\/uploads\/2013\/05\/logo-640x240-medio-cast.gif","width":640,"height":240,"caption":"Re-Read Librer\u00eda Lowcost"},"image":{"@id":"https:\/\/www.re-read.com\/#logo"}},{"@type":"WebSite","@id":"https:\/\/www.re-read.com\/#website","url":"https:\/\/www.re-read.com\/","name":"Re-Read Librer\u00eda lowcost : 1 libro 4\u20ac \u2022 2 libros 6\u20ac \u2022 5 libros 12\u20ac \u2022","description":"Des livres quasiment neufs \u00e0 un prix quasiment impossible.","publisher":{"@id":"https:\/\/www.re-read.com\/#organization"},"potentialAction":[{"@type":"SearchAction","target":{"@type":"EntryPoint","urlTemplate":"https:\/\/www.re-read.com\/?s={search_term_string}"},"query-input":"required name=search_term_string"}],"inLanguage":"fr-FR"},{"@type":"ImageObject","@id":"https:\/\/www.re-read.com\/fr\/tarjeta-re-galo-disfrutar-la-lectura\/#primaryimage","inLanguage":"fr-FR","url":"https:\/\/www.re-read.com\/wp-content\/uploads\/2016\/12\/monstruos-lectores.jpg","contentUrl":"https:\/\/www.re-read.com\/wp-content\/uploads\/2016\/12\/monstruos-lectores.jpg","width":500,"height":417},{"@type":"WebPage","@id":"https:\/\/www.re-read.com\/fr\/tarjeta-re-galo-disfrutar-la-lectura\/#webpage","url":"https:\/\/www.re-read.com\/fr\/tarjeta-re-galo-disfrutar-la-lectura\/","name":"","isPartOf":{"@id":"https:\/\/www.re-read.com\/#website"},"primaryImageOfPage":{"@id":"https:\/\/www.re-read.com\/fr\/tarjeta-re-galo-disfrutar-la-lectura\/#primaryimage"},"datePublished":"2016-12-20T10:22:31+00:00","dateModified":"2016-12-21T07:08:53+00:00","breadcrumb":{"@id":"https:\/\/www.re-read.com\/fr\/tarjeta-re-galo-disfrutar-la-lectura\/#breadcrumb"},"inLanguage":"fr-FR","potentialAction":[{"@type":"ReadAction","target":["https:\/\/www.re-read.com\/fr\/tarjeta-re-galo-disfrutar-la-lectura\/"]}]},{"@type":"BreadcrumbList","@id":"https:\/\/www.re-read.com\/fr\/tarjeta-re-galo-disfrutar-la-lectura\/#breadcrumb","itemListElement":[{"@type":"ListItem","position":1,"name":"Portada","item":"https:\/\/www.re-read.com\/fr\/"},{"@type":"ListItem","position":2,"name":"Tarjeta Re-galo para disfrutar de la lectura"}]}]}},"_links":{"self":[{"href":"https:\/\/www.re-read.com\/fr\/wp-json\/wp\/v2\/pages\/57970"}],"collection":[{"href":"https:\/\/www.re-read.com\/fr\/wp-json\/wp\/v2\/pages"}],"about":[{"href":"https:\/\/www.re-read.com\/fr\/wp-json\/wp\/v2\/types\/page"}],"author":[{"embeddable":true,"href":"https:\/\/www.re-read.com\/fr\/wp-json\/wp\/v2\/users\/4"}],"replies":[{"embeddable":true,"href":"https:\/\/www.re-read.com\/fr\/wp-json\/wp\/v2\/comments?post=57970"}],"version-history":[{"count":0,"href":"https:\/\/www.re-read.com\/fr\/wp-json\/wp\/v2\/pages\/57970\/revisions"}],"wp:attachment":[{"href":"https:\/\/www.re-read.com\/fr\/wp-json\/wp\/v2\/media?parent=57970"}],"curies":[{"name":"wp","href":"https:\/\/api.w.org\/{rel}","templated":true}]}}