 
{"id":94859,"date":"2020-04-01T15:15:39","date_gmt":"2020-04-01T13:15:39","guid":{"rendered":"https:\/\/www.re-read.com\/re-abrimos-pronto\/"},"modified":"2024-03-28T17:45:58","modified_gmt":"2024-03-28T16:45:58","slug":"offrez-vous-une-carte-prepayee-de-livres","status":"publish","type":"page","link":"https:\/\/www.re-read.com\/fr\/offrez-vous-une-carte-prepayee-de-livres\/","title":{"rendered":"Offrez(-vous) une carte pr\u00e9pay\u00e9e de livres"},"content":{"rendered":"[vc_row][vc_column width=\u00a0\u00bb1\/3&Prime;][mk_icon_box2 icon_size=\u00a0\u00bb64&Prime; icon=\u00a0\u00bbmk-moon-gift-2&Prime; animation=\u00a0\u00bbflip-x\u00a0\u00bb]\n<h3 style=\"text-align: center;\">Offrez(-vous) une <strong>carte pr\u00e9pay\u00e9e de livres<\/strong>.<\/h3>\n[\/mk_icon_box2][\/vc_column][vc_column width=\u00a0\u00bb1\/3&Prime;][mk_icon_box2 icon_size=\u00a0\u00bb64&Prime; icon=\u00a0\u00bbmk-moon-pencil-3&Prime; animation=\u00a0\u00bbflip-x\u00a0\u00bb]\n<h3>Dites-nous <strong>\u00e0 qui<\/strong> votre cadeau est destin\u00e9, <strong>\u00e0 quelle date<\/strong> vous souhaitez l&rsquo;envoyer et ajoutez un <strong>message personnalis\u00e9<\/strong>.<\/h3>\n[\/mk_icon_box2][\/vc_column][vc_column width=\u00a0\u00bb1\/3&Prime;][mk_icon_box2 icon_size=\u00a0\u00bb64&Prime; icon=\u00a0\u00bbmk-moon-mail-send\u00a0\u00bb animation=\u00a0\u00bbflip-x\u00a0\u00bb]\n<h3 style=\"text-align: center;\">Nous nous chargeons <strong>d&rsquo;envoyer la carte cadeau<\/strong> virtuelle \u00e0 votre destinataire.<\/h3>\n[\/mk_icon_box2][\/vc_column][\/vc_row][vc_row][vc_column][mk_button dimension=\u00a0\u00bbflat\u00a0\u00bb corner_style=\u00a0\u00bbfull_rounded\u00a0\u00bb size=\u00a0\u00bbxx-large\u00a0\u00bb icon=\u00a0\u00bbmk-moon-gift\u00a0\u00bb align=\u00a0\u00bbcenter\u00a0\u00bb fullwidth=\u00a0\u00bbtrue\u00a0\u00bb margin_top=\u00a0\u00bb32&Prime; animation=\u00a0\u00bbflip-x\u00a0\u00bb]Offrez(-vous) une carte de livres pr\u00e9pay\u00e9e en librairie et Re-bient\u00f4t en ligne[\/mk_button][vc_column_text]<img decoding=\"async\" loading=\"lazy\" class=\"aligncenter wp-image-120729 \" src=\"https:\/\/www.re-read.com\/wp-content\/uploads\/2023\/12\/tarjeta-regalo-con-manos-fr.png\" alt=\"\" width=\"720\" height=\"516\" srcset=\"https:\/\/www.re-read.com\/wp-content\/uploads\/2023\/12\/tarjeta-regalo-con-manos-fr.png 1288w, https:\/\/www.re-read.com\/wp-content\/uploads\/2023\/12\/tarjeta-regalo-con-manos-fr-300x215.png 300w, https:\/\/www.re-read.com\/wp-content\/uploads\/2023\/12\/tarjeta-regalo-con-manos-fr-1024x733.png 1024w, https:\/\/www.re-read.com\/wp-content\/uploads\/2023\/12\/tarjeta-regalo-con-manos-fr-768x550.png 768w, https:\/\/www.re-read.com\/wp-content\/uploads\/2023\/12\/tarjeta-regalo-con-manos-fr-1000x716.png 1000w\" sizes=\"(max-width: 720px) 100vw, 720px\" \/>[\/vc_column_text][\/vc_column][\/vc_row][vc_row][vc_column][vc_column_text]\n[\/vc_column_text][\/vc_column][\/vc_row]\n","protected":false},"excerpt":{"rendered":"<p>[vc_row][vc_column width=\u00a0\u00bb1\/3&Prime;][mk_icon_box2 icon_size=\u00a0\u00bb64&Prime; icon=\u00a0\u00bbmk-moon-gift-2&Prime; animation=\u00a0\u00bbflip-x\u00a0\u00bb] Offrez(-vous) une carte pr\u00e9pay\u00e9e de livres. [\/mk_icon_box2][\/vc_column][vc_column width=\u00a0\u00bb1\/3&Prime;][mk_icon_box2 icon_size=\u00a0\u00bb64&Prime; icon=\u00a0\u00bbmk-moon-pencil-3&Prime; animation=\u00a0\u00bbflip-x\u00a0\u00bb] Dites-nous \u00e0 qui votre cadeau est destin\u00e9, \u00e0 quelle date vous souhaitez l&rsquo;envoyer et ajoutez un message personnalis\u00e9. [\/mk_icon_box2][\/vc_column][vc_column width=\u00a0\u00bb1\/3&Prime;][mk_icon_box2 icon_size=\u00a0\u00bb64&Prime; icon=\u00a0\u00bbmk-moon-mail-send\u00a0\u00bb animation=\u00a0\u00bbflip-x\u00a0\u00bb] Nous nous chargeons d&rsquo;envoyer la carte cadeau virtuelle \u00e0 votre destinataire. [\/mk_icon_box2][\/vc_column][\/vc_row][vc_row][vc_column][mk_button dimension=\u00a0\u00bbflat\u00a0\u00bb corner_style=\u00a0\u00bbfull_rounded\u00a0\u00bb size=\u00a0\u00bbxx-large\u00a0\u00bb icon=\u00a0\u00bbmk-moon-gift\u00a0\u00bb [&hellip;]<\/p>\n","protected":false},"author":4,"featured_media":0,"parent":0,"menu_order":0,"comment_status":"closed","ping_status":"closed","template":"","meta":[],"acf":[],"yoast_head":"<!-- This site is optimized with the Yoast SEO plugin v17.4 - https:\/\/yoast.com\/wordpress\/plugins\/seo\/ -->\n<title>Re-Read Librer\u00eda lowcost : 1 libro 4\u20ac \u2022 2 libros 6\u20ac \u2022 5 libros 12\u20ac \u2022<\/title>\n<meta name=\"robots\" content=\"index, follow, max-snippet:-1, max-image-preview:large, max-video-preview:-1\" \/>\n<link rel=\"canonical\" href=\"https:\/\/www.re-read.com\/fr\/offrez-vous-une-carte-prepayee-de-livres\/\" \/>\n<meta property=\"og:locale\" content=\"fr_FR\" \/>\n<meta property=\"og:type\" content=\"article\" \/>\n<meta property=\"og:description\" content=\"[vc_row][vc_column width=\u00a0\u00bb1\/3&Prime;][mk_icon_box2 icon_size=\u00a0\u00bb64&Prime; icon=\u00a0\u00bbmk-moon-gift-2&Prime; animation=\u00a0\u00bbflip-x\u00a0\u00bb] Offrez(-vous) une carte pr\u00e9pay\u00e9e de livres. [\/mk_icon_box2][\/vc_column][vc_column width=\u00a0\u00bb1\/3&Prime;][mk_icon_box2 icon_size=\u00a0\u00bb64&Prime; icon=\u00a0\u00bbmk-moon-pencil-3&Prime; animation=\u00a0\u00bbflip-x\u00a0\u00bb] Dites-nous \u00e0 qui votre cadeau est destin\u00e9, \u00e0 quelle date vous souhaitez l&rsquo;envoyer et ajoutez un message personnalis\u00e9. [\/mk_icon_box2][\/vc_column][vc_column width=\u00a0\u00bb1\/3&Prime;][mk_icon_box2 icon_size=\u00a0\u00bb64&Prime; icon=\u00a0\u00bbmk-moon-mail-send\u00a0\u00bb animation=\u00a0\u00bbflip-x\u00a0\u00bb] Nous nous chargeons d&rsquo;envoyer la carte cadeau virtuelle \u00e0 votre destinataire. [\/mk_icon_box2][\/vc_column][\/vc_row][vc_row][vc_column][mk_button dimension=\u00a0\u00bbflat\u00a0\u00bb corner_style=\u00a0\u00bbfull_rounded\u00a0\u00bb size=\u00a0\u00bbxx-large\u00a0\u00bb icon=\u00a0\u00bbmk-moon-gift\u00a0\u00bb [&hellip;]\" \/>\n<meta property=\"og:url\" content=\"https:\/\/www.re-read.com\/fr\/offrez-vous-une-carte-prepayee-de-livres\/\" \/>\n<meta property=\"og:site_name\" content=\"Re-Read Librer\u00eda lowcost : 1 libro 4\u20ac \u2022 2 libros 6\u20ac \u2022 5 libros 12\u20ac \u2022\" \/>\n<meta property=\"article:publisher\" content=\"http:\/\/www.facebook.com\/ReReadLibreriaLowcost\" \/>\n<meta property=\"article:modified_time\" content=\"2024-03-28T16:45:58+00:00\" \/>\n<meta property=\"og:image\" content=\"https:\/\/www.re-read.com\/wp-content\/uploads\/2023\/12\/tarjeta-regalo-con-manos-fr.png\" \/>\n<meta name=\"twitter:label1\" content=\"Dur\u00e9e de lecture est.\" \/>\n\t<meta name=\"twitter:data1\" content=\"1 minute\" \/>\n<script type=\"application\/ld+json\" class=\"yoast-schema-graph\">{\"@context\":\"https:\/\/schema.org\",\"@graph\":[{\"@type\":\"Organization\",\"@id\":\"https:\/\/www.re-read.com\/#organization\",\"name\":\"Re-Read Librer\\u00eda Lowcost\",\"url\":\"https:\/\/www.re-read.com\/\",\"sameAs\":[\"http:\/\/www.facebook.com\/ReReadLibreriaLowcost\",\"https:\/\/www.instagram.com\/rereadlibrerialowcostoficial\",\"https:\/\/www.youtube.com\/channel\/UCLe8wJmNXZv2nwOciMnuZeA\"],\"logo\":{\"@type\":\"ImageObject\",\"@id\":\"https:\/\/www.re-read.com\/#logo\",\"inLanguage\":\"fr-FR\",\"url\":\"https:\/\/www.re-read.com\/wp-content\/uploads\/2013\/05\/logo-640x240-medio-cast.gif\",\"contentUrl\":\"https:\/\/www.re-read.com\/wp-content\/uploads\/2013\/05\/logo-640x240-medio-cast.gif\",\"width\":640,\"height\":240,\"caption\":\"Re-Read Librer\\u00eda Lowcost\"},\"image\":{\"@id\":\"https:\/\/www.re-read.com\/#logo\"}},{\"@type\":\"WebSite\",\"@id\":\"https:\/\/www.re-read.com\/#website\",\"url\":\"https:\/\/www.re-read.com\/\",\"name\":\"Re-Read Librer\\u00eda lowcost : 1 libro 4\\u20ac \\u2022 2 libros 6\\u20ac \\u2022 5 libros 12\\u20ac \\u2022\",\"description\":\"Des livres quasiment neufs \\u00e0 un prix quasiment impossible.\",\"publisher\":{\"@id\":\"https:\/\/www.re-read.com\/#organization\"},\"potentialAction\":[{\"@type\":\"SearchAction\",\"target\":{\"@type\":\"EntryPoint\",\"urlTemplate\":\"https:\/\/www.re-read.com\/?s={search_term_string}\"},\"query-input\":\"required name=search_term_string\"}],\"inLanguage\":\"fr-FR\"},{\"@type\":\"ImageObject\",\"@id\":\"https:\/\/www.re-read.com\/fr\/offrez-vous-une-carte-prepayee-de-livres\/#primaryimage\",\"inLanguage\":\"fr-FR\",\"url\":\"https:\/\/www.re-read.com\/wp-content\/uploads\/2023\/12\/tarjeta-regalo-con-manos-fr.png\",\"contentUrl\":\"https:\/\/www.re-read.com\/wp-content\/uploads\/2023\/12\/tarjeta-regalo-con-manos-fr.png\",\"width\":1288,\"height\":922},{\"@type\":\"WebPage\",\"@id\":\"https:\/\/www.re-read.com\/fr\/offrez-vous-une-carte-prepayee-de-livres\/#webpage\",\"url\":\"https:\/\/www.re-read.com\/fr\/offrez-vous-une-carte-prepayee-de-livres\/\",\"name\":\"\",\"isPartOf\":{\"@id\":\"https:\/\/www.re-read.com\/#website\"},\"primaryImageOfPage\":{\"@id\":\"https:\/\/www.re-read.com\/fr\/offrez-vous-une-carte-prepayee-de-livres\/#primaryimage\"},\"datePublished\":\"2020-04-01T13:15:39+00:00\",\"dateModified\":\"2024-03-28T16:45:58+00:00\",\"breadcrumb\":{\"@id\":\"https:\/\/www.re-read.com\/fr\/offrez-vous-une-carte-prepayee-de-livres\/#breadcrumb\"},\"inLanguage\":\"fr-FR\",\"potentialAction\":[{\"@type\":\"ReadAction\",\"target\":[\"https:\/\/www.re-read.com\/fr\/offrez-vous-une-carte-prepayee-de-livres\/\"]}]},{\"@type\":\"BreadcrumbList\",\"@id\":\"https:\/\/www.re-read.com\/fr\/offrez-vous-une-carte-prepayee-de-livres\/#breadcrumb\",\"itemListElement\":[{\"@type\":\"ListItem\",\"position\":1,\"name\":\"Portada\",\"item\":\"https:\/\/www.re-read.com\/fr\/\"},{\"@type\":\"ListItem\",\"position\":2,\"name\":\"Offrez(-vous) une carte pr\\u00e9pay\\u00e9e de livres\"}]}]}<\/script>\n<!-- \/ Yoast SEO plugin. -->","yoast_head_json":{"title":"Re-Read Librer\u00eda lowcost : 1 libro 4\u20ac \u2022 2 libros 6\u20ac \u2022 5 libros 12\u20ac \u2022","robots":{"index":"index","follow":"follow","max-snippet":"max-snippet:-1","max-image-preview":"max-image-preview:large","max-video-preview":"max-video-preview:-1"},"canonical":"https:\/\/www.re-read.com\/fr\/offrez-vous-une-carte-prepayee-de-livres\/","og_locale":"fr_FR","og_type":"article","og_description":"[vc_row][vc_column width=\u00a0\u00bb1\/3&Prime;][mk_icon_box2 icon_size=\u00a0\u00bb64&Prime; icon=\u00a0\u00bbmk-moon-gift-2&Prime; animation=\u00a0\u00bbflip-x\u00a0\u00bb] Offrez(-vous) une carte pr\u00e9pay\u00e9e de livres. [\/mk_icon_box2][\/vc_column][vc_column width=\u00a0\u00bb1\/3&Prime;][mk_icon_box2 icon_size=\u00a0\u00bb64&Prime; icon=\u00a0\u00bbmk-moon-pencil-3&Prime; animation=\u00a0\u00bbflip-x\u00a0\u00bb] Dites-nous \u00e0 qui votre cadeau est destin\u00e9, \u00e0 quelle date vous souhaitez l&rsquo;envoyer et ajoutez un message personnalis\u00e9. [\/mk_icon_box2][\/vc_column][vc_column width=\u00a0\u00bb1\/3&Prime;][mk_icon_box2 icon_size=\u00a0\u00bb64&Prime; icon=\u00a0\u00bbmk-moon-mail-send\u00a0\u00bb animation=\u00a0\u00bbflip-x\u00a0\u00bb] Nous nous chargeons d&rsquo;envoyer la carte cadeau virtuelle \u00e0 votre destinataire. [\/mk_icon_box2][\/vc_column][\/vc_row][vc_row][vc_column][mk_button dimension=\u00a0\u00bbflat\u00a0\u00bb corner_style=\u00a0\u00bbfull_rounded\u00a0\u00bb size=\u00a0\u00bbxx-large\u00a0\u00bb icon=\u00a0\u00bbmk-moon-gift\u00a0\u00bb [&hellip;]","og_url":"https:\/\/www.re-read.com\/fr\/offrez-vous-une-carte-prepayee-de-livres\/","og_site_name":"Re-Read Librer\u00eda lowcost : 1 libro 4\u20ac \u2022 2 libros 6\u20ac \u2022 5 libros 12\u20ac \u2022","article_publisher":"http:\/\/www.facebook.com\/ReReadLibreriaLowcost","article_modified_time":"2024-03-28T16:45:58+00:00","og_image":[{"url":"https:\/\/www.re-read.com\/wp-content\/uploads\/2023\/12\/tarjeta-regalo-con-manos-fr.png"}],"twitter_misc":{"Dur\u00e9e de lecture est.":"1 minute"},"schema":{"@context":"https:\/\/schema.org","@graph":[{"@type":"Organization","@id":"https:\/\/www.re-read.com\/#organization","name":"Re-Read Librer\u00eda Lowcost","url":"https:\/\/www.re-read.com\/","sameAs":["http:\/\/www.facebook.com\/ReReadLibreriaLowcost","https:\/\/www.instagram.com\/rereadlibrerialowcostoficial","https:\/\/www.youtube.com\/channel\/UCLe8wJmNXZv2nwOciMnuZeA"],"logo":{"@type":"ImageObject","@id":"https:\/\/www.re-read.com\/#logo","inLanguage":"fr-FR","url":"https:\/\/www.re-read.com\/wp-content\/uploads\/2013\/05\/logo-640x240-medio-cast.gif","contentUrl":"https:\/\/www.re-read.com\/wp-content\/uploads\/2013\/05\/logo-640x240-medio-cast.gif","width":640,"height":240,"caption":"Re-Read Librer\u00eda Lowcost"},"image":{"@id":"https:\/\/www.re-read.com\/#logo"}},{"@type":"WebSite","@id":"https:\/\/www.re-read.com\/#website","url":"https:\/\/www.re-read.com\/","name":"Re-Read Librer\u00eda lowcost : 1 libro 4\u20ac \u2022 2 libros 6\u20ac \u2022 5 libros 12\u20ac \u2022","description":"Des livres quasiment neufs \u00e0 un prix quasiment impossible.","publisher":{"@id":"https:\/\/www.re-read.com\/#organization"},"potentialAction":[{"@type":"SearchAction","target":{"@type":"EntryPoint","urlTemplate":"https:\/\/www.re-read.com\/?s={search_term_string}"},"query-input":"required name=search_term_string"}],"inLanguage":"fr-FR"},{"@type":"ImageObject","@id":"https:\/\/www.re-read.com\/fr\/offrez-vous-une-carte-prepayee-de-livres\/#primaryimage","inLanguage":"fr-FR","url":"https:\/\/www.re-read.com\/wp-content\/uploads\/2023\/12\/tarjeta-regalo-con-manos-fr.png","contentUrl":"https:\/\/www.re-read.com\/wp-content\/uploads\/2023\/12\/tarjeta-regalo-con-manos-fr.png","width":1288,"height":922},{"@type":"WebPage","@id":"https:\/\/www.re-read.com\/fr\/offrez-vous-une-carte-prepayee-de-livres\/#webpage","url":"https:\/\/www.re-read.com\/fr\/offrez-vous-une-carte-prepayee-de-livres\/","name":"","isPartOf":{"@id":"https:\/\/www.re-read.com\/#website"},"primaryImageOfPage":{"@id":"https:\/\/www.re-read.com\/fr\/offrez-vous-une-carte-prepayee-de-livres\/#primaryimage"},"datePublished":"2020-04-01T13:15:39+00:00","dateModified":"2024-03-28T16:45:58+00:00","breadcrumb":{"@id":"https:\/\/www.re-read.com\/fr\/offrez-vous-une-carte-prepayee-de-livres\/#breadcrumb"},"inLanguage":"fr-FR","potentialAction":[{"@type":"ReadAction","target":["https:\/\/www.re-read.com\/fr\/offrez-vous-une-carte-prepayee-de-livres\/"]}]},{"@type":"BreadcrumbList","@id":"https:\/\/www.re-read.com\/fr\/offrez-vous-une-carte-prepayee-de-livres\/#breadcrumb","itemListElement":[{"@type":"ListItem","position":1,"name":"Portada","item":"https:\/\/www.re-read.com\/fr\/"},{"@type":"ListItem","position":2,"name":"Offrez(-vous) une carte pr\u00e9pay\u00e9e de livres"}]}]}},"_links":{"self":[{"href":"https:\/\/www.re-read.com\/fr\/wp-json\/wp\/v2\/pages\/94859"}],"collection":[{"href":"https:\/\/www.re-read.com\/fr\/wp-json\/wp\/v2\/pages"}],"about":[{"href":"https:\/\/www.re-read.com\/fr\/wp-json\/wp\/v2\/types\/page"}],"author":[{"embeddable":true,"href":"https:\/\/www.re-read.com\/fr\/wp-json\/wp\/v2\/users\/4"}],"replies":[{"embeddable":true,"href":"https:\/\/www.re-read.com\/fr\/wp-json\/wp\/v2\/comments?post=94859"}],"version-history":[{"count":50,"href":"https:\/\/www.re-read.com\/fr\/wp-json\/wp\/v2\/pages\/94859\/revisions"}],"predecessor-version":[{"id":121965,"href":"https:\/\/www.re-read.com\/fr\/wp-json\/wp\/v2\/pages\/94859\/revisions\/121965"}],"wp:attachment":[{"href":"https:\/\/www.re-read.com\/fr\/wp-json\/wp\/v2\/media?parent=94859"}],"curies":[{"name":"wp","href":"https:\/\/api.w.org\/{rel}","templated":true}]}}