 
{"id":99493,"date":"2021-08-16T22:32:39","date_gmt":"2021-08-16T20:32:39","guid":{"rendered":"https:\/\/www.re-read.com\/suscribete-a-la-re-vista-de-re-read\/"},"modified":"2023-11-30T07:19:37","modified_gmt":"2023-11-30T06:19:37","slug":"revue","status":"publish","type":"page","link":"https:\/\/www.re-read.com\/fr\/revue\/","title":{"rendered":"Abonnez-vous \u00e0 la Re-vue gratuite de Re-Read"},"content":{"rendered":"[vc_row][vc_column width=\u00a0\u00bb1\/6&Prime;][mk_font_icons icon=\u00a0\u00bbmk-moon-newspaper\u00a0\u00bb color=\u00a0\u00bb#757575&Prime; size=\u00a0\u00bbxx-large\u00a0\u00bb animation=\u00a0\u00bbtop-to-bottom\u00a0\u00bb][\/vc_column][vc_column width=\u00a0\u00bb5\/6&Prime;][vc_column_text]\n<h3>Abonnez-vous \u00e0 la revue de Re-Read et rejoignez les 47\u00a0277 abonn\u00e9(e)s lecteurs de nos librairies.<\/h3>\n<p>Oui, je souhaite recevoir la Re-vue de Re-Read. Je peux me d\u00e9sabonner \u00e0 tout moment gr\u00e2ce au lien pr\u00e9sent dans la Re-vue.<\/p>\n  \n  \n  <div class=\"\n    mailpoet_form_popup_overlay\n      \"><\/div>\n  <div\n    id=\"mailpoet_form_6\"\n    class=\"\n      mailpoet_form\n      mailpoet_form_shortcode\n      mailpoet_form_position_\n      mailpoet_form_animation_\n    \"\n      >\n\n    <style type=\"text\/css\">\n     #mailpoet_form_6 .mailpoet_form {  }\n#mailpoet_form_6 .mailpoet_paragraph { line-height: 20px; width: 420px; }\n#mailpoet_form_6 .mailpoet_segment_label, #mailpoet_form_6 .mailpoet_text_label, #mailpoet_form_6 .mailpoet_textarea_label, #mailpoet_form_6 .mailpoet_select_label, #mailpoet_form_6 .mailpoet_radio_label, #mailpoet_form_6 .mailpoet_checkbox_label, #mailpoet_form_6 .mailpoet_list_label, #mailpoet_form_6 .mailpoet_date_label { display: block; font-weight: bold; }\n#mailpoet_form_6 .mailpoet_text, #mailpoet_form_6 .mailpoet_textarea, #mailpoet_form_6 .mailpoet_select, #mailpoet_form_6 .mailpoet_date_month, #mailpoet_form_6 .mailpoet_date_day, #mailpoet_form_6 .mailpoet_date_year, #mailpoet_form_6 .mailpoet_date { display: block; width: 100%; }\n#mailpoet_form_6 .mailpoet_text, #mailpoet_form_6 .mailpoet_textarea { width: 100%; }\n#mailpoet_form_6 .mailpoet_checkbox {  }\n#mailpoet_form_6 .mailpoet_submit input {  }\n#mailpoet_form_6 .mailpoet_divider {  }\n#mailpoet_form_6 .mailpoet_message {  }\n#mailpoet_form_6 .mailpoet_validate_success { color: #468847; }\n#mailpoet_form_6 .mailpoet_validate_error { color: #b94a48; }\n#mailpoet_form_6 .mailpoet_checkbox { border: 0px solid transparent; box-shadow: none; width: auto; }\n#mailpoet_form_6 .mailpoet_checkbox_label:first-child { width: 100%; }\n#mailpoet_form_6 .mailpoet_checkbox_label { display: inline-block; width: 46%; vertical-align: top; overflow: hidden; white-space: nowrap; margin-right: 3%; }\n#mailpoet_form_6 .mailpoet_text[type=email] { width: 100%; }\n#mailpoet_form_6 .mailpoet_divider { margin-bottom: 20px; }\n#mailpoet_form_6 .mailpoet_paragraph { width: 100%; overflow: hidden; color: #ccc; }\n#mailpoet_form_6 .parsley-required { color: #e74c3c; font-weight: bold; line-height: 1.5; }\n#mailpoet_form_6 .parsley-custom-error-message { color: #e74c3c; font-weight: bold; line-height: 1.5; }#mailpoet_form_6{border-radius: 1px;text-align: left;}#mailpoet_form_6 form.mailpoet_form {padding: 0px;}#mailpoet_form_6{width: 100%;}#mailpoet_form_6 .mailpoet_message {margin: 0; padding: 0 20px;}#mailpoet_form_6 .mailpoet_paragraph.last {margin-bottom: 0} @media (max-width: 500px) {#mailpoet_form_6 {background-image: none;}} @media (min-width: 500px) {#mailpoet_form_6 .last .mailpoet_paragraph:last-child {margin-bottom: 0}}  @media (max-width: 500px) {#mailpoet_form_6 .mailpoet_form_column:last-child .mailpoet_paragraph:last-child {margin-bottom: 0}} \n    <\/style>\n\n    <form\n      target=\"_self\"\n      method=\"post\"\n      action=\"https:\/\/www.re-read.com\/wp-admin\/admin-post.php?action=mailpoet_subscription_form\"\n      class=\"mailpoet_form mailpoet_form_form mailpoet_form_shortcode\"\n      novalidate\n      data-delay=\"\"\n      data-exit-intent-enabled=\"\"\n      data-font-family=\"\"\n      data-cookie-expiration-time=\"\"\n    >\n      <input type=\"hidden\" name=\"data[form_id]\" value=\"6\" \/>\n      <input type=\"hidden\" name=\"token\" value=\"ef17ce5f7c\" \/>\n      <input type=\"hidden\" name=\"api_version\" value=\"v1\" \/>\n      <input type=\"hidden\" name=\"endpoint\" value=\"subscribers\" \/>\n      <input type=\"hidden\" name=\"mailpoet_method\" value=\"subscribe\" \/>\n\n      <label class=\"mailpoet_hp_email_label\" style=\"display: none !important;\">Veuillez laisser ce champ vide<input type=\"email\" name=\"data[email]\"\/><\/label><div class=\"mailpoet_paragraph \"><label for=\"form_first_name_6\" class=\"mailpoet-screen-reader-text\" style=\"font-weight: bold;\"data-automation-id=\"form_first_name_label\" >Pr\u00e9nom <span class=\"mailpoet_required\">*<\/span><\/label><input type=\"text\" autocomplete=\"given-name\" class=\"mailpoet_text\" id=\"form_first_name_6\" name=\"data[form_field_MjE4ZjRiMzRhMDFhX2ZpcnN0X25hbWU=]\" title=\"Pr\u00e9nom\" value=\"\" style=\"background-color:#ffffff;border-style:solid;border-radius:3px !important;border-width:1px;border-color:#abb8c3;padding:7px;margin: 0 auto 0 0;\" data-automation-id=\"form_first_name\"  placeholder=\"Pr\u00e9nom *\" data-parsley-names='[&quot;Veuillez sp\\u00e9cifier un nom valide.&quot;,&quot;Les adresses dans les noms ne sont pas autoris\\u00e9es, veuillez ajouter votre nom \\u00e0 la place.&quot;]' data-parsley-required=\"true\" data-parsley-errors-container=\".mailpoet_error_first_name_\" data-parsley-required-message=\"Ce champ est n\u00e9cessaire.\"\/><\/div>\n<div class=\"mailpoet_paragraph \"><label for=\"form_last_name_6\" class=\"mailpoet-screen-reader-text\" style=\"font-weight: bold;\"data-automation-id=\"form_last_name_label\" >Nom <span class=\"mailpoet_required\">*<\/span><\/label><input type=\"text\" autocomplete=\"family-name\" class=\"mailpoet_text\" id=\"form_last_name_6\" name=\"data[form_field_MTI4ZDZmMGJkMjRmX2xhc3RfbmFtZQ==]\" title=\"Nom\" value=\"\" style=\"background-color:#ffffff;border-style:solid;border-radius:3px !important;border-width:1px;border-color:#abb8c3;padding:7px;margin: 0 auto 0 0;\" data-automation-id=\"form_last_name\"  placeholder=\"Nom *\" data-parsley-names='[&quot;Veuillez sp\\u00e9cifier un nom valide.&quot;,&quot;Les adresses dans les noms ne sont pas autoris\\u00e9es, veuillez ajouter votre nom \\u00e0 la place.&quot;]' data-parsley-required=\"true\" data-parsley-errors-container=\".mailpoet_error_last_name_\" data-parsley-required-message=\"Ce champ est n\u00e9cessaire.\"\/><\/div>\n<div class=\"mailpoet_paragraph \"><label for=\"form_email_6\" class=\"mailpoet-screen-reader-text\" style=\"font-weight: bold;\"data-automation-id=\"form_email_label\" >Courrier \u00e9lectronique <span class=\"mailpoet_required\">*<\/span><\/label><input type=\"email\" autocomplete=\"email\" class=\"mailpoet_text\" id=\"form_email_6\" name=\"data[form_field_NTNmODYwYzkyYmZmX2VtYWls]\" title=\"Courrier \u00e9lectronique\" value=\"\" style=\"background-color:#ffffff;border-style:solid;border-radius:3px !important;border-width:1px;border-color:#abb8c3;padding:7px;margin: 0 auto 0 0;\" data-automation-id=\"form_email\"  placeholder=\"Courrier \u00e9lectronique *\" data-parsley-required=\"true\" data-parsley-minlength=\"6\" data-parsley-maxlength=\"150\" data-parsley-type-message=\"Cette valeur doit \u00eatre un e-mail valide.\" data-parsley-errors-container=\".mailpoet_error_email_\" data-parsley-required-message=\"Ce champ est n\u00e9cessaire.\"\/><\/div>\n<div class=\"mailpoet_paragraph \"><input type=\"submit\" class=\"mailpoet_submit\" value=\"Abonnez-vous \u00e0 la Re-vue de Re-Read!\" data-automation-id=\"subscribe-submit-button\" style=\"background-color:#eeeeee;border-style:solid;border-radius:0px !important;border-width:1px;border-color:#313131;padding:7px;margin: 0 auto 0 0;color:#313131;\" \/><span class=\"mailpoet_form_loading\"><span class=\"mailpoet_bounce1\"><\/span><span class=\"mailpoet_bounce2\"><\/span><span class=\"mailpoet_bounce3\"><\/span><\/span><\/div>\n<div class=\"mailpoet_paragraph \"><fieldset><label class=\"mailpoet_checkbox_label\" ><input type=\"checkbox\" class=\"mailpoet_checkbox\" name=\"data[form_field_Nzk5YjlkZjU1NDFmX3NlZ21lbnRz][]\" value=\"68\"  data-parsley-required=\"true\" data-parsley-group=\"segments\" data-parsley-errors-container=\".mailpoet_error_segments_6\" data-parsley-required-message=\"Veuillez s\u00e9lectionner une liste.\" \/> Re-vue G\u00c9N\u00c9RALE de Re-Read ??<\/label><label class=\"mailpoet_checkbox_label\" ><input type=\"checkbox\" class=\"mailpoet_checkbox\" name=\"data[form_field_Nzk5YjlkZjU1NDFmX3NlZ21lbnRz][]\" value=\"67\"  data-parsley-required=\"true\" data-parsley-group=\"segments\" data-parsley-errors-container=\".mailpoet_error_segments_6\" data-parsley-required-message=\"Veuillez s\u00e9lectionner une liste.\" \/> Paris<\/label><span class=\"mailpoet_error_segments_6\"><\/span><\/fieldset><\/div>\n\n      <div class=\"mailpoet_message\">\n        <p class=\"mailpoet_validate_success\"\n                style=\"display:none;\"\n                >Merci de vous \u00eatre abonn\u00e9(e) \u00e0 la revue Re-Read. Vous recevrez votre premier num\u00e9ro la deuxi\u00e8me semaine du mois prochain. Merci.\n        <\/p>\n        <p class=\"mailpoet_validate_error\"\n                style=\"display:none;\"\n                >        <\/p>\n      <\/div>\n    <\/form>\n\n      <\/div>\n\n  [\/vc_column_text][\/vc_column][\/vc_row]\n","protected":false},"excerpt":{"rendered":"<p>[vc_row][vc_column width=\u00a0\u00bb1\/6&Prime;][mk_font_icons icon=\u00a0\u00bbmk-moon-newspaper\u00a0\u00bb color=\u00a0\u00bb#757575&Prime; size=\u00a0\u00bbxx-large\u00a0\u00bb animation=\u00a0\u00bbtop-to-bottom\u00a0\u00bb][\/vc_column][vc_column width=\u00a0\u00bb5\/6&Prime;][vc_column_text] Abonnez-vous \u00e0 la revue de Re-Read et rejoignez les abonn\u00e9(e)s lecteurs de nos librairies. Oui, je souhaite recevoir la Re-vue de Re-Read. Je peux me d\u00e9sabonner \u00e0 tout moment gr\u00e2ce au lien pr\u00e9sent dans la Re-vue. [\/vc_column_text][\/vc_column][\/vc_row]<\/p>\n","protected":false},"author":4,"featured_media":0,"parent":0,"menu_order":0,"comment_status":"closed","ping_status":"closed","template":"","meta":[],"acf":[],"yoast_head":"<!-- This site is optimized with the Yoast SEO plugin v17.4 - https:\/\/yoast.com\/wordpress\/plugins\/seo\/ -->\n<title>Re-Read Librer\u00eda lowcost : 1 libro 4\u20ac \u2022 2 libros 6\u20ac \u2022 5 libros 12\u20ac \u2022<\/title>\n<meta name=\"robots\" content=\"index, follow, max-snippet:-1, max-image-preview:large, max-video-preview:-1\" \/>\n<link rel=\"canonical\" href=\"https:\/\/www.re-read.com\/fr\/revue\/\" \/>\n<meta property=\"og:locale\" content=\"fr_FR\" \/>\n<meta property=\"og:type\" content=\"article\" \/>\n<meta property=\"og:description\" content=\"[vc_row][vc_column width=\u00a0\u00bb1\/6&Prime;][mk_font_icons icon=\u00a0\u00bbmk-moon-newspaper\u00a0\u00bb color=\u00a0\u00bb#757575&Prime; size=\u00a0\u00bbxx-large\u00a0\u00bb animation=\u00a0\u00bbtop-to-bottom\u00a0\u00bb][\/vc_column][vc_column width=\u00a0\u00bb5\/6&Prime;][vc_column_text] Abonnez-vous \u00e0 la revue de Re-Read et rejoignez les abonn\u00e9(e)s lecteurs de nos librairies. Oui, je souhaite recevoir la Re-vue de Re-Read. Je peux me d\u00e9sabonner \u00e0 tout moment gr\u00e2ce au lien pr\u00e9sent dans la Re-vue. [\/vc_column_text][\/vc_column][\/vc_row]\" \/>\n<meta property=\"og:url\" content=\"https:\/\/www.re-read.com\/fr\/revue\/\" \/>\n<meta property=\"og:site_name\" content=\"Re-Read Librer\u00eda lowcost : 1 libro 4\u20ac \u2022 2 libros 6\u20ac \u2022 5 libros 12\u20ac \u2022\" \/>\n<meta property=\"article:publisher\" content=\"http:\/\/www.facebook.com\/ReReadLibreriaLowcost\" \/>\n<meta property=\"article:modified_time\" content=\"2023-11-30T06:19:37+00:00\" \/>\n<script type=\"application\/ld+json\" class=\"yoast-schema-graph\">{\"@context\":\"https:\/\/schema.org\",\"@graph\":[{\"@type\":\"Organization\",\"@id\":\"https:\/\/www.re-read.com\/#organization\",\"name\":\"Re-Read Librer\\u00eda Lowcost\",\"url\":\"https:\/\/www.re-read.com\/\",\"sameAs\":[\"http:\/\/www.facebook.com\/ReReadLibreriaLowcost\",\"https:\/\/www.instagram.com\/rereadlibrerialowcostoficial\",\"https:\/\/www.youtube.com\/channel\/UCLe8wJmNXZv2nwOciMnuZeA\"],\"logo\":{\"@type\":\"ImageObject\",\"@id\":\"https:\/\/www.re-read.com\/#logo\",\"inLanguage\":\"fr-FR\",\"url\":\"https:\/\/www.re-read.com\/wp-content\/uploads\/2013\/05\/logo-640x240-medio-cast.gif\",\"contentUrl\":\"https:\/\/www.re-read.com\/wp-content\/uploads\/2013\/05\/logo-640x240-medio-cast.gif\",\"width\":640,\"height\":240,\"caption\":\"Re-Read Librer\\u00eda Lowcost\"},\"image\":{\"@id\":\"https:\/\/www.re-read.com\/#logo\"}},{\"@type\":\"WebSite\",\"@id\":\"https:\/\/www.re-read.com\/#website\",\"url\":\"https:\/\/www.re-read.com\/\",\"name\":\"Re-Read Librer\\u00eda lowcost : 1 libro 4\\u20ac \\u2022 2 libros 6\\u20ac \\u2022 5 libros 12\\u20ac \\u2022\",\"description\":\"Des livres quasiment neufs \\u00e0 un prix quasiment impossible.\",\"publisher\":{\"@id\":\"https:\/\/www.re-read.com\/#organization\"},\"potentialAction\":[{\"@type\":\"SearchAction\",\"target\":{\"@type\":\"EntryPoint\",\"urlTemplate\":\"https:\/\/www.re-read.com\/?s={search_term_string}\"},\"query-input\":\"required name=search_term_string\"}],\"inLanguage\":\"fr-FR\"},{\"@type\":\"WebPage\",\"@id\":\"https:\/\/www.re-read.com\/fr\/revue\/#webpage\",\"url\":\"https:\/\/www.re-read.com\/fr\/revue\/\",\"name\":\"\",\"isPartOf\":{\"@id\":\"https:\/\/www.re-read.com\/#website\"},\"datePublished\":\"2021-08-16T20:32:39+00:00\",\"dateModified\":\"2023-11-30T06:19:37+00:00\",\"breadcrumb\":{\"@id\":\"https:\/\/www.re-read.com\/fr\/revue\/#breadcrumb\"},\"inLanguage\":\"fr-FR\",\"potentialAction\":[{\"@type\":\"ReadAction\",\"target\":[\"https:\/\/www.re-read.com\/fr\/revue\/\"]}]},{\"@type\":\"BreadcrumbList\",\"@id\":\"https:\/\/www.re-read.com\/fr\/revue\/#breadcrumb\",\"itemListElement\":[{\"@type\":\"ListItem\",\"position\":1,\"name\":\"Portada\",\"item\":\"https:\/\/www.re-read.com\/fr\/\"},{\"@type\":\"ListItem\",\"position\":2,\"name\":\"Abonnez-vous \\u00e0 la Re-vue gratuite de Re-Read\"}]}]}<\/script>\n<!-- \/ Yoast SEO plugin. -->","yoast_head_json":{"title":"Re-Read Librer\u00eda lowcost : 1 libro 4\u20ac \u2022 2 libros 6\u20ac \u2022 5 libros 12\u20ac \u2022","robots":{"index":"index","follow":"follow","max-snippet":"max-snippet:-1","max-image-preview":"max-image-preview:large","max-video-preview":"max-video-preview:-1"},"canonical":"https:\/\/www.re-read.com\/fr\/revue\/","og_locale":"fr_FR","og_type":"article","og_description":"[vc_row][vc_column width=\u00a0\u00bb1\/6&Prime;][mk_font_icons icon=\u00a0\u00bbmk-moon-newspaper\u00a0\u00bb color=\u00a0\u00bb#757575&Prime; size=\u00a0\u00bbxx-large\u00a0\u00bb animation=\u00a0\u00bbtop-to-bottom\u00a0\u00bb][\/vc_column][vc_column width=\u00a0\u00bb5\/6&Prime;][vc_column_text] Abonnez-vous \u00e0 la revue de Re-Read et rejoignez les abonn\u00e9(e)s lecteurs de nos librairies. Oui, je souhaite recevoir la Re-vue de Re-Read. Je peux me d\u00e9sabonner \u00e0 tout moment gr\u00e2ce au lien pr\u00e9sent dans la Re-vue. [\/vc_column_text][\/vc_column][\/vc_row]","og_url":"https:\/\/www.re-read.com\/fr\/revue\/","og_site_name":"Re-Read Librer\u00eda lowcost : 1 libro 4\u20ac \u2022 2 libros 6\u20ac \u2022 5 libros 12\u20ac \u2022","article_publisher":"http:\/\/www.facebook.com\/ReReadLibreriaLowcost","article_modified_time":"2023-11-30T06:19:37+00:00","schema":{"@context":"https:\/\/schema.org","@graph":[{"@type":"Organization","@id":"https:\/\/www.re-read.com\/#organization","name":"Re-Read Librer\u00eda Lowcost","url":"https:\/\/www.re-read.com\/","sameAs":["http:\/\/www.facebook.com\/ReReadLibreriaLowcost","https:\/\/www.instagram.com\/rereadlibrerialowcostoficial","https:\/\/www.youtube.com\/channel\/UCLe8wJmNXZv2nwOciMnuZeA"],"logo":{"@type":"ImageObject","@id":"https:\/\/www.re-read.com\/#logo","inLanguage":"fr-FR","url":"https:\/\/www.re-read.com\/wp-content\/uploads\/2013\/05\/logo-640x240-medio-cast.gif","contentUrl":"https:\/\/www.re-read.com\/wp-content\/uploads\/2013\/05\/logo-640x240-medio-cast.gif","width":640,"height":240,"caption":"Re-Read Librer\u00eda Lowcost"},"image":{"@id":"https:\/\/www.re-read.com\/#logo"}},{"@type":"WebSite","@id":"https:\/\/www.re-read.com\/#website","url":"https:\/\/www.re-read.com\/","name":"Re-Read Librer\u00eda lowcost : 1 libro 4\u20ac \u2022 2 libros 6\u20ac \u2022 5 libros 12\u20ac \u2022","description":"Des livres quasiment neufs \u00e0 un prix quasiment impossible.","publisher":{"@id":"https:\/\/www.re-read.com\/#organization"},"potentialAction":[{"@type":"SearchAction","target":{"@type":"EntryPoint","urlTemplate":"https:\/\/www.re-read.com\/?s={search_term_string}"},"query-input":"required name=search_term_string"}],"inLanguage":"fr-FR"},{"@type":"WebPage","@id":"https:\/\/www.re-read.com\/fr\/revue\/#webpage","url":"https:\/\/www.re-read.com\/fr\/revue\/","name":"","isPartOf":{"@id":"https:\/\/www.re-read.com\/#website"},"datePublished":"2021-08-16T20:32:39+00:00","dateModified":"2023-11-30T06:19:37+00:00","breadcrumb":{"@id":"https:\/\/www.re-read.com\/fr\/revue\/#breadcrumb"},"inLanguage":"fr-FR","potentialAction":[{"@type":"ReadAction","target":["https:\/\/www.re-read.com\/fr\/revue\/"]}]},{"@type":"BreadcrumbList","@id":"https:\/\/www.re-read.com\/fr\/revue\/#breadcrumb","itemListElement":[{"@type":"ListItem","position":1,"name":"Portada","item":"https:\/\/www.re-read.com\/fr\/"},{"@type":"ListItem","position":2,"name":"Abonnez-vous \u00e0 la Re-vue gratuite de Re-Read"}]}]}},"_links":{"self":[{"href":"https:\/\/www.re-read.com\/fr\/wp-json\/wp\/v2\/pages\/99493"}],"collection":[{"href":"https:\/\/www.re-read.com\/fr\/wp-json\/wp\/v2\/pages"}],"about":[{"href":"https:\/\/www.re-read.com\/fr\/wp-json\/wp\/v2\/types\/page"}],"author":[{"embeddable":true,"href":"https:\/\/www.re-read.com\/fr\/wp-json\/wp\/v2\/users\/4"}],"replies":[{"embeddable":true,"href":"https:\/\/www.re-read.com\/fr\/wp-json\/wp\/v2\/comments?post=99493"}],"version-history":[{"count":7,"href":"https:\/\/www.re-read.com\/fr\/wp-json\/wp\/v2\/pages\/99493\/revisions"}],"predecessor-version":[{"id":120506,"href":"https:\/\/www.re-read.com\/fr\/wp-json\/wp\/v2\/pages\/99493\/revisions\/120506"}],"wp:attachment":[{"href":"https:\/\/www.re-read.com\/fr\/wp-json\/wp\/v2\/media?parent=99493"}],"curies":[{"name":"wp","href":"https:\/\/api.w.org\/{rel}","templated":true}]}}