 
{"id":130110,"date":"2025-07-04T08:45:02","date_gmt":"2025-07-04T06:45:02","guid":{"rendered":"https:\/\/www.re-read.com\/sorteo\/"},"modified":"2026-02-07T08:45:01","modified_gmt":"2026-02-07T07:45:01","slug":"sorteo","status":"publish","type":"page","link":"https:\/\/www.re-read.com\/gl\/sorteo\/","title":{"rendered":"El sorteo de Re-Read de San Valent\u00edn 2026"},"content":{"rendered":"[vc_row][vc_column][vc_tta_tabs][vc_tta_section title=&#8221;Sorteo&#8221; tab_id=&#8221;1770449645076-65afbe08-91df&#8221;][vc_wp_text]\n<h2><b>\u201c<\/b><b><i>Elegir un libro es como enamorarse<\/i><\/b><b>.\u201d<\/b><\/h2>\n<p>&nbsp;<\/p>\n<p><img decoding=\"async\" loading=\"lazy\" class=\"wp-image-131880 size-full aligncenter\" src=\"https:\/\/www.re-read.com\/wp-content\/uploads\/2026\/02\/sorteo.png\" alt=\"\" width=\"660\" height=\"347\" srcset=\"https:\/\/www.re-read.com\/wp-content\/uploads\/2026\/02\/sorteo.png 660w, https:\/\/www.re-read.com\/wp-content\/uploads\/2026\/02\/sorteo-300x158.png 300w\" sizes=\"(max-width: 660px) 100vw, 660px\" \/>[\/vc_wp_text][\/vc_tta_section][vc_tta_section i_icon_fontawesome=&#8221;fa fa-book&#8221; add_icon=&#8221;true&#8221; title=&#8221;Bases del sorteo&#8221; tab_id=&#8221;sorteo&#8221;][vc_wp_text]\n<h3><b>BASES LEGALES Y T\u00c9RMINOS Y CONDICIONES DEL SORTEO SAN VALENT\u00cdN (10.02.2026) <\/b><\/h3>\n<p><b>1. ENTIDAD ORGANIZADORA<\/b><\/p>\n<p><span style=\"font-weight: 400;\">La presente promoci\u00f3n es organizada por Re-Read Librer\u00eda Lowcost (en adelante, \u201cla Organizaci\u00f3n\u201d), con domicilio social en C. muntaner, 270 &#8211; 08021 &#8211; Barcelona y CIF : <span class=\"rnc2Gd\" data-ast-node-id=\"1\">B61253068<\/span><\/span><\/p>\n<p>&nbsp;<\/p>\n<p><b>2. \u00c1MBITO TERRITORIAL Y PARTICIPANTES<\/b><\/p>\n<p><span style=\"font-weight: 400;\">La participaci\u00f3n est\u00e1 limitada a:<\/span><\/p>\n<ul>\n<li style=\"font-weight: 400;\" aria-level=\"1\"><span style=\"font-weight: 400;\">Personas f\u00edsicas mayores de 18 a\u00f1os.<\/span><\/li>\n<li style=\"font-weight: 400;\" aria-level=\"1\"><span style=\"font-weight: 400;\">Residentes en Espa\u00f1a.<\/span><\/li>\n<li style=\"font-weight: 400;\" aria-level=\"1\"><span style=\"font-weight: 400;\">Para acreditar estos requisitos, los ganadores deber\u00e1n presentar documento de identidad v\u00e1lido (DNI, NIE o pasaporte).<\/span><\/li>\n<\/ul>\n<p>&nbsp;<\/p>\n<p><b>3. RESTRICCIONES DE PARTICIPACI\u00d3N<\/b><\/p>\n<p><span style=\"font-weight: 400;\">No podr\u00e1n participar:<\/span><\/p>\n<ul>\n<li style=\"font-weight: 400;\" aria-level=\"1\"><span style=\"font-weight: 400;\">Empleados de Re-Read.<\/span><\/li>\n<li style=\"font-weight: 400;\" aria-level=\"1\"><span style=\"font-weight: 400;\">Franquiciados de Re-Read, ni sus empleados.<\/span><\/li>\n<li style=\"font-weight: 400;\" aria-level=\"1\"><span style=\"font-weight: 400;\">Familiares directos de empleados y franquiciados hasta segundo grado.<\/span><\/li>\n<\/ul>\n<p>&nbsp;<\/p>\n<p><b>4. DURACI\u00d3N DE LA PROMOCI\u00d3N<\/b><\/p>\n<ul>\n<li><span style=\"font-weight: 400;\">Inicio: martes, 10 de febrero de 2026 a las 19:00 h.<\/span><\/li>\n<li><span style=\"font-weight: 400;\">Fin: lunes, 16 de febrero de 2026 a las 20:00 h.<\/span><\/li>\n<\/ul>\n<p>&nbsp;<\/p>\n<p><b>5. MEC\u00c1NICA DE PARTICIPACI\u00d3N<\/b><\/p>\n<p><span style=\"font-weight: 400;\">Para participar, cada usuario debe:<\/span><\/p>\n<ol>\n<li><span style=\"font-weight: 400;\">Seguir el perfil oficial de Instagram de Re-Read: @rereadlibrerialowcostoficial y el perfil de @<\/span><a href=\"https:\/\/www.instagram.com\/isaaarubio\/\"><span style=\"font-weight: 400;\">isaaarubio<\/span><\/a><\/li>\n<li><span style=\"font-weight: 400;\">Dar \u201cMe gusta\u201d a la publicaci\u00f3n del sorteo.<\/span><\/li>\n<li><span style=\"font-weight: 400;\"> Comentar mencionando a una persona a la que le regalar\u00eda un libro. Cada menci\u00f3n diferente equivale a una participaci\u00f3n adicional.<\/span><\/li>\n<\/ol>\n<p>&nbsp;<\/p>\n<p><b>6. PREMIO<\/b><\/p>\n<p><span style=\"font-weight: 400;\">Se sortear\u00e1n 3 tarjetas Re-member de 5 libros cada una, con caducidad de 3 a\u00f1os. <\/span><span style=\"font-weight: 400;\">La tarjeta Re-member funciona seg\u00fan las condiciones indicadas aqu\u00ed:<\/span><\/p>\n<p><span style=\"font-weight: 400;\">\ud83d\udd17<\/span><a href=\"https:\/\/re-member.re-read.com\/como-funciona-tu-tarjeta-re-galo\/\"><span style=\"font-weight: 400;\"> https:\/\/re-member.re-read.com\/como-funciona-tu-tarjeta-re-galo\/<\/span><\/a><\/p>\n<p>&nbsp;<\/p>\n<p><b>7. SELECCI\u00d3N DE GANADORES Y SUPLENTES<\/b><\/p>\n<p><span style=\"font-weight: 400;\">El sorteo se realizar\u00e1 el 16 de febrero de 2026 mediante la plataforma <a href=\"https:\/\/simpliers.com\/es\">Simpliers<\/a> u otra herramienta equivalente. <\/span><span style=\"font-weight: 400;\">Se elegir\u00e1n 3 ganadores y 6 suplentes, por orden de extracci\u00f3n.<\/span><\/p>\n<p>&nbsp;<\/p>\n<p><b>8. PUBLICACI\u00d3N Y CONTACTO DE LOS GANADORES<\/b><\/p>\n<p><span style=\"font-weight: 400;\">Los ganadores se anunciar\u00e1n en las stories del perfil de Instagram de @rereadlibrerialowcostoficial y el perfil de @<\/span><a href=\"https:\/\/www.instagram.com\/isaaarubio\/\"><span style=\"font-weight: 400;\">isaaarubio <\/span><\/a><span style=\"font-weight: 400;\">el 17 de febrero de 2026.<\/span><\/p>\n<p><span style=\"font-weight: 400;\">La Organizaci\u00f3n contactar\u00e1 mediante mensaje privado solicitando:<\/span><\/p>\n<ul>\n<li style=\"font-weight: 400;\" aria-level=\"1\"><span style=\"font-weight: 400;\">Confirmaci\u00f3n de aceptaci\u00f3n del premio.<\/span><\/li>\n<li style=\"font-weight: 400;\" aria-level=\"1\"><span style=\"font-weight: 400;\">Correo electr\u00f3nico de contacto.<\/span><\/li>\n<\/ul>\n<p><span style=\"font-weight: 400;\">Si en el plazo de 3 d\u00edas naturales desde el primer mensaje no se recibe respuesta, se contactar\u00e1 con los suplentes siguiendo el orden de selecci\u00f3n.<\/span><\/p>\n<p>&nbsp;<\/p>\n<p><b>9. ENTREGA Y CANJE DEL PREMIO<\/b><\/p>\n<p><span style=\"font-weight: 400;\">Una vez recibido el correo electr\u00f3nico del ganador:<\/span><\/p>\n<ul>\n<li style=\"font-weight: 400;\" aria-level=\"1\"><span style=\"font-weight: 400;\">La Central de Re-Read enviar\u00e1 un c\u00f3digo por email para canjear la tarjeta Re-member.<\/span><\/li>\n<\/ul>\n<p><span style=\"font-weight: 400;\">Para retirar el premio, el ganador deber\u00e1 acreditar su identidad con un documento v\u00e1lido.<\/span><\/p>\n<p>&nbsp;<\/p>\n<p><b>10. TRATAMIENTO DE DATOS PERSONALES<\/b><\/p>\n<p><span style=\"font-weight: 400;\">Los datos de los participantes ser\u00e1n tratados exclusivamente para gestionar el sorteo y la entrega del premio, conforme al Reglamento (UE) 2016\/679 (RGPD). Responsable del tratamiento: Re-Read Librer\u00eda Low Cost. No se utilizar\u00e1n para finalidades comerciales salvo consentimiento expreso.<\/span><\/p>\n<p><span style=\"font-weight: 400;\">\ud83d\udd17<\/span><a href=\"https:\/\/www.re-read.com\/proteccion-de-datos-personales\/\"><span style=\"font-weight: 400;\"> https:\/\/www.re-read.com\/proteccion-de-datos-personales\/<\/span><\/a><\/p>\n<p>&nbsp;<\/p>\n<p><b>11. DESCALIFICACI\u00d3N DE PARTICIPACIONES<\/b><\/p>\n<p><span style=\"font-weight: 400;\">La Organizaci\u00f3n se reserva el derecho a excluir participaciones en caso de:<\/span><\/p>\n<ul>\n<li style=\"font-weight: 400;\" aria-level=\"1\"><span style=\"font-weight: 400;\">Comentarios ofensivos o inapropiados.<\/span><\/li>\n<li style=\"font-weight: 400;\" aria-level=\"1\"><span style=\"font-weight: 400;\">Participaciones fraudulentas (cuentas falsas, bots, suplantaci\u00f3n).<\/span><\/li>\n<li style=\"font-weight: 400;\" aria-level=\"1\"><span style=\"font-weight: 400;\">Incumplimiento de cualquiera de las condiciones.<\/span><\/li>\n<\/ul>\n<p>&nbsp;<\/p>\n<p><b>12. EXONERACI\u00d3N DE RESPONSABILIDAD DE INSTAGRAM<\/b><\/p>\n<ul>\n<li><span style=\"font-weight: 400;\">Instagram no patrocina, avala ni administra este sorteo.<\/span><\/li>\n<li><span style=\"font-weight: 400;\">La informaci\u00f3n proporcionada es gestionada exclusivamente por Re-Read.<\/span><\/li>\n<li><span style=\"font-weight: 400;\">El participante exonera a Instagram de cualquier responsabilidad derivada de la promoci\u00f3n.<\/span><\/li>\n<\/ul>\n<p>&nbsp;<\/p>\n<p><b>13. ACEPTACI\u00d3N DE LAS BASES<\/b><\/p>\n<p><span style=\"font-weight: 400;\">La participaci\u00f3n implica la aceptaci\u00f3n \u00edntegra de estas bases.<\/span>[\/vc_wp_text][\/vc_tta_section][\/vc_tta_tabs][\/vc_column][\/vc_row]\n","protected":false},"excerpt":{"rendered":"<p>[vc_row][vc_column][vc_tta_tabs][vc_tta_section title=&#8221;Sorteo&#8221; tab_id=&#8221;1770449645076-65afbe08-91df&#8221;][vc_wp_text] \u201cElegir un libro es como enamorarse.\u201d &nbsp; [\/vc_wp_text][\/vc_tta_section][vc_tta_section i_icon_fontawesome=&#8221;fa fa-book&#8221; add_icon=&#8221;true&#8221; title=&#8221;Bases del sorteo&#8221; tab_id=&#8221;sorteo&#8221;][vc_wp_text] BASES LEGALES Y T\u00c9RMINOS Y CONDICIONES DEL SORTEO SAN VALENT\u00cdN (10.02.2026) 1. ENTIDAD ORGANIZADORA La presente promoci\u00f3n es organizada por Re-Read Librer\u00eda Lowcost (en adelante, \u201cla Organizaci\u00f3n\u201d), con domicilio social en C. muntaner, 270 &#8211; 08021 &#8211; [&hellip;]<\/p>\n","protected":false},"author":4,"featured_media":0,"parent":0,"menu_order":0,"comment_status":"closed","ping_status":"closed","template":"","meta":[],"acf":[],"yoast_head":"<!-- This site is optimized with the Yoast SEO plugin v17.4 - https:\/\/yoast.com\/wordpress\/plugins\/seo\/ -->\n<title>Re-Read Librer\u00eda lowcost : 1 libro 4\u20ac \u2022 2 libros 6\u20ac \u2022 5 libros 12\u20ac \u2022<\/title>\n<meta name=\"robots\" content=\"index, follow, max-snippet:-1, max-image-preview:large, max-video-preview:-1\" \/>\n<link rel=\"canonical\" href=\"https:\/\/www.re-read.com\/gl\/sorteo\/\" \/>\n<meta property=\"og:locale\" content=\"en_US\" \/>\n<meta property=\"og:type\" content=\"article\" \/>\n<meta property=\"og:description\" content=\"[vc_row][vc_column][vc_tta_tabs][vc_tta_section title=&#8221;Sorteo&#8221; tab_id=&#8221;1770449645076-65afbe08-91df&#8221;][vc_wp_text] \u201cElegir un libro es como enamorarse.\u201d &nbsp; [\/vc_wp_text][\/vc_tta_section][vc_tta_section i_icon_fontawesome=&#8221;fa fa-book&#8221; add_icon=&#8221;true&#8221; title=&#8221;Bases del sorteo&#8221; tab_id=&#8221;sorteo&#8221;][vc_wp_text] BASES LEGALES Y T\u00c9RMINOS Y CONDICIONES DEL SORTEO SAN VALENT\u00cdN (10.02.2026) 1. ENTIDAD ORGANIZADORA La presente promoci\u00f3n es organizada por Re-Read Librer\u00eda Lowcost (en adelante, \u201cla Organizaci\u00f3n\u201d), con domicilio social en C. muntaner, 270 &#8211; 08021 &#8211; [&hellip;]\" \/>\n<meta property=\"og:url\" content=\"https:\/\/www.re-read.com\/gl\/sorteo\/\" \/>\n<meta property=\"og:site_name\" content=\"Re-Read Librer\u00eda lowcost : 1 libro 4\u20ac \u2022 2 libros 6\u20ac \u2022 5 libros 12\u20ac \u2022\" \/>\n<meta property=\"article:publisher\" content=\"http:\/\/www.facebook.com\/ReReadLibreriaLowcost\" \/>\n<meta property=\"article:modified_time\" content=\"2026-02-07T07:45:01+00:00\" \/>\n<meta property=\"og:image\" content=\"https:\/\/www.re-read.com\/wp-content\/uploads\/2026\/02\/sorteo.png\" \/>\n<meta name=\"twitter:label1\" content=\"Est. reading time\" \/>\n\t<meta name=\"twitter:data1\" content=\"3 minutes\" \/>\n<script type=\"application\/ld+json\" class=\"yoast-schema-graph\">{\"@context\":\"https:\/\/schema.org\",\"@graph\":[{\"@type\":\"Organization\",\"@id\":\"https:\/\/www.re-read.com\/#organization\",\"name\":\"Re-Read Librer\\u00eda Lowcost\",\"url\":\"https:\/\/www.re-read.com\/\",\"sameAs\":[\"http:\/\/www.facebook.com\/ReReadLibreriaLowcost\",\"https:\/\/www.instagram.com\/rereadlibrerialowcostoficial\",\"https:\/\/www.youtube.com\/channel\/UCLe8wJmNXZv2nwOciMnuZeA\"],\"logo\":{\"@type\":\"ImageObject\",\"@id\":\"https:\/\/www.re-read.com\/#logo\",\"inLanguage\":\"gl-ES\",\"url\":\"https:\/\/www.re-read.com\/wp-content\/uploads\/2013\/05\/logo-640x240-medio-cast.gif\",\"contentUrl\":\"https:\/\/www.re-read.com\/wp-content\/uploads\/2013\/05\/logo-640x240-medio-cast.gif\",\"width\":640,\"height\":240,\"caption\":\"Re-Read Librer\\u00eda Lowcost\"},\"image\":{\"@id\":\"https:\/\/www.re-read.com\/#logo\"}},{\"@type\":\"WebSite\",\"@id\":\"https:\/\/www.re-read.com\/#website\",\"url\":\"https:\/\/www.re-read.com\/\",\"name\":\"Re-Read Librer\\u00eda lowcost : 1 libro 4\\u20ac \\u2022 2 libros 6\\u20ac \\u2022 5 libros 12\\u20ac \\u2022\",\"description\":\"Libros casi nuevos a un precio casi imposible\",\"publisher\":{\"@id\":\"https:\/\/www.re-read.com\/#organization\"},\"potentialAction\":[{\"@type\":\"SearchAction\",\"target\":{\"@type\":\"EntryPoint\",\"urlTemplate\":\"https:\/\/www.re-read.com\/?s={search_term_string}\"},\"query-input\":\"required name=search_term_string\"}],\"inLanguage\":\"gl-ES\"},{\"@type\":\"ImageObject\",\"@id\":\"https:\/\/www.re-read.com\/gl\/sorteo\/#primaryimage\",\"inLanguage\":\"gl-ES\",\"url\":\"https:\/\/www.re-read.com\/wp-content\/uploads\/2026\/02\/sorteo.png\",\"contentUrl\":\"https:\/\/www.re-read.com\/wp-content\/uploads\/2026\/02\/sorteo.png\",\"width\":660,\"height\":347},{\"@type\":\"WebPage\",\"@id\":\"https:\/\/www.re-read.com\/gl\/sorteo\/#webpage\",\"url\":\"https:\/\/www.re-read.com\/gl\/sorteo\/\",\"name\":\"\",\"isPartOf\":{\"@id\":\"https:\/\/www.re-read.com\/#website\"},\"primaryImageOfPage\":{\"@id\":\"https:\/\/www.re-read.com\/gl\/sorteo\/#primaryimage\"},\"datePublished\":\"2025-07-04T06:45:02+00:00\",\"dateModified\":\"2026-02-07T07:45:01+00:00\",\"breadcrumb\":{\"@id\":\"https:\/\/www.re-read.com\/gl\/sorteo\/#breadcrumb\"},\"inLanguage\":\"gl-ES\",\"potentialAction\":[{\"@type\":\"ReadAction\",\"target\":[\"https:\/\/www.re-read.com\/gl\/sorteo\/\"]}]},{\"@type\":\"BreadcrumbList\",\"@id\":\"https:\/\/www.re-read.com\/gl\/sorteo\/#breadcrumb\",\"itemListElement\":[{\"@type\":\"ListItem\",\"position\":1,\"name\":\"Portada\",\"item\":\"https:\/\/www.re-read.com\/gl\/\"},{\"@type\":\"ListItem\",\"position\":2,\"name\":\"El sorteo de Re-Read de San Valent\\u00edn 2026\"}]}]}<\/script>\n<!-- \/ Yoast SEO plugin. -->","yoast_head_json":{"title":"Re-Read Librer\u00eda lowcost : 1 libro 4\u20ac \u2022 2 libros 6\u20ac \u2022 5 libros 12\u20ac \u2022","robots":{"index":"index","follow":"follow","max-snippet":"max-snippet:-1","max-image-preview":"max-image-preview:large","max-video-preview":"max-video-preview:-1"},"canonical":"https:\/\/www.re-read.com\/gl\/sorteo\/","og_locale":"en_US","og_type":"article","og_description":"[vc_row][vc_column][vc_tta_tabs][vc_tta_section title=&#8221;Sorteo&#8221; tab_id=&#8221;1770449645076-65afbe08-91df&#8221;][vc_wp_text] \u201cElegir un libro es como enamorarse.\u201d &nbsp; [\/vc_wp_text][\/vc_tta_section][vc_tta_section i_icon_fontawesome=&#8221;fa fa-book&#8221; add_icon=&#8221;true&#8221; title=&#8221;Bases del sorteo&#8221; tab_id=&#8221;sorteo&#8221;][vc_wp_text] BASES LEGALES Y T\u00c9RMINOS Y CONDICIONES DEL SORTEO SAN VALENT\u00cdN (10.02.2026) 1. ENTIDAD ORGANIZADORA La presente promoci\u00f3n es organizada por Re-Read Librer\u00eda Lowcost (en adelante, \u201cla Organizaci\u00f3n\u201d), con domicilio social en C. muntaner, 270 &#8211; 08021 &#8211; [&hellip;]","og_url":"https:\/\/www.re-read.com\/gl\/sorteo\/","og_site_name":"Re-Read Librer\u00eda lowcost : 1 libro 4\u20ac \u2022 2 libros 6\u20ac \u2022 5 libros 12\u20ac \u2022","article_publisher":"http:\/\/www.facebook.com\/ReReadLibreriaLowcost","article_modified_time":"2026-02-07T07:45:01+00:00","og_image":[{"url":"https:\/\/www.re-read.com\/wp-content\/uploads\/2026\/02\/sorteo.png"}],"twitter_misc":{"Est. reading time":"3 minutes"},"schema":{"@context":"https:\/\/schema.org","@graph":[{"@type":"Organization","@id":"https:\/\/www.re-read.com\/#organization","name":"Re-Read Librer\u00eda Lowcost","url":"https:\/\/www.re-read.com\/","sameAs":["http:\/\/www.facebook.com\/ReReadLibreriaLowcost","https:\/\/www.instagram.com\/rereadlibrerialowcostoficial","https:\/\/www.youtube.com\/channel\/UCLe8wJmNXZv2nwOciMnuZeA"],"logo":{"@type":"ImageObject","@id":"https:\/\/www.re-read.com\/#logo","inLanguage":"gl-ES","url":"https:\/\/www.re-read.com\/wp-content\/uploads\/2013\/05\/logo-640x240-medio-cast.gif","contentUrl":"https:\/\/www.re-read.com\/wp-content\/uploads\/2013\/05\/logo-640x240-medio-cast.gif","width":640,"height":240,"caption":"Re-Read Librer\u00eda Lowcost"},"image":{"@id":"https:\/\/www.re-read.com\/#logo"}},{"@type":"WebSite","@id":"https:\/\/www.re-read.com\/#website","url":"https:\/\/www.re-read.com\/","name":"Re-Read Librer\u00eda lowcost : 1 libro 4\u20ac \u2022 2 libros 6\u20ac \u2022 5 libros 12\u20ac \u2022","description":"Libros casi nuevos a un precio casi imposible","publisher":{"@id":"https:\/\/www.re-read.com\/#organization"},"potentialAction":[{"@type":"SearchAction","target":{"@type":"EntryPoint","urlTemplate":"https:\/\/www.re-read.com\/?s={search_term_string}"},"query-input":"required name=search_term_string"}],"inLanguage":"gl-ES"},{"@type":"ImageObject","@id":"https:\/\/www.re-read.com\/gl\/sorteo\/#primaryimage","inLanguage":"gl-ES","url":"https:\/\/www.re-read.com\/wp-content\/uploads\/2026\/02\/sorteo.png","contentUrl":"https:\/\/www.re-read.com\/wp-content\/uploads\/2026\/02\/sorteo.png","width":660,"height":347},{"@type":"WebPage","@id":"https:\/\/www.re-read.com\/gl\/sorteo\/#webpage","url":"https:\/\/www.re-read.com\/gl\/sorteo\/","name":"","isPartOf":{"@id":"https:\/\/www.re-read.com\/#website"},"primaryImageOfPage":{"@id":"https:\/\/www.re-read.com\/gl\/sorteo\/#primaryimage"},"datePublished":"2025-07-04T06:45:02+00:00","dateModified":"2026-02-07T07:45:01+00:00","breadcrumb":{"@id":"https:\/\/www.re-read.com\/gl\/sorteo\/#breadcrumb"},"inLanguage":"gl-ES","potentialAction":[{"@type":"ReadAction","target":["https:\/\/www.re-read.com\/gl\/sorteo\/"]}]},{"@type":"BreadcrumbList","@id":"https:\/\/www.re-read.com\/gl\/sorteo\/#breadcrumb","itemListElement":[{"@type":"ListItem","position":1,"name":"Portada","item":"https:\/\/www.re-read.com\/gl\/"},{"@type":"ListItem","position":2,"name":"El sorteo de Re-Read de San Valent\u00edn 2026"}]}]}},"_links":{"self":[{"href":"https:\/\/www.re-read.com\/gl\/wp-json\/wp\/v2\/pages\/130110"}],"collection":[{"href":"https:\/\/www.re-read.com\/gl\/wp-json\/wp\/v2\/pages"}],"about":[{"href":"https:\/\/www.re-read.com\/gl\/wp-json\/wp\/v2\/types\/page"}],"author":[{"embeddable":true,"href":"https:\/\/www.re-read.com\/gl\/wp-json\/wp\/v2\/users\/4"}],"replies":[{"embeddable":true,"href":"https:\/\/www.re-read.com\/gl\/wp-json\/wp\/v2\/comments?post=130110"}],"version-history":[{"count":15,"href":"https:\/\/www.re-read.com\/gl\/wp-json\/wp\/v2\/pages\/130110\/revisions"}],"predecessor-version":[{"id":131899,"href":"https:\/\/www.re-read.com\/gl\/wp-json\/wp\/v2\/pages\/130110\/revisions\/131899"}],"wp:attachment":[{"href":"https:\/\/www.re-read.com\/gl\/wp-json\/wp\/v2\/media?parent=130110"}],"curies":[{"name":"wp","href":"https:\/\/api.w.org\/{rel}","templated":true}]}}