 
{"id":93857,"date":"2016-02-12T11:13:50","date_gmt":"2016-02-12T09:13:50","guid":{"rendered":"https:\/\/www.re-read.com\/the-book-finder-page-2\/"},"modified":"2019-10-24T16:30:50","modified_gmt":"2019-10-24T14:30:50","slug":"the-book-finder-gl-page-2","status":"publish","type":"page","link":"https:\/\/www.re-read.com\/gl\/the-book-finder-gl-page-2\/","title":{"rendered":"The Book Finder &#8211; resultados b\u00fasqueda"},"content":{"rendered":"[vc_row][vc_column][vc_column_text]\n<div id=\"tbf_searcher\">[the-book-finder-page-2 next-page-link=\/gl\/the-book-finder-page-3\/]<\/div>\n[\/vc_column_text][vc_separator][vc_column_text]\n<h3><a href=\"https:\/\/www.re-read.com\/servicio-alertas-de-libros\/\"><img decoding=\"async\" loading=\"lazy\" class=\"alignnone wp-image-92151 size-full\" src=\"https:\/\/www.re-read.com\/wp-content\/uploads\/2019\/02\/alerta-icono-64x52.png\" alt=\"\" width=\"64\" height=\"52\" \/><\/a>\u00a0Si no encuentras un libro,\u00a0usa el <strong><a href=\"https:\/\/www.re-read.com\/servicio-alertas-de-libros\/\">sistema de alertas<\/a><\/strong> gratuitas de Re-Read<\/h3>\n[\/vc_column_text][\/vc_column][\/vc_row][vc_row][vc_column width=&#8221;1\/2&#8243;][vc_tta_accordion style=&#8221;flat&#8221; spacing=&#8221;5&#8243; gap=&#8221;5&#8243; active_section=&#8221;165987&#8243; no_fill=&#8221;true&#8221; collapsible_all=&#8221;true&#8221;][vc_tta_section i_type=&#8221;entypo&#8221; i_icon_entypo=&#8221;entypo-icon entypo-icon-lamp&#8221; add_icon=&#8221;true&#8221; title=&#8221;\u00bfNing\u00fan resultado?&#8221; tab_id=&#8221;1462003670180-152993cb-8a24&#8243;][vc_column_text]<strong>Trucos<\/strong><\/p>\n<ul>\n<li><strong>Haz tu primera b\u00fasqueda sin filtros.<\/strong><\/li>\n<li>Un buen truco<strong> es usar\u00a0m\u00e1s de una palabra<\/strong> en tu b\u00fasqueda. Pon\u00a0<strong>el autor Y\u00a0el t\u00edtulo<\/strong> del libro que est\u00e1s buscando<\/li>\n<li>Usa el <strong>singular<\/strong> m\u00e1s que el plural (en palabras de 5 letras y m\u00e1s, The Book Finder busca plurales, feminino, masculino,&#8230;)<\/li>\n<li><strong>Busca por el autor<\/strong>\u00a0m\u00e1s que por el t\u00edtulo. Encontrar\u00e1s donde est\u00e1n sus libros y visualizando la foto, encontrar\u00e1s quiz\u00e1s el libro escondido o no detectado.<\/li>\n<\/ul>\n<p><strong>Pas\u00e9ate por las estanter\u00eda<\/strong><\/p>\n<ul>\n<li>filtra las fotos por secci\u00f3n y veras fotos actualizadas de nuestros libros.<\/li>\n<li>Lo mismo con idiomas, librer\u00eda,&#8230;<\/li>\n<\/ul>\n<p><strong>Ponnos una alerta<\/strong><\/p>\n<p>Si no tenemos hoy el libro que buscas (o se ha escondido de <em>The Book Finder<\/em>), <a href=\"\/servicio-alertas-de-libros\/\">ponnos una alerta<\/a>[\/vc_column_text][\/vc_tta_section][vc_tta_section i_type=&#8221;entypo&#8221; i_icon_entypo=&#8221;entypo-icon entypo-icon-docs&#8221; add_icon=&#8221;true&#8221; title=&#8221;\u00bfDemasiado resultados?&#8221; tab_id=&#8221;1462555354484-8c1ecd11-df1a&#8221;][vc_column_text]\n<ul>\n<li>Un buen truco es usar\u00a0m\u00e1s de una palabra en tu b\u00fasqueda. <strong>Pon el autor Y el t\u00edtulo<\/strong> del libro<\/li>\n<\/ul>\n[\/vc_column_text][\/vc_tta_section][vc_tta_section i_type=&#8221;entypo&#8221; i_icon_entypo=&#8221;entypo-icon entypo-icon-chart-bar&#8221; add_icon=&#8221;true&#8221; title=&#8221;Clasificaci\u00f3n de resultados de im\u00e1genes&#8221; tab_id=&#8221;1462005672251-aacc3df5-1256&#8243;][vc_column_text]<em>The Book Finder<\/em> ordena los resultados\u00a0:<\/p>\n<ol>\n<li>Primero aparecen las im\u00e1genes con la presencia de varios libros detectados. Se ordenan de mayor a menor. Una foto con tres libros encontrados aparecer\u00e1 antes de otra con s\u00f3lo un libro encontrado.<\/li>\n<li>Mayor a menor cantidad de palabras distintas encontradas.<\/li>\n<\/ol>\n[\/vc_column_text][\/vc_tta_section][vc_tta_section i_type=&#8221;entypo&#8221; i_icon_entypo=&#8221;entypo-icon entypo-icon-hourglass&#8221; add_icon=&#8221;true&#8221; title=&#8221;\u00bfQu\u00e9 significa versi\u00f3n beta?&#8221; tab_id=&#8221;1462879389465-ba885a97-99a0&#8243;][vc_column_text margin_bottom=&#8221;14&#8243;]\u00a1Prueba<em>\u00a0The Book Finder<\/em> en su versi\u00f3n beta! Es totalmente funcional.<\/p>\n<p>Durante la\u00a0fase<em>, The Book Finder<\/em>\u00a0<strong>aprende y mejora cada d\u00eda el\u00a0reconocimiento<\/strong> de los t\u00edtulos y autores\u00a0de los lomos de libros. A la vez, vamos <strong>mejorando la calidad de las miles de im\u00e1genes<\/strong> que procesamos cada d\u00eda.<\/p>\n<p>Tenemos ya dos librer\u00edas equipadas de <strong>re-robots fot\u00f3grafos<\/strong> y cada tres\u00a0semanas, a\u00f1adiremos\u00a0m\u00e1s Re-Read\u00a0a <em>The Book Finder. <\/em><\/p>\n<p>Mientras tanto,\u00a0nuestros Re-sabios siguen\u00a0mejorando la tecnolog\u00eda innovadora que\u00a0te estamos ofreciendo.<\/p>\n<p>\u00a1Feliz Re-lectura![\/vc_column_text][\/vc_tta_section][\/vc_tta_accordion][\/vc_column][vc_column width=&#8221;1\/2&#8243;][vc_tta_accordion style=&#8221;flat&#8221; spacing=&#8221;5&#8243; gap=&#8221;5&#8243; active_section=&#8221;165987&#8243; no_fill=&#8221;true&#8221; collapsible_all=&#8221;true&#8221;][vc_tta_section i_type=&#8221;entypo&#8221; i_icon_entypo=&#8221;entypo-icon entypo-icon-eye&#8221; add_icon=&#8221;true&#8221; title=&#8221;Paseo por secciones de libros&#8221; tab_id=&#8221;1462555240064-f2e64a17-afd3&#8243;][vc_column_text margin_bottom=&#8221;14&#8243;]<strong>\u00a0Paseo por las secciones de libros<\/strong><\/p>\n<ul>\n<li>Buscar libros de <a href=\"\/the-book-finder-page-2\/?step=2&amp;b=&amp;se=FR&amp;mu=0&amp;li=0&amp;la=0&amp;boton_busqueda=buscar\">novela rom\u00e1ntica<\/a>, <a href=\"\/the-book-finder-page-2\/?step=2&amp;b=&amp;se=FF-FH-FK&amp;mu=0&amp;li=0&amp;la=0&amp;boton_busqueda=buscar\">policiaca<\/a>, <a href=\"\/the-book-finder-page-2\/?step=2&amp;b=&amp;se=DC&amp;mu=0&amp;li=0&amp;la=0&amp;boton_busqueda=buscar\">poes\u00eda<\/a>, basta con usar el filtro<em> Secci\u00f3n<\/em><\/li>\n<\/ul>\n<p><strong>\u00a0Buscar por\u00a0idiomas<\/strong><\/p>\n<ul>\n<li>Libros en <a href=\"\/the-book-finder-page-2\/?step=2&amp;b=&amp;se=0&amp;mu=0&amp;li=0&amp;la=3&amp;boton_busqueda=buscar\">ingl\u00e9s,<\/a>\u00a0<a href=\"\/?step=2&amp;b=&amp;se=0&amp;mu=0&amp;li=0&amp;la=5&amp;boton_busqueda=buscar\">franc\u00e9s<\/a>\u00a0u otras lenguas<\/li>\n<\/ul>\n<p><strong>Buscar por librer\u00eda o por municipio<\/strong><\/p>\n<ul>\n<li>De la misma manera, puedes usar filtros geogr\u00e1ficos.<\/li>\n<\/ul>\n[\/vc_column_text][\/vc_tta_section][vc_tta_section i_type=&#8221;entypo&#8221; i_icon_entypo=&#8221;entypo-icon entypo-icon-search&#8221; add_icon=&#8221;true&#8221; title=&#8221;B\u00fasqueda por autor y t\u00edtulo&#8221; tab_id=&#8221;1462555240141-17309ba2-a079&#8243;][vc_column_text]<em>The Book Finder<\/em> reconoce la informaci\u00f3n escrita en los lomos de los libros. La b\u00fasqueda se hace en las centenares de fotos de las librer\u00edas Re-Read que actualizamos todos los d\u00edas.<\/p>\n<ul>\n<li><em>The Book Finder<\/em> <strong>localiza tus palabras de b\u00fasqueda en las fotos<\/strong> de todas las librer\u00edas<\/li>\n<li>En los resultados <strong>aparece la ubicaci\u00f3n exacta de la foto<\/strong> (librer\u00eda, columna, altura y contenido del estante).<\/li>\n<li><em>The Book Finder<\/em> <strong>marca en rojo el autor y\/o\u00a0el t\u00edtulo<\/strong>\u00a0en\u00a0la foto donde se ha detectado.<\/li>\n<li>Dos\u00a0palabras detectadas en un mismo lomo de libro:\u00a0<em>The Book Finder<\/em> marca la foto como &#8220;<strong>posible libro encontrado<\/strong>\u00a0<img decoding=\"async\" src=\"https:\/\/www.re-read.com\/wp-content\/plugins\/the-book-finder\/images\/libro.png\" height=\"30\" \/>&#8221; como por ejemplo con los libros de <a href=\"\/the-book-finder-page-2\/?step=2&amp;b=agatha+christie&amp;se=0&amp;mu=0&amp;li=0&amp;la=0&amp;boton_busqueda=buscar\">Agatha Christie<\/a><\/li>\n<li><em>The Book Finder<\/em> colorea tus\u00a0palabras claves para saber cu\u00e1les han sido encontradas en la foto<\/li>\n<\/ul>\n<p><img decoding=\"async\" loading=\"lazy\" class=\"alignleft size-full wp-image-14763\" src=\"https:\/\/www.re-read.com\/wp-content\/uploads\/2016\/02\/resultados-agatha-christie.png\" alt=\"resultados-agatha-christie\" width=\"427\" height=\"58\" srcset=\"https:\/\/www.re-read.com\/wp-content\/uploads\/2016\/02\/resultados-agatha-christie.png 427w, https:\/\/www.re-read.com\/wp-content\/uploads\/2016\/02\/resultados-agatha-christie-300x41.png 300w, https:\/\/www.re-read.com\/wp-content\/uploads\/2016\/02\/resultados-agatha-christie-150x20.png 150w, https:\/\/www.re-read.com\/wp-content\/uploads\/2016\/02\/resultados-agatha-christie-330x45.png 330w\" sizes=\"(max-width: 427px) 100vw, 427px\" \/>[\/vc_column_text][\/vc_tta_section][vc_tta_section i_type=&#8221;entypo&#8221; i_icon_entypo=&#8221;entypo-icon entypo-icon-sound&#8221; add_icon=&#8221;true&#8221; title=&#8221;\u00bfC\u00f3mo funciona la b\u00fasqueda?&#8221; tab_id=&#8221;1462555240297-0638365b-ef03&#8243;][vc_column_text]\n<ul>\n<li>Las palabras de una o dos\u00a0letras no se toman en cuenta.<\/li>\n<li>Los art\u00edculos est\u00e1n excluidos de la b\u00fasqueda.<\/li>\n<li>La b\u00fasqueda de palabras de hasta 4 letras se hace de manera exacta. Por ejemplo, buscar \u201ccon\u201d s\u00f3lo devolver\u00e1 aquellas fotos que contienen la palabra\u00a0\u201ccon\u201d pero no \u201cconsigo\u201d o \u201cconversar\u201d<\/li>\n<li>A partir de 5 letras, los resultados devuelven todos aquellas palabras\u00a0que empiezan por ellas. por ejemplo: \u201cprofesor\u201d devolver\u00e1 tambi\u00e9n las im\u00e1genes\u00a0que contienen las palabras\u00a0\u201cprofesora\u201d y \u201cprofesores\u201d<\/li>\n<\/ul>\n[\/vc_column_text][\/vc_tta_section][\/vc_tta_accordion][vc_separator][\/vc_column][\/vc_row]\n","protected":false},"excerpt":{"rendered":"<p>[vc_row][vc_column][vc_column_text] [the-book-finder-page-2 next-page-link=\/gl\/the-book-finder-page-3\/] [\/vc_column_text][vc_separator][vc_column_text] \u00a0Si no encuentras un libro,\u00a0usa el sistema de alertas gratuitas de Re-Read [\/vc_column_text][\/vc_column][\/vc_row][vc_row][vc_column width=&#8221;1\/2&#8243;][vc_tta_accordion style=&#8221;flat&#8221; spacing=&#8221;5&#8243; gap=&#8221;5&#8243; active_section=&#8221;165987&#8243; no_fill=&#8221;true&#8221; collapsible_all=&#8221;true&#8221;][vc_tta_section i_type=&#8221;entypo&#8221; i_icon_entypo=&#8221;entypo-icon entypo-icon-lamp&#8221; add_icon=&#8221;true&#8221; title=&#8221;\u00bfNing\u00fan resultado?&#8221; tab_id=&#8221;1462003670180-152993cb-8a24&#8243;][vc_column_text]Trucos Haz tu primera b\u00fasqueda sin filtros. Un buen truco es usar\u00a0m\u00e1s de una palabra en tu b\u00fasqueda. Pon\u00a0el autor Y\u00a0el t\u00edtulo del libro que [&hellip;]<\/p>\n","protected":false},"author":32,"featured_media":0,"parent":0,"menu_order":0,"comment_status":"closed","ping_status":"closed","template":"","meta":[],"acf":[],"yoast_head":"<!-- This site is optimized with the Yoast SEO plugin v17.4 - https:\/\/yoast.com\/wordpress\/plugins\/seo\/ -->\n<title>Resultados b\u00fasqueda The Book Finder - Cat\u00e1logo Re-Read Shop<\/title>\n<meta name=\"description\" content=\"Tienda de libros on line con b\u00fasqueda en cat\u00e1logo fotogr\u00e1fico de libros actualizado cada d\u00eda. Paseo vritual por la librer\u00eda\" \/>\n<meta name=\"robots\" content=\"index, follow, max-snippet:-1, max-image-preview:large, max-video-preview:-1\" \/>\n<link rel=\"canonical\" href=\"https:\/\/www.re-read.com\/gl\/the-book-finder-gl-page-2\/\" \/>\n<meta property=\"og:locale\" content=\"en_US\" \/>\n<meta property=\"og:type\" content=\"article\" \/>\n<meta property=\"og:title\" content=\"Resultados b\u00fasqueda The Book Finder - Cat\u00e1logo Re-Read Shop\" \/>\n<meta property=\"og:description\" content=\"Tienda de libros on line con b\u00fasqueda en cat\u00e1logo fotogr\u00e1fico de libros actualizado cada d\u00eda. Paseo vritual por la librer\u00eda\" \/>\n<meta property=\"og:url\" content=\"https:\/\/www.re-read.com\/gl\/the-book-finder-gl-page-2\/\" \/>\n<meta property=\"og:site_name\" content=\"Re-Read Librer\u00eda lowcost : 1 libro 4\u20ac \u2022 2 libros 6\u20ac \u2022 5 libros 12\u20ac \u2022\" \/>\n<meta property=\"article:publisher\" content=\"http:\/\/www.facebook.com\/ReReadLibreriaLowcost\" \/>\n<meta property=\"article:modified_time\" content=\"2019-10-24T14:30:50+00:00\" \/>\n<meta property=\"og:image\" content=\"https:\/\/www.re-read.com\/wp-content\/uploads\/2019\/02\/alerta-icono-64x52.png\" \/>\n<meta name=\"twitter:label1\" content=\"Est. reading time\" \/>\n\t<meta name=\"twitter:data1\" content=\"5 minutes\" \/>\n<script type=\"application\/ld+json\" class=\"yoast-schema-graph\">{\"@context\":\"https:\/\/schema.org\",\"@graph\":[{\"@type\":\"Organization\",\"@id\":\"https:\/\/www.re-read.com\/#organization\",\"name\":\"Re-Read Librer\\u00eda Lowcost\",\"url\":\"https:\/\/www.re-read.com\/\",\"sameAs\":[\"http:\/\/www.facebook.com\/ReReadLibreriaLowcost\",\"https:\/\/www.instagram.com\/rereadlibrerialowcostoficial\",\"https:\/\/www.youtube.com\/channel\/UCLe8wJmNXZv2nwOciMnuZeA\"],\"logo\":{\"@type\":\"ImageObject\",\"@id\":\"https:\/\/www.re-read.com\/#logo\",\"inLanguage\":\"gl-ES\",\"url\":\"https:\/\/www.re-read.com\/wp-content\/uploads\/2013\/05\/logo-640x240-medio-cast.gif\",\"contentUrl\":\"https:\/\/www.re-read.com\/wp-content\/uploads\/2013\/05\/logo-640x240-medio-cast.gif\",\"width\":640,\"height\":240,\"caption\":\"Re-Read Librer\\u00eda Lowcost\"},\"image\":{\"@id\":\"https:\/\/www.re-read.com\/#logo\"}},{\"@type\":\"WebSite\",\"@id\":\"https:\/\/www.re-read.com\/#website\",\"url\":\"https:\/\/www.re-read.com\/\",\"name\":\"Re-Read Librer\\u00eda lowcost : 1 libro 4\\u20ac \\u2022 2 libros 6\\u20ac \\u2022 5 libros 12\\u20ac \\u2022\",\"description\":\"Libros casi nuevos a un precio casi imposible\",\"publisher\":{\"@id\":\"https:\/\/www.re-read.com\/#organization\"},\"potentialAction\":[{\"@type\":\"SearchAction\",\"target\":{\"@type\":\"EntryPoint\",\"urlTemplate\":\"https:\/\/www.re-read.com\/?s={search_term_string}\"},\"query-input\":\"required name=search_term_string\"}],\"inLanguage\":\"gl-ES\"},{\"@type\":\"ImageObject\",\"@id\":\"https:\/\/www.re-read.com\/gl\/the-book-finder-gl-page-2\/#primaryimage\",\"inLanguage\":\"gl-ES\",\"url\":\"https:\/\/www.re-read.com\/wp-content\/uploads\/2019\/02\/alerta-icono-64x52.png\",\"contentUrl\":\"https:\/\/www.re-read.com\/wp-content\/uploads\/2019\/02\/alerta-icono-64x52.png\"},{\"@type\":\"WebPage\",\"@id\":\"https:\/\/www.re-read.com\/gl\/the-book-finder-gl-page-2\/#webpage\",\"url\":\"https:\/\/www.re-read.com\/gl\/the-book-finder-gl-page-2\/\",\"name\":\"Resultados b\\u00fasqueda The Book Finder - Cat\\u00e1logo Re-Read Shop\",\"isPartOf\":{\"@id\":\"https:\/\/www.re-read.com\/#website\"},\"primaryImageOfPage\":{\"@id\":\"https:\/\/www.re-read.com\/gl\/the-book-finder-gl-page-2\/#primaryimage\"},\"datePublished\":\"2016-02-12T09:13:50+00:00\",\"dateModified\":\"2019-10-24T14:30:50+00:00\",\"description\":\"Tienda de libros on line con b\\u00fasqueda en cat\\u00e1logo fotogr\\u00e1fico de libros actualizado cada d\\u00eda. Paseo vritual por la librer\\u00eda\",\"breadcrumb\":{\"@id\":\"https:\/\/www.re-read.com\/gl\/the-book-finder-gl-page-2\/#breadcrumb\"},\"inLanguage\":\"gl-ES\",\"potentialAction\":[{\"@type\":\"ReadAction\",\"target\":[\"https:\/\/www.re-read.com\/gl\/the-book-finder-gl-page-2\/\"]}]},{\"@type\":\"BreadcrumbList\",\"@id\":\"https:\/\/www.re-read.com\/gl\/the-book-finder-gl-page-2\/#breadcrumb\",\"itemListElement\":[{\"@type\":\"ListItem\",\"position\":1,\"name\":\"Portada\",\"item\":\"https:\/\/www.re-read.com\/gl\/\"},{\"@type\":\"ListItem\",\"position\":2,\"name\":\"The Book Finder &#8211; resultados b\\u00fasqueda\"}]}]}<\/script>\n<!-- \/ Yoast SEO plugin. -->","yoast_head_json":{"title":"Resultados b\u00fasqueda The Book Finder - Cat\u00e1logo Re-Read Shop","description":"Tienda de libros on line con b\u00fasqueda en cat\u00e1logo fotogr\u00e1fico de libros actualizado cada d\u00eda. Paseo vritual por la librer\u00eda","robots":{"index":"index","follow":"follow","max-snippet":"max-snippet:-1","max-image-preview":"max-image-preview:large","max-video-preview":"max-video-preview:-1"},"canonical":"https:\/\/www.re-read.com\/gl\/the-book-finder-gl-page-2\/","og_locale":"en_US","og_type":"article","og_title":"Resultados b\u00fasqueda The Book Finder - Cat\u00e1logo Re-Read Shop","og_description":"Tienda de libros on line con b\u00fasqueda en cat\u00e1logo fotogr\u00e1fico de libros actualizado cada d\u00eda. Paseo vritual por la librer\u00eda","og_url":"https:\/\/www.re-read.com\/gl\/the-book-finder-gl-page-2\/","og_site_name":"Re-Read Librer\u00eda lowcost : 1 libro 4\u20ac \u2022 2 libros 6\u20ac \u2022 5 libros 12\u20ac \u2022","article_publisher":"http:\/\/www.facebook.com\/ReReadLibreriaLowcost","article_modified_time":"2019-10-24T14:30:50+00:00","og_image":[{"url":"https:\/\/www.re-read.com\/wp-content\/uploads\/2019\/02\/alerta-icono-64x52.png"}],"twitter_misc":{"Est. reading time":"5 minutes"},"schema":{"@context":"https:\/\/schema.org","@graph":[{"@type":"Organization","@id":"https:\/\/www.re-read.com\/#organization","name":"Re-Read Librer\u00eda Lowcost","url":"https:\/\/www.re-read.com\/","sameAs":["http:\/\/www.facebook.com\/ReReadLibreriaLowcost","https:\/\/www.instagram.com\/rereadlibrerialowcostoficial","https:\/\/www.youtube.com\/channel\/UCLe8wJmNXZv2nwOciMnuZeA"],"logo":{"@type":"ImageObject","@id":"https:\/\/www.re-read.com\/#logo","inLanguage":"gl-ES","url":"https:\/\/www.re-read.com\/wp-content\/uploads\/2013\/05\/logo-640x240-medio-cast.gif","contentUrl":"https:\/\/www.re-read.com\/wp-content\/uploads\/2013\/05\/logo-640x240-medio-cast.gif","width":640,"height":240,"caption":"Re-Read Librer\u00eda Lowcost"},"image":{"@id":"https:\/\/www.re-read.com\/#logo"}},{"@type":"WebSite","@id":"https:\/\/www.re-read.com\/#website","url":"https:\/\/www.re-read.com\/","name":"Re-Read Librer\u00eda lowcost : 1 libro 4\u20ac \u2022 2 libros 6\u20ac \u2022 5 libros 12\u20ac \u2022","description":"Libros casi nuevos a un precio casi imposible","publisher":{"@id":"https:\/\/www.re-read.com\/#organization"},"potentialAction":[{"@type":"SearchAction","target":{"@type":"EntryPoint","urlTemplate":"https:\/\/www.re-read.com\/?s={search_term_string}"},"query-input":"required name=search_term_string"}],"inLanguage":"gl-ES"},{"@type":"ImageObject","@id":"https:\/\/www.re-read.com\/gl\/the-book-finder-gl-page-2\/#primaryimage","inLanguage":"gl-ES","url":"https:\/\/www.re-read.com\/wp-content\/uploads\/2019\/02\/alerta-icono-64x52.png","contentUrl":"https:\/\/www.re-read.com\/wp-content\/uploads\/2019\/02\/alerta-icono-64x52.png"},{"@type":"WebPage","@id":"https:\/\/www.re-read.com\/gl\/the-book-finder-gl-page-2\/#webpage","url":"https:\/\/www.re-read.com\/gl\/the-book-finder-gl-page-2\/","name":"Resultados b\u00fasqueda The Book Finder - Cat\u00e1logo Re-Read Shop","isPartOf":{"@id":"https:\/\/www.re-read.com\/#website"},"primaryImageOfPage":{"@id":"https:\/\/www.re-read.com\/gl\/the-book-finder-gl-page-2\/#primaryimage"},"datePublished":"2016-02-12T09:13:50+00:00","dateModified":"2019-10-24T14:30:50+00:00","description":"Tienda de libros on line con b\u00fasqueda en cat\u00e1logo fotogr\u00e1fico de libros actualizado cada d\u00eda. Paseo vritual por la librer\u00eda","breadcrumb":{"@id":"https:\/\/www.re-read.com\/gl\/the-book-finder-gl-page-2\/#breadcrumb"},"inLanguage":"gl-ES","potentialAction":[{"@type":"ReadAction","target":["https:\/\/www.re-read.com\/gl\/the-book-finder-gl-page-2\/"]}]},{"@type":"BreadcrumbList","@id":"https:\/\/www.re-read.com\/gl\/the-book-finder-gl-page-2\/#breadcrumb","itemListElement":[{"@type":"ListItem","position":1,"name":"Portada","item":"https:\/\/www.re-read.com\/gl\/"},{"@type":"ListItem","position":2,"name":"The Book Finder &#8211; resultados b\u00fasqueda"}]}]}},"_links":{"self":[{"href":"https:\/\/www.re-read.com\/gl\/wp-json\/wp\/v2\/pages\/93857"}],"collection":[{"href":"https:\/\/www.re-read.com\/gl\/wp-json\/wp\/v2\/pages"}],"about":[{"href":"https:\/\/www.re-read.com\/gl\/wp-json\/wp\/v2\/types\/page"}],"author":[{"embeddable":true,"href":"https:\/\/www.re-read.com\/gl\/wp-json\/wp\/v2\/users\/32"}],"replies":[{"embeddable":true,"href":"https:\/\/www.re-read.com\/gl\/wp-json\/wp\/v2\/comments?post=93857"}],"version-history":[{"count":1,"href":"https:\/\/www.re-read.com\/gl\/wp-json\/wp\/v2\/pages\/93857\/revisions"}],"predecessor-version":[{"id":93858,"href":"https:\/\/www.re-read.com\/gl\/wp-json\/wp\/v2\/pages\/93857\/revisions\/93858"}],"wp:attachment":[{"href":"https:\/\/www.re-read.com\/gl\/wp-json\/wp\/v2\/media?parent=93857"}],"curies":[{"name":"wp","href":"https:\/\/api.w.org\/{rel}","templated":true}]}}