 
{"id":93922,"date":"2014-06-17T09:59:41","date_gmt":"2014-06-17T07:59:41","guid":{"rendered":"https:\/\/www.re-read.com\/?page_id=93922"},"modified":"2024-12-20T20:14:26","modified_gmt":"2024-12-20T19:14:26","slug":"re-compramos-libros","status":"publish","type":"page","link":"https:\/\/www.re-read.com\/gl\/re-compramos-libros\/","title":{"rendered":"Vende tus libros &#8211; Dales una segunda vida"},"content":{"rendered":"[vc_row padding=&#8221;0&#8243;][vc_column][vc_tta_tabs][vc_tta_section i_icon_fontawesome=&#8221;fa fa-recycle&#8221; add_icon=&#8221;true&#8221; title=&#8221;\u00bfQuieres vender tus libros?&#8221; tab_id=&#8221;1730042388645-9d0dd74b-fd13&#8243;][vc_empty_space][vc_column_text animation=&#8221;fade-in&#8221;]\n<h3><strong>\u00bfTe cambias de piso? \u00bfTienes que vaciar la casa? \u00bfO sencillamente necesitas\u00a0algo m\u00e1s de espacio? <\/strong><\/h3>\n<p>En Re-Read <strong>compramos tus libros<\/strong> para darles una segunda vida. Los compramos todos al mismo precio: <strong>0,25 euros<\/strong>. Siempre hay libros le\u00eddos y libros por leer. Por eso Re-compramos y Re-vendemos para que nunca te quedes sin ninguno de los dos.[\/vc_column_text][vc_empty_space][vc_row_inner padding=&#8221;0&#8243;][vc_column_inner width=&#8221;1\/3&#8243;][mk_icon_box icon=&#8221;mk-moon-book-2&#8243; title=&#8221;Trae tus libros sin cita&#8221; text_size=&#8221;20&#8243; font_weight=&#8221;600&#8243; style=&#8221;boxed&#8221; icon_location=&#8221;top&#8221; icon_color=&#8221;#3da4d7&#8243; icon_circle_color=&#8221;#ffffff&#8221; title_color=&#8221;#000000&#8243; txt_color=&#8221;#3da4d7&#8243; margin=&#8221;45&#8243; animation=&#8221;left-to-right&#8221;]Re-compramos tus libros. Compramos libros en buen estado de todos los g\u00e9neros y temas. En Re-Read compramos todos los libros al mismo precio: 0,25 euros.[\/mk_icon_box][\/vc_column_inner][vc_column_inner width=&#8221;1\/3&#8243;][mk_icon_box icon=&#8221;mk-moon-book-2&#8243; title=&#8221;Los seleccionamos en el acto&#8221; text_size=&#8221;22&#8243; font_weight=&#8221;600&#8243; style=&#8221;boxed&#8221; icon_location=&#8221;top&#8221; icon_color=&#8221;#eb6c59&#8243; icon_circle_color=&#8221;#ffffff&#8221; title_color=&#8221;#000000&#8243; txt_color=&#8221;#eb6c59&#8243; margin=&#8221;45&#8243; animation=&#8221;fade-in&#8221;]Compramos libros en buen estado de todos los g\u00e9neros y en varios idiomas, los preferimos editados de los a\u00f1os 90-2000 en adelante, aunque anteriores pueden interesarnos los cl\u00e1sicos, libros de historia, ensayo y filosof\u00eda. No compramos enciclopedias, libros de texto, libros antiguos y en mal estado.[\/mk_icon_box][\/vc_column_inner][vc_column_inner width=&#8221;1\/3&#8243;][mk_icon_box icon=&#8221;mk-moon-book-2&#8243; title=&#8221;Te pagamos en el momento&#8221; text_size=&#8221;22&#8243; font_weight=&#8221;600&#8243; style=&#8221;boxed&#8221; icon_location=&#8221;top&#8221; icon_color=&#8221;#40b4a7&#8243; icon_circle_color=&#8221;#ffffff&#8221; title_color=&#8221;#000000&#8243; txt_color=&#8221;#40b4a7&#8243; margin=&#8221;45&#8243; animation=&#8221;right-to-left&#8221;]Trae tus libros a tu librer\u00eda Re-Read m\u00e1s cercana y si tienes m\u00e1s de 150 libros (6-7 cajas), podemos pasar a domicilio. Basta con rellenar el formulario.[\/mk_icon_box][\/vc_column_inner][\/vc_row_inner][vc_column_text margin_bottom=&#8221;17&#8243;]\n<h3><strong>Compramos tus libros<\/strong><\/h3>\n<p>Si tienes m\u00e1s de 6 cajas (m\u00e1s de 150 libros), podemos pasar por tu domicilio. Consulte las condiciones de recogida su librer\u00eda m\u00e1s cercana a su domicilio.\u00a0Rellena el formulario (2a pesta\u00f1a arriba)[\/vc_column_text][\/vc_tta_section][vc_tta_section i_icon_fontawesome=&#8221;fa fa-book&#8221; add_icon=&#8221;true&#8221; title=&#8221;\u00bfVendes m\u00e1s de 6 cajas de libros?&#8221; tab_id=&#8221;1730042388674-72c2c0e1-2b62&#8243;][vc_empty_space][vc_column_text animation=&#8221;fade-in&#8221;]\n<h3><strong>Si tienes m\u00e1s de 6 cajas (m\u00e1s de 200 libros), podemos pasar por tu domicilio.<\/strong><\/h3>\n<p>D\u00e9janos tus datos pare que te contactemos.[\/vc_column_text]\n<div class=\"wpcf7 no-js\" id=\"wpcf7-f2989-o1\" lang=\"es-ES\" dir=\"ltr\">\n<div class=\"screen-reader-response\"><p role=\"status\" aria-live=\"polite\" aria-atomic=\"true\"><\/p> <ul><\/ul><\/div>\n<form action=\"\/gl\/wp-json\/wp\/v2\/pages\/93922#wpcf7-f2989-o1\" method=\"post\" class=\"wpcf7-form init\" aria-label=\"Contact form\" novalidate=\"novalidate\" data-status=\"init\">\n<div style=\"display: none;\">\n<input type=\"hidden\" name=\"_wpcf7\" value=\"2989\" \/>\n<input type=\"hidden\" name=\"_wpcf7_version\" value=\"5.7.6\" \/>\n<input type=\"hidden\" name=\"_wpcf7_locale\" value=\"es_ES\" \/>\n<input type=\"hidden\" name=\"_wpcf7_unit_tag\" value=\"wpcf7-f2989-o1\" \/>\n<input type=\"hidden\" name=\"_wpcf7_container_post\" value=\"0\" \/>\n<input type=\"hidden\" name=\"_wpcf7_posted_data_hash\" value=\"\" \/>\n<input type=\"hidden\" name=\"upload_dir\" value=\"concurso\" \/>\n<input type=\"hidden\" name=\"generate_name\" value=\"05-11-26-6a024f7ae00f3\" \/>\n<input type=\"hidden\" name=\"_wpcf7_recaptcha_response\" value=\"\" \/>\n<\/div>\n<input type='hidden' class='wpcf7-pum' value='{\"closepopup\":false,\"closedelay\":0,\"openpopup\":false,\"openpopup_id\":0}' \/><div class=\"wpcf7-response-output\" aria-hidden=\"true\"><\/div>\n<\/form>\n<\/div>\n[vc_empty_space][\/vc_tta_section][\/vc_tta_tabs]<style> .gvpfpmain101678 .fp-controls { background-color:# !important;}\n\t\t\t   .gvpfpmain101678 .fp-timeline { background-color: # !important;}\n\t\t\t   .gvpfpmain101678 .fp-progress { background-color: # !important;}\n\t\t\t   .gvpfpmain101678 .fp-buffer { background-color: # !important;} \n\t\t\t   .gvpfpmain101678 .fp-time { font-size:11px !important; }.overlay2 { display: inline-block; }<\/style><div class=\"gvpfpmain101678\" style=\"text-align:;\"><div style=\"margin-right:0px;display:inline-block;width:100%; \"> <div style=\"\" class=\"flowplayer flowplayer101678  \" data-key=\"$375962430566312\" data-analytics=\"UA-680612-32\" data-embed=\"false\" data-fullscreen=\"false\" ><video preload=\"none\" ><\/video><\/div><\/div><\/div><script> jQuery(document).ready(function($){ $(\".flowplayer101678\").each (function() { var gvpcheckprogress = 0; var gvpbeforeseekval = 0; var gvpseekval = 0; $(this).bind(\"ready\", function(event, api) {  }).bind(\"pause\", function(event, api) { myType =  \".\"+api.video.type;  if(api.video.time < api.video.duration && api.video.time > 0) { ga(\"send\", \"event\", \"Video Paused\", \"FlowPlayer\", api.video.src.split(\"\/\").slice(-1)[0].replace(myType, \"\")); } }).bind(\"finish\", function(event, api) {  myType2 =  \".\"+api.video.type; ga(\"send\", \"event\", \"Video Finished\", \"FLowPlayer\", api.video.src.split(\"\/\").slice(-1)[0].replace(myType2, \"\"));  }).bind(\"beforeseek\", function(event, api) {  gvpbeforeseekval = api.video.time; }).bind(\"seek\", function(event, api) {  gvpseekval = api.video.time; myType5 =  \".\"+api.video.type; var seekthiny = Math.round(Math.round(gvpbeforeseekval)+\"000\"+Math.round(gvpseekval)); ga(\"send\", \"event\", \"Video Seeked\", api.video.src.split(\"\/\").slice(-1)[0].replace(myType5, \"\"), seekthiny, seekthiny);  }).bind(\"resume\", function(event, api) { if(api.video.time > 0 ) { myType4 =  \".\"+api.video.type;  ga(\"send\", \"event\", \"Video Resumed\", \"FLowPlayer\", api.video.src.split(\"\/\").slice(-1)[0].replace(myType4, \"\"));  } }).bind(\"progress\", function(event, api) { if(api.video.time > 0) { if(gvpcheckprogress == 0) { myType3 =  \".\"+api.video.type; ga(\"send\", \"event\", \"Video Total Time\", \"FLowPlayer\", api.video.src.split(\"\/\").slice(-1)[0].replace(myType3, \"\"), Math.round(api.video.duration)); gvpcheckprogress = 1; } } }); }); });<\/script>[\/vc_column][\/vc_row][vc_row][vc_column][vc_column_text]\n[slider_de_pie][\/vc_column_text][\/vc_column][\/vc_row]\n","protected":false},"excerpt":{"rendered":"<p>[vc_row padding=&#8221;0&#8243;][vc_column][vc_tta_tabs][vc_tta_section i_icon_fontawesome=&#8221;fa fa-recycle&#8221; add_icon=&#8221;true&#8221; title=&#8221;\u00bfQuieres vender tus libros?&#8221; tab_id=&#8221;1730042388645-9d0dd74b-fd13&#8243;][vc_empty_space][vc_column_text animation=&#8221;fade-in&#8221;] \u00bfTe cambias de piso? \u00bfTienes que vaciar la casa? \u00bfO sencillamente necesitas\u00a0algo m\u00e1s de espacio? En Re-Read compramos tus libros para darles una segunda vida. Los compramos todos al mismo precio: 0,25 euros. Siempre hay libros le\u00eddos y libros por leer. Por eso Re-compramos [&hellip;]<\/p>\n","protected":false},"author":4,"featured_media":0,"parent":0,"menu_order":135,"comment_status":"closed","ping_status":"closed","template":"","meta":[],"acf":[],"yoast_head":"<!-- This site is optimized with the Yoast SEO plugin v17.4 - https:\/\/yoast.com\/wordpress\/plugins\/seo\/ -->\n<title>Compramos tus libros - Dales una segunda vida a tus libros<\/title>\n<meta name=\"description\" content=\"Te cambias de piso? \u00bfTienes que vaciar la casa? \u00bfO sencillamente necesitas algo m\u00e1s de espacio? Compramos tus libros para darles una 2a vida\" \/>\n<meta name=\"robots\" content=\"index, follow, max-snippet:-1, max-image-preview:large, max-video-preview:-1\" \/>\n<link rel=\"canonical\" href=\"https:\/\/www.re-read.com\/gl\/re-compramos-libros\/\" \/>\n<meta property=\"og:locale\" content=\"en_US\" \/>\n<meta property=\"og:type\" content=\"article\" \/>\n<meta property=\"og:title\" content=\"Compramos tus libros - Dales una segunda vida a tus libros\" \/>\n<meta property=\"og:description\" content=\"Te cambias de piso? \u00bfTienes que vaciar la casa? \u00bfO sencillamente necesitas algo m\u00e1s de espacio? Compramos tus libros para darles una 2a vida\" \/>\n<meta property=\"og:url\" content=\"https:\/\/www.re-read.com\/gl\/re-compramos-libros\/\" \/>\n<meta property=\"og:site_name\" content=\"Re-Read Librer\u00eda lowcost : 1 libro 4\u20ac \u2022 2 libros 6\u20ac \u2022 5 libros 12\u20ac \u2022\" \/>\n<meta property=\"article:publisher\" content=\"http:\/\/www.facebook.com\/ReReadLibreriaLowcost\" \/>\n<meta property=\"article:modified_time\" content=\"2024-12-20T19:14:26+00:00\" \/>\n<meta name=\"twitter:label1\" content=\"Est. reading time\" \/>\n\t<meta name=\"twitter:data1\" content=\"3 minutes\" \/>\n<script type=\"application\/ld+json\" class=\"yoast-schema-graph\">{\"@context\":\"https:\/\/schema.org\",\"@graph\":[{\"@type\":\"Organization\",\"@id\":\"https:\/\/www.re-read.com\/#organization\",\"name\":\"Re-Read Librer\\u00eda Lowcost\",\"url\":\"https:\/\/www.re-read.com\/\",\"sameAs\":[\"http:\/\/www.facebook.com\/ReReadLibreriaLowcost\",\"https:\/\/www.instagram.com\/rereadlibrerialowcostoficial\",\"https:\/\/www.youtube.com\/channel\/UCLe8wJmNXZv2nwOciMnuZeA\"],\"logo\":{\"@type\":\"ImageObject\",\"@id\":\"https:\/\/www.re-read.com\/#logo\",\"inLanguage\":\"gl-ES\",\"url\":\"https:\/\/www.re-read.com\/wp-content\/uploads\/2013\/05\/logo-640x240-medio-cast.gif\",\"contentUrl\":\"https:\/\/www.re-read.com\/wp-content\/uploads\/2013\/05\/logo-640x240-medio-cast.gif\",\"width\":640,\"height\":240,\"caption\":\"Re-Read Librer\\u00eda Lowcost\"},\"image\":{\"@id\":\"https:\/\/www.re-read.com\/#logo\"}},{\"@type\":\"WebSite\",\"@id\":\"https:\/\/www.re-read.com\/#website\",\"url\":\"https:\/\/www.re-read.com\/\",\"name\":\"Re-Read Librer\\u00eda lowcost : 1 libro 4\\u20ac \\u2022 2 libros 6\\u20ac \\u2022 5 libros 12\\u20ac \\u2022\",\"description\":\"Libros casi nuevos a un precio casi imposible\",\"publisher\":{\"@id\":\"https:\/\/www.re-read.com\/#organization\"},\"potentialAction\":[{\"@type\":\"SearchAction\",\"target\":{\"@type\":\"EntryPoint\",\"urlTemplate\":\"https:\/\/www.re-read.com\/?s={search_term_string}\"},\"query-input\":\"required name=search_term_string\"}],\"inLanguage\":\"gl-ES\"},{\"@type\":\"WebPage\",\"@id\":\"https:\/\/www.re-read.com\/gl\/re-compramos-libros\/#webpage\",\"url\":\"https:\/\/www.re-read.com\/gl\/re-compramos-libros\/\",\"name\":\"Compramos tus libros - Dales una segunda vida a tus libros\",\"isPartOf\":{\"@id\":\"https:\/\/www.re-read.com\/#website\"},\"datePublished\":\"2014-06-17T07:59:41+00:00\",\"dateModified\":\"2024-12-20T19:14:26+00:00\",\"description\":\"Te cambias de piso? \\u00bfTienes que vaciar la casa? \\u00bfO sencillamente necesitas algo m\\u00e1s de espacio? Compramos tus libros para darles una 2a vida\",\"breadcrumb\":{\"@id\":\"https:\/\/www.re-read.com\/gl\/re-compramos-libros\/#breadcrumb\"},\"inLanguage\":\"gl-ES\",\"potentialAction\":[{\"@type\":\"ReadAction\",\"target\":[\"https:\/\/www.re-read.com\/gl\/re-compramos-libros\/\"]}]},{\"@type\":\"BreadcrumbList\",\"@id\":\"https:\/\/www.re-read.com\/gl\/re-compramos-libros\/#breadcrumb\",\"itemListElement\":[{\"@type\":\"ListItem\",\"position\":1,\"name\":\"Portada\",\"item\":\"https:\/\/www.re-read.com\/gl\/\"},{\"@type\":\"ListItem\",\"position\":2,\"name\":\"Vende tus libros &#8211; Dales una segunda vida\"}]}]}<\/script>\n<!-- \/ Yoast SEO plugin. -->","yoast_head_json":{"title":"Compramos tus libros - Dales una segunda vida a tus libros","description":"Te cambias de piso? \u00bfTienes que vaciar la casa? \u00bfO sencillamente necesitas algo m\u00e1s de espacio? Compramos tus libros para darles una 2a vida","robots":{"index":"index","follow":"follow","max-snippet":"max-snippet:-1","max-image-preview":"max-image-preview:large","max-video-preview":"max-video-preview:-1"},"canonical":"https:\/\/www.re-read.com\/gl\/re-compramos-libros\/","og_locale":"en_US","og_type":"article","og_title":"Compramos tus libros - Dales una segunda vida a tus libros","og_description":"Te cambias de piso? \u00bfTienes que vaciar la casa? \u00bfO sencillamente necesitas algo m\u00e1s de espacio? Compramos tus libros para darles una 2a vida","og_url":"https:\/\/www.re-read.com\/gl\/re-compramos-libros\/","og_site_name":"Re-Read Librer\u00eda lowcost : 1 libro 4\u20ac \u2022 2 libros 6\u20ac \u2022 5 libros 12\u20ac \u2022","article_publisher":"http:\/\/www.facebook.com\/ReReadLibreriaLowcost","article_modified_time":"2024-12-20T19:14:26+00:00","twitter_misc":{"Est. reading time":"3 minutes"},"schema":{"@context":"https:\/\/schema.org","@graph":[{"@type":"Organization","@id":"https:\/\/www.re-read.com\/#organization","name":"Re-Read Librer\u00eda Lowcost","url":"https:\/\/www.re-read.com\/","sameAs":["http:\/\/www.facebook.com\/ReReadLibreriaLowcost","https:\/\/www.instagram.com\/rereadlibrerialowcostoficial","https:\/\/www.youtube.com\/channel\/UCLe8wJmNXZv2nwOciMnuZeA"],"logo":{"@type":"ImageObject","@id":"https:\/\/www.re-read.com\/#logo","inLanguage":"gl-ES","url":"https:\/\/www.re-read.com\/wp-content\/uploads\/2013\/05\/logo-640x240-medio-cast.gif","contentUrl":"https:\/\/www.re-read.com\/wp-content\/uploads\/2013\/05\/logo-640x240-medio-cast.gif","width":640,"height":240,"caption":"Re-Read Librer\u00eda Lowcost"},"image":{"@id":"https:\/\/www.re-read.com\/#logo"}},{"@type":"WebSite","@id":"https:\/\/www.re-read.com\/#website","url":"https:\/\/www.re-read.com\/","name":"Re-Read Librer\u00eda lowcost : 1 libro 4\u20ac \u2022 2 libros 6\u20ac \u2022 5 libros 12\u20ac \u2022","description":"Libros casi nuevos a un precio casi imposible","publisher":{"@id":"https:\/\/www.re-read.com\/#organization"},"potentialAction":[{"@type":"SearchAction","target":{"@type":"EntryPoint","urlTemplate":"https:\/\/www.re-read.com\/?s={search_term_string}"},"query-input":"required name=search_term_string"}],"inLanguage":"gl-ES"},{"@type":"WebPage","@id":"https:\/\/www.re-read.com\/gl\/re-compramos-libros\/#webpage","url":"https:\/\/www.re-read.com\/gl\/re-compramos-libros\/","name":"Compramos tus libros - Dales una segunda vida a tus libros","isPartOf":{"@id":"https:\/\/www.re-read.com\/#website"},"datePublished":"2014-06-17T07:59:41+00:00","dateModified":"2024-12-20T19:14:26+00:00","description":"Te cambias de piso? \u00bfTienes que vaciar la casa? \u00bfO sencillamente necesitas algo m\u00e1s de espacio? Compramos tus libros para darles una 2a vida","breadcrumb":{"@id":"https:\/\/www.re-read.com\/gl\/re-compramos-libros\/#breadcrumb"},"inLanguage":"gl-ES","potentialAction":[{"@type":"ReadAction","target":["https:\/\/www.re-read.com\/gl\/re-compramos-libros\/"]}]},{"@type":"BreadcrumbList","@id":"https:\/\/www.re-read.com\/gl\/re-compramos-libros\/#breadcrumb","itemListElement":[{"@type":"ListItem","position":1,"name":"Portada","item":"https:\/\/www.re-read.com\/gl\/"},{"@type":"ListItem","position":2,"name":"Vende tus libros &#8211; Dales una segunda vida"}]}]}},"_links":{"self":[{"href":"https:\/\/www.re-read.com\/gl\/wp-json\/wp\/v2\/pages\/93922"}],"collection":[{"href":"https:\/\/www.re-read.com\/gl\/wp-json\/wp\/v2\/pages"}],"about":[{"href":"https:\/\/www.re-read.com\/gl\/wp-json\/wp\/v2\/types\/page"}],"author":[{"embeddable":true,"href":"https:\/\/www.re-read.com\/gl\/wp-json\/wp\/v2\/users\/4"}],"replies":[{"embeddable":true,"href":"https:\/\/www.re-read.com\/gl\/wp-json\/wp\/v2\/comments?post=93922"}],"version-history":[{"count":15,"href":"https:\/\/www.re-read.com\/gl\/wp-json\/wp\/v2\/pages\/93922\/revisions"}],"predecessor-version":[{"id":127572,"href":"https:\/\/www.re-read.com\/gl\/wp-json\/wp\/v2\/pages\/93922\/revisions\/127572"}],"wp:attachment":[{"href":"https:\/\/www.re-read.com\/gl\/wp-json\/wp\/v2\/media?parent=93922"}],"curies":[{"name":"wp","href":"https:\/\/api.w.org\/{rel}","templated":true}]}}