 
{"id":127232,"date":"2024-10-24T13:33:25","date_gmt":"2024-10-24T11:33:25","guid":{"rendered":"https:\/\/www.re-read.com\/?page_id=127232"},"modified":"2024-10-28T14:47:14","modified_gmt":"2024-10-28T13:47:14","slug":"re-bem-vindo-a-re-read-livraria-lowcost","status":"publish","type":"page","link":"https:\/\/www.re-read.com\/pt-pt\/","title":{"rendered":"Re-bem-vindo \u00e0 Re-Read Livraria Lowcost"},"content":{"rendered":"[vc_row][vc_column][mk_padding_divider][vc_column_text]\n<h2 class=\"planque\">Re-Read Livraria Lowcost<\/h2>\n<p class=\"planque\">A livraria lowcost em segunda m\u00e3o com livros quase novos a pre\u00e7os quase imposs\u00edveis.<\/p>\n[\/vc_column_text][vc_column_text align=&#8221;center&#8221; animation=&#8221;scale-up&#8221;]<img decoding=\"async\" loading=\"lazy\" class=\"aligncenter wp-image-1636 size-full\" src=\"https:\/\/www.re-read.com\/wp-content\/uploads\/2024\/10\/logo-re-read-pt-640x240-1.png\" alt=\"\" width=\"640\" height=\"240\" data-wp-editing=\"1\" \/>[\/vc_column_text][vc_column_text align=&#8221;center&#8221; animation=&#8221;bottom-to-top&#8221;]Na Re-Read pode encontrar livros em segunda m\u00e3o em perfeito estado.<br \/>\nTamb\u00e9m pode vender os seus, porque h\u00e1 sempre livros lidos e livros por ler.<br \/>\nPara que nunca fique sem nenhum dos dois, n\u00f3s Re-compramos e Re-vendemos.[\/vc_column_text][vc_empty_space][vc_tta_tabs][vc_tta_section i_icon_fontawesome=&#8221;fa fa-camera&#8221; add_icon=&#8221;true&#8221; tab_id=&#8221;1492943621803-91d4f470-c72b&#8221; title=&#8221;Fotos&#8221;][mk_fullwidth_slideshow padding=&#8221;69&#8243; images=&#8221;3885,3884,127045,127043&#8243; stretch_images=&#8221;true&#8221; effect=&#8221;slide&#8221;][\/vc_tta_section][vc_tta_section i_icon_fontawesome=&#8221;fa fa-film&#8221; add_icon=&#8221;true&#8221; tab_id=&#8221;1492943621732-40631787-014f&#8221; title=&#8221;O que \u00e9 a Re-Read?&#8221;]<div style=\"overflow:hidden;text-align:left;\"><div style=\"width:100%;display:inline-block;margin-right:0px;margin-bottom:5px;\"><div class=\"mp-outer-video\" style=\"padding-bottom:56.25%;\"><iframe class=\"mp-youtube-player\" type=\"text\/html\" width=\"100%\" height=\"100%\" src=\"https:\/\/www.youtube.com\/embed\/u2acP1M_Scg?wmode=transparent&autohide=0&autoplay=0&controls=1&rel=0&modestbranding=1&showinfo=0&start=&end=&iv_load_policy=1&theme=dark&vq=hd1080\" frameborder=\"0\" allowfullscreen><\/iframe><\/div><\/div><\/div>[\/vc_tta_section][vc_tta_section i_icon_fontawesome=&#8221;fa fa-film&#8221; add_icon=&#8221;true&#8221; title=&#8221;Cart\u00f5es Re-Gift&#8221; tab_id=&#8221;4545635621732-40631787-014f&#8221;]<div style=\"overflow:hidden;text-align:left;\"><div style=\"width:100%;display:inline-block;margin-right:0px;margin-bottom:5px;\"><div class=\"mp-outer-video\" style=\"padding-bottom:56.25%;\"><iframe class=\"mp-youtube-player\" type=\"text\/html\" width=\"100%\" height=\"100%\" src=\"https:\/\/www.youtube.com\/embed\/iito4p66ybg?wmode=transparent&autohide=0&autoplay=0&controls=1&rel=0&modestbranding=1&showinfo=0&start=&end=&iv_load_policy=1&theme=dark&vq=hd1080\" frameborder=\"0\" allowfullscreen><\/iframe><\/div><\/div><\/div>[\/vc_tta_section][vc_tta_section i_icon_fontawesome=&#8221;fa fa-film&#8221; add_icon=&#8221;true&#8221; title=&#8221;Reduce&amp;Reuse&amp;Read&#8221; tab_id=&#8221;243524352345-40631787-014f&#8221;]<div style=\"overflow:hidden;text-align:left;\"><div style=\"width:100%;display:inline-block;margin-right:0px;margin-bottom:5px;\"><div class=\"mp-outer-video\" style=\"padding-bottom:56.25%;\"><iframe class=\"mp-youtube-player\" type=\"text\/html\" width=\"100%\" height=\"100%\" src=\"https:\/\/www.youtube.com\/embed\/xVkavkpWRyQ?wmode=transparent&autohide=0&autoplay=0&controls=1&rel=0&modestbranding=1&showinfo=1&start=&end=&iv_load_policy=1&theme=dark&vq=hd1080\" frameborder=\"0\" allowfullscreen><\/iframe><\/div><\/div><\/div>[\/vc_tta_section][vc_tta_section i_icon_fontawesome=&#8221;fa fa-video-camera&#8221; add_icon=&#8221;true&#8221; title=&#8221;Re-reading is sexy&#8221; tab_id=&#8221;video-re-reading&#8221;]<div style=\"overflow:hidden;text-align:left;\"><div style=\"width:100%;display:inline-block;margin-right:0px;margin-bottom:5px;\"><div class=\"mp-outer-video\" style=\"padding-bottom:56.25%;\"><iframe class=\"mp-youtube-player\" type=\"text\/html\" width=\"100%\" height=\"100%\" src=\"https:\/\/www.youtube.com\/embed\/kcSDmDrrLkY?wmode=transparent&autohide=0&autoplay=0&controls=1&rel=0&modestbranding=1&showinfo=0&start=&end=&iv_load_policy=3&theme=dark&vq=hd1080\" frameborder=\"0\" allowfullscreen><\/iframe><\/div><\/div><\/div>[\/vc_tta_section][\/vc_tta_tabs][vc_column_text align=&#8221;center&#8221; animation=&#8221;right-to-left&#8221;]Conhece as \u00faltimas novidades do nosso canal YouTube Re-Read <a href=\"https:\/\/www.youtube.com\/channel\/UCLe8wJmNXZv2nwOciMnuZeA\" target=\"_blank\" rel=\"noopener noreferrer\"><img decoding=\"async\" loading=\"lazy\" class=\"alignnone wp-image-86821 size-full\" src=\"https:\/\/www.re-read.com\/wp-content\/uploads\/2013\/05\/youtube-logo-50.png\" alt=\"Canal youtube de Re-Read\" width=\"50\" height=\"21\" \/><\/a>?[\/vc_column_text][\/vc_column][\/vc_row]\n","protected":false},"excerpt":{"rendered":"<p>[vc_row][vc_column][mk_padding_divider][vc_column_text] Re-Read Livraria Lowcost A livraria lowcost em segunda m\u00e3o com livros quase novos a pre\u00e7os quase imposs\u00edveis. [\/vc_column_text][vc_column_text align=&#8221;center&#8221; animation=&#8221;scale-up&#8221;][\/vc_column_text][vc_column_text align=&#8221;center&#8221; animation=&#8221;bottom-to-top&#8221;]Na Re-Read pode encontrar livros em segunda m\u00e3o em perfeito estado. Tamb\u00e9m pode vender os seus, porque h\u00e1 sempre livros lidos e livros por ler. Para que nunca fique sem nenhum dos dois, [&hellip;]<\/p>\n","protected":false},"author":4,"featured_media":0,"parent":0,"menu_order":0,"comment_status":"closed","ping_status":"closed","template":"","meta":[],"acf":[],"yoast_head":"<!-- This site is optimized with the Yoast SEO plugin v17.4 - https:\/\/yoast.com\/wordpress\/plugins\/seo\/ -->\n<title>Re-Read Librer\u00eda lowcost : 1 libro 4\u20ac \u2022 2 libros 6\u20ac \u2022 5 libros 12\u20ac \u2022<\/title>\n<meta name=\"robots\" content=\"index, follow, max-snippet:-1, max-image-preview:large, max-video-preview:-1\" \/>\n<link rel=\"canonical\" href=\"https:\/\/www.re-read.com\/pt-pt\/\" \/>\n<meta property=\"og:locale\" content=\"pt_PT\" \/>\n<meta property=\"og:type\" content=\"article\" \/>\n<meta property=\"og:description\" content=\"[vc_row][vc_column][mk_padding_divider][vc_column_text] Re-Read Livraria Lowcost A livraria lowcost em segunda m\u00e3o com livros quase novos a pre\u00e7os quase imposs\u00edveis. [\/vc_column_text][vc_column_text align=&#8221;center&#8221; animation=&#8221;scale-up&#8221;][\/vc_column_text][vc_column_text align=&#8221;center&#8221; animation=&#8221;bottom-to-top&#8221;]Na Re-Read pode encontrar livros em segunda m\u00e3o em perfeito estado. Tamb\u00e9m pode vender os seus, porque h\u00e1 sempre livros lidos e livros por ler. Para que nunca fique sem nenhum dos dois, [&hellip;]\" \/>\n<meta property=\"og:url\" content=\"https:\/\/www.re-read.com\/pt-pt\/\" \/>\n<meta property=\"og:site_name\" content=\"Re-Read Librer\u00eda lowcost : 1 libro 4\u20ac \u2022 2 libros 6\u20ac \u2022 5 libros 12\u20ac \u2022\" \/>\n<meta property=\"article:publisher\" content=\"http:\/\/www.facebook.com\/ReReadLibreriaLowcost\" \/>\n<meta property=\"article:modified_time\" content=\"2024-10-28T13:47:14+00:00\" \/>\n<meta property=\"og:image\" content=\"https:\/\/www.re-read.com\/wp-content\/uploads\/2024\/10\/logo-re-read-pt-640x240-1.png\" \/>\n<meta name=\"twitter:label1\" content=\"Tempo estimado de leitura\" \/>\n\t<meta name=\"twitter:data1\" content=\"1 minuto\" \/>\n<script type=\"application\/ld+json\" class=\"yoast-schema-graph\">{\"@context\":\"https:\/\/schema.org\",\"@graph\":[{\"@type\":\"Organization\",\"@id\":\"https:\/\/www.re-read.com\/#organization\",\"name\":\"Re-Read Librer\\u00eda Lowcost\",\"url\":\"https:\/\/www.re-read.com\/\",\"sameAs\":[\"http:\/\/www.facebook.com\/ReReadLibreriaLowcost\",\"https:\/\/www.instagram.com\/rereadlibrerialowcostoficial\",\"https:\/\/www.youtube.com\/channel\/UCLe8wJmNXZv2nwOciMnuZeA\"],\"logo\":{\"@type\":\"ImageObject\",\"@id\":\"https:\/\/www.re-read.com\/#logo\",\"inLanguage\":\"pt-PT\",\"url\":\"https:\/\/www.re-read.com\/wp-content\/uploads\/2013\/05\/logo-640x240-medio-cast.gif\",\"contentUrl\":\"https:\/\/www.re-read.com\/wp-content\/uploads\/2013\/05\/logo-640x240-medio-cast.gif\",\"width\":640,\"height\":240,\"caption\":\"Re-Read Librer\\u00eda Lowcost\"},\"image\":{\"@id\":\"https:\/\/www.re-read.com\/#logo\"}},{\"@type\":\"WebSite\",\"@id\":\"https:\/\/www.re-read.com\/#website\",\"url\":\"https:\/\/www.re-read.com\/\",\"name\":\"Re-Read Librer\\u00eda lowcost : 1 libro 4\\u20ac \\u2022 2 libros 6\\u20ac \\u2022 5 libros 12\\u20ac \\u2022\",\"description\":\"Libros casi nuevos a un precio casi imposible\",\"publisher\":{\"@id\":\"https:\/\/www.re-read.com\/#organization\"},\"potentialAction\":[{\"@type\":\"SearchAction\",\"target\":{\"@type\":\"EntryPoint\",\"urlTemplate\":\"https:\/\/www.re-read.com\/?s={search_term_string}\"},\"query-input\":\"required name=search_term_string\"}],\"inLanguage\":\"pt-PT\"},{\"@type\":\"ImageObject\",\"@id\":\"https:\/\/www.re-read.com\/pt-pt\/#primaryimage\",\"inLanguage\":\"pt-PT\",\"url\":\"https:\/\/www.re-read.com\/wp-content\/uploads\/2024\/10\/logo-re-read-pt-640x240-1.png\",\"contentUrl\":\"https:\/\/www.re-read.com\/wp-content\/uploads\/2024\/10\/logo-re-read-pt-640x240-1.png\",\"width\":640,\"height\":240},{\"@type\":\"WebPage\",\"@id\":\"https:\/\/www.re-read.com\/pt-pt\/#webpage\",\"url\":\"https:\/\/www.re-read.com\/pt-pt\/\",\"name\":\"\",\"isPartOf\":{\"@id\":\"https:\/\/www.re-read.com\/#website\"},\"primaryImageOfPage\":{\"@id\":\"https:\/\/www.re-read.com\/pt-pt\/#primaryimage\"},\"datePublished\":\"2024-10-24T11:33:25+00:00\",\"dateModified\":\"2024-10-28T13:47:14+00:00\",\"breadcrumb\":{\"@id\":\"https:\/\/www.re-read.com\/pt-pt\/#breadcrumb\"},\"inLanguage\":\"pt-PT\",\"potentialAction\":[{\"@type\":\"ReadAction\",\"target\":[\"https:\/\/www.re-read.com\/pt-pt\/\"]}]},{\"@type\":\"BreadcrumbList\",\"@id\":\"https:\/\/www.re-read.com\/pt-pt\/#breadcrumb\",\"itemListElement\":[{\"@type\":\"ListItem\",\"position\":1,\"name\":\"Portada\",\"item\":\"https:\/\/www.re-read.com\/pt-pt\/\"},{\"@type\":\"ListItem\",\"position\":2,\"name\":\"Re-bem-vindo \\u00e0 Re-Read Livraria Lowcost\"}]}]}<\/script>\n<!-- \/ Yoast SEO plugin. -->","yoast_head_json":{"title":"Re-Read Librer\u00eda lowcost : 1 libro 4\u20ac \u2022 2 libros 6\u20ac \u2022 5 libros 12\u20ac \u2022","robots":{"index":"index","follow":"follow","max-snippet":"max-snippet:-1","max-image-preview":"max-image-preview:large","max-video-preview":"max-video-preview:-1"},"canonical":"https:\/\/www.re-read.com\/pt-pt\/","og_locale":"pt_PT","og_type":"article","og_description":"[vc_row][vc_column][mk_padding_divider][vc_column_text] Re-Read Livraria Lowcost A livraria lowcost em segunda m\u00e3o com livros quase novos a pre\u00e7os quase imposs\u00edveis. [\/vc_column_text][vc_column_text align=&#8221;center&#8221; animation=&#8221;scale-up&#8221;][\/vc_column_text][vc_column_text align=&#8221;center&#8221; animation=&#8221;bottom-to-top&#8221;]Na Re-Read pode encontrar livros em segunda m\u00e3o em perfeito estado. Tamb\u00e9m pode vender os seus, porque h\u00e1 sempre livros lidos e livros por ler. Para que nunca fique sem nenhum dos dois, [&hellip;]","og_url":"https:\/\/www.re-read.com\/pt-pt\/","og_site_name":"Re-Read Librer\u00eda lowcost : 1 libro 4\u20ac \u2022 2 libros 6\u20ac \u2022 5 libros 12\u20ac \u2022","article_publisher":"http:\/\/www.facebook.com\/ReReadLibreriaLowcost","article_modified_time":"2024-10-28T13:47:14+00:00","og_image":[{"url":"https:\/\/www.re-read.com\/wp-content\/uploads\/2024\/10\/logo-re-read-pt-640x240-1.png"}],"twitter_misc":{"Tempo estimado de leitura":"1 minuto"},"schema":{"@context":"https:\/\/schema.org","@graph":[{"@type":"Organization","@id":"https:\/\/www.re-read.com\/#organization","name":"Re-Read Librer\u00eda Lowcost","url":"https:\/\/www.re-read.com\/","sameAs":["http:\/\/www.facebook.com\/ReReadLibreriaLowcost","https:\/\/www.instagram.com\/rereadlibrerialowcostoficial","https:\/\/www.youtube.com\/channel\/UCLe8wJmNXZv2nwOciMnuZeA"],"logo":{"@type":"ImageObject","@id":"https:\/\/www.re-read.com\/#logo","inLanguage":"pt-PT","url":"https:\/\/www.re-read.com\/wp-content\/uploads\/2013\/05\/logo-640x240-medio-cast.gif","contentUrl":"https:\/\/www.re-read.com\/wp-content\/uploads\/2013\/05\/logo-640x240-medio-cast.gif","width":640,"height":240,"caption":"Re-Read Librer\u00eda Lowcost"},"image":{"@id":"https:\/\/www.re-read.com\/#logo"}},{"@type":"WebSite","@id":"https:\/\/www.re-read.com\/#website","url":"https:\/\/www.re-read.com\/","name":"Re-Read Librer\u00eda lowcost : 1 libro 4\u20ac \u2022 2 libros 6\u20ac \u2022 5 libros 12\u20ac \u2022","description":"Libros casi nuevos a un precio casi imposible","publisher":{"@id":"https:\/\/www.re-read.com\/#organization"},"potentialAction":[{"@type":"SearchAction","target":{"@type":"EntryPoint","urlTemplate":"https:\/\/www.re-read.com\/?s={search_term_string}"},"query-input":"required name=search_term_string"}],"inLanguage":"pt-PT"},{"@type":"ImageObject","@id":"https:\/\/www.re-read.com\/pt-pt\/#primaryimage","inLanguage":"pt-PT","url":"https:\/\/www.re-read.com\/wp-content\/uploads\/2024\/10\/logo-re-read-pt-640x240-1.png","contentUrl":"https:\/\/www.re-read.com\/wp-content\/uploads\/2024\/10\/logo-re-read-pt-640x240-1.png","width":640,"height":240},{"@type":"WebPage","@id":"https:\/\/www.re-read.com\/pt-pt\/#webpage","url":"https:\/\/www.re-read.com\/pt-pt\/","name":"","isPartOf":{"@id":"https:\/\/www.re-read.com\/#website"},"primaryImageOfPage":{"@id":"https:\/\/www.re-read.com\/pt-pt\/#primaryimage"},"datePublished":"2024-10-24T11:33:25+00:00","dateModified":"2024-10-28T13:47:14+00:00","breadcrumb":{"@id":"https:\/\/www.re-read.com\/pt-pt\/#breadcrumb"},"inLanguage":"pt-PT","potentialAction":[{"@type":"ReadAction","target":["https:\/\/www.re-read.com\/pt-pt\/"]}]},{"@type":"BreadcrumbList","@id":"https:\/\/www.re-read.com\/pt-pt\/#breadcrumb","itemListElement":[{"@type":"ListItem","position":1,"name":"Portada","item":"https:\/\/www.re-read.com\/pt-pt\/"},{"@type":"ListItem","position":2,"name":"Re-bem-vindo \u00e0 Re-Read Livraria Lowcost"}]}]}},"_links":{"self":[{"href":"https:\/\/www.re-read.com\/pt-pt\/wp-json\/wp\/v2\/pages\/127232"}],"collection":[{"href":"https:\/\/www.re-read.com\/pt-pt\/wp-json\/wp\/v2\/pages"}],"about":[{"href":"https:\/\/www.re-read.com\/pt-pt\/wp-json\/wp\/v2\/types\/page"}],"author":[{"embeddable":true,"href":"https:\/\/www.re-read.com\/pt-pt\/wp-json\/wp\/v2\/users\/4"}],"replies":[{"embeddable":true,"href":"https:\/\/www.re-read.com\/pt-pt\/wp-json\/wp\/v2\/comments?post=127232"}],"version-history":[{"count":10,"href":"https:\/\/www.re-read.com\/pt-pt\/wp-json\/wp\/v2\/pages\/127232\/revisions"}],"predecessor-version":[{"id":127666,"href":"https:\/\/www.re-read.com\/pt-pt\/wp-json\/wp\/v2\/pages\/127232\/revisions\/127666"}],"wp:attachment":[{"href":"https:\/\/www.re-read.com\/pt-pt\/wp-json\/wp\/v2\/media?parent=127232"}],"curies":[{"name":"wp","href":"https:\/\/api.w.org\/{rel}","templated":true}]}}