 
{"id":127657,"date":"2013-06-28T15:48:08","date_gmt":"2013-06-28T13:48:08","guid":{"rendered":"https:\/\/www.re-read.com\/localizador-de-livrarias-re-read\/contactar\/"},"modified":"2024-10-28T11:59:51","modified_gmt":"2024-10-28T10:59:51","slug":"contactar","status":"publish","type":"page","link":"https:\/\/www.re-read.com\/pt-pt\/localizador-de-livrarias-re-read\/contactar\/","title":{"rendered":"Contactar"},"content":{"rendered":"[vc_row attached=&#8221;true&#8221; padding=&#8221;0&#8243;][vc_column width=&#8221;1\/6&#8243;][mk_icon_box icon=&#8221;mk-li-comments&#8221; icon_size=&#8221;x-large&#8221; circled=&#8221;true&#8221; icon_color=&#8221;#ffffff&#8221; icon_circle_color=&#8221;#3fa3d7&#8243; box_blur=&#8221;false&#8221;][\/mk_icon_box][\/vc_column][vc_column width=&#8221;5\/6&#8243;][mk_fancy_title color=&#8221;#393836&#8243; size=&#8221;24&#8243; margin_top=&#8221;32&#8243; margin_bottom=&#8221;16&#8243; font_family=&#8221;none&#8221; animation=&#8221;fade-in&#8221;]Se tiver quaisquer quest\u00f5es ou coment\u00e1rios, escreva-nos atrav\u00e9s do seguinte formul\u00e1rio. Responderemos com a maior brevidade Re-poss\u00edvel.[\/mk_fancy_title][\/vc_column][\/vc_row][vc_row animation=&#8221;fade-in&#8221; padding=&#8221;0&#8243;][vc_column][vc_empty_space]\n<div class=\"wpcf7 no-js\" id=\"wpcf7-f127507-o1\" lang=\"pt-PT\" dir=\"ltr\">\n<div class=\"screen-reader-response\"><p role=\"status\" aria-live=\"polite\" aria-atomic=\"true\"><\/p> <ul><\/ul><\/div>\n<form action=\"\/pt-pt\/wp-json\/wp\/v2\/pages\/127657#wpcf7-f127507-o1\" method=\"post\" class=\"wpcf7-form init\" aria-label=\"Formul\u00e1rio de contacto\" novalidate=\"novalidate\" data-status=\"init\">\n<div style=\"display: none;\">\n<input type=\"hidden\" name=\"_wpcf7\" value=\"127507\" \/>\n<input type=\"hidden\" name=\"_wpcf7_version\" value=\"5.7.6\" \/>\n<input type=\"hidden\" name=\"_wpcf7_locale\" value=\"pt_PT\" \/>\n<input type=\"hidden\" name=\"_wpcf7_unit_tag\" value=\"wpcf7-f127507-o1\" \/>\n<input type=\"hidden\" name=\"_wpcf7_container_post\" value=\"0\" \/>\n<input type=\"hidden\" name=\"_wpcf7_posted_data_hash\" value=\"\" \/>\n<input type=\"hidden\" name=\"upload_dir\" value=\"concurso\" \/>\n<input type=\"hidden\" name=\"generate_name\" value=\"04-21-26-69e73951b8e3a\" \/>\n<input type=\"hidden\" name=\"_wpcf7_recaptcha_response\" value=\"\" \/>\n<\/div>\n<style type=\"text\/css\">\n.mailpoetinput input {\n width: auto;\n}\n.div.wpcf7-response-output {\n display: none;\n}\n.textarea_container textarea {\n width: 100% !important;\n}\n.mailpoetinput .wpcf7-list-label {\n position: absolute;\n width: 200px;\n top: 0px;\n}\ndiv.wpcf7-response-output {\n display: none;\n}\n@media screen and (max-width: 767px) {\n .mailpoetinput {\n top: 0px !important;\n }\n.mailpoetinput .wpcf7-list-label {\n position: static;\n width: 200px;\n top: 0px;\n}\n\t.wpcf7 table {\n\t\tmargin-bottom: 0;\n\t}\n\t\n\t.wpcf7 td {\n\t\tdisplay: block;\n\t\tbackground-color: #f2f2f2;\n\t}\n\t\n\t.wpcf7 div.wpcf7-response-output.wpcf7-display-none {\n\t\tdisplay: none;\n\t}\n\t\n\t.wpcf7 .wpcf7-mailpoetsignup {\n\t\twidth: 20px;\n\t\theight: 20px;\n\t}\n}\n\n@media screen and (max-width: 345px) {\n\n\t.wpcf7 .g-recaptcha {\n\t\ttransform: scale(0.8);\n\t\twidth: 200px;\n\t\tposition: relative;\n\t\tleft: -13px;\n\t}\n}\n<\/style>\n<p><script>\ndocument.addEventListener( 'wpcf7mailsent', function( event ) {\n alert( \"Mensagem Re-cebida. Obrigado\" );\n}, false );\n<\/script>\n<\/p>\n<table width=\"100%\" border=\"0\" cellspacing=\"0\" cellpadding=\"0\">\n\t<tr>\n\t\t<td bgcolor=\"#f9f9f9\"  >\n\t\t\t<p>O seu nome *\n\t\t\t<\/p>\n\t\t\t<p><span class=\"wpcf7-form-control-wrap\" data-name=\"your-name\"><input size=\"40\" class=\"wpcf7-form-control wpcf7-text wpcf7-validates-as-required\" aria-required=\"true\" aria-invalid=\"false\" value=\"\" type=\"text\" name=\"your-name\" \/><\/span>\n\t\t\t<\/p>\n\t\t<\/td>\n\t\t<td bgcolor=\"#f9f9f9\"  >\n\t\t\t<p>O seu email *\n\t\t\t<\/p>\n\t\t\t<p><span class=\"wpcf7-form-control-wrap\" data-name=\"your-email\"><input size=\"40\" class=\"wpcf7-form-control wpcf7-text wpcf7-email wpcf7-validates-as-required wpcf7-validates-as-email\" aria-required=\"true\" aria-invalid=\"false\" value=\"\" type=\"email\" name=\"your-email\" \/><\/span>\n\t\t\t<\/p>\n\t\t<\/td>\n\t\t<td bgcolor=\"#f9f9f9\"  >\n\t\t\t<p>Assunto\n\t\t\t<\/p>\n\t\t\t<p><span class=\"wpcf7-form-control-wrap\" data-name=\"your-subject\"><input size=\"40\" class=\"wpcf7-form-control wpcf7-text\" aria-invalid=\"false\" value=\"\" type=\"text\" name=\"your-subject\" \/><\/span>\n\t\t\t<\/p>\n\t\t<\/td>\n\t<\/tr>\n\t<tr>\n\t\t<td bgcolor=\"#f9f9f9\" style=\"vertical-align:top;\" >\n\t\t\t<p>Contactar a (obrigat\u00f3rio)\n\t\t\t<\/p>\n\t\t\t<p><span class=\"wpcf7-form-control-wrap\" data-name=\"para\"><select class=\"wpcf7-form-control wpcf7-select wpcf7-validates-as-required\" aria-required=\"true\" aria-invalid=\"false\" name=\"para\"><option value=\"\">&#8212;Por favor escolha uma op\u00e7\u00e3o&#8212;<\/option><option value=\"\"><\/option><option value=\"\u2022 PORTUGAL \u2022\">\u2022 PORTUGAL \u2022<\/option><option value=\"LISBOA - Av.de Roma, 61B -  919 95 34 04\">LISBOA - Av.de Roma, 61B -  919 95 34 04<\/option><option value=\"LISBOA - R. Pascoal de Melo, 99 - 919 95 34 04\">LISBOA - R. Pascoal de Melo, 99 - 919 95 34 04<\/option><option value=\"\"><\/option><option value=\"\u2022 FRANCE \u2022\">\u2022 FRANCE \u2022<\/option><option value=\"PARIS - 119 Bd Voltaire\">PARIS - 119 Bd Voltaire<\/option><option value=\"\"><\/option><option value=\"\u2022 ESPA\u00d1A \u2022\">\u2022 ESPA\u00d1A \u2022<\/option><option value=\"ALCOBENDAS - C. de la Marquesa Viuda de Aldama, 15\">ALCOBENDAS - C. de la Marquesa Viuda de Aldama, 15<\/option><option value=\"ALICANTE - C. del teatro, 39\">ALICANTE - C. del teatro, 39<\/option><option value=\"ALMER\u00cdA - Pl. de San Pedro, 8\">ALMER\u00cdA - Pl. de San Pedro, 8<\/option><option value=\"BARCELONA - Sant Juan, 152\">BARCELONA - Sant Juan, 152<\/option><option value=\"BARCELONA - Muntaner, 270\">BARCELONA - Muntaner, 270<\/option><option value=\"BARCELONA - Rossell\u00f3 158\">BARCELONA - Rossell\u00f3 158<\/option><option value=\"BARCELONA - Londres, 7\">BARCELONA - Londres, 7<\/option><option value=\"BARCELONA - Mallorca 489\">BARCELONA - Mallorca 489<\/option><option value=\"BARCELONA - Gran V\u00eda, 564\">BARCELONA - Gran V\u00eda, 564<\/option><option value=\"BARCELONA - Creu Coberta, 73\">BARCELONA - Creu Coberta, 73<\/option><option value=\"BARCELONA - Diputaci\u00f3n, 296\">BARCELONA - Diputaci\u00f3n, 296<\/option><option value=\"BARCELONA - Santa Am\u00e8lia, 51\">BARCELONA - Santa Am\u00e8lia, 51<\/option><option value=\"BARCELONA - Poblenou - C. de Ramon Turr\u00f3, 201\">BARCELONA - Poblenou - C. de Ramon Turr\u00f3, 201<\/option><option value=\"BILBAO ARENAL - C. Viuda de Epalza 10\">BILBAO ARENAL - C. Viuda de Epalza 10<\/option><option value=\"BILBAO SAN MAM\u00c9S - Alameda Urquijo, 79\">BILBAO SAN MAM\u00c9S - Alameda Urquijo, 79<\/option><option value=\"CASTELL\u00d3N - C. navarra, 77\">CASTELL\u00d3N - C. navarra, 77<\/option><option value=\"DONOSTIA - C. Segundo Izpizua, 13\">DONOSTIA - C. Segundo Izpizua, 13<\/option><option value=\"ELCHE - Avenida Juan Carlos I, 3\">ELCHE - Avenida Juan Carlos I, 3<\/option><option value=\"GRANOLLERS - C. Alfonso IV, 84\">GRANOLLERS - C. Alfonso IV, 84<\/option><option value=\"GRANADA - C. Gran V\u00eda de Col\u00f3n, 47\">GRANADA - C. Gran V\u00eda de Col\u00f3n, 47<\/option><option value=\"GIJ\u00d3N - Av. Schulz, 10\">GIJ\u00d3N - Av. Schulz, 10<\/option><option value=\"GIRONA - C. de les Ballesteries, 4\">GIRONA - C. de les Ballesteries, 4<\/option><option value=\"JA\u00c9N - Av. de Andaluc\u00eda, 35\">JA\u00c9N - Av. de Andaluc\u00eda, 35<\/option><option value=\"LAS PALMAS DE GRAN CANARIA - C. Bernardo de la Torre, 33\">LAS PALMAS DE GRAN CANARIA - C. Bernardo de la Torre, 33<\/option><option value=\"LLEIDA - C. Pi i Margall, 13\">LLEIDA - C. Pi i Margall, 13<\/option><option value=\"L&#039;HOSPITALET - Barcelona - C. d&#039;Enric Prat de la Riba, 254\">L&#039;HOSPITALET - Barcelona - C. d&#039;Enric Prat de la Riba, 254<\/option><option value=\"MADRID - C. de O&#039;Donnell, 28\">MADRID - C. de O&#039;Donnell, 28<\/option><option value=\"MADRID - P\u00ba. de la Infanta Isabel, 15\">MADRID - P\u00ba. de la Infanta Isabel, 15<\/option><option value=\"MADRID - C. del Conde de Romanones, 1\">MADRID - C. del Conde de Romanones, 1<\/option><option value=\"MADRID - P\u00ba General Mart\u00ednez Campos, 4\">MADRID - P\u00ba General Mart\u00ednez Campos, 4<\/option><option value=\"MADRID - C. Guzm\u00e1n el Bueno, 4\">MADRID - C. Guzm\u00e1n el Bueno, 4<\/option><option value=\"M\u00c1LAGA - C. Victoria, 27\">M\u00c1LAGA - C. Victoria, 27<\/option><option value=\"MATAR\u00d3 - Pl. Cuba, 19\">MATAR\u00d3 - Pl. Cuba, 19<\/option><option value=\"OURENSE - R\u00faa da Paz, 12\">OURENSE - R\u00faa da Paz, 12<\/option><option value=\"OVIEDO - Av. de Galicia, 11\">OVIEDO - Av. de Galicia, 11<\/option><option value=\"PALMA DE MALLORCA - C. 31 de diciembre, 13\">PALMA DE MALLORCA - C. 31 de diciembre, 13<\/option><option value=\"PALMA DE MALLORCA - La Rambla, 4\">PALMA DE MALLORCA - La Rambla, 4<\/option><option value=\"PAMPLONA IRU\u00d1A - C. zapater\u00eda, 45\">PAMPLONA IRU\u00d1A - C. zapater\u00eda, 45<\/option><option value=\"REUS - C. del Vent, 9\">REUS - C. del Vent, 9<\/option><option value=\"SABADELL - C. Calder\u00f3n , 16\">SABADELL - C. Calder\u00f3n , 16<\/option><option value=\"SALAMANCA - C. Cuesta del Carmen, 22\">SALAMANCA - C. Cuesta del Carmen, 22<\/option><option value=\"SANT CUGAT - C. de l&#039;Endavallada, 18\">SANT CUGAT - C. de l&#039;Endavallada, 18<\/option><option value=\"SANTA CRUZ DE TENERIFE - C. Imeldo Ser\u00eds, 49\">SANTA CRUZ DE TENERIFE - C. Imeldo Ser\u00eds, 49<\/option><option value=\"SANTANDER - C. Rualasal, 11\">SANTANDER - C. Rualasal, 11<\/option><option value=\"SEVILLA - C. Tarifa, 3\">SEVILLA - C. Tarifa, 3<\/option><option value=\"TARRAGONA - Av. de Ram\u00f3n I Cajal, 42\">TARRAGONA - Av. de Ram\u00f3n I Cajal, 42<\/option><option value=\"TERRASSA - Passeig Comte d&#039;\u00c8gara 23\">TERRASSA - Passeig Comte d&#039;\u00c8gara 23<\/option><option value=\"TERRASSA - Rambla d&#039;\u00c8gara, 223\">TERRASSA - Rambla d&#039;\u00c8gara, 223<\/option><option value=\"VALENCIA - Gran V\u00eda Ram\u00f3n y Cajal, 45\">VALENCIA - Gran V\u00eda Ram\u00f3n y Cajal, 45<\/option><option value=\"VALENCIA - Joaquin Costa, 59\">VALENCIA - Joaquin Costa, 59<\/option><option value=\"VALLADOLID - C. de las Angustias, 14\">VALLADOLID - C. de las Angustias, 14<\/option><option value=\"VILANOVA I LA GELTR\u00da - Carrer de la Llibertat, 1b\">VILANOVA I LA GELTR\u00da - Carrer de la Llibertat, 1b<\/option><option value=\"VITORIA - Siervas de Jes\u00fas, 7\">VITORIA - Siervas de Jes\u00fas, 7<\/option><option value=\"ZARAGOZA - Paseo Fernando el Cat\u00f3lico, 58\">ZARAGOZA - Paseo Fernando el Cat\u00f3lico, 58<\/option><option value=\"ZARAGOZA - Coso, 97\">ZARAGOZA - Coso, 97<\/option><option value=\"-\">-<\/option><\/select><\/span>\n\t\t\t<\/p>\n\t\t<\/td>\n\t\t<td colspan=\"2\" align=\"center\" bgcolor=\"#f9f9f9\"  >\n\t\t\n\t\t<\/td>\n\t<\/tr>\n\t<tr>\n\t\t<td colspan=\"3\" align=\"center\" bgcolor=\"#f9f9f9\" class=\"textarea_container\" >\n\t\t\t<p>A sua mensagem\n\t\t\t<\/p>\n\t\t\t<p><span class=\"wpcf7-form-control-wrap\" data-name=\"your-message\"><textarea cols=\"40\" rows=\"2\" class=\"wpcf7-form-control wpcf7-textarea\" aria-invalid=\"false\" name=\"your-message\"><\/textarea><\/span>\n\t\t\t<\/p>\n\t\t<\/td>\n\t<\/tr>\n\t<tr>\n\t\t<td bgcolor=\"#f9f9f9\" class=\"left mailpoetinput\" style=\"position: relative;top: -30px;\">\n\t\t\t<p>\n\n\t\t\t\t\t\t\t<span class=\"wpcf7-form-control-wrap mailpoetsignup\">\n\t\t\t<span class=\"wpcf7-form-control wpcf7-mailpoetsignup\">\n\t\t\t\t<label class=\"wpcf7-list-label\">\n\t\t\t\t<input type=\"checkbox\"\n\t\t\t\tname=\"mailpoetsignup[]\" value=\"\n\t\t\t\t\t\t\t\t\t\tRe-vista GENERAL de Re-Read\t\t\t\t\"\n\t\t\t\tid=\"\" class=\"\"\n\t\t\t\t\t\t\t\t\/>Sign up for the newsletter\t\t\t\t\t<input type=\"hidden\" name=\"fieldVal\"  value=\"\n\t\t\t\t\t4\t\t\t\t\t\"\n\t\t\t\t<\/label>\n\t\t\t\t<br\/>\n\t\t\t\t<\/span>\n\n\t\t\t\t<\/span>\n\n\t\t\t\t\n\t\t\t<\/p>\n\t\t<\/td>\n\t\t<td bgcolor=\"#f9f9f9\" class=\"\" >\n\t\t\t<p>&nbsp;\n\t\t\t<\/p>\n\t\t<\/td>\n\t\t<td bgcolor=\"#f9f9f9\" class=\"right\" >\n\t\t\t<p><input class=\"wpcf7-form-control has-spinner wpcf7-submit\" type=\"submit\" value=\"Enviar\" \/>\n\t\t\t<\/p>\n\t\t<\/td>\n\t<\/tr>\n<\/table><input type='hidden' class='wpcf7-pum' value='{\"closepopup\":false,\"closedelay\":0,\"openpopup\":false,\"openpopup_id\":0}' \/><div class=\"wpcf7-response-output\" aria-hidden=\"true\"><\/div>\n<\/form>\n<\/div>\n[\/vc_column][\/vc_row][vc_row padding=&#8221;0&#8243;][vc_column][vc_separator][\/vc_column][\/vc_row][vc_row animation=&#8221;fade-in&#8221; padding=&#8221;0&#8243;][vc_column][vc_column_text]\n[mk_page_section predefined_bg=\"\" first_page=\"false\" last_page=\"false\"][vc_column][mk_edge_slider swiper_bg=\"#ffffff\" slides=\"4941,4943,4974,6542,90809\" order=\"ASC\" orderby=\"none\" full_height=\"false\" height=\"450\" slideshow_speed=\"20000\" direction_nav=\"thumbflip\" skip_arrow=\"false\"][\/vc_column][\/mk_page_section]\r\n\n[\/vc_column_text][\/vc_column][\/vc_row]\n","protected":false},"excerpt":{"rendered":"<p>[vc_row attached=&#8221;true&#8221; padding=&#8221;0&#8243;][vc_column width=&#8221;1\/6&#8243;][mk_icon_box icon=&#8221;mk-li-comments&#8221; icon_size=&#8221;x-large&#8221; circled=&#8221;true&#8221; icon_color=&#8221;#ffffff&#8221; icon_circle_color=&#8221;#3fa3d7&#8243; box_blur=&#8221;false&#8221;][\/mk_icon_box][\/vc_column][vc_column width=&#8221;5\/6&#8243;][mk_fancy_title color=&#8221;#393836&#8243; size=&#8221;24&#8243; margin_top=&#8221;32&#8243; margin_bottom=&#8221;16&#8243; font_family=&#8221;none&#8221; animation=&#8221;fade-in&#8221;]Se tiver quaisquer quest\u00f5es ou coment\u00e1rios, escreva-nos atrav\u00e9s do seguinte formul\u00e1rio. Responderemos com a maior brevidade Re-poss\u00edvel.[\/mk_fancy_title][\/vc_column][\/vc_row][vc_row animation=&#8221;fade-in&#8221; padding=&#8221;0&#8243;][vc_column][vc_empty_space][\/vc_column][\/vc_row][vc_row padding=&#8221;0&#8243;][vc_column][vc_separator][\/vc_column][\/vc_row][vc_row animation=&#8221;fade-in&#8221; padding=&#8221;0&#8243;][vc_column][vc_column_text] [\/vc_column_text][\/vc_column][\/vc_row]<\/p>\n","protected":false},"author":4,"featured_media":0,"parent":127283,"menu_order":12,"comment_status":"closed","ping_status":"closed","template":"","meta":[],"acf":[],"yoast_head":"<!-- This site is optimized with the Yoast SEO plugin v17.4 - https:\/\/yoast.com\/wordpress\/plugins\/seo\/ -->\n<title>Re-Read Librer\u00eda lowcost : 1 libro 4\u20ac \u2022 2 libros 6\u20ac \u2022 5 libros 12\u20ac \u2022<\/title>\n<meta name=\"robots\" content=\"index, follow, max-snippet:-1, max-image-preview:large, max-video-preview:-1\" \/>\n<link rel=\"canonical\" href=\"https:\/\/www.re-read.com\/pt-pt\/localizador-de-livrarias-re-read\/contactar\/\" \/>\n<meta property=\"og:locale\" content=\"pt_PT\" \/>\n<meta property=\"og:type\" content=\"article\" \/>\n<meta property=\"og:description\" content=\"[vc_row attached=&#8221;true&#8221; padding=&#8221;0&#8243;][vc_column width=&#8221;1\/6&#8243;][mk_icon_box icon=&#8221;mk-li-comments&#8221; icon_size=&#8221;x-large&#8221; circled=&#8221;true&#8221; icon_color=&#8221;#ffffff&#8221; icon_circle_color=&#8221;#3fa3d7&#8243; box_blur=&#8221;false&#8221;][\/mk_icon_box][\/vc_column][vc_column width=&#8221;5\/6&#8243;][mk_fancy_title color=&#8221;#393836&#8243; size=&#8221;24&#8243; margin_top=&#8221;32&#8243; margin_bottom=&#8221;16&#8243; font_family=&#8221;none&#8221; animation=&#8221;fade-in&#8221;]Se tiver quaisquer quest\u00f5es ou coment\u00e1rios, escreva-nos atrav\u00e9s do seguinte formul\u00e1rio. Responderemos com a maior brevidade Re-poss\u00edvel.[\/mk_fancy_title][\/vc_column][\/vc_row][vc_row animation=&#8221;fade-in&#8221; padding=&#8221;0&#8243;][vc_column][vc_empty_space][\/vc_column][\/vc_row][vc_row padding=&#8221;0&#8243;][vc_column][vc_separator][\/vc_column][\/vc_row][vc_row animation=&#8221;fade-in&#8221; padding=&#8221;0&#8243;][vc_column][vc_column_text] [\/vc_column_text][\/vc_column][\/vc_row]\" \/>\n<meta property=\"og:url\" content=\"https:\/\/www.re-read.com\/pt-pt\/localizador-de-livrarias-re-read\/contactar\/\" \/>\n<meta property=\"og:site_name\" content=\"Re-Read Librer\u00eda lowcost : 1 libro 4\u20ac \u2022 2 libros 6\u20ac \u2022 5 libros 12\u20ac \u2022\" \/>\n<meta property=\"article:publisher\" content=\"http:\/\/www.facebook.com\/ReReadLibreriaLowcost\" \/>\n<meta property=\"article:modified_time\" content=\"2024-10-28T10:59:51+00:00\" \/>\n<meta name=\"twitter:label1\" content=\"Tempo estimado de leitura\" \/>\n\t<meta name=\"twitter:data1\" content=\"1 minuto\" \/>\n<script type=\"application\/ld+json\" class=\"yoast-schema-graph\">{\"@context\":\"https:\/\/schema.org\",\"@graph\":[{\"@type\":\"Organization\",\"@id\":\"https:\/\/www.re-read.com\/#organization\",\"name\":\"Re-Read Librer\\u00eda Lowcost\",\"url\":\"https:\/\/www.re-read.com\/\",\"sameAs\":[\"http:\/\/www.facebook.com\/ReReadLibreriaLowcost\",\"https:\/\/www.instagram.com\/rereadlibrerialowcostoficial\",\"https:\/\/www.youtube.com\/channel\/UCLe8wJmNXZv2nwOciMnuZeA\"],\"logo\":{\"@type\":\"ImageObject\",\"@id\":\"https:\/\/www.re-read.com\/#logo\",\"inLanguage\":\"pt-PT\",\"url\":\"https:\/\/www.re-read.com\/wp-content\/uploads\/2013\/05\/logo-640x240-medio-cast.gif\",\"contentUrl\":\"https:\/\/www.re-read.com\/wp-content\/uploads\/2013\/05\/logo-640x240-medio-cast.gif\",\"width\":640,\"height\":240,\"caption\":\"Re-Read Librer\\u00eda Lowcost\"},\"image\":{\"@id\":\"https:\/\/www.re-read.com\/#logo\"}},{\"@type\":\"WebSite\",\"@id\":\"https:\/\/www.re-read.com\/#website\",\"url\":\"https:\/\/www.re-read.com\/\",\"name\":\"Re-Read Librer\\u00eda lowcost : 1 libro 4\\u20ac \\u2022 2 libros 6\\u20ac \\u2022 5 libros 12\\u20ac \\u2022\",\"description\":\"Libros casi nuevos a un precio casi imposible\",\"publisher\":{\"@id\":\"https:\/\/www.re-read.com\/#organization\"},\"potentialAction\":[{\"@type\":\"SearchAction\",\"target\":{\"@type\":\"EntryPoint\",\"urlTemplate\":\"https:\/\/www.re-read.com\/?s={search_term_string}\"},\"query-input\":\"required name=search_term_string\"}],\"inLanguage\":\"pt-PT\"},{\"@type\":\"WebPage\",\"@id\":\"https:\/\/www.re-read.com\/pt-pt\/localizador-de-livrarias-re-read\/contactar\/#webpage\",\"url\":\"https:\/\/www.re-read.com\/pt-pt\/localizador-de-livrarias-re-read\/contactar\/\",\"name\":\"\",\"isPartOf\":{\"@id\":\"https:\/\/www.re-read.com\/#website\"},\"datePublished\":\"2013-06-28T13:48:08+00:00\",\"dateModified\":\"2024-10-28T10:59:51+00:00\",\"breadcrumb\":{\"@id\":\"https:\/\/www.re-read.com\/pt-pt\/localizador-de-livrarias-re-read\/contactar\/#breadcrumb\"},\"inLanguage\":\"pt-PT\",\"potentialAction\":[{\"@type\":\"ReadAction\",\"target\":[\"https:\/\/www.re-read.com\/pt-pt\/localizador-de-livrarias-re-read\/contactar\/\"]}]},{\"@type\":\"BreadcrumbList\",\"@id\":\"https:\/\/www.re-read.com\/pt-pt\/localizador-de-livrarias-re-read\/contactar\/#breadcrumb\",\"itemListElement\":[{\"@type\":\"ListItem\",\"position\":1,\"name\":\"Portada\",\"item\":\"https:\/\/www.re-read.com\/pt-pt\/\"},{\"@type\":\"ListItem\",\"position\":2,\"name\":\"Localizador de livrarias Re-Read\",\"item\":\"https:\/\/www.re-read.com\/pt-pt\/localizador-de-livrarias-re-read\/\"},{\"@type\":\"ListItem\",\"position\":3,\"name\":\"Contactar\"}]}]}<\/script>\n<!-- \/ Yoast SEO plugin. -->","yoast_head_json":{"title":"Re-Read Librer\u00eda lowcost : 1 libro 4\u20ac \u2022 2 libros 6\u20ac \u2022 5 libros 12\u20ac \u2022","robots":{"index":"index","follow":"follow","max-snippet":"max-snippet:-1","max-image-preview":"max-image-preview:large","max-video-preview":"max-video-preview:-1"},"canonical":"https:\/\/www.re-read.com\/pt-pt\/localizador-de-livrarias-re-read\/contactar\/","og_locale":"pt_PT","og_type":"article","og_description":"[vc_row attached=&#8221;true&#8221; padding=&#8221;0&#8243;][vc_column width=&#8221;1\/6&#8243;][mk_icon_box icon=&#8221;mk-li-comments&#8221; icon_size=&#8221;x-large&#8221; circled=&#8221;true&#8221; icon_color=&#8221;#ffffff&#8221; icon_circle_color=&#8221;#3fa3d7&#8243; box_blur=&#8221;false&#8221;][\/mk_icon_box][\/vc_column][vc_column width=&#8221;5\/6&#8243;][mk_fancy_title color=&#8221;#393836&#8243; size=&#8221;24&#8243; margin_top=&#8221;32&#8243; margin_bottom=&#8221;16&#8243; font_family=&#8221;none&#8221; animation=&#8221;fade-in&#8221;]Se tiver quaisquer quest\u00f5es ou coment\u00e1rios, escreva-nos atrav\u00e9s do seguinte formul\u00e1rio. Responderemos com a maior brevidade Re-poss\u00edvel.[\/mk_fancy_title][\/vc_column][\/vc_row][vc_row animation=&#8221;fade-in&#8221; padding=&#8221;0&#8243;][vc_column][vc_empty_space][\/vc_column][\/vc_row][vc_row padding=&#8221;0&#8243;][vc_column][vc_separator][\/vc_column][\/vc_row][vc_row animation=&#8221;fade-in&#8221; padding=&#8221;0&#8243;][vc_column][vc_column_text] [\/vc_column_text][\/vc_column][\/vc_row]","og_url":"https:\/\/www.re-read.com\/pt-pt\/localizador-de-livrarias-re-read\/contactar\/","og_site_name":"Re-Read Librer\u00eda lowcost : 1 libro 4\u20ac \u2022 2 libros 6\u20ac \u2022 5 libros 12\u20ac \u2022","article_publisher":"http:\/\/www.facebook.com\/ReReadLibreriaLowcost","article_modified_time":"2024-10-28T10:59:51+00:00","twitter_misc":{"Tempo estimado de leitura":"1 minuto"},"schema":{"@context":"https:\/\/schema.org","@graph":[{"@type":"Organization","@id":"https:\/\/www.re-read.com\/#organization","name":"Re-Read Librer\u00eda Lowcost","url":"https:\/\/www.re-read.com\/","sameAs":["http:\/\/www.facebook.com\/ReReadLibreriaLowcost","https:\/\/www.instagram.com\/rereadlibrerialowcostoficial","https:\/\/www.youtube.com\/channel\/UCLe8wJmNXZv2nwOciMnuZeA"],"logo":{"@type":"ImageObject","@id":"https:\/\/www.re-read.com\/#logo","inLanguage":"pt-PT","url":"https:\/\/www.re-read.com\/wp-content\/uploads\/2013\/05\/logo-640x240-medio-cast.gif","contentUrl":"https:\/\/www.re-read.com\/wp-content\/uploads\/2013\/05\/logo-640x240-medio-cast.gif","width":640,"height":240,"caption":"Re-Read Librer\u00eda Lowcost"},"image":{"@id":"https:\/\/www.re-read.com\/#logo"}},{"@type":"WebSite","@id":"https:\/\/www.re-read.com\/#website","url":"https:\/\/www.re-read.com\/","name":"Re-Read Librer\u00eda lowcost : 1 libro 4\u20ac \u2022 2 libros 6\u20ac \u2022 5 libros 12\u20ac \u2022","description":"Libros casi nuevos a un precio casi imposible","publisher":{"@id":"https:\/\/www.re-read.com\/#organization"},"potentialAction":[{"@type":"SearchAction","target":{"@type":"EntryPoint","urlTemplate":"https:\/\/www.re-read.com\/?s={search_term_string}"},"query-input":"required name=search_term_string"}],"inLanguage":"pt-PT"},{"@type":"WebPage","@id":"https:\/\/www.re-read.com\/pt-pt\/localizador-de-livrarias-re-read\/contactar\/#webpage","url":"https:\/\/www.re-read.com\/pt-pt\/localizador-de-livrarias-re-read\/contactar\/","name":"","isPartOf":{"@id":"https:\/\/www.re-read.com\/#website"},"datePublished":"2013-06-28T13:48:08+00:00","dateModified":"2024-10-28T10:59:51+00:00","breadcrumb":{"@id":"https:\/\/www.re-read.com\/pt-pt\/localizador-de-livrarias-re-read\/contactar\/#breadcrumb"},"inLanguage":"pt-PT","potentialAction":[{"@type":"ReadAction","target":["https:\/\/www.re-read.com\/pt-pt\/localizador-de-livrarias-re-read\/contactar\/"]}]},{"@type":"BreadcrumbList","@id":"https:\/\/www.re-read.com\/pt-pt\/localizador-de-livrarias-re-read\/contactar\/#breadcrumb","itemListElement":[{"@type":"ListItem","position":1,"name":"Portada","item":"https:\/\/www.re-read.com\/pt-pt\/"},{"@type":"ListItem","position":2,"name":"Localizador de livrarias Re-Read","item":"https:\/\/www.re-read.com\/pt-pt\/localizador-de-livrarias-re-read\/"},{"@type":"ListItem","position":3,"name":"Contactar"}]}]}},"_links":{"self":[{"href":"https:\/\/www.re-read.com\/pt-pt\/wp-json\/wp\/v2\/pages\/127657"}],"collection":[{"href":"https:\/\/www.re-read.com\/pt-pt\/wp-json\/wp\/v2\/pages"}],"about":[{"href":"https:\/\/www.re-read.com\/pt-pt\/wp-json\/wp\/v2\/types\/page"}],"author":[{"embeddable":true,"href":"https:\/\/www.re-read.com\/pt-pt\/wp-json\/wp\/v2\/users\/4"}],"replies":[{"embeddable":true,"href":"https:\/\/www.re-read.com\/pt-pt\/wp-json\/wp\/v2\/comments?post=127657"}],"version-history":[{"count":2,"href":"https:\/\/www.re-read.com\/pt-pt\/wp-json\/wp\/v2\/pages\/127657\/revisions"}],"predecessor-version":[{"id":127659,"href":"https:\/\/www.re-read.com\/pt-pt\/wp-json\/wp\/v2\/pages\/127657\/revisions\/127659"}],"up":[{"embeddable":true,"href":"https:\/\/www.re-read.com\/pt-pt\/wp-json\/wp\/v2\/pages\/127283"}],"wp:attachment":[{"href":"https:\/\/www.re-read.com\/pt-pt\/wp-json\/wp\/v2\/media?parent=127657"}],"curies":[{"name":"wp","href":"https:\/\/api.w.org\/{rel}","templated":true}]}}