 
{"id":127674,"date":"2013-12-31T17:59:22","date_gmt":"2013-12-31T15:59:22","guid":{"rendered":"https:\/\/www.re-read.com\/proteccion-de-datos-personales\/"},"modified":"2024-10-28T21:12:38","modified_gmt":"2024-10-28T20:12:38","slug":"proteccion-de-datos-personales","status":"publish","type":"page","link":"https:\/\/www.re-read.com\/pt-pt\/proteccion-de-datos-personales\/","title":{"rendered":"Prote\u00e7\u00e3o dos dados pessoais &#8211; Pol\u00edtica de tratamento de cookies"},"content":{"rendered":"[vc_row padding=&#8221;0&#8243;][vc_column width=&#8221;1\/6&#8243;][mk_icon_box icon=&#8221;mk-moon-umbrella&#8221; icon_size=&#8221;x-large&#8221; circled=&#8221;true&#8221; icon_color=&#8221;#ffffff&#8221; icon_circle_color=&#8221;#40b4a7&#8243; box_blur=&#8221;false&#8221;]\n[\/mk_icon_box][\/vc_column][vc_column width=&#8221;5\/6&#8243;][mk_fancy_title color=&#8221;#393836&#8243; size=&#8221;24&#8243; font_weight=&#8221;normal&#8221; font_style=&#8221;inhert&#8221; margin_top=&#8221;16&#8243; margin_bottom=&#8221;16&#8243; font_family=&#8221;none&#8221; animation=&#8221;fade-in&#8221;]\n<p>Pol\u00edtica de privacidade e Re-speito no tratamento e prote\u00e7\u00e3o dos dados pessoais.<\/p>\n[\/mk_fancy_title][\/vc_column][\/vc_row][vc_row][vc_column][vc_column_text]\n<h3>Que dados pessoais recolhemos e por que motivo<\/h3>\n<p>Fizemos o nosso melhor para manter as nossas explica\u00e7\u00f5es curtas e de f\u00e1cil compreens\u00e3o. No entanto, se desejar informa\u00e7\u00f5es adicionais ou tiver alguma d\u00favida ou preocupa\u00e7\u00e3o, entre <a href=\"https:\/\/www.re-read.com\/pt-pt\/localizador-de-livrarias-re-read\/contactar\/\">em contacto connosco<\/a>.<\/p>\n<p>\u00c9 importante que saiba quais os dados pessoais que a Re-Read Livraria Lowcost (\u00abBa\u00efbars Librer\u00eda S.L.) recolhe e como as utilizamos.<\/p>\n<p>N\u00f3s comprometemo-nos a:<\/p>\n<ul>\n<li>Ser totalmente transparentes sobre os dados que recolhemos e o uso que fazemos deles.<\/li>\n<li>Adotar as melhores medidas para proteger e manter seguras as informa\u00e7\u00f5es privadas.<\/li>\n<li>N\u00e3o fornecer dados pessoais a ningu\u00e9m.<\/li>\n<li>Dar ao utilizador o controlo dos seus dados pessoais.<\/li>\n<li>Comunicar claramente o motivo pelo qual os dados s\u00e3o recolhidos.<\/li>\n<li>Detalhes sobre a nossa pol\u00edtica de dados<\/li>\n<\/ul>\n[\/vc_column_text][vc_tta_accordion active_section=&#8221;&#8221; no_fill=&#8221;true&#8221; collapsible_all=&#8221;true&#8221;][vc_tta_section title=&#8221;Respeitamos e protegemos a sua privacidade&#8221; tab_id=&#8221;1527230147418-5be08461-e35a&#8221;][vc_column_text]\n<div class=\"policy-text\">\n<div class=\"wp-suggested-text hide-privacy-policy-tutorial\">\n<h3>Quem somos<\/h3>\n<ul>\n<li>O endere\u00e7o do nosso website \u00e9: https:\/\/www.re-read.com. Somos a Re-Read Librer\u00eda Lowcost, uma marca fant\u00e1stica da Ba\u00efbars Librer\u00eda S.L, situada na <a href=\"https:\/\/www.re-read.com\/pt-pt\/libreria\/calle-muntaner-270-08021-barcelona\/\">Rua Muntaner, 270 \u2013 08021 Barcelona<\/a>. NIF: B61253068<\/li>\n<\/ul>\n<h3>Formul\u00e1rios de contacto, de alertas, compramos livros, dossier de &#8220;franchising&#8221; e caixas de livrarias<\/h3>\n<ul>\n<li>Se utilizou um de nossos formul\u00e1rios de alerta, contacto, compra de livros ou solicita\u00e7\u00e3o de dossier de &#8220;franchising&#8221;, receber\u00e1 uma resposta por e-mail. Para lhe enviar e-mails, usamos o nome e endere\u00e7o de e-mail que nos forneceu. Registamos o endere\u00e7o IP usado quando se inscreveu, para evitar abusos do sistema.<\/li>\n<li>Da mesma forma, se nos solicitar uma fatura na loja, utilizaremos o seu nome e endere\u00e7o de email para podermos enviar-lhe a fatura por email.<\/li>\n<li>Se nos vender livros, a lei exige que anotemos a sua identidade, nome e averiguemos, em caso de d\u00favida, se \u00e9 maior de idade.<\/li>\n<li>Para gerir os servi\u00e7os do cart\u00e3o de fideliza\u00e7\u00e3o Re-member na loja, registamos o seu nome e email no programa de caixa.<\/li>\n<li><strong>N\u00e3o utilizamos as informa\u00e7\u00f5es<\/strong> registadas para fins de marketing. N\u00e3o cedemos os seus dados pessoais a ningu\u00e9m.<\/li>\n<\/ul>\n<h3>A Revista Re-Read<\/h3>\n<ul>\n<li>Se subscreveu a nossa newsletter, \u00e9 muito prov\u00e1vel que receba emails nossos. Apenas lhe enviaremos mensagens de e-mail que voc\u00ea tenha subscrito ou que digam respeito aos servi\u00e7os que lhe prestamos.<\/li>\n<li>Para lhe enviar e-mails, usamos o nome e endere\u00e7o de e-mail que nos forneceu. Registramos o endere\u00e7o IP usado quando se inscreveu, para evitar abusos do sistema. Para rastrear aberturas e cliques nos nossos e-mails, utilizamos essa informa\u00e7\u00e3o para melhorar o conte\u00fado das nossas newsletters.<\/li>\n<\/ul>\n<h3>Loja online<\/h3>\n<ul>\n<li>Recolhemos informa\u00e7\u00f5es do utilizador durante o processo de checkout na nossa loja online.<\/li>\n<li>Durante a sua visita \u00e0 nossa loja, iremos registar\n<ul>\n<li>Os livros que visualizou: utilizamos esta informa\u00e7\u00e3o para, por exemplo, mostrar-lhe os livros que tem no seu carrinho.<\/li>\n<li>Localiza\u00e7\u00e3o, endere\u00e7o IP e tipo de browser: utilizamos estes dados para calcular impostos, a livraria mais pr\u00f3xima de si ou os custos de envio.<\/li>\n<li>Endere\u00e7o de envio: pedimos-lhe que o forne\u00e7a para que possamos, por exemplo, calcular o custo de envio antes de efetuar uma encomenda e enviar-lhe a encomenda!<\/li>\n<\/ul>\n<\/li>\n<li>Tamb\u00e9m utilizamos cookies para seguir o conte\u00fado do seu carrinho de compras enquanto navega no nosso s\u00edtio.<\/li>\n<li>Quando nos compra algo, pedimos-lhe que forne\u00e7a informa\u00e7\u00f5es, incluindo o seu nome, endere\u00e7o de fatura\u00e7\u00e3o, endere\u00e7o de envio, endere\u00e7o de correio eletr\u00f3nico, n\u00famero de telefone, dados do cart\u00e3o de cr\u00e9dito\/pagamento e informa\u00e7\u00f5es adicionais opcionais, como o nome de utilizador e a palavra-passe. Utilizaremos estas informa\u00e7\u00f5es para fins tais como:\n<ul>\n<li>Enviar ao utilizador informa\u00e7\u00f5es sobre a sua conta e encomenda<\/li>\n<li>Responder aos pedidos do utilizador, incluindo reembolsos e reclama\u00e7\u00f5es<\/li>\n<li>Processamento de pagamentos e preven\u00e7\u00e3o de fraudes<\/li>\n<li>Criar a sua conta na nossa loja<\/li>\n<li>Cumprir com quaisquer obriga\u00e7\u00f5es legais que tenhamos, tais como liquida\u00e7\u00f5es de impostos<\/li>\n<li>Melhorar as ofertas da nossa loja<\/li>\n<li>Enviar mensagens promocionais ao utilizador, se este optar por receb\u00ea-las<\/li>\n<\/ul>\n<\/li>\n<li>Se criar uma conta, armazenaremos o seu nome, endere\u00e7o, endere\u00e7o de correio eletr\u00f3nico e n\u00famero de telefone, que utilizaremos para finalizar a compra e para futuras encomendas.<\/li>\n<li>Normalmente, armazenamos informa\u00e7\u00f5es sobre o utilizador durante o tempo necess\u00e1rio para os fins para os quais as recolhemos e utilizamos e n\u00e3o somos legalmente obrigados a continuar a armazen\u00e1-las. Por exemplo, armazenaremos informa\u00e7\u00f5es sobre encomendas durante 3 anos para fins fiscais e contabil\u00edsticos. Isto inclui o seu nome, endere\u00e7o de correio eletr\u00f3nico e endere\u00e7os de fatura\u00e7\u00e3o e de envio.<\/li>\n<li>Tamb\u00e9m guardamos coment\u00e1rios ou classifica\u00e7\u00f5es, se o utilizador optar por deix\u00e1-los.<\/li>\n<li><b><strong>N\u00e3o utilizamos as informa\u00e7\u00f5es<\/strong><\/b> fornecidas para fins de marketing. N\u00e3o transmitimos os seus dados pessoais a ningu\u00e9m.<\/li>\n<\/ul>\n<h3>Quem da nossa equipa tem acesso<\/h3>\n<ul>\n<li>Os membros da nossa equipa t\u00eam acesso \u00e0s informa\u00e7\u00f5es que nos transmite. Por exemplo, os administradores e livreiros podem aceder a:\n<ul>\n<li>Informa\u00e7\u00f5es dos pedidos, como o que foi comprado, quando foi comprado e para onde deveria ser enviado, e<\/li>\n<li>Informa\u00e7\u00f5es do cliente, como o seu nome, endere\u00e7o de e-mail e informa\u00e7\u00f5es de fatura\u00e7\u00e3o e envio.<\/li>\n<\/ul>\n<\/li>\n<li>Os membros da nossa equipa t\u00eam acesso a estas informa\u00e7\u00f5es para ajudar a atender pedidos, processar reembolsos e oferecer-lhe suporte.<\/li>\n<\/ul>\n<p><strong>Pagamentos <\/strong><\/p>\n<ul>\n<li>Aceitamos pagamentos atrav\u00e9s do nosso banco Banco de Sabadell. N\u00e3o temos acesso aos seus dados de pagamento, que s\u00e3o processados \u200b\u200bdiretamente pelo nosso banco. Ao processar pagamentos, alguns dos seus dados ser\u00e3o transmitidos ao Banco de Sabadell, incluindo informa\u00e7\u00f5es necess\u00e1rias para processar ou dar suporte ao pagamento, como o total da compra e informa\u00e7\u00f5es de fatura\u00e7\u00e3o.<\/li>\n<li>Por favor, reveja a pol\u00edtica de privacidade do <a href=\"https:\/\/www.bancsabadell.com\/cs\/Satellite\/SabAtl\/Politica-de-privacidad\/6000025944814\/es\/\" target=\"_blank\" rel=\"noopener noreferrer\">Banco de Sabadell<\/a> para mais detalhes.<\/li>\n<\/ul>\n<h3>Por quanto tempo conservamos os seus dados<\/h3>\n<ul>\n<li>Mantemos os dados pessoais que recolhemos nos nossos formul\u00e1rios enquanto utiliza o site, faz compras na loja, da nossa app ou dos nossos servi\u00e7os (alertas, The Book Finder, compramos livros, pedidos de dossiers de franchisados).<\/li>\n<li>Se estes dados pessoais j\u00e1 n\u00e3o forem necess\u00e1rios para cumprir as finalidades ou n\u00e3o forem exatos, ser\u00e3o eliminados. Em nenhuma circunst\u00e2ncia os dados pessoais ser\u00e3o conservados por mais de 5 (cinco) anos ap\u00f3s a data da \u00faltima atualiza\u00e7\u00e3o, a menos que sejamos legalmente obrigados a faz\u00ea-lo.<\/li>\n<\/ul>\n<p>&nbsp;<\/p>\n<\/div>\n<div class=\"wp-suggested-text hide-privacy-policy-tutorial\"><\/div>\n<\/div>\n[\/vc_column_text][\/vc_tta_section][vc_tta_section title=&#8221;Cookies&#8221; tab_id=&#8221;1527230147446-bdca5b7d-4da5&#8243;][vc_column_text margin_bottom=&#8221;16&#8243;]\n<h3>O que s\u00e3o os cookies?<\/h3>\n<ul>\n<li>Um cookie \u00e9 um arquivo que \u00e9 descarregado para o seu computador quando acede a determinadas p\u00e1ginas da web. Os cookies permitem que um site, entre outras coisas, armazene e recupere informa\u00e7\u00e3o sobre os h\u00e1bitos de navega\u00e7\u00e3o de um utilizador ou do seu equipamento e, dependendo da informa\u00e7\u00e3o que contiverem e da forma como utiliza o seu equipamento, podem ser utilizados para reconhecer o utilizador.<\/li>\n<\/ul>\n<h3>Que tipos de cookies utilizamos?<\/h3>\n<ul>\n<li>O nosso site utiliza os seguintes tipos de cookies: Cookies de an\u00e1lise:\n<ul>\n<li>S\u00e3o aqueles que, bem tratados por n\u00f3s ou por terceiros, nos permitem quantificar o n\u00famero de utilizadores e assim realizar medi\u00e7\u00f5es e an\u00e1lises estat\u00edsticas da utiliza\u00e7\u00e3o que os utilizadores fazem do servi\u00e7o oferecido. Para tal, \u00e9 analisada a navega\u00e7\u00e3o no nosso site, com o objetivo de melhorar os servi\u00e7os que prestamos.<\/li>\n<li><em>Cookies t\u00e9cnicos<\/em>: S\u00e3o aqueles que permitem ao utilizador navegar pela \u00e1rea restrita e utilizar as suas diversas fun\u00e7\u00f5es, como, por exemplo, levar a cabo o processo de compra de um artigo na nossa loja.<\/li>\n<li><em>Cookies de personaliza\u00e7\u00e3o<\/em>: S\u00e3o aqueles que permitem ao utilizador aceder ao servi\u00e7o com algumas caracter\u00edsticas de car\u00e1cter geral, como o idioma ou tipo de navegador.<\/li>\n<li><em>Cookies publicit\u00e1rios<\/em>: N\u00e3o utilizamos cookies publicit\u00e1rios<\/li>\n<li><em>Cookies de publicidade comportamental<\/em>: N\u00e3o utilizamos cookies de publicidade comportamental<\/li>\n<\/ul>\n<\/li>\n<\/ul>\n<h3>Desativar os cookies.<\/h3>\n<ul>\n<li>Voc\u00ea pode <strong>permitir, bloquear ou excluir cookies<\/strong> instalados no seu navegador configurando as op\u00e7\u00f5es do seu navegador.<\/li>\n<li>A maioria dos navegadores de internet oferece a op\u00e7\u00e3o de permitir, bloquear ou excluir cookies.<\/li>\n<li>Abaixo pode aceder \u00e0s configura\u00e7\u00f5es dos navegadores mais comuns para aceitar, instalar ou desativar cookies:\n<ul>\n<li>Configurar cookies no Google Chrome<\/li>\n<li>Configurar cookies no Microsoft Internet Explorer<\/li>\n<li>Configurar cookies no Mozilla Firefox<\/li>\n<li>Configurar cookies no Safari (Apple)<\/li>\n<\/ul>\n<\/li>\n<\/ul>\n<h3>Cookies de terceiros.<\/h3>\n<ul>\n<li>Utilizamos servi\u00e7os de terceiros para recolher informa\u00e7\u00f5es para fins estat\u00edsticos e de uso da web.<\/li>\n<li>Especificamente, utilizamos os servi\u00e7os do Google Analytics para as nossas estat\u00edsticas.<\/li>\n<\/ul>\n<h3>Eliminar cookies.<\/h3>\n<ul>\n<li>Voc\u00ea pode eliminar e bloquear todos os cookies do nosso website, mas parte do site n\u00e3o funcionar\u00e1 ou a qualidade da p\u00e1gina web poder\u00e1 ser afetada.<\/li>\n<li>Se tiver alguma d\u00favida sobre a nossa pol\u00edtica de cookies, pode contactar-nos.<\/li>\n<\/ul>\n[\/vc_column_text][\/vc_tta_section][vc_tta_section title=&#8221;Cuidamos das suas informa\u00e7\u00f5es&#8221; tab_id=&#8221;1527231809262-9656c39c-3ff5&#8243;][vc_column_text]\n<h3>Temos medidas de alta seguran\u00e7a para proteger as suas informa\u00e7\u00f5es.<\/h3>\n<ul>\n<li>Mantemos as suas informa\u00e7\u00f5es segundo padr\u00f5es r\u00edgidos para garantir que os seus dados continuam a contar com os mais elevados n\u00edveis de prote\u00e7\u00e3o:\n<ul>\n<li>O acesso a todos os seus dados est\u00e1 protegido por verifica\u00e7\u00e3o em duas etapas, o que reduz significativamente o risco de acesso n\u00e3o autorizado aos nossos sistemas inform\u00e1ticos.<\/li>\n<li>Os Re-administradores recebem alertas de logins suspeitos.<\/li>\n<li>Nenhum dado pessoal \u00e9 armazenado nas nossas livrarias. S\u00e3o mantidos em Data Centers na UE.<\/li>\n<li>Encriptamos os ficheiros de dados pessoais.<\/li>\n<li>Protegemos a nossa conex\u00e3o de rede com a tecnologia de Layer da Sockets seguros (SSL).<\/li>\n<li>Registamos automaticamente todas as a\u00e7\u00f5es relacionadas com os dados pessoais.<\/li>\n<li>As mensagens de e-mail da Re-Read s\u00e3o encriptadas atrav\u00e9s de Secure Multipurpose Internet Mail Extensions (S\/MIME).<\/li>\n<li>Recebemos alertas de atividades suspeitas nos nossos dispositivos m\u00f3veis.<\/li>\n<li>Sistemas de backup externos e 24 horas por dia para proteger as suas informa\u00e7\u00f5es.<\/li>\n<li>Restringimos o acesso aos dados pessoais \u00e0s finalidades mencionadas nesta pol\u00edtica de privacidade.<\/li>\n<\/ul>\n<\/li>\n<\/ul>\n[\/vc_column_text][\/vc_tta_section][vc_tta_section title=&#8221;Aceda aos seus dados&#8221; tab_id=&#8221;1527232181741-c80cf908-25ff&#8221;][vc_column_text]\n<h3>Aceda aos seus dados<\/h3>\n<ul>\n<li>Se tem uma conta no nosso website (quando faz uma compra, por exemplo), pode solicitar o recebimento de um arquivo de exporta\u00e7\u00e3o dos dados pessoais que temos sobre si, incluindo quaisquer dados que nos tenha fornecido. Tamb\u00e9m pode solicitar que eliminemos quaisquer dados pessoais que tenhamos sobre si. Isto n\u00e3o inclui eventuais dados que sejamos obrigados a reter para fins administrativos, legais ou de seguran\u00e7a.<\/li>\n<\/ul>\n<h3>Para onde enviamos os seus dados<\/h3>\n<ul>\n<li><a href=\"https:\/\/www.re-read.com\/pt-pt\/localizador-de-livrarias-re-read\/contactar\/\">Contacte-nos<\/a> e enviaremos os seus dados para o seu endere\u00e7o pessoal ap\u00f3s um processo automatizado de verifica\u00e7\u00e3o de identidade.<\/li>\n<\/ul>\n[\/vc_column_text][\/vc_tta_section][\/vc_tta_accordion][\/vc_column][\/vc_row][mk_page_section predefined_bg=&#8221;&#8221; first_page=&#8221;false&#8221; last_page=&#8221;false&#8221;][vc_column][mk_edge_slider swiper_bg=&#8221;#ffffff&#8221; order=&#8221;ASC&#8221; full_height=&#8221;false&#8221; height=&#8221;400&#8243; direction_nav=&#8221;none&#8221; slides=&#8221;4941,4943,4974&#8243;][\/vc_column][\/mk_page_section]\n","protected":false},"excerpt":{"rendered":"<p>[vc_row padding=&#8221;0&#8243;][vc_column width=&#8221;1\/6&#8243;][mk_icon_box icon=&#8221;mk-moon-umbrella&#8221; icon_size=&#8221;x-large&#8221; circled=&#8221;true&#8221; icon_color=&#8221;#ffffff&#8221; icon_circle_color=&#8221;#40b4a7&#8243; box_blur=&#8221;false&#8221;] [\/mk_icon_box][\/vc_column][vc_column width=&#8221;5\/6&#8243;][mk_fancy_title color=&#8221;#393836&#8243; size=&#8221;24&#8243; font_weight=&#8221;normal&#8221; font_style=&#8221;inhert&#8221; margin_top=&#8221;16&#8243; margin_bottom=&#8221;16&#8243; font_family=&#8221;none&#8221; animation=&#8221;fade-in&#8221;] Pol\u00edtica de privacidade e Re-speito no tratamento e prote\u00e7\u00e3o dos dados pessoais. [\/mk_fancy_title][\/vc_column][\/vc_row][vc_row][vc_column][vc_column_text] Que dados pessoais recolhemos e por que motivo Fizemos o nosso melhor para manter as nossas explica\u00e7\u00f5es curtas e de f\u00e1cil compreens\u00e3o. No [&hellip;]<\/p>\n","protected":false},"author":4,"featured_media":0,"parent":0,"menu_order":0,"comment_status":"closed","ping_status":"closed","template":"","meta":[],"acf":[],"yoast_head":"<!-- This site is optimized with the Yoast SEO plugin v17.4 - https:\/\/yoast.com\/wordpress\/plugins\/seo\/ -->\n<title>Re-Read Librer\u00eda lowcost : 1 libro 4\u20ac \u2022 2 libros 6\u20ac \u2022 5 libros 12\u20ac \u2022<\/title>\n<meta name=\"robots\" content=\"index, follow, max-snippet:-1, max-image-preview:large, max-video-preview:-1\" \/>\n<link rel=\"canonical\" href=\"https:\/\/www.re-read.com\/pt-pt\/proteccion-de-datos-personales\/\" \/>\n<meta property=\"og:locale\" content=\"pt_PT\" \/>\n<meta property=\"og:type\" content=\"article\" \/>\n<meta property=\"og:description\" content=\"[vc_row padding=&#8221;0&#8243;][vc_column width=&#8221;1\/6&#8243;][mk_icon_box icon=&#8221;mk-moon-umbrella&#8221; icon_size=&#8221;x-large&#8221; circled=&#8221;true&#8221; icon_color=&#8221;#ffffff&#8221; icon_circle_color=&#8221;#40b4a7&#8243; box_blur=&#8221;false&#8221;] [\/mk_icon_box][\/vc_column][vc_column width=&#8221;5\/6&#8243;][mk_fancy_title color=&#8221;#393836&#8243; size=&#8221;24&#8243; font_weight=&#8221;normal&#8221; font_style=&#8221;inhert&#8221; margin_top=&#8221;16&#8243; margin_bottom=&#8221;16&#8243; font_family=&#8221;none&#8221; animation=&#8221;fade-in&#8221;] Pol\u00edtica de privacidade e Re-speito no tratamento e prote\u00e7\u00e3o dos dados pessoais. [\/mk_fancy_title][\/vc_column][\/vc_row][vc_row][vc_column][vc_column_text] Que dados pessoais recolhemos e por que motivo Fizemos o nosso melhor para manter as nossas explica\u00e7\u00f5es curtas e de f\u00e1cil compreens\u00e3o. No [&hellip;]\" \/>\n<meta property=\"og:url\" content=\"https:\/\/www.re-read.com\/pt-pt\/proteccion-de-datos-personales\/\" \/>\n<meta property=\"og:site_name\" content=\"Re-Read Librer\u00eda lowcost : 1 libro 4\u20ac \u2022 2 libros 6\u20ac \u2022 5 libros 12\u20ac \u2022\" \/>\n<meta property=\"article:publisher\" content=\"http:\/\/www.facebook.com\/ReReadLibreriaLowcost\" \/>\n<meta property=\"article:modified_time\" content=\"2024-10-28T20:12:38+00:00\" \/>\n<meta name=\"twitter:label1\" content=\"Tempo estimado de leitura\" \/>\n\t<meta name=\"twitter:data1\" content=\"10 minutos\" \/>\n<script type=\"application\/ld+json\" class=\"yoast-schema-graph\">{\"@context\":\"https:\/\/schema.org\",\"@graph\":[{\"@type\":\"Organization\",\"@id\":\"https:\/\/www.re-read.com\/#organization\",\"name\":\"Re-Read Librer\\u00eda Lowcost\",\"url\":\"https:\/\/www.re-read.com\/\",\"sameAs\":[\"http:\/\/www.facebook.com\/ReReadLibreriaLowcost\",\"https:\/\/www.instagram.com\/rereadlibrerialowcostoficial\",\"https:\/\/www.youtube.com\/channel\/UCLe8wJmNXZv2nwOciMnuZeA\"],\"logo\":{\"@type\":\"ImageObject\",\"@id\":\"https:\/\/www.re-read.com\/#logo\",\"inLanguage\":\"pt-PT\",\"url\":\"https:\/\/www.re-read.com\/wp-content\/uploads\/2013\/05\/logo-640x240-medio-cast.gif\",\"contentUrl\":\"https:\/\/www.re-read.com\/wp-content\/uploads\/2013\/05\/logo-640x240-medio-cast.gif\",\"width\":640,\"height\":240,\"caption\":\"Re-Read Librer\\u00eda Lowcost\"},\"image\":{\"@id\":\"https:\/\/www.re-read.com\/#logo\"}},{\"@type\":\"WebSite\",\"@id\":\"https:\/\/www.re-read.com\/#website\",\"url\":\"https:\/\/www.re-read.com\/\",\"name\":\"Re-Read Librer\\u00eda lowcost : 1 libro 4\\u20ac \\u2022 2 libros 6\\u20ac \\u2022 5 libros 12\\u20ac \\u2022\",\"description\":\"Libros casi nuevos a un precio casi imposible\",\"publisher\":{\"@id\":\"https:\/\/www.re-read.com\/#organization\"},\"potentialAction\":[{\"@type\":\"SearchAction\",\"target\":{\"@type\":\"EntryPoint\",\"urlTemplate\":\"https:\/\/www.re-read.com\/?s={search_term_string}\"},\"query-input\":\"required name=search_term_string\"}],\"inLanguage\":\"pt-PT\"},{\"@type\":\"WebPage\",\"@id\":\"https:\/\/www.re-read.com\/pt-pt\/proteccion-de-datos-personales\/#webpage\",\"url\":\"https:\/\/www.re-read.com\/pt-pt\/proteccion-de-datos-personales\/\",\"name\":\"\",\"isPartOf\":{\"@id\":\"https:\/\/www.re-read.com\/#website\"},\"datePublished\":\"2013-12-31T15:59:22+00:00\",\"dateModified\":\"2024-10-28T20:12:38+00:00\",\"breadcrumb\":{\"@id\":\"https:\/\/www.re-read.com\/pt-pt\/proteccion-de-datos-personales\/#breadcrumb\"},\"inLanguage\":\"pt-PT\",\"potentialAction\":[{\"@type\":\"ReadAction\",\"target\":[\"https:\/\/www.re-read.com\/pt-pt\/proteccion-de-datos-personales\/\"]}]},{\"@type\":\"BreadcrumbList\",\"@id\":\"https:\/\/www.re-read.com\/pt-pt\/proteccion-de-datos-personales\/#breadcrumb\",\"itemListElement\":[{\"@type\":\"ListItem\",\"position\":1,\"name\":\"Portada\",\"item\":\"https:\/\/www.re-read.com\/pt-pt\/\"},{\"@type\":\"ListItem\",\"position\":2,\"name\":\"Prote\\u00e7\\u00e3o dos dados pessoais &#8211; Pol\\u00edtica de tratamento de cookies\"}]}]}<\/script>\n<!-- \/ Yoast SEO plugin. -->","yoast_head_json":{"title":"Re-Read Librer\u00eda lowcost : 1 libro 4\u20ac \u2022 2 libros 6\u20ac \u2022 5 libros 12\u20ac \u2022","robots":{"index":"index","follow":"follow","max-snippet":"max-snippet:-1","max-image-preview":"max-image-preview:large","max-video-preview":"max-video-preview:-1"},"canonical":"https:\/\/www.re-read.com\/pt-pt\/proteccion-de-datos-personales\/","og_locale":"pt_PT","og_type":"article","og_description":"[vc_row padding=&#8221;0&#8243;][vc_column width=&#8221;1\/6&#8243;][mk_icon_box icon=&#8221;mk-moon-umbrella&#8221; icon_size=&#8221;x-large&#8221; circled=&#8221;true&#8221; icon_color=&#8221;#ffffff&#8221; icon_circle_color=&#8221;#40b4a7&#8243; box_blur=&#8221;false&#8221;] [\/mk_icon_box][\/vc_column][vc_column width=&#8221;5\/6&#8243;][mk_fancy_title color=&#8221;#393836&#8243; size=&#8221;24&#8243; font_weight=&#8221;normal&#8221; font_style=&#8221;inhert&#8221; margin_top=&#8221;16&#8243; margin_bottom=&#8221;16&#8243; font_family=&#8221;none&#8221; animation=&#8221;fade-in&#8221;] Pol\u00edtica de privacidade e Re-speito no tratamento e prote\u00e7\u00e3o dos dados pessoais. [\/mk_fancy_title][\/vc_column][\/vc_row][vc_row][vc_column][vc_column_text] Que dados pessoais recolhemos e por que motivo Fizemos o nosso melhor para manter as nossas explica\u00e7\u00f5es curtas e de f\u00e1cil compreens\u00e3o. No [&hellip;]","og_url":"https:\/\/www.re-read.com\/pt-pt\/proteccion-de-datos-personales\/","og_site_name":"Re-Read Librer\u00eda lowcost : 1 libro 4\u20ac \u2022 2 libros 6\u20ac \u2022 5 libros 12\u20ac \u2022","article_publisher":"http:\/\/www.facebook.com\/ReReadLibreriaLowcost","article_modified_time":"2024-10-28T20:12:38+00:00","twitter_misc":{"Tempo estimado de leitura":"10 minutos"},"schema":{"@context":"https:\/\/schema.org","@graph":[{"@type":"Organization","@id":"https:\/\/www.re-read.com\/#organization","name":"Re-Read Librer\u00eda Lowcost","url":"https:\/\/www.re-read.com\/","sameAs":["http:\/\/www.facebook.com\/ReReadLibreriaLowcost","https:\/\/www.instagram.com\/rereadlibrerialowcostoficial","https:\/\/www.youtube.com\/channel\/UCLe8wJmNXZv2nwOciMnuZeA"],"logo":{"@type":"ImageObject","@id":"https:\/\/www.re-read.com\/#logo","inLanguage":"pt-PT","url":"https:\/\/www.re-read.com\/wp-content\/uploads\/2013\/05\/logo-640x240-medio-cast.gif","contentUrl":"https:\/\/www.re-read.com\/wp-content\/uploads\/2013\/05\/logo-640x240-medio-cast.gif","width":640,"height":240,"caption":"Re-Read Librer\u00eda Lowcost"},"image":{"@id":"https:\/\/www.re-read.com\/#logo"}},{"@type":"WebSite","@id":"https:\/\/www.re-read.com\/#website","url":"https:\/\/www.re-read.com\/","name":"Re-Read Librer\u00eda lowcost : 1 libro 4\u20ac \u2022 2 libros 6\u20ac \u2022 5 libros 12\u20ac \u2022","description":"Libros casi nuevos a un precio casi imposible","publisher":{"@id":"https:\/\/www.re-read.com\/#organization"},"potentialAction":[{"@type":"SearchAction","target":{"@type":"EntryPoint","urlTemplate":"https:\/\/www.re-read.com\/?s={search_term_string}"},"query-input":"required name=search_term_string"}],"inLanguage":"pt-PT"},{"@type":"WebPage","@id":"https:\/\/www.re-read.com\/pt-pt\/proteccion-de-datos-personales\/#webpage","url":"https:\/\/www.re-read.com\/pt-pt\/proteccion-de-datos-personales\/","name":"","isPartOf":{"@id":"https:\/\/www.re-read.com\/#website"},"datePublished":"2013-12-31T15:59:22+00:00","dateModified":"2024-10-28T20:12:38+00:00","breadcrumb":{"@id":"https:\/\/www.re-read.com\/pt-pt\/proteccion-de-datos-personales\/#breadcrumb"},"inLanguage":"pt-PT","potentialAction":[{"@type":"ReadAction","target":["https:\/\/www.re-read.com\/pt-pt\/proteccion-de-datos-personales\/"]}]},{"@type":"BreadcrumbList","@id":"https:\/\/www.re-read.com\/pt-pt\/proteccion-de-datos-personales\/#breadcrumb","itemListElement":[{"@type":"ListItem","position":1,"name":"Portada","item":"https:\/\/www.re-read.com\/pt-pt\/"},{"@type":"ListItem","position":2,"name":"Prote\u00e7\u00e3o dos dados pessoais &#8211; Pol\u00edtica de tratamento de cookies"}]}]}},"_links":{"self":[{"href":"https:\/\/www.re-read.com\/pt-pt\/wp-json\/wp\/v2\/pages\/127674"}],"collection":[{"href":"https:\/\/www.re-read.com\/pt-pt\/wp-json\/wp\/v2\/pages"}],"about":[{"href":"https:\/\/www.re-read.com\/pt-pt\/wp-json\/wp\/v2\/types\/page"}],"author":[{"embeddable":true,"href":"https:\/\/www.re-read.com\/pt-pt\/wp-json\/wp\/v2\/users\/4"}],"replies":[{"embeddable":true,"href":"https:\/\/www.re-read.com\/pt-pt\/wp-json\/wp\/v2\/comments?post=127674"}],"version-history":[{"count":4,"href":"https:\/\/www.re-read.com\/pt-pt\/wp-json\/wp\/v2\/pages\/127674\/revisions"}],"predecessor-version":[{"id":127687,"href":"https:\/\/www.re-read.com\/pt-pt\/wp-json\/wp\/v2\/pages\/127674\/revisions\/127687"}],"wp:attachment":[{"href":"https:\/\/www.re-read.com\/pt-pt\/wp-json\/wp\/v2\/media?parent=127674"}],"curies":[{"name":"wp","href":"https:\/\/api.w.org\/{rel}","templated":true}]}}