 
{"id":127680,"date":"2021-08-16T22:32:39","date_gmt":"2021-08-16T20:32:39","guid":{"rendered":"https:\/\/www.re-read.com\/revista\/"},"modified":"2024-10-28T18:47:18","modified_gmt":"2024-10-28T17:47:18","slug":"revista","status":"publish","type":"page","link":"https:\/\/www.re-read.com\/pt-pt\/revista\/","title":{"rendered":"Subscrever a revista gratuita Re-Read"},"content":{"rendered":"[vc_row][vc_column width=&#8221;1\/6&#8243;][mk_font_icons icon=&#8221;mk-moon-newspaper&#8221; color=&#8221;#757575&#8243; size=&#8221;xx-large&#8221; animation=&#8221;top-to-bottom&#8221;][\/vc_column][vc_column width=&#8221;5\/6&#8243;][vc_column_text]\n<h3>Subscreva a Re-vista e junte-se aos 47.276 subscritores da Re-Read.<\/h3>\n<p>Sim, gostaria de receber o Re-Vista Re-Read. Posso cancelar a subscri\u00e7\u00e3o em qualquer altura atrav\u00e9s da liga\u00e7\u00e3o na Re-vista.<\/p>\n[\/vc_column_text][\/vc_column][\/vc_row]\n","protected":false},"excerpt":{"rendered":"<p>[vc_row][vc_column width=&#8221;1\/6&#8243;][mk_font_icons icon=&#8221;mk-moon-newspaper&#8221; color=&#8221;#757575&#8243; size=&#8221;xx-large&#8221; animation=&#8221;top-to-bottom&#8221;][\/vc_column][vc_column width=&#8221;5\/6&#8243;][vc_column_text] Subscreva a Re-vista e junte-se aos subscritores da Re-Read. Sim, gostaria de receber o Re-Vista Re-Read. Posso cancelar a subscri\u00e7\u00e3o em qualquer altura atrav\u00e9s da liga\u00e7\u00e3o na Re-vista. [\/vc_column_text][\/vc_column][\/vc_row]<\/p>\n","protected":false},"author":4,"featured_media":0,"parent":0,"menu_order":0,"comment_status":"closed","ping_status":"closed","template":"","meta":[],"acf":[],"yoast_head":"<!-- This site is optimized with the Yoast SEO plugin v17.4 - https:\/\/yoast.com\/wordpress\/plugins\/seo\/ -->\n<title>Re-Read Librer\u00eda lowcost : 1 libro 4\u20ac \u2022 2 libros 6\u20ac \u2022 5 libros 12\u20ac \u2022<\/title>\n<meta name=\"robots\" content=\"index, follow, max-snippet:-1, max-image-preview:large, max-video-preview:-1\" \/>\n<link rel=\"canonical\" href=\"https:\/\/www.re-read.com\/pt-pt\/revista\/\" \/>\n<meta property=\"og:locale\" content=\"pt_PT\" \/>\n<meta property=\"og:type\" content=\"article\" \/>\n<meta property=\"og:description\" content=\"[vc_row][vc_column width=&#8221;1\/6&#8243;][mk_font_icons icon=&#8221;mk-moon-newspaper&#8221; color=&#8221;#757575&#8243; size=&#8221;xx-large&#8221; animation=&#8221;top-to-bottom&#8221;][\/vc_column][vc_column width=&#8221;5\/6&#8243;][vc_column_text] Subscreva a Re-vista e junte-se aos subscritores da Re-Read. Sim, gostaria de receber o Re-Vista Re-Read. Posso cancelar a subscri\u00e7\u00e3o em qualquer altura atrav\u00e9s da liga\u00e7\u00e3o na Re-vista. [\/vc_column_text][\/vc_column][\/vc_row]\" \/>\n<meta property=\"og:url\" content=\"https:\/\/www.re-read.com\/pt-pt\/revista\/\" \/>\n<meta property=\"og:site_name\" content=\"Re-Read Librer\u00eda lowcost : 1 libro 4\u20ac \u2022 2 libros 6\u20ac \u2022 5 libros 12\u20ac \u2022\" \/>\n<meta property=\"article:publisher\" content=\"http:\/\/www.facebook.com\/ReReadLibreriaLowcost\" \/>\n<meta property=\"article:modified_time\" content=\"2024-10-28T17:47:18+00:00\" \/>\n<script type=\"application\/ld+json\" class=\"yoast-schema-graph\">{\"@context\":\"https:\/\/schema.org\",\"@graph\":[{\"@type\":\"Organization\",\"@id\":\"https:\/\/www.re-read.com\/#organization\",\"name\":\"Re-Read Librer\\u00eda Lowcost\",\"url\":\"https:\/\/www.re-read.com\/\",\"sameAs\":[\"http:\/\/www.facebook.com\/ReReadLibreriaLowcost\",\"https:\/\/www.instagram.com\/rereadlibrerialowcostoficial\",\"https:\/\/www.youtube.com\/channel\/UCLe8wJmNXZv2nwOciMnuZeA\"],\"logo\":{\"@type\":\"ImageObject\",\"@id\":\"https:\/\/www.re-read.com\/#logo\",\"inLanguage\":\"pt-PT\",\"url\":\"https:\/\/www.re-read.com\/wp-content\/uploads\/2013\/05\/logo-640x240-medio-cast.gif\",\"contentUrl\":\"https:\/\/www.re-read.com\/wp-content\/uploads\/2013\/05\/logo-640x240-medio-cast.gif\",\"width\":640,\"height\":240,\"caption\":\"Re-Read Librer\\u00eda Lowcost\"},\"image\":{\"@id\":\"https:\/\/www.re-read.com\/#logo\"}},{\"@type\":\"WebSite\",\"@id\":\"https:\/\/www.re-read.com\/#website\",\"url\":\"https:\/\/www.re-read.com\/\",\"name\":\"Re-Read Librer\\u00eda lowcost : 1 libro 4\\u20ac \\u2022 2 libros 6\\u20ac \\u2022 5 libros 12\\u20ac \\u2022\",\"description\":\"Libros casi nuevos a un precio casi imposible\",\"publisher\":{\"@id\":\"https:\/\/www.re-read.com\/#organization\"},\"potentialAction\":[{\"@type\":\"SearchAction\",\"target\":{\"@type\":\"EntryPoint\",\"urlTemplate\":\"https:\/\/www.re-read.com\/?s={search_term_string}\"},\"query-input\":\"required name=search_term_string\"}],\"inLanguage\":\"pt-PT\"},{\"@type\":\"WebPage\",\"@id\":\"https:\/\/www.re-read.com\/pt-pt\/revista\/#webpage\",\"url\":\"https:\/\/www.re-read.com\/pt-pt\/revista\/\",\"name\":\"\",\"isPartOf\":{\"@id\":\"https:\/\/www.re-read.com\/#website\"},\"datePublished\":\"2021-08-16T20:32:39+00:00\",\"dateModified\":\"2024-10-28T17:47:18+00:00\",\"breadcrumb\":{\"@id\":\"https:\/\/www.re-read.com\/pt-pt\/revista\/#breadcrumb\"},\"inLanguage\":\"pt-PT\",\"potentialAction\":[{\"@type\":\"ReadAction\",\"target\":[\"https:\/\/www.re-read.com\/pt-pt\/revista\/\"]}]},{\"@type\":\"BreadcrumbList\",\"@id\":\"https:\/\/www.re-read.com\/pt-pt\/revista\/#breadcrumb\",\"itemListElement\":[{\"@type\":\"ListItem\",\"position\":1,\"name\":\"Portada\",\"item\":\"https:\/\/www.re-read.com\/pt-pt\/\"},{\"@type\":\"ListItem\",\"position\":2,\"name\":\"Subscrever a revista gratuita Re-Read\"}]}]}<\/script>\n<!-- \/ Yoast SEO plugin. -->","yoast_head_json":{"title":"Re-Read Librer\u00eda lowcost : 1 libro 4\u20ac \u2022 2 libros 6\u20ac \u2022 5 libros 12\u20ac \u2022","robots":{"index":"index","follow":"follow","max-snippet":"max-snippet:-1","max-image-preview":"max-image-preview:large","max-video-preview":"max-video-preview:-1"},"canonical":"https:\/\/www.re-read.com\/pt-pt\/revista\/","og_locale":"pt_PT","og_type":"article","og_description":"[vc_row][vc_column width=&#8221;1\/6&#8243;][mk_font_icons icon=&#8221;mk-moon-newspaper&#8221; color=&#8221;#757575&#8243; size=&#8221;xx-large&#8221; animation=&#8221;top-to-bottom&#8221;][\/vc_column][vc_column width=&#8221;5\/6&#8243;][vc_column_text] Subscreva a Re-vista e junte-se aos subscritores da Re-Read. Sim, gostaria de receber o Re-Vista Re-Read. Posso cancelar a subscri\u00e7\u00e3o em qualquer altura atrav\u00e9s da liga\u00e7\u00e3o na Re-vista. [\/vc_column_text][\/vc_column][\/vc_row]","og_url":"https:\/\/www.re-read.com\/pt-pt\/revista\/","og_site_name":"Re-Read Librer\u00eda lowcost : 1 libro 4\u20ac \u2022 2 libros 6\u20ac \u2022 5 libros 12\u20ac \u2022","article_publisher":"http:\/\/www.facebook.com\/ReReadLibreriaLowcost","article_modified_time":"2024-10-28T17:47:18+00:00","schema":{"@context":"https:\/\/schema.org","@graph":[{"@type":"Organization","@id":"https:\/\/www.re-read.com\/#organization","name":"Re-Read Librer\u00eda Lowcost","url":"https:\/\/www.re-read.com\/","sameAs":["http:\/\/www.facebook.com\/ReReadLibreriaLowcost","https:\/\/www.instagram.com\/rereadlibrerialowcostoficial","https:\/\/www.youtube.com\/channel\/UCLe8wJmNXZv2nwOciMnuZeA"],"logo":{"@type":"ImageObject","@id":"https:\/\/www.re-read.com\/#logo","inLanguage":"pt-PT","url":"https:\/\/www.re-read.com\/wp-content\/uploads\/2013\/05\/logo-640x240-medio-cast.gif","contentUrl":"https:\/\/www.re-read.com\/wp-content\/uploads\/2013\/05\/logo-640x240-medio-cast.gif","width":640,"height":240,"caption":"Re-Read Librer\u00eda Lowcost"},"image":{"@id":"https:\/\/www.re-read.com\/#logo"}},{"@type":"WebSite","@id":"https:\/\/www.re-read.com\/#website","url":"https:\/\/www.re-read.com\/","name":"Re-Read Librer\u00eda lowcost : 1 libro 4\u20ac \u2022 2 libros 6\u20ac \u2022 5 libros 12\u20ac \u2022","description":"Libros casi nuevos a un precio casi imposible","publisher":{"@id":"https:\/\/www.re-read.com\/#organization"},"potentialAction":[{"@type":"SearchAction","target":{"@type":"EntryPoint","urlTemplate":"https:\/\/www.re-read.com\/?s={search_term_string}"},"query-input":"required name=search_term_string"}],"inLanguage":"pt-PT"},{"@type":"WebPage","@id":"https:\/\/www.re-read.com\/pt-pt\/revista\/#webpage","url":"https:\/\/www.re-read.com\/pt-pt\/revista\/","name":"","isPartOf":{"@id":"https:\/\/www.re-read.com\/#website"},"datePublished":"2021-08-16T20:32:39+00:00","dateModified":"2024-10-28T17:47:18+00:00","breadcrumb":{"@id":"https:\/\/www.re-read.com\/pt-pt\/revista\/#breadcrumb"},"inLanguage":"pt-PT","potentialAction":[{"@type":"ReadAction","target":["https:\/\/www.re-read.com\/pt-pt\/revista\/"]}]},{"@type":"BreadcrumbList","@id":"https:\/\/www.re-read.com\/pt-pt\/revista\/#breadcrumb","itemListElement":[{"@type":"ListItem","position":1,"name":"Portada","item":"https:\/\/www.re-read.com\/pt-pt\/"},{"@type":"ListItem","position":2,"name":"Subscrever a revista gratuita Re-Read"}]}]}},"_links":{"self":[{"href":"https:\/\/www.re-read.com\/pt-pt\/wp-json\/wp\/v2\/pages\/127680"}],"collection":[{"href":"https:\/\/www.re-read.com\/pt-pt\/wp-json\/wp\/v2\/pages"}],"about":[{"href":"https:\/\/www.re-read.com\/pt-pt\/wp-json\/wp\/v2\/types\/page"}],"author":[{"embeddable":true,"href":"https:\/\/www.re-read.com\/pt-pt\/wp-json\/wp\/v2\/users\/4"}],"replies":[{"embeddable":true,"href":"https:\/\/www.re-read.com\/pt-pt\/wp-json\/wp\/v2\/comments?post=127680"}],"version-history":[{"count":4,"href":"https:\/\/www.re-read.com\/pt-pt\/wp-json\/wp\/v2\/pages\/127680\/revisions"}],"predecessor-version":[{"id":127685,"href":"https:\/\/www.re-read.com\/pt-pt\/wp-json\/wp\/v2\/pages\/127680\/revisions\/127685"}],"wp:attachment":[{"href":"https:\/\/www.re-read.com\/pt-pt\/wp-json\/wp\/v2\/media?parent=127680"}],"curies":[{"name":"wp","href":"https:\/\/api.w.org\/{rel}","templated":true}]}}