 
{"id":131632,"date":"2018-10-03T09:12:11","date_gmt":"2018-10-03T07:12:11","guid":{"rendered":"https:\/\/www.re-read.com\/necesitas-muchos-libros\/"},"modified":"2026-01-05T12:42:21","modified_gmt":"2026-01-05T11:42:21","slug":"precisas-de-muitos-livros","status":"publish","type":"page","link":"https:\/\/www.re-read.com\/pt-pt\/precisas-de-muitos-livros\/","title":{"rendered":"Precisas de muitos livros?"},"content":{"rendered":"[vc_row attached=&#8221;true&#8221; padding=&#8221;0&#8243;][vc_column width=&#8221;1\/2&#8243;][mk_icon_box icon=&#8221;mk-moon-books&#8221; title=&#8221;Imagine-se&#8221; text_size=&#8221;26&#8243; font_weight=&#8221;500&#8243; icon_size=&#8221;x-large&#8221; icon_color=&#8221;#30b9aa&#8221; icon_circle_color=&#8221;&#8221; margin=&#8221;0&#8243; animation=&#8221;top-to-bottom&#8221;][\/mk_icon_box][\/vc_column][vc_column width=&#8221;1\/2&#8243;][vc_column_text]\n<h3>Um servi\u00e7o que vai ao encontro das necessidades de:<\/h3>\n[\/vc_column_text][\/vc_column][\/vc_row][vc_row attached=&#8221;true&#8221; padding=&#8221;0&#8243;][vc_column width=&#8221;1\/2&#8243;][vc_column_text]\n<ul>\n<li>\n<h5><span class=\"jCAhz ChMk0b\"><span class=\"ryNqvb\">Uma biblioteca em ingl\u00eas, franc\u00eas ou espanhol.<\/span><\/span><\/h5>\n<\/li>\n<li>\n<h5><span class=\"jCAhz ChMk0b\"><span class=\"ryNqvb\">1.789 livros em franc\u00eas. <\/span><\/span><\/h5>\n<\/li>\n<li>\n<h5><span class=\"jCAhz ChMk0b\"><span class=\"ryNqvb\">Quinze estantes dedicadas a livros de arte.<\/span><\/span><\/h5>\n<\/li>\n<li>\n<h5><span class=\"jCAhz ChMk0b\"><span class=\"ryNqvb\">Uma cole\u00e7\u00e3o de 150 livros infantis.<\/span><\/span><\/h5>\n<\/li>\n<li>\n<h5><span class=\"jCAhz ChMk0b\"><span class=\"ryNqvb\">Uma biblioteca de hotel repleta de livros de viagens ou romances policiais.<\/span><\/span><\/h5>\n<\/li>\n<li>\n<h5><span class=\"jCAhz ChMk0b\"><span class=\"ryNqvb\">Uma parede coberta com livros vermelhos de Mao ou sobre vampiros.<\/span><\/span><\/h5>\n<\/li>\n<\/ul>\n[\/vc_column_text][\/vc_column][vc_column width=&#8221;1\/4&#8243;][vc_column_text]\n<ul>\n<li>\n<h5>Hoteleiros<\/h5>\n<\/li>\n<li>\n<h5>Arquitetos<\/h5>\n<\/li>\n<li>\n<h5>Escolas<\/h5>\n<\/li>\n<li>\n<h5>Academias de l\u00ednguas<\/h5>\n<\/li>\n<li>\n<h5>Cl\u00ednicas<\/h5>\n<\/li>\n<li>\n<h5>Salas de espera&#8230;<\/h5>\n<\/li>\n<\/ul>\n[\/vc_column_text][\/vc_column][vc_column width=&#8221;1\/4&#8243;][vc_column_text]\n<ul>\n<li>\n<h5>Decoradores<\/h5>\n<\/li>\n<li>\n<h5>Designers de Interiores<\/h5>\n<\/li>\n<li>\n<h5>Vitrinistas<\/h5>\n<\/li>\n<li>\n<h5>Estilistas<\/h5>\n<\/li>\n<li>\n<h5>Produtores<\/h5>\n<\/li>\n<li>\n<h5>Restauradores&#8230;<\/h5>\n<\/li>\n<\/ul>\n[\/vc_column_text][\/vc_column][\/vc_row][vc_row animation=&#8221;fade-in&#8221; padding=&#8221;0&#8243;][vc_column][vc_empty_space][vc_column_text]\n<p data-path-to-node=\"2\">Na Re-Read, vendemos mais de dois milh\u00e3o de livros todos os anos. Ou seja, n\u00e3o ser\u00e1 por falta deles. Temos livros para encher o teu escrit\u00f3rio, nutrir o teu restaurante, para aquela estante que tanto queres comprar, para preencher o \u00e1trio espa\u00e7oso do teu hotel ou, simplesmente, porque \u00e9s uma leitora inveterada que vai para uma ilha deserta.<\/p>\n<p data-path-to-node=\"3\">N\u00f3s selecionamo-los, embalamo-los e enviamo-los para onde quer que precises deles.<\/p>\n[\/vc_column_text][vc_btn title=&#8221;Precisa de muitos livros? Descarregue o PDF.&#8221; style=&#8221;flat&#8221; color=&#8221;inverse&#8221; size=&#8221;lg&#8221; align=&#8221;center&#8221; i_icon_fontawesome=&#8221;fa fa-file-pdf-o&#8221; css_animation=&#8221;bounceIn&#8221; button_block=&#8221;true&#8221; add_icon=&#8221;true&#8221; link=&#8221;url:http%3A%2F%2Fwww.re-read.com%2Fwp-content%2Fuploads%2F2026%2F01%2FTemos%2520muitos%2520livros%2520-%2520Re-Read%2520-%2520PT.pdf||target:%20_blank|&#8221; css=&#8221;.vc_custom_1767613068621{border-right-width: 11px !important;border-left-width: 11px !important;}&#8221;][\/vc_column][\/vc_row][vc_row padding=&#8221;0&#8243;][vc_column][vc_separator][\/vc_column][\/vc_row][vc_row animation=&#8221;fade-in&#8221; padding=&#8221;0&#8243;][vc_column][vc_column_text]\n[mk_page_section predefined_bg=\"\" first_page=\"false\" last_page=\"false\"][vc_column][mk_edge_slider swiper_bg=\"#ffffff\" slides=\"4941,4943,4974,6542,90809\" order=\"ASC\" orderby=\"none\" full_height=\"false\" height=\"450\" slideshow_speed=\"20000\" direction_nav=\"thumbflip\" skip_arrow=\"false\"][\/vc_column][\/mk_page_section]\r\n\n[\/vc_column_text][\/vc_column][\/vc_row]\n","protected":false},"excerpt":{"rendered":"<p>[vc_row attached=&#8221;true&#8221; padding=&#8221;0&#8243;][vc_column width=&#8221;1\/2&#8243;][mk_icon_box icon=&#8221;mk-moon-books&#8221; title=&#8221;Imagine-se&#8221; text_size=&#8221;26&#8243; font_weight=&#8221;500&#8243; icon_size=&#8221;x-large&#8221; icon_color=&#8221;#30b9aa&#8221; icon_circle_color=&#8221;&#8221; margin=&#8221;0&#8243; animation=&#8221;top-to-bottom&#8221;][\/mk_icon_box][\/vc_column][vc_column width=&#8221;1\/2&#8243;][vc_column_text] Um servi\u00e7o que vai ao encontro das necessidades de: [\/vc_column_text][\/vc_column][\/vc_row][vc_row attached=&#8221;true&#8221; padding=&#8221;0&#8243;][vc_column width=&#8221;1\/2&#8243;][vc_column_text] Uma biblioteca em ingl\u00eas, franc\u00eas ou espanhol. 1.789 livros em franc\u00eas. Quinze estantes dedicadas a livros de arte. Uma cole\u00e7\u00e3o de 150 livros infantis. Uma biblioteca de hotel [&hellip;]<\/p>\n","protected":false},"author":4,"featured_media":0,"parent":0,"menu_order":0,"comment_status":"closed","ping_status":"closed","template":"","meta":[],"acf":[],"yoast_head":"<!-- This site is optimized with the Yoast SEO plugin v17.4 - https:\/\/yoast.com\/wordpress\/plugins\/seo\/ -->\n<title>Re-Read Librer\u00eda lowcost : 1 libro 4\u20ac \u2022 2 libros 6\u20ac \u2022 5 libros 12\u20ac \u2022<\/title>\n<meta name=\"robots\" content=\"index, follow, max-snippet:-1, max-image-preview:large, max-video-preview:-1\" \/>\n<link rel=\"canonical\" href=\"https:\/\/www.re-read.com\/pt-pt\/precisas-de-muitos-livros\/\" \/>\n<meta property=\"og:locale\" content=\"pt_PT\" \/>\n<meta property=\"og:type\" content=\"article\" \/>\n<meta property=\"og:description\" content=\"[vc_row attached=&#8221;true&#8221; padding=&#8221;0&#8243;][vc_column width=&#8221;1\/2&#8243;][mk_icon_box icon=&#8221;mk-moon-books&#8221; title=&#8221;Imagine-se&#8221; text_size=&#8221;26&#8243; font_weight=&#8221;500&#8243; icon_size=&#8221;x-large&#8221; icon_color=&#8221;#30b9aa&#8221; icon_circle_color=&#8221;&#8221; margin=&#8221;0&#8243; animation=&#8221;top-to-bottom&#8221;][\/mk_icon_box][\/vc_column][vc_column width=&#8221;1\/2&#8243;][vc_column_text] Um servi\u00e7o que vai ao encontro das necessidades de: [\/vc_column_text][\/vc_column][\/vc_row][vc_row attached=&#8221;true&#8221; padding=&#8221;0&#8243;][vc_column width=&#8221;1\/2&#8243;][vc_column_text] Uma biblioteca em ingl\u00eas, franc\u00eas ou espanhol. 1.789 livros em franc\u00eas. Quinze estantes dedicadas a livros de arte. Uma cole\u00e7\u00e3o de 150 livros infantis. Uma biblioteca de hotel [&hellip;]\" \/>\n<meta property=\"og:url\" content=\"https:\/\/www.re-read.com\/pt-pt\/precisas-de-muitos-livros\/\" \/>\n<meta property=\"og:site_name\" content=\"Re-Read Librer\u00eda lowcost : 1 libro 4\u20ac \u2022 2 libros 6\u20ac \u2022 5 libros 12\u20ac \u2022\" \/>\n<meta property=\"article:publisher\" content=\"http:\/\/www.facebook.com\/ReReadLibreriaLowcost\" \/>\n<meta property=\"article:modified_time\" content=\"2026-01-05T11:42:21+00:00\" \/>\n<meta name=\"twitter:label1\" content=\"Tempo estimado de leitura\" \/>\n\t<meta name=\"twitter:data1\" content=\"2 minutos\" \/>\n<script type=\"application\/ld+json\" class=\"yoast-schema-graph\">{\"@context\":\"https:\/\/schema.org\",\"@graph\":[{\"@type\":\"Organization\",\"@id\":\"https:\/\/www.re-read.com\/#organization\",\"name\":\"Re-Read Librer\\u00eda Lowcost\",\"url\":\"https:\/\/www.re-read.com\/\",\"sameAs\":[\"http:\/\/www.facebook.com\/ReReadLibreriaLowcost\",\"https:\/\/www.instagram.com\/rereadlibrerialowcostoficial\",\"https:\/\/www.youtube.com\/channel\/UCLe8wJmNXZv2nwOciMnuZeA\"],\"logo\":{\"@type\":\"ImageObject\",\"@id\":\"https:\/\/www.re-read.com\/#logo\",\"inLanguage\":\"pt-PT\",\"url\":\"https:\/\/www.re-read.com\/wp-content\/uploads\/2013\/05\/logo-640x240-medio-cast.gif\",\"contentUrl\":\"https:\/\/www.re-read.com\/wp-content\/uploads\/2013\/05\/logo-640x240-medio-cast.gif\",\"width\":640,\"height\":240,\"caption\":\"Re-Read Librer\\u00eda Lowcost\"},\"image\":{\"@id\":\"https:\/\/www.re-read.com\/#logo\"}},{\"@type\":\"WebSite\",\"@id\":\"https:\/\/www.re-read.com\/#website\",\"url\":\"https:\/\/www.re-read.com\/\",\"name\":\"Re-Read Librer\\u00eda lowcost : 1 libro 4\\u20ac \\u2022 2 libros 6\\u20ac \\u2022 5 libros 12\\u20ac \\u2022\",\"description\":\"Libros casi nuevos a un precio casi imposible\",\"publisher\":{\"@id\":\"https:\/\/www.re-read.com\/#organization\"},\"potentialAction\":[{\"@type\":\"SearchAction\",\"target\":{\"@type\":\"EntryPoint\",\"urlTemplate\":\"https:\/\/www.re-read.com\/?s={search_term_string}\"},\"query-input\":\"required name=search_term_string\"}],\"inLanguage\":\"pt-PT\"},{\"@type\":\"WebPage\",\"@id\":\"https:\/\/www.re-read.com\/pt-pt\/precisas-de-muitos-livros\/#webpage\",\"url\":\"https:\/\/www.re-read.com\/pt-pt\/precisas-de-muitos-livros\/\",\"name\":\"\",\"isPartOf\":{\"@id\":\"https:\/\/www.re-read.com\/#website\"},\"datePublished\":\"2018-10-03T07:12:11+00:00\",\"dateModified\":\"2026-01-05T11:42:21+00:00\",\"breadcrumb\":{\"@id\":\"https:\/\/www.re-read.com\/pt-pt\/precisas-de-muitos-livros\/#breadcrumb\"},\"inLanguage\":\"pt-PT\",\"potentialAction\":[{\"@type\":\"ReadAction\",\"target\":[\"https:\/\/www.re-read.com\/pt-pt\/precisas-de-muitos-livros\/\"]}]},{\"@type\":\"BreadcrumbList\",\"@id\":\"https:\/\/www.re-read.com\/pt-pt\/precisas-de-muitos-livros\/#breadcrumb\",\"itemListElement\":[{\"@type\":\"ListItem\",\"position\":1,\"name\":\"Portada\",\"item\":\"https:\/\/www.re-read.com\/pt-pt\/\"},{\"@type\":\"ListItem\",\"position\":2,\"name\":\"Precisas de muitos livros?\"}]}]}<\/script>\n<!-- \/ Yoast SEO plugin. -->","yoast_head_json":{"title":"Re-Read Librer\u00eda lowcost : 1 libro 4\u20ac \u2022 2 libros 6\u20ac \u2022 5 libros 12\u20ac \u2022","robots":{"index":"index","follow":"follow","max-snippet":"max-snippet:-1","max-image-preview":"max-image-preview:large","max-video-preview":"max-video-preview:-1"},"canonical":"https:\/\/www.re-read.com\/pt-pt\/precisas-de-muitos-livros\/","og_locale":"pt_PT","og_type":"article","og_description":"[vc_row attached=&#8221;true&#8221; padding=&#8221;0&#8243;][vc_column width=&#8221;1\/2&#8243;][mk_icon_box icon=&#8221;mk-moon-books&#8221; title=&#8221;Imagine-se&#8221; text_size=&#8221;26&#8243; font_weight=&#8221;500&#8243; icon_size=&#8221;x-large&#8221; icon_color=&#8221;#30b9aa&#8221; icon_circle_color=&#8221;&#8221; margin=&#8221;0&#8243; animation=&#8221;top-to-bottom&#8221;][\/mk_icon_box][\/vc_column][vc_column width=&#8221;1\/2&#8243;][vc_column_text] Um servi\u00e7o que vai ao encontro das necessidades de: [\/vc_column_text][\/vc_column][\/vc_row][vc_row attached=&#8221;true&#8221; padding=&#8221;0&#8243;][vc_column width=&#8221;1\/2&#8243;][vc_column_text] Uma biblioteca em ingl\u00eas, franc\u00eas ou espanhol. 1.789 livros em franc\u00eas. Quinze estantes dedicadas a livros de arte. Uma cole\u00e7\u00e3o de 150 livros infantis. Uma biblioteca de hotel [&hellip;]","og_url":"https:\/\/www.re-read.com\/pt-pt\/precisas-de-muitos-livros\/","og_site_name":"Re-Read Librer\u00eda lowcost : 1 libro 4\u20ac \u2022 2 libros 6\u20ac \u2022 5 libros 12\u20ac \u2022","article_publisher":"http:\/\/www.facebook.com\/ReReadLibreriaLowcost","article_modified_time":"2026-01-05T11:42:21+00:00","twitter_misc":{"Tempo estimado de leitura":"2 minutos"},"schema":{"@context":"https:\/\/schema.org","@graph":[{"@type":"Organization","@id":"https:\/\/www.re-read.com\/#organization","name":"Re-Read Librer\u00eda Lowcost","url":"https:\/\/www.re-read.com\/","sameAs":["http:\/\/www.facebook.com\/ReReadLibreriaLowcost","https:\/\/www.instagram.com\/rereadlibrerialowcostoficial","https:\/\/www.youtube.com\/channel\/UCLe8wJmNXZv2nwOciMnuZeA"],"logo":{"@type":"ImageObject","@id":"https:\/\/www.re-read.com\/#logo","inLanguage":"pt-PT","url":"https:\/\/www.re-read.com\/wp-content\/uploads\/2013\/05\/logo-640x240-medio-cast.gif","contentUrl":"https:\/\/www.re-read.com\/wp-content\/uploads\/2013\/05\/logo-640x240-medio-cast.gif","width":640,"height":240,"caption":"Re-Read Librer\u00eda Lowcost"},"image":{"@id":"https:\/\/www.re-read.com\/#logo"}},{"@type":"WebSite","@id":"https:\/\/www.re-read.com\/#website","url":"https:\/\/www.re-read.com\/","name":"Re-Read Librer\u00eda lowcost : 1 libro 4\u20ac \u2022 2 libros 6\u20ac \u2022 5 libros 12\u20ac \u2022","description":"Libros casi nuevos a un precio casi imposible","publisher":{"@id":"https:\/\/www.re-read.com\/#organization"},"potentialAction":[{"@type":"SearchAction","target":{"@type":"EntryPoint","urlTemplate":"https:\/\/www.re-read.com\/?s={search_term_string}"},"query-input":"required name=search_term_string"}],"inLanguage":"pt-PT"},{"@type":"WebPage","@id":"https:\/\/www.re-read.com\/pt-pt\/precisas-de-muitos-livros\/#webpage","url":"https:\/\/www.re-read.com\/pt-pt\/precisas-de-muitos-livros\/","name":"","isPartOf":{"@id":"https:\/\/www.re-read.com\/#website"},"datePublished":"2018-10-03T07:12:11+00:00","dateModified":"2026-01-05T11:42:21+00:00","breadcrumb":{"@id":"https:\/\/www.re-read.com\/pt-pt\/precisas-de-muitos-livros\/#breadcrumb"},"inLanguage":"pt-PT","potentialAction":[{"@type":"ReadAction","target":["https:\/\/www.re-read.com\/pt-pt\/precisas-de-muitos-livros\/"]}]},{"@type":"BreadcrumbList","@id":"https:\/\/www.re-read.com\/pt-pt\/precisas-de-muitos-livros\/#breadcrumb","itemListElement":[{"@type":"ListItem","position":1,"name":"Portada","item":"https:\/\/www.re-read.com\/pt-pt\/"},{"@type":"ListItem","position":2,"name":"Precisas de muitos livros?"}]}]}},"_links":{"self":[{"href":"https:\/\/www.re-read.com\/pt-pt\/wp-json\/wp\/v2\/pages\/131632"}],"collection":[{"href":"https:\/\/www.re-read.com\/pt-pt\/wp-json\/wp\/v2\/pages"}],"about":[{"href":"https:\/\/www.re-read.com\/pt-pt\/wp-json\/wp\/v2\/types\/page"}],"author":[{"embeddable":true,"href":"https:\/\/www.re-read.com\/pt-pt\/wp-json\/wp\/v2\/users\/4"}],"replies":[{"embeddable":true,"href":"https:\/\/www.re-read.com\/pt-pt\/wp-json\/wp\/v2\/comments?post=131632"}],"version-history":[{"count":7,"href":"https:\/\/www.re-read.com\/pt-pt\/wp-json\/wp\/v2\/pages\/131632\/revisions"}],"predecessor-version":[{"id":131640,"href":"https:\/\/www.re-read.com\/pt-pt\/wp-json\/wp\/v2\/pages\/131632\/revisions\/131640"}],"wp:attachment":[{"href":"https:\/\/www.re-read.com\/pt-pt\/wp-json\/wp\/v2\/media?parent=131632"}],"curies":[{"name":"wp","href":"https:\/\/api.w.org\/{rel}","templated":true}]}}